{"id":2551,"date":"2022-01-26T10:02:07","date_gmt":"2022-01-26T09:02:07","guid":{"rendered":"https:\/\/www.euromi.com\/?post_type=product&#038;p=2551"},"modified":"2025-01-23T12:21:21","modified_gmt":"2025-01-23T11:21:21","slug":"coudiere-genouillere-sed","status":"publish","type":"product","link":"https:\/\/www.euromi.com\/fr\/p\/coudiere-genouillere-sed\/","title":{"rendered":"Coudi\u00e8re \/ Genouill\u00e8re (SED)"},"content":{"rendered":"<p>La <strong>coudi\u00e8re ou genouill\u00e8re <\/strong>pour patient atteint du<strong> Syndrome d\u2019Ehlers Danlos<\/strong> apporte une compression discr\u00e8te au niveau des <strong>articulations<\/strong> (coude ou genou). Cette <strong>contention<\/strong> permet de r\u00e9duire les douleurs et d\u2019\u00e9viter les luxations.<\/p>\n<p>&nbsp;<\/p>\n<p>Ce v\u00eatement est r\u00e9alis\u00e9 selon vos mesures.<\/p>\n<p>&nbsp;<\/p>\n<p><strong><u>Ce produit est d\u00e9livr\u00e9 sous prescription m\u00e9dicale et ne peut \u00eatre command\u00e9 en ligne. Merci d\u2019utiliser le formulaire de contact ci-contre pour nous contacter.<\/u><\/strong><\/p>\n","protected":false},"excerpt":{"rendered":"<p>La coudi\u00e8re ou genouill\u00e8re pour patient atteint du Syndrome d\u2019Ehlers Danlos apporte une compression discr\u00e8te au niveau des articulations (coude ou genou). Cette contention permet de r\u00e9duire les douleurs et d\u2019\u00e9viter les luxations. &nbsp; Ce v\u00eatement est r\u00e9alis\u00e9 selon vos mesures. &nbsp; Ce produit est d\u00e9livr\u00e9 sous prescription m\u00e9dicale et ne peut \u00eatre command\u00e9 en [&hellip;]<\/p>\n","protected":false},"featured_media":2555,"template":"","meta":{"_et_pb_use_builder":"","_et_pb_old_content":"","_et_gb_content_width":"","spay_email":""},"product_cat":[60],"product_tag":[],"yoast_head":"<!-- This site is optimized with the Yoast SEO plugin v18.2 - https:\/\/yoast.com\/wordpress\/plugins\/seo\/ -->\n<title>Coudi\u00e8re \/ Genouill\u00e8re (SED) compressive (SED) - Euromi<\/title>\n<meta name=\"description\" content=\"La coudi\u00e8re ou genouill\u00e8re pour Syndrome d\u2019Ehlers Danlos apporte une compression aux articulations, r\u00e9duit les douleurs, \u00e9vite les luxations.\" \/>\n<meta name=\"robots\" content=\"index, follow, max-snippet:-1, max-image-preview:large, max-video-preview:-1\" \/>\n<link rel=\"canonical\" href=\"https:\/\/www.euromi.com\/fr\/p\/coudiere-genouillere-sed\/\" \/>\n<meta property=\"og:locale\" content=\"fr_FR\" \/>\n<meta property=\"og:type\" content=\"article\" \/>\n<meta property=\"og:title\" content=\"Coudi\u00e8re \/ Genouill\u00e8re (SED) compressive (SED) - Euromi\" \/>\n<meta property=\"og:description\" content=\"La coudi\u00e8re ou genouill\u00e8re pour Syndrome d\u2019Ehlers Danlos apporte une compression aux articulations, r\u00e9duit les douleurs, \u00e9vite les luxations.\" \/>\n<meta property=\"og:url\" content=\"https:\/\/www.euromi.com\/fr\/p\/coudiere-genouillere-sed\/\" \/>\n<meta property=\"og:site_name\" content=\"Euromi\" \/>\n<meta property=\"article:modified_time\" content=\"2025-01-23T11:21:21+00:00\" \/>\n<meta property=\"og:image\" content=\"https:\/\/www.euromi.com\/wp-content\/uploads\/2022\/01\/Coudiere-sed-1.jpg\" \/>\n\t<meta property=\"og:image:width\" content=\"980\" \/>\n\t<meta property=\"og:image:height\" content=\"1401\" \/>\n\t<meta property=\"og:image:type\" content=\"image\/jpeg\" \/>\n<meta name=\"twitter:card\" content=\"summary_large_image\" \/>\n<script type=\"application\/ld+json\" class=\"yoast-schema-graph\">{\"@context\":\"https:\/\/schema.org\",\"@graph\":[{\"@type\":\"Organization\",\"@id\":\"https:\/\/www.euromi.com\/fr\/#organization\",\"name\":\"Euromi\",\"url\":\"https:\/\/www.euromi.com\/fr\/\",\"sameAs\":[],\"logo\":{\"@type\":\"ImageObject\",\"@id\":\"https:\/\/www.euromi.com\/fr\/#logo\",\"inLanguage\":\"fr-FR\",\"url\":\"https:\/\/www.euromi.com\/wp-content\/uploads\/2021\/10\/cropped-favicon.jpg\",\"contentUrl\":\"https:\/\/www.euromi.com\/wp-content\/uploads\/2021\/10\/cropped-favicon.jpg\",\"width\":512,\"height\":512,\"caption\":\"Euromi\"},\"image\":{\"@id\":\"https:\/\/www.euromi.com\/fr\/#logo\"}},{\"@type\":\"WebSite\",\"@id\":\"https:\/\/www.euromi.com\/fr\/#website\",\"url\":\"https:\/\/www.euromi.com\/fr\/\",\"name\":\"Euromi\",\"description\":\"Fabricant de Mat\u00e9riel M\u00e9dical\",\"publisher\":{\"@id\":\"https:\/\/www.euromi.com\/fr\/#organization\"},\"potentialAction\":[{\"@type\":\"SearchAction\",\"target\":{\"@type\":\"EntryPoint\",\"urlTemplate\":\"https:\/\/www.euromi.com\/fr\/?s={search_term_string}\"},\"query-input\":\"required name=search_term_string\"}],\"inLanguage\":\"fr-FR\"},{\"@type\":\"ImageObject\",\"@id\":\"https:\/\/www.euromi.com\/fr\/p\/coudiere-genouillere-sed\/#primaryimage\",\"inLanguage\":\"fr-FR\",\"url\":\"https:\/\/www.euromi.com\/wp-content\/uploads\/2022\/01\/Coudiere-sed-1.jpg\",\"contentUrl\":\"https:\/\/www.euromi.com\/wp-content\/uploads\/2022\/01\/Coudiere-sed-1.jpg\",\"width\":980,\"height\":1401},{\"@type\":\"WebPage\",\"@id\":\"https:\/\/www.euromi.com\/fr\/p\/coudiere-genouillere-sed\/#webpage\",\"url\":\"https:\/\/www.euromi.com\/fr\/p\/coudiere-genouillere-sed\/\",\"name\":\"Coudi\u00e8re \/ Genouill\u00e8re (SED) compressive (SED) - Euromi\",\"isPartOf\":{\"@id\":\"https:\/\/www.euromi.com\/fr\/#website\"},\"primaryImageOfPage\":{\"@id\":\"https:\/\/www.euromi.com\/fr\/p\/coudiere-genouillere-sed\/#primaryimage\"},\"datePublished\":\"2022-01-26T09:02:07+00:00\",\"dateModified\":\"2025-01-23T11:21:21+00:00\",\"description\":\"La coudi\u00e8re ou genouill\u00e8re pour Syndrome d\u2019Ehlers Danlos apporte une compression aux articulations, r\u00e9duit les douleurs, \u00e9vite les luxations.\",\"breadcrumb\":{\"@id\":\"https:\/\/www.euromi.com\/fr\/p\/coudiere-genouillere-sed\/#breadcrumb\"},\"inLanguage\":\"fr-FR\",\"potentialAction\":[{\"@type\":\"ReadAction\",\"target\":[\"https:\/\/www.euromi.com\/fr\/p\/coudiere-genouillere-sed\/\"]}]},{\"@type\":\"BreadcrumbList\",\"@id\":\"https:\/\/www.euromi.com\/fr\/p\/coudiere-genouillere-sed\/#breadcrumb\",\"itemListElement\":[{\"@type\":\"ListItem\",\"position\":1,\"name\":\"Accueil\",\"item\":\"https:\/\/www.euromi.com\/fr\/\"},{\"@type\":\"ListItem\",\"position\":2,\"name\":\"Boutique\",\"item\":\"https:\/\/www.euromi.com\/fr\/boutique\/\"},{\"@type\":\"ListItem\",\"position\":3,\"name\":\"V\u00eatements et pansements\",\"item\":\"https:\/\/www.euromi.com\/fr\/catp\/vetements-chirurgicaux-et-pansements\/\"},{\"@type\":\"ListItem\",\"position\":4,\"name\":\"V\u00eatements compressifs\",\"item\":\"https:\/\/www.euromi.com\/fr\/catp\/vetements-chirurgicaux-et-pansements\/vetements-compressifs\/\"},{\"@type\":\"ListItem\",\"position\":5,\"name\":\"Syndrome d'Ehlers Danlos (SED)\",\"item\":\"https:\/\/www.euromi.com\/fr\/catp\/vetements-chirurgicaux-et-pansements\/vetements-compressifs\/vetements-sed\/\"},{\"@type\":\"ListItem\",\"position\":6,\"name\":\"Coudi\u00e8re \/ Genouill\u00e8re (SED)\"}]}]}<\/script>\n<!-- \/ Yoast SEO plugin. -->","yoast_head_json":{"title":"Coudi\u00e8re \/ Genouill\u00e8re (SED) compressive (SED) - Euromi","description":"La coudi\u00e8re ou genouill\u00e8re pour Syndrome d\u2019Ehlers Danlos apporte une compression aux articulations, r\u00e9duit les douleurs, \u00e9vite les luxations.","robots":{"index":"index","follow":"follow","max-snippet":"max-snippet:-1","max-image-preview":"max-image-preview:large","max-video-preview":"max-video-preview:-1"},"canonical":"https:\/\/www.euromi.com\/fr\/p\/coudiere-genouillere-sed\/","og_locale":"fr_FR","og_type":"article","og_title":"Coudi\u00e8re \/ Genouill\u00e8re (SED) compressive (SED) - Euromi","og_description":"La coudi\u00e8re ou genouill\u00e8re pour Syndrome d\u2019Ehlers Danlos apporte une compression aux articulations, r\u00e9duit les douleurs, \u00e9vite les luxations.","og_url":"https:\/\/www.euromi.com\/fr\/p\/coudiere-genouillere-sed\/","og_site_name":"Euromi","article_modified_time":"2025-01-23T11:21:21+00:00","og_image":[{"width":980,"height":1401,"url":"https:\/\/www.euromi.com\/wp-content\/uploads\/2022\/01\/Coudiere-sed-1.jpg","type":"image\/jpeg"}],"twitter_card":"summary_large_image","schema":{"@context":"https:\/\/schema.org","@graph":[{"@type":"Organization","@id":"https:\/\/www.euromi.com\/fr\/#organization","name":"Euromi","url":"https:\/\/www.euromi.com\/fr\/","sameAs":[],"logo":{"@type":"ImageObject","@id":"https:\/\/www.euromi.com\/fr\/#logo","inLanguage":"fr-FR","url":"https:\/\/www.euromi.com\/wp-content\/uploads\/2021\/10\/cropped-favicon.jpg","contentUrl":"https:\/\/www.euromi.com\/wp-content\/uploads\/2021\/10\/cropped-favicon.jpg","width":512,"height":512,"caption":"Euromi"},"image":{"@id":"https:\/\/www.euromi.com\/fr\/#logo"}},{"@type":"WebSite","@id":"https:\/\/www.euromi.com\/fr\/#website","url":"https:\/\/www.euromi.com\/fr\/","name":"Euromi","description":"Fabricant de Mat\u00e9riel M\u00e9dical","publisher":{"@id":"https:\/\/www.euromi.com\/fr\/#organization"},"potentialAction":[{"@type":"SearchAction","target":{"@type":"EntryPoint","urlTemplate":"https:\/\/www.euromi.com\/fr\/?s={search_term_string}"},"query-input":"required name=search_term_string"}],"inLanguage":"fr-FR"},{"@type":"ImageObject","@id":"https:\/\/www.euromi.com\/fr\/p\/coudiere-genouillere-sed\/#primaryimage","inLanguage":"fr-FR","url":"https:\/\/www.euromi.com\/wp-content\/uploads\/2022\/01\/Coudiere-sed-1.jpg","contentUrl":"https:\/\/www.euromi.com\/wp-content\/uploads\/2022\/01\/Coudiere-sed-1.jpg","width":980,"height":1401},{"@type":"WebPage","@id":"https:\/\/www.euromi.com\/fr\/p\/coudiere-genouillere-sed\/#webpage","url":"https:\/\/www.euromi.com\/fr\/p\/coudiere-genouillere-sed\/","name":"Coudi\u00e8re \/ Genouill\u00e8re (SED) compressive (SED) - Euromi","isPartOf":{"@id":"https:\/\/www.euromi.com\/fr\/#website"},"primaryImageOfPage":{"@id":"https:\/\/www.euromi.com\/fr\/p\/coudiere-genouillere-sed\/#primaryimage"},"datePublished":"2022-01-26T09:02:07+00:00","dateModified":"2025-01-23T11:21:21+00:00","description":"La coudi\u00e8re ou genouill\u00e8re pour Syndrome d\u2019Ehlers Danlos apporte une compression aux articulations, r\u00e9duit les douleurs, \u00e9vite les luxations.","breadcrumb":{"@id":"https:\/\/www.euromi.com\/fr\/p\/coudiere-genouillere-sed\/#breadcrumb"},"inLanguage":"fr-FR","potentialAction":[{"@type":"ReadAction","target":["https:\/\/www.euromi.com\/fr\/p\/coudiere-genouillere-sed\/"]}]},{"@type":"BreadcrumbList","@id":"https:\/\/www.euromi.com\/fr\/p\/coudiere-genouillere-sed\/#breadcrumb","itemListElement":[{"@type":"ListItem","position":1,"name":"Accueil","item":"https:\/\/www.euromi.com\/fr\/"},{"@type":"ListItem","position":2,"name":"Boutique","item":"https:\/\/www.euromi.com\/fr\/boutique\/"},{"@type":"ListItem","position":3,"name":"V\u00eatements et pansements","item":"https:\/\/www.euromi.com\/fr\/catp\/vetements-chirurgicaux-et-pansements\/"},{"@type":"ListItem","position":4,"name":"V\u00eatements compressifs","item":"https:\/\/www.euromi.com\/fr\/catp\/vetements-chirurgicaux-et-pansements\/vetements-compressifs\/"},{"@type":"ListItem","position":5,"name":"Syndrome d'Ehlers Danlos (SED)","item":"https:\/\/www.euromi.com\/fr\/catp\/vetements-chirurgicaux-et-pansements\/vetements-compressifs\/vetements-sed\/"},{"@type":"ListItem","position":6,"name":"Coudi\u00e8re \/ Genouill\u00e8re (SED)"}]}]}},"jetpack-related-posts":[{"id":2105,"url":"https:\/\/www.euromi.com\/fr\/p\/genouillere-postoperatoire\/","url_meta":{"origin":2551,"position":0},"title":"Genouill\u00e8re","date":"17 janvier 2022","format":false,"excerpt":"La genouill\u00e8re est indiqu\u00e9e apr\u00e8s une liposuccion des genoux et aidera \u00e0 r\u00e9duire l\u2019\u0153d\u00e8me post-op\u00e9ratoire. Une baleine amovible c\u00f4t\u00e9 ext\u00e9rieur permet une meilleure tenir et une mise en place facile. Les coutures sont \u00e0 l\u2019ext\u00e9rieur et ne marqueront pas votre peau. \u00a0 Si vos mesures ne correspondent pas \u00e0 celles\u2026","rel":"","context":"Article similaire","img":{"alt_text":"","src":"https:\/\/i0.wp.com\/www.euromi.com\/wp-content\/uploads\/2022\/01\/Genouillere.jpg?resize=350%2C200&ssl=1","width":350,"height":200},"classes":[]},{"id":2109,"url":"https:\/\/www.euromi.com\/fr\/p\/chevillere-postoperatoire\/","url_meta":{"origin":2551,"position":1},"title":"Chevill\u00e8re","date":"17 janvier 2022","format":false,"excerpt":"La chevill\u00e8re est indiqu\u00e9e pour contenir l\u2019\u0153d\u00e8me post-op\u00e9ratoire apr\u00e8s une liposuccion des mollets et des chevilles. Elle est r\u00e9alis\u00e9e dans un tissu compressif, dont le taux de compression est sp\u00e9cialement \u00e9tudi\u00e9, avec des coutures ext\u00e9rieures pour ne pas marquer votre peau. \u00a0 Si vos mesures ne correspondent pas \u00e0 celles\u2026","rel":"","context":"Article similaire","img":{"alt_text":"","src":"https:\/\/i0.wp.com\/www.euromi.com\/wp-content\/uploads\/2022\/01\/Chevillere.jpg?resize=350%2C200&ssl=1","width":350,"height":200},"classes":[]},{"id":2122,"url":"https:\/\/www.euromi.com\/fr\/p\/body-grand-dorsal\/","url_meta":{"origin":2551,"position":2},"title":"Body grand dorsal","date":"18 janvier 2022","format":false,"excerpt":"\u00a0 Le body grand dorsal est utilis\u00e9 suite \u00e0 une reconstruction mammaire \u00e0 partir du muscle grand dorsal. Il est r\u00e9alis\u00e9 uniquement selon vos mesures et peut \u00eatre utilis\u00e9 en version masculine, apr\u00e8s une liposuccion du dos. \u00a0 Ne pas utiliser sur plaie ouverte, ni en cas de phl\u00e9bite. \u00a0\u2026","rel":"","context":"Article similaire","img":{"alt_text":"","src":"https:\/\/i0.wp.com\/www.euromi.com\/wp-content\/uploads\/2022\/01\/BODYS-Body-grand-dorsal.jpg?resize=350%2C200&ssl=1","width":350,"height":200},"classes":[]},{"id":1867,"url":"https:\/\/www.euromi.com\/fr\/p\/panty-pieds-postoperatoire\/","url_meta":{"origin":2551,"position":3},"title":"Panty pieds","date":"13 janvier 2022","format":false,"excerpt":"Le panty pieds, haut ou bas, est prescrit apr\u00e8s une liposuccion des chevilles, mollets, genoux, cuisses, du bassin, des hanches et du ventre (bas-ventre pour le mod\u00e8le bas). Le panty permet de r\u00e9duire l\u2019\u0153d\u00e8me qui survient apr\u00e8s l\u2019intervention, d\u2019offrir le maintien n\u00e9cessaire, ainsi que d\u2019emp\u00eacher \u00e0 la peau d\u2019onduler. Le\u2026","rel":"","context":"Article similaire","img":{"alt_text":"Panty haut pied ouvert","src":"https:\/\/i0.wp.com\/www.euromi.com\/wp-content\/uploads\/2022\/01\/Panty-haud-pied-ouvert.png?resize=350%2C200&ssl=1","width":350,"height":200},"classes":[]},{"id":1903,"url":"https:\/\/www.euromi.com\/fr\/p\/panty-cruroplastie\/","url_meta":{"origin":2551,"position":4},"title":"Panty cruroplastie","date":"14 janvier 2022","format":false,"excerpt":"Le panty cruroplastie, gr\u00e2ce \u00e0 ses coutures ext\u00e9rieures d\u00e9cal\u00e9es sur l\u2019avant, est particuli\u00e8rement adapt\u00e9 suite \u00e0 un lifting de la face interne de la cuisse. Le panty cruroplastie est donc utilis\u00e9 pour la contention de l'\u0153d\u00e8me post-op\u00e9ratoire mais \u00e9galement pour \u00e9viter le contact avec les cicatrices. Le taux de compression\u2026","rel":"","context":"Article similaire","img":{"alt_text":"","src":"https:\/\/i0.wp.com\/www.euromi.com\/wp-content\/uploads\/2022\/01\/PANTYS-cruroplastie-long.jpg?resize=350%2C200&ssl=1","width":350,"height":200},"classes":[]},{"id":1921,"url":"https:\/\/www.euromi.com\/fr\/p\/combine-long-postoperatoire\/","url_meta":{"origin":2551,"position":5},"title":"Combin\u00e9 long","date":"14 janvier 2022","format":false,"excerpt":"Le combin\u00e9 long est port\u00e9 apr\u00e8s une liposuccion des genoux, cuisses, du bassin, des hanches, du ventre et des aisselles. Son but est de vous maintenir tout en diminuant l\u2019\u0153d\u00e8me post-op\u00e9ratoire. Le combin\u00e9 femme se distingue du combin\u00e9 homme par la pr\u00e9sence de bonnets en microfibre au niveau de la\u2026","rel":"","context":"Article similaire","img":{"alt_text":"","src":"https:\/\/i0.wp.com\/www.euromi.com\/wp-content\/uploads\/2022\/01\/Combine-long.femme_.jpg?resize=350%2C200&ssl=1","width":350,"height":200},"classes":[]}],"_links":{"self":[{"href":"https:\/\/www.euromi.com\/fr\/wp-json\/wp\/v2\/product\/2551"}],"collection":[{"href":"https:\/\/www.euromi.com\/fr\/wp-json\/wp\/v2\/product"}],"about":[{"href":"https:\/\/www.euromi.com\/fr\/wp-json\/wp\/v2\/types\/product"}],"wp:featuredmedia":[{"embeddable":true,"href":"https:\/\/www.euromi.com\/fr\/wp-json\/wp\/v2\/media\/2555"}],"wp:attachment":[{"href":"https:\/\/www.euromi.com\/fr\/wp-json\/wp\/v2\/media?parent=2551"}],"wp:term":[{"taxonomy":"product_cat","embeddable":true,"href":"https:\/\/www.euromi.com\/fr\/wp-json\/wp\/v2\/product_cat?post=2551"},{"taxonomy":"product_tag","embeddable":true,"href":"https:\/\/www.euromi.com\/fr\/wp-json\/wp\/v2\/product_tag?post=2551"}],"curies":[{"name":"wp","href":"https:\/\/api.w.org\/{rel}","templated":true}]}}