{"id":2539,"date":"2022-01-26T09:33:31","date_gmt":"2022-01-26T08:33:31","guid":{"rendered":"https:\/\/www.euromi.com\/?post_type=product&#038;p=2539"},"modified":"2022-01-26T17:36:30","modified_gmt":"2022-01-26T16:36:30","slug":"gant-sed","status":"publish","type":"product","link":"https:\/\/www.euromi.com\/fr\/p\/gant-sed\/","title":{"rendered":"Gant (SED)"},"content":{"rendered":"<p>Le <strong>gant ou la mitaine pour patient atteint du SED<\/strong> est un moyen th\u00e9rapeutique efficace pour agir sur les sympt\u00f4mes du Syndrome d\u2019Ehlers Danlos.<\/p>\n<p>Le taux de compression sp\u00e9cifique permet de diminuer les douleurs articulaires et p\u00e9ri-articulaires mais aussi d\u2019am\u00e9liorer votre proprioception.<\/p>\n<p>&nbsp;<\/p>\n<p><strong><u>Ce produit est d\u00e9livr\u00e9 sous prescription m\u00e9dicale et ne peut \u00eatre command\u00e9 en ligne. Il est r\u00e9alis\u00e9 selon vos mesures. Merci d\u2019utiliser le formulaire de contact ci-contre pour nous contacter.<\/u><\/strong><\/p>\n","protected":false},"excerpt":{"rendered":"<p>Le gant ou la mitaine pour patient atteint du SED est un moyen th\u00e9rapeutique efficace pour agir sur les sympt\u00f4mes du Syndrome d\u2019Ehlers Danlos. Le taux de compression sp\u00e9cifique permet de diminuer les douleurs articulaires et p\u00e9ri-articulaires mais aussi d\u2019am\u00e9liorer votre proprioception. &nbsp; Ce produit est d\u00e9livr\u00e9 sous prescription m\u00e9dicale et ne peut \u00eatre command\u00e9 [&hellip;]<\/p>\n","protected":false},"featured_media":2514,"template":"","meta":{"_et_pb_use_builder":"","_et_pb_old_content":"","_et_gb_content_width":"","spay_email":""},"product_cat":[60],"product_tag":[],"yoast_head":"<!-- This site is optimized with the Yoast SEO plugin v18.2 - https:\/\/yoast.com\/wordpress\/plugins\/seo\/ -->\n<title>Gant compressif pour Syndrome d\u2019Ehlers Danlos (SED) - Euromi<\/title>\n<meta name=\"description\" content=\"Le gant ou la mitaine pour patient atteint du SED est un moyen th\u00e9rapeutique efficace pour agir sur les sympt\u00f4mes du Syndrome d\u2019Ehlers Danlos.\" \/>\n<meta name=\"robots\" content=\"index, follow, max-snippet:-1, max-image-preview:large, max-video-preview:-1\" \/>\n<link rel=\"canonical\" href=\"https:\/\/www.euromi.com\/fr\/p\/gant-sed\/\" \/>\n<meta property=\"og:locale\" content=\"fr_FR\" \/>\n<meta property=\"og:type\" content=\"article\" \/>\n<meta property=\"og:title\" content=\"Gant compressif pour Syndrome d\u2019Ehlers Danlos (SED) - Euromi\" \/>\n<meta property=\"og:description\" content=\"Le gant ou la mitaine pour patient atteint du SED est un moyen th\u00e9rapeutique efficace pour agir sur les sympt\u00f4mes du Syndrome d\u2019Ehlers Danlos.\" \/>\n<meta property=\"og:url\" content=\"https:\/\/www.euromi.com\/fr\/p\/gant-sed\/\" \/>\n<meta property=\"og:site_name\" content=\"Euromi\" \/>\n<meta property=\"article:modified_time\" content=\"2022-01-26T16:36:30+00:00\" \/>\n<meta property=\"og:image\" content=\"https:\/\/www.euromi.com\/wp-content\/uploads\/2022\/01\/Gant-agrippant-sed.jpg\" \/>\n\t<meta property=\"og:image:width\" content=\"980\" \/>\n\t<meta property=\"og:image:height\" content=\"1401\" \/>\n\t<meta property=\"og:image:type\" content=\"image\/jpeg\" \/>\n<meta name=\"twitter:card\" content=\"summary_large_image\" \/>\n<script type=\"application\/ld+json\" class=\"yoast-schema-graph\">{\"@context\":\"https:\/\/schema.org\",\"@graph\":[{\"@type\":\"Organization\",\"@id\":\"https:\/\/www.euromi.com\/fr\/#organization\",\"name\":\"Euromi\",\"url\":\"https:\/\/www.euromi.com\/fr\/\",\"sameAs\":[],\"logo\":{\"@type\":\"ImageObject\",\"@id\":\"https:\/\/www.euromi.com\/fr\/#logo\",\"inLanguage\":\"fr-FR\",\"url\":\"https:\/\/www.euromi.com\/wp-content\/uploads\/2021\/10\/cropped-favicon.jpg\",\"contentUrl\":\"https:\/\/www.euromi.com\/wp-content\/uploads\/2021\/10\/cropped-favicon.jpg\",\"width\":512,\"height\":512,\"caption\":\"Euromi\"},\"image\":{\"@id\":\"https:\/\/www.euromi.com\/fr\/#logo\"}},{\"@type\":\"WebSite\",\"@id\":\"https:\/\/www.euromi.com\/fr\/#website\",\"url\":\"https:\/\/www.euromi.com\/fr\/\",\"name\":\"Euromi\",\"description\":\"Fabricant de Mat\u00e9riel M\u00e9dical\",\"publisher\":{\"@id\":\"https:\/\/www.euromi.com\/fr\/#organization\"},\"potentialAction\":[{\"@type\":\"SearchAction\",\"target\":{\"@type\":\"EntryPoint\",\"urlTemplate\":\"https:\/\/www.euromi.com\/fr\/?s={search_term_string}\"},\"query-input\":\"required name=search_term_string\"}],\"inLanguage\":\"fr-FR\"},{\"@type\":\"ImageObject\",\"@id\":\"https:\/\/www.euromi.com\/fr\/p\/gant-sed\/#primaryimage\",\"inLanguage\":\"fr-FR\",\"url\":\"https:\/\/www.euromi.com\/wp-content\/uploads\/2022\/01\/Gant-agrippant-sed.jpg\",\"contentUrl\":\"https:\/\/www.euromi.com\/wp-content\/uploads\/2022\/01\/Gant-agrippant-sed.jpg\",\"width\":980,\"height\":1401},{\"@type\":\"WebPage\",\"@id\":\"https:\/\/www.euromi.com\/fr\/p\/gant-sed\/#webpage\",\"url\":\"https:\/\/www.euromi.com\/fr\/p\/gant-sed\/\",\"name\":\"Gant compressif pour Syndrome d\u2019Ehlers Danlos (SED) - Euromi\",\"isPartOf\":{\"@id\":\"https:\/\/www.euromi.com\/fr\/#website\"},\"primaryImageOfPage\":{\"@id\":\"https:\/\/www.euromi.com\/fr\/p\/gant-sed\/#primaryimage\"},\"datePublished\":\"2022-01-26T08:33:31+00:00\",\"dateModified\":\"2022-01-26T16:36:30+00:00\",\"description\":\"Le gant ou la mitaine pour patient atteint du SED est un moyen th\u00e9rapeutique efficace pour agir sur les sympt\u00f4mes du Syndrome d\u2019Ehlers Danlos.\",\"breadcrumb\":{\"@id\":\"https:\/\/www.euromi.com\/fr\/p\/gant-sed\/#breadcrumb\"},\"inLanguage\":\"fr-FR\",\"potentialAction\":[{\"@type\":\"ReadAction\",\"target\":[\"https:\/\/www.euromi.com\/fr\/p\/gant-sed\/\"]}]},{\"@type\":\"BreadcrumbList\",\"@id\":\"https:\/\/www.euromi.com\/fr\/p\/gant-sed\/#breadcrumb\",\"itemListElement\":[{\"@type\":\"ListItem\",\"position\":1,\"name\":\"Accueil\",\"item\":\"https:\/\/www.euromi.com\/fr\/\"},{\"@type\":\"ListItem\",\"position\":2,\"name\":\"Boutique\",\"item\":\"https:\/\/www.euromi.com\/fr\/boutique\/\"},{\"@type\":\"ListItem\",\"position\":3,\"name\":\"V\u00eatements et pansements\",\"item\":\"https:\/\/www.euromi.com\/fr\/catp\/vetements-chirurgicaux-et-pansements\/\"},{\"@type\":\"ListItem\",\"position\":4,\"name\":\"V\u00eatements compressifs\",\"item\":\"https:\/\/www.euromi.com\/fr\/catp\/vetements-chirurgicaux-et-pansements\/vetements-compressifs\/\"},{\"@type\":\"ListItem\",\"position\":5,\"name\":\"Syndrome d'Ehlers Danlos (SED)\",\"item\":\"https:\/\/www.euromi.com\/fr\/catp\/vetements-chirurgicaux-et-pansements\/vetements-compressifs\/vetements-sed\/\"},{\"@type\":\"ListItem\",\"position\":6,\"name\":\"Gant (SED)\"}]}]}<\/script>\n<!-- \/ Yoast SEO plugin. -->","yoast_head_json":{"title":"Gant compressif pour Syndrome d\u2019Ehlers Danlos (SED) - Euromi","description":"Le gant ou la mitaine pour patient atteint du SED est un moyen th\u00e9rapeutique efficace pour agir sur les sympt\u00f4mes du Syndrome d\u2019Ehlers Danlos.","robots":{"index":"index","follow":"follow","max-snippet":"max-snippet:-1","max-image-preview":"max-image-preview:large","max-video-preview":"max-video-preview:-1"},"canonical":"https:\/\/www.euromi.com\/fr\/p\/gant-sed\/","og_locale":"fr_FR","og_type":"article","og_title":"Gant compressif pour Syndrome d\u2019Ehlers Danlos (SED) - Euromi","og_description":"Le gant ou la mitaine pour patient atteint du SED est un moyen th\u00e9rapeutique efficace pour agir sur les sympt\u00f4mes du Syndrome d\u2019Ehlers Danlos.","og_url":"https:\/\/www.euromi.com\/fr\/p\/gant-sed\/","og_site_name":"Euromi","article_modified_time":"2022-01-26T16:36:30+00:00","og_image":[{"width":980,"height":1401,"url":"https:\/\/www.euromi.com\/wp-content\/uploads\/2022\/01\/Gant-agrippant-sed.jpg","type":"image\/jpeg"}],"twitter_card":"summary_large_image","schema":{"@context":"https:\/\/schema.org","@graph":[{"@type":"Organization","@id":"https:\/\/www.euromi.com\/fr\/#organization","name":"Euromi","url":"https:\/\/www.euromi.com\/fr\/","sameAs":[],"logo":{"@type":"ImageObject","@id":"https:\/\/www.euromi.com\/fr\/#logo","inLanguage":"fr-FR","url":"https:\/\/www.euromi.com\/wp-content\/uploads\/2021\/10\/cropped-favicon.jpg","contentUrl":"https:\/\/www.euromi.com\/wp-content\/uploads\/2021\/10\/cropped-favicon.jpg","width":512,"height":512,"caption":"Euromi"},"image":{"@id":"https:\/\/www.euromi.com\/fr\/#logo"}},{"@type":"WebSite","@id":"https:\/\/www.euromi.com\/fr\/#website","url":"https:\/\/www.euromi.com\/fr\/","name":"Euromi","description":"Fabricant de Mat\u00e9riel M\u00e9dical","publisher":{"@id":"https:\/\/www.euromi.com\/fr\/#organization"},"potentialAction":[{"@type":"SearchAction","target":{"@type":"EntryPoint","urlTemplate":"https:\/\/www.euromi.com\/fr\/?s={search_term_string}"},"query-input":"required name=search_term_string"}],"inLanguage":"fr-FR"},{"@type":"ImageObject","@id":"https:\/\/www.euromi.com\/fr\/p\/gant-sed\/#primaryimage","inLanguage":"fr-FR","url":"https:\/\/www.euromi.com\/wp-content\/uploads\/2022\/01\/Gant-agrippant-sed.jpg","contentUrl":"https:\/\/www.euromi.com\/wp-content\/uploads\/2022\/01\/Gant-agrippant-sed.jpg","width":980,"height":1401},{"@type":"WebPage","@id":"https:\/\/www.euromi.com\/fr\/p\/gant-sed\/#webpage","url":"https:\/\/www.euromi.com\/fr\/p\/gant-sed\/","name":"Gant compressif pour Syndrome d\u2019Ehlers Danlos (SED) - Euromi","isPartOf":{"@id":"https:\/\/www.euromi.com\/fr\/#website"},"primaryImageOfPage":{"@id":"https:\/\/www.euromi.com\/fr\/p\/gant-sed\/#primaryimage"},"datePublished":"2022-01-26T08:33:31+00:00","dateModified":"2022-01-26T16:36:30+00:00","description":"Le gant ou la mitaine pour patient atteint du SED est un moyen th\u00e9rapeutique efficace pour agir sur les sympt\u00f4mes du Syndrome d\u2019Ehlers Danlos.","breadcrumb":{"@id":"https:\/\/www.euromi.com\/fr\/p\/gant-sed\/#breadcrumb"},"inLanguage":"fr-FR","potentialAction":[{"@type":"ReadAction","target":["https:\/\/www.euromi.com\/fr\/p\/gant-sed\/"]}]},{"@type":"BreadcrumbList","@id":"https:\/\/www.euromi.com\/fr\/p\/gant-sed\/#breadcrumb","itemListElement":[{"@type":"ListItem","position":1,"name":"Accueil","item":"https:\/\/www.euromi.com\/fr\/"},{"@type":"ListItem","position":2,"name":"Boutique","item":"https:\/\/www.euromi.com\/fr\/boutique\/"},{"@type":"ListItem","position":3,"name":"V\u00eatements et pansements","item":"https:\/\/www.euromi.com\/fr\/catp\/vetements-chirurgicaux-et-pansements\/"},{"@type":"ListItem","position":4,"name":"V\u00eatements compressifs","item":"https:\/\/www.euromi.com\/fr\/catp\/vetements-chirurgicaux-et-pansements\/vetements-compressifs\/"},{"@type":"ListItem","position":5,"name":"Syndrome d'Ehlers Danlos (SED)","item":"https:\/\/www.euromi.com\/fr\/catp\/vetements-chirurgicaux-et-pansements\/vetements-compressifs\/vetements-sed\/"},{"@type":"ListItem","position":6,"name":"Gant (SED)"}]}]}},"jetpack-related-posts":[],"_links":{"self":[{"href":"https:\/\/www.euromi.com\/fr\/wp-json\/wp\/v2\/product\/2539"}],"collection":[{"href":"https:\/\/www.euromi.com\/fr\/wp-json\/wp\/v2\/product"}],"about":[{"href":"https:\/\/www.euromi.com\/fr\/wp-json\/wp\/v2\/types\/product"}],"wp:featuredmedia":[{"embeddable":true,"href":"https:\/\/www.euromi.com\/fr\/wp-json\/wp\/v2\/media\/2514"}],"wp:attachment":[{"href":"https:\/\/www.euromi.com\/fr\/wp-json\/wp\/v2\/media?parent=2539"}],"wp:term":[{"taxonomy":"product_cat","embeddable":true,"href":"https:\/\/www.euromi.com\/fr\/wp-json\/wp\/v2\/product_cat?post=2539"},{"taxonomy":"product_tag","embeddable":true,"href":"https:\/\/www.euromi.com\/fr\/wp-json\/wp\/v2\/product_tag?post=2539"}],"curies":[{"name":"wp","href":"https:\/\/api.w.org\/{rel}","templated":true}]}}