{"id":2534,"date":"2022-01-26T09:20:56","date_gmt":"2022-01-26T08:20:56","guid":{"rendered":"https:\/\/www.euromi.com\/?post_type=product&#038;p=2534"},"modified":"2022-01-26T17:36:49","modified_gmt":"2022-01-26T16:36:49","slug":"short-sed","status":"publish","type":"product","link":"https:\/\/www.euromi.com\/fr\/p\/short-sed\/","title":{"rendered":"Short (SED)"},"content":{"rendered":"<p>Le <strong>short pour syndrome d\u2019Ehlers Danlos (SED) <\/strong>aide \u00e0 lutter contre les <strong>troubles proprioceptifs<\/strong> que provoque cette maladie.<\/p>\n<p>En effet, apporter une compression sur vos cuisses ou jambes vous aidera dans votre <strong>stabilit\u00e9 motrice<\/strong> mais aussi dans le <strong>soutien de vos articulations<\/strong> et muscles (ce qui permettra donc de r\u00e9duire vos douleurs).<\/p>\n<p><strong>\u00a0<\/strong><\/p>\n<p><strong>Le short est r\u00e9alis\u00e9 selon vos mesures<\/strong>, la longueur des jambes est donc adapt\u00e9e \u00e0 vos besoins.<\/p>\n<p><em>\u00a0<\/em><\/p>\n<p><strong><u>Les v\u00eatements pour patient atteint du SED sont d\u00e9livr\u00e9s sous prescription m\u00e9dicale et ne peuvent \u00eatre command\u00e9s en ligne. Merci de vous orienter vers un professionnel de sant\u00e9 ou d\u2019utiliser le formulaire de contact ci-contre pour nous contacter.<\/u><\/strong><\/p>\n","protected":false},"excerpt":{"rendered":"<p>Le short pour syndrome d\u2019Ehlers Danlos (SED) aide \u00e0 lutter contre les troubles proprioceptifs que provoque cette maladie. En effet, apporter une compression sur vos cuisses ou jambes vous aidera dans votre stabilit\u00e9 motrice mais aussi dans le soutien de vos articulations et muscles (ce qui permettra donc de r\u00e9duire vos douleurs). \u00a0 Le short [&hellip;]<\/p>\n","protected":false},"featured_media":2530,"template":"","meta":{"_et_pb_use_builder":"","_et_pb_old_content":"","_et_gb_content_width":"","spay_email":""},"product_cat":[60],"product_tag":[],"yoast_head":"<!-- This site is optimized with the Yoast SEO plugin v18.2 - https:\/\/yoast.com\/wordpress\/plugins\/seo\/ -->\n<title>Short compressif pour syndrome d\u2019Ehlers Danlos - Euromi<\/title>\n<meta name=\"description\" content=\"Le short pour syndrome d\u2019Ehlers Danlos (SED) aide \u00e0 lutter contre les troubles proprioceptifs que provoque cette maladie et contribue \u00e0 votre stabilit\u00e9 motrice.\" \/>\n<meta name=\"robots\" content=\"index, follow, max-snippet:-1, max-image-preview:large, max-video-preview:-1\" \/>\n<link rel=\"canonical\" href=\"https:\/\/www.euromi.com\/fr\/p\/short-sed\/\" \/>\n<meta property=\"og:locale\" content=\"fr_FR\" \/>\n<meta property=\"og:type\" content=\"article\" \/>\n<meta property=\"og:title\" content=\"Short compressif pour syndrome d\u2019Ehlers Danlos - Euromi\" \/>\n<meta property=\"og:description\" content=\"Le short pour syndrome d\u2019Ehlers Danlos (SED) aide \u00e0 lutter contre les troubles proprioceptifs que provoque cette maladie et contribue \u00e0 votre stabilit\u00e9 motrice.\" \/>\n<meta property=\"og:url\" content=\"https:\/\/www.euromi.com\/fr\/p\/short-sed\/\" \/>\n<meta property=\"og:site_name\" content=\"Euromi\" \/>\n<meta property=\"article:modified_time\" content=\"2022-01-26T16:36:49+00:00\" \/>\n<meta property=\"og:image\" content=\"https:\/\/www.euromi.com\/wp-content\/uploads\/2022\/01\/Short-jambes-longues-SED.jpg\" \/>\n\t<meta property=\"og:image:width\" content=\"980\" \/>\n\t<meta property=\"og:image:height\" content=\"1401\" \/>\n\t<meta property=\"og:image:type\" content=\"image\/jpeg\" \/>\n<meta name=\"twitter:card\" content=\"summary_large_image\" \/>\n<script type=\"application\/ld+json\" class=\"yoast-schema-graph\">{\"@context\":\"https:\/\/schema.org\",\"@graph\":[{\"@type\":\"Organization\",\"@id\":\"https:\/\/www.euromi.com\/fr\/#organization\",\"name\":\"Euromi\",\"url\":\"https:\/\/www.euromi.com\/fr\/\",\"sameAs\":[],\"logo\":{\"@type\":\"ImageObject\",\"@id\":\"https:\/\/www.euromi.com\/fr\/#logo\",\"inLanguage\":\"fr-FR\",\"url\":\"https:\/\/www.euromi.com\/wp-content\/uploads\/2021\/10\/cropped-favicon.jpg\",\"contentUrl\":\"https:\/\/www.euromi.com\/wp-content\/uploads\/2021\/10\/cropped-favicon.jpg\",\"width\":512,\"height\":512,\"caption\":\"Euromi\"},\"image\":{\"@id\":\"https:\/\/www.euromi.com\/fr\/#logo\"}},{\"@type\":\"WebSite\",\"@id\":\"https:\/\/www.euromi.com\/fr\/#website\",\"url\":\"https:\/\/www.euromi.com\/fr\/\",\"name\":\"Euromi\",\"description\":\"Fabricant de Mat\u00e9riel M\u00e9dical\",\"publisher\":{\"@id\":\"https:\/\/www.euromi.com\/fr\/#organization\"},\"potentialAction\":[{\"@type\":\"SearchAction\",\"target\":{\"@type\":\"EntryPoint\",\"urlTemplate\":\"https:\/\/www.euromi.com\/fr\/?s={search_term_string}\"},\"query-input\":\"required name=search_term_string\"}],\"inLanguage\":\"fr-FR\"},{\"@type\":\"ImageObject\",\"@id\":\"https:\/\/www.euromi.com\/fr\/p\/short-sed\/#primaryimage\",\"inLanguage\":\"fr-FR\",\"url\":\"https:\/\/www.euromi.com\/wp-content\/uploads\/2022\/01\/Short-jambes-longues-SED.jpg\",\"contentUrl\":\"https:\/\/www.euromi.com\/wp-content\/uploads\/2022\/01\/Short-jambes-longues-SED.jpg\",\"width\":980,\"height\":1401},{\"@type\":\"WebPage\",\"@id\":\"https:\/\/www.euromi.com\/fr\/p\/short-sed\/#webpage\",\"url\":\"https:\/\/www.euromi.com\/fr\/p\/short-sed\/\",\"name\":\"Short compressif pour syndrome d\u2019Ehlers Danlos - Euromi\",\"isPartOf\":{\"@id\":\"https:\/\/www.euromi.com\/fr\/#website\"},\"primaryImageOfPage\":{\"@id\":\"https:\/\/www.euromi.com\/fr\/p\/short-sed\/#primaryimage\"},\"datePublished\":\"2022-01-26T08:20:56+00:00\",\"dateModified\":\"2022-01-26T16:36:49+00:00\",\"description\":\"Le short pour syndrome d\u2019Ehlers Danlos (SED) aide \u00e0 lutter contre les troubles proprioceptifs que provoque cette maladie et contribue \u00e0 votre stabilit\u00e9 motrice.\",\"breadcrumb\":{\"@id\":\"https:\/\/www.euromi.com\/fr\/p\/short-sed\/#breadcrumb\"},\"inLanguage\":\"fr-FR\",\"potentialAction\":[{\"@type\":\"ReadAction\",\"target\":[\"https:\/\/www.euromi.com\/fr\/p\/short-sed\/\"]}]},{\"@type\":\"BreadcrumbList\",\"@id\":\"https:\/\/www.euromi.com\/fr\/p\/short-sed\/#breadcrumb\",\"itemListElement\":[{\"@type\":\"ListItem\",\"position\":1,\"name\":\"Accueil\",\"item\":\"https:\/\/www.euromi.com\/fr\/\"},{\"@type\":\"ListItem\",\"position\":2,\"name\":\"Boutique\",\"item\":\"https:\/\/www.euromi.com\/fr\/boutique\/\"},{\"@type\":\"ListItem\",\"position\":3,\"name\":\"V\u00eatements et pansements\",\"item\":\"https:\/\/www.euromi.com\/fr\/catp\/vetements-chirurgicaux-et-pansements\/\"},{\"@type\":\"ListItem\",\"position\":4,\"name\":\"V\u00eatements compressifs\",\"item\":\"https:\/\/www.euromi.com\/fr\/catp\/vetements-chirurgicaux-et-pansements\/vetements-compressifs\/\"},{\"@type\":\"ListItem\",\"position\":5,\"name\":\"Syndrome d'Ehlers Danlos (SED)\",\"item\":\"https:\/\/www.euromi.com\/fr\/catp\/vetements-chirurgicaux-et-pansements\/vetements-compressifs\/vetements-sed\/\"},{\"@type\":\"ListItem\",\"position\":6,\"name\":\"Short (SED)\"}]}]}<\/script>\n<!-- \/ Yoast SEO plugin. -->","yoast_head_json":{"title":"Short compressif pour syndrome d\u2019Ehlers Danlos - Euromi","description":"Le short pour syndrome d\u2019Ehlers Danlos (SED) aide \u00e0 lutter contre les troubles proprioceptifs que provoque cette maladie et contribue \u00e0 votre stabilit\u00e9 motrice.","robots":{"index":"index","follow":"follow","max-snippet":"max-snippet:-1","max-image-preview":"max-image-preview:large","max-video-preview":"max-video-preview:-1"},"canonical":"https:\/\/www.euromi.com\/fr\/p\/short-sed\/","og_locale":"fr_FR","og_type":"article","og_title":"Short compressif pour syndrome d\u2019Ehlers Danlos - Euromi","og_description":"Le short pour syndrome d\u2019Ehlers Danlos (SED) aide \u00e0 lutter contre les troubles proprioceptifs que provoque cette maladie et contribue \u00e0 votre stabilit\u00e9 motrice.","og_url":"https:\/\/www.euromi.com\/fr\/p\/short-sed\/","og_site_name":"Euromi","article_modified_time":"2022-01-26T16:36:49+00:00","og_image":[{"width":980,"height":1401,"url":"https:\/\/www.euromi.com\/wp-content\/uploads\/2022\/01\/Short-jambes-longues-SED.jpg","type":"image\/jpeg"}],"twitter_card":"summary_large_image","schema":{"@context":"https:\/\/schema.org","@graph":[{"@type":"Organization","@id":"https:\/\/www.euromi.com\/fr\/#organization","name":"Euromi","url":"https:\/\/www.euromi.com\/fr\/","sameAs":[],"logo":{"@type":"ImageObject","@id":"https:\/\/www.euromi.com\/fr\/#logo","inLanguage":"fr-FR","url":"https:\/\/www.euromi.com\/wp-content\/uploads\/2021\/10\/cropped-favicon.jpg","contentUrl":"https:\/\/www.euromi.com\/wp-content\/uploads\/2021\/10\/cropped-favicon.jpg","width":512,"height":512,"caption":"Euromi"},"image":{"@id":"https:\/\/www.euromi.com\/fr\/#logo"}},{"@type":"WebSite","@id":"https:\/\/www.euromi.com\/fr\/#website","url":"https:\/\/www.euromi.com\/fr\/","name":"Euromi","description":"Fabricant de Mat\u00e9riel M\u00e9dical","publisher":{"@id":"https:\/\/www.euromi.com\/fr\/#organization"},"potentialAction":[{"@type":"SearchAction","target":{"@type":"EntryPoint","urlTemplate":"https:\/\/www.euromi.com\/fr\/?s={search_term_string}"},"query-input":"required name=search_term_string"}],"inLanguage":"fr-FR"},{"@type":"ImageObject","@id":"https:\/\/www.euromi.com\/fr\/p\/short-sed\/#primaryimage","inLanguage":"fr-FR","url":"https:\/\/www.euromi.com\/wp-content\/uploads\/2022\/01\/Short-jambes-longues-SED.jpg","contentUrl":"https:\/\/www.euromi.com\/wp-content\/uploads\/2022\/01\/Short-jambes-longues-SED.jpg","width":980,"height":1401},{"@type":"WebPage","@id":"https:\/\/www.euromi.com\/fr\/p\/short-sed\/#webpage","url":"https:\/\/www.euromi.com\/fr\/p\/short-sed\/","name":"Short compressif pour syndrome d\u2019Ehlers Danlos - Euromi","isPartOf":{"@id":"https:\/\/www.euromi.com\/fr\/#website"},"primaryImageOfPage":{"@id":"https:\/\/www.euromi.com\/fr\/p\/short-sed\/#primaryimage"},"datePublished":"2022-01-26T08:20:56+00:00","dateModified":"2022-01-26T16:36:49+00:00","description":"Le short pour syndrome d\u2019Ehlers Danlos (SED) aide \u00e0 lutter contre les troubles proprioceptifs que provoque cette maladie et contribue \u00e0 votre stabilit\u00e9 motrice.","breadcrumb":{"@id":"https:\/\/www.euromi.com\/fr\/p\/short-sed\/#breadcrumb"},"inLanguage":"fr-FR","potentialAction":[{"@type":"ReadAction","target":["https:\/\/www.euromi.com\/fr\/p\/short-sed\/"]}]},{"@type":"BreadcrumbList","@id":"https:\/\/www.euromi.com\/fr\/p\/short-sed\/#breadcrumb","itemListElement":[{"@type":"ListItem","position":1,"name":"Accueil","item":"https:\/\/www.euromi.com\/fr\/"},{"@type":"ListItem","position":2,"name":"Boutique","item":"https:\/\/www.euromi.com\/fr\/boutique\/"},{"@type":"ListItem","position":3,"name":"V\u00eatements et pansements","item":"https:\/\/www.euromi.com\/fr\/catp\/vetements-chirurgicaux-et-pansements\/"},{"@type":"ListItem","position":4,"name":"V\u00eatements compressifs","item":"https:\/\/www.euromi.com\/fr\/catp\/vetements-chirurgicaux-et-pansements\/vetements-compressifs\/"},{"@type":"ListItem","position":5,"name":"Syndrome d'Ehlers Danlos (SED)","item":"https:\/\/www.euromi.com\/fr\/catp\/vetements-chirurgicaux-et-pansements\/vetements-compressifs\/vetements-sed\/"},{"@type":"ListItem","position":6,"name":"Short (SED)"}]}]}},"jetpack-related-posts":[],"_links":{"self":[{"href":"https:\/\/www.euromi.com\/fr\/wp-json\/wp\/v2\/product\/2534"}],"collection":[{"href":"https:\/\/www.euromi.com\/fr\/wp-json\/wp\/v2\/product"}],"about":[{"href":"https:\/\/www.euromi.com\/fr\/wp-json\/wp\/v2\/types\/product"}],"wp:featuredmedia":[{"embeddable":true,"href":"https:\/\/www.euromi.com\/fr\/wp-json\/wp\/v2\/media\/2530"}],"wp:attachment":[{"href":"https:\/\/www.euromi.com\/fr\/wp-json\/wp\/v2\/media?parent=2534"}],"wp:term":[{"taxonomy":"product_cat","embeddable":true,"href":"https:\/\/www.euromi.com\/fr\/wp-json\/wp\/v2\/product_cat?post=2534"},{"taxonomy":"product_tag","embeddable":true,"href":"https:\/\/www.euromi.com\/fr\/wp-json\/wp\/v2\/product_tag?post=2534"}],"curies":[{"name":"wp","href":"https:\/\/api.w.org\/{rel}","templated":true}]}}