{"id":2273,"date":"2022-01-24T17:37:30","date_gmt":"2022-01-24T16:37:30","guid":{"rendered":"https:\/\/www.euromi.com\/?post_type=product&#038;p=2273"},"modified":"2022-01-26T17:41:16","modified_gmt":"2022-01-26T16:41:16","slug":"short-pour-grand-brule","status":"publish","type":"product","link":"https:\/\/www.euromi.com\/fr\/p\/short-pour-grand-brule\/","title":{"rendered":"Short pour grand br\u00fbl\u00e9"},"content":{"rendered":"<p>Le <strong>short pour grand br\u00fbl\u00e9<\/strong> (avec 2 jambes courtes, 2 jambes longues, 1 jambe courte et 1 jambe longue\u2026) est r\u00e9alis\u00e9 <strong>selon vos mesures<\/strong> suite \u00e0 une <strong>br\u00fblure (chimique, thermique, \u00e9lectrique)<\/strong> ou une <strong>greffe de peau<\/strong>.<\/p>\n<p>Ce <strong>v\u00eatement compressif<\/strong> apporte la contention n\u00e9cessaire pour lutter et am\u00e9liorer l\u2019apparence\u00a0 des <strong>cicatrices hypertrophiques et brides r\u00e9tractiles<\/strong>.<\/p>\n<p><em>La premi\u00e8re pose du short pour grand br\u00fbl\u00e9 sera assur\u00e9e par un professionnel de sant\u00e9. Il sera appliqu\u00e9 sur plaie ferm\u00e9e, d\u00e8s reconstruction de l\u2019\u00e9piderme. <\/em><\/p>\n<p><em>\u00a0<\/em><\/p>\n<p><strong><u>Ce produit est d\u00e9livr\u00e9 sous prescription m\u00e9dicale et ne peut \u00eatre command\u00e9 en ligne. Merci d\u2019utiliser le formulaire de contact ci-contre pour nous contacter.<\/u><\/strong><\/p>\n","protected":false},"excerpt":{"rendered":"<p>Le short pour grand br\u00fbl\u00e9 (avec 2 jambes courtes, 2 jambes longues, 1 jambe courte et 1 jambe longue\u2026) est r\u00e9alis\u00e9 selon vos mesures suite \u00e0 une br\u00fblure (chimique, thermique, \u00e9lectrique) ou une greffe de peau. Ce v\u00eatement compressif apporte la contention n\u00e9cessaire pour lutter et am\u00e9liorer l\u2019apparence\u00a0 des cicatrices hypertrophiques et brides r\u00e9tractiles. La [&hellip;]<\/p>\n","protected":false},"featured_media":2288,"template":"","meta":{"_et_pb_use_builder":"","_et_pb_old_content":"","_et_gb_content_width":"","spay_email":""},"product_cat":[53],"product_tag":[],"yoast_head":"<!-- This site is optimized with the Yoast SEO plugin v18.2 - https:\/\/yoast.com\/wordpress\/plugins\/seo\/ -->\n<title>Short pour grand br\u00fbl\u00e9 - Euromi<\/title>\n<meta name=\"description\" content=\"Le short pour grand br\u00fbl\u00e9, compressif, est r\u00e9alis\u00e9 selon vos mesures suite \u00e0 une br\u00fblure (chimique, thermique, \u00e9lectrique) ou greffe de peau.\" \/>\n<meta name=\"robots\" content=\"index, follow, max-snippet:-1, max-image-preview:large, max-video-preview:-1\" \/>\n<link rel=\"canonical\" href=\"https:\/\/www.euromi.com\/fr\/p\/short-pour-grand-brule\/\" \/>\n<meta property=\"og:locale\" content=\"fr_FR\" \/>\n<meta property=\"og:type\" content=\"article\" \/>\n<meta property=\"og:title\" content=\"Short pour grand br\u00fbl\u00e9 - Euromi\" \/>\n<meta property=\"og:description\" content=\"Le short pour grand br\u00fbl\u00e9, compressif, est r\u00e9alis\u00e9 selon vos mesures suite \u00e0 une br\u00fblure (chimique, thermique, \u00e9lectrique) ou greffe de peau.\" \/>\n<meta property=\"og:url\" content=\"https:\/\/www.euromi.com\/fr\/p\/short-pour-grand-brule\/\" \/>\n<meta property=\"og:site_name\" content=\"Euromi\" \/>\n<meta property=\"article:modified_time\" content=\"2022-01-26T16:41:16+00:00\" \/>\n<meta property=\"og:image\" content=\"https:\/\/www.euromi.com\/wp-content\/uploads\/2022\/01\/Short-grand-brule.jpg\" \/>\n\t<meta property=\"og:image:width\" content=\"980\" \/>\n\t<meta property=\"og:image:height\" content=\"1401\" \/>\n\t<meta property=\"og:image:type\" content=\"image\/jpeg\" \/>\n<meta name=\"twitter:card\" content=\"summary_large_image\" \/>\n<script type=\"application\/ld+json\" class=\"yoast-schema-graph\">{\"@context\":\"https:\/\/schema.org\",\"@graph\":[{\"@type\":\"Organization\",\"@id\":\"https:\/\/www.euromi.com\/fr\/#organization\",\"name\":\"Euromi\",\"url\":\"https:\/\/www.euromi.com\/fr\/\",\"sameAs\":[],\"logo\":{\"@type\":\"ImageObject\",\"@id\":\"https:\/\/www.euromi.com\/fr\/#logo\",\"inLanguage\":\"fr-FR\",\"url\":\"https:\/\/www.euromi.com\/wp-content\/uploads\/2021\/10\/cropped-favicon.jpg\",\"contentUrl\":\"https:\/\/www.euromi.com\/wp-content\/uploads\/2021\/10\/cropped-favicon.jpg\",\"width\":512,\"height\":512,\"caption\":\"Euromi\"},\"image\":{\"@id\":\"https:\/\/www.euromi.com\/fr\/#logo\"}},{\"@type\":\"WebSite\",\"@id\":\"https:\/\/www.euromi.com\/fr\/#website\",\"url\":\"https:\/\/www.euromi.com\/fr\/\",\"name\":\"Euromi\",\"description\":\"Fabricant de Mat\u00e9riel M\u00e9dical\",\"publisher\":{\"@id\":\"https:\/\/www.euromi.com\/fr\/#organization\"},\"potentialAction\":[{\"@type\":\"SearchAction\",\"target\":{\"@type\":\"EntryPoint\",\"urlTemplate\":\"https:\/\/www.euromi.com\/fr\/?s={search_term_string}\"},\"query-input\":\"required name=search_term_string\"}],\"inLanguage\":\"fr-FR\"},{\"@type\":\"ImageObject\",\"@id\":\"https:\/\/www.euromi.com\/fr\/p\/short-pour-grand-brule\/#primaryimage\",\"inLanguage\":\"fr-FR\",\"url\":\"https:\/\/www.euromi.com\/wp-content\/uploads\/2022\/01\/Short-grand-brule.jpg\",\"contentUrl\":\"https:\/\/www.euromi.com\/wp-content\/uploads\/2022\/01\/Short-grand-brule.jpg\",\"width\":980,\"height\":1401},{\"@type\":\"WebPage\",\"@id\":\"https:\/\/www.euromi.com\/fr\/p\/short-pour-grand-brule\/#webpage\",\"url\":\"https:\/\/www.euromi.com\/fr\/p\/short-pour-grand-brule\/\",\"name\":\"Short pour grand br\u00fbl\u00e9 - Euromi\",\"isPartOf\":{\"@id\":\"https:\/\/www.euromi.com\/fr\/#website\"},\"primaryImageOfPage\":{\"@id\":\"https:\/\/www.euromi.com\/fr\/p\/short-pour-grand-brule\/#primaryimage\"},\"datePublished\":\"2022-01-24T16:37:30+00:00\",\"dateModified\":\"2022-01-26T16:41:16+00:00\",\"description\":\"Le short pour grand br\u00fbl\u00e9, compressif, est r\u00e9alis\u00e9 selon vos mesures suite \u00e0 une br\u00fblure (chimique, thermique, \u00e9lectrique) ou greffe de peau.\",\"breadcrumb\":{\"@id\":\"https:\/\/www.euromi.com\/fr\/p\/short-pour-grand-brule\/#breadcrumb\"},\"inLanguage\":\"fr-FR\",\"potentialAction\":[{\"@type\":\"ReadAction\",\"target\":[\"https:\/\/www.euromi.com\/fr\/p\/short-pour-grand-brule\/\"]}]},{\"@type\":\"BreadcrumbList\",\"@id\":\"https:\/\/www.euromi.com\/fr\/p\/short-pour-grand-brule\/#breadcrumb\",\"itemListElement\":[{\"@type\":\"ListItem\",\"position\":1,\"name\":\"Accueil\",\"item\":\"https:\/\/www.euromi.com\/fr\/\"},{\"@type\":\"ListItem\",\"position\":2,\"name\":\"Boutique\",\"item\":\"https:\/\/www.euromi.com\/fr\/boutique\/\"},{\"@type\":\"ListItem\",\"position\":3,\"name\":\"V\u00eatements et pansements\",\"item\":\"https:\/\/www.euromi.com\/fr\/catp\/vetements-chirurgicaux-et-pansements\/\"},{\"@type\":\"ListItem\",\"position\":4,\"name\":\"V\u00eatements compressifs\",\"item\":\"https:\/\/www.euromi.com\/fr\/catp\/vetements-chirurgicaux-et-pansements\/vetements-compressifs\/\"},{\"@type\":\"ListItem\",\"position\":5,\"name\":\"Grands br\u00fbl\u00e9s\",\"item\":\"https:\/\/www.euromi.com\/fr\/catp\/vetements-chirurgicaux-et-pansements\/vetements-compressifs\/vetements-grands-brules\/\"},{\"@type\":\"ListItem\",\"position\":6,\"name\":\"Short pour grand br\u00fbl\u00e9\"}]}]}<\/script>\n<!-- \/ Yoast SEO plugin. -->","yoast_head_json":{"title":"Short pour grand br\u00fbl\u00e9 - Euromi","description":"Le short pour grand br\u00fbl\u00e9, compressif, est r\u00e9alis\u00e9 selon vos mesures suite \u00e0 une br\u00fblure (chimique, thermique, \u00e9lectrique) ou greffe de peau.","robots":{"index":"index","follow":"follow","max-snippet":"max-snippet:-1","max-image-preview":"max-image-preview:large","max-video-preview":"max-video-preview:-1"},"canonical":"https:\/\/www.euromi.com\/fr\/p\/short-pour-grand-brule\/","og_locale":"fr_FR","og_type":"article","og_title":"Short pour grand br\u00fbl\u00e9 - Euromi","og_description":"Le short pour grand br\u00fbl\u00e9, compressif, est r\u00e9alis\u00e9 selon vos mesures suite \u00e0 une br\u00fblure (chimique, thermique, \u00e9lectrique) ou greffe de peau.","og_url":"https:\/\/www.euromi.com\/fr\/p\/short-pour-grand-brule\/","og_site_name":"Euromi","article_modified_time":"2022-01-26T16:41:16+00:00","og_image":[{"width":980,"height":1401,"url":"https:\/\/www.euromi.com\/wp-content\/uploads\/2022\/01\/Short-grand-brule.jpg","type":"image\/jpeg"}],"twitter_card":"summary_large_image","schema":{"@context":"https:\/\/schema.org","@graph":[{"@type":"Organization","@id":"https:\/\/www.euromi.com\/fr\/#organization","name":"Euromi","url":"https:\/\/www.euromi.com\/fr\/","sameAs":[],"logo":{"@type":"ImageObject","@id":"https:\/\/www.euromi.com\/fr\/#logo","inLanguage":"fr-FR","url":"https:\/\/www.euromi.com\/wp-content\/uploads\/2021\/10\/cropped-favicon.jpg","contentUrl":"https:\/\/www.euromi.com\/wp-content\/uploads\/2021\/10\/cropped-favicon.jpg","width":512,"height":512,"caption":"Euromi"},"image":{"@id":"https:\/\/www.euromi.com\/fr\/#logo"}},{"@type":"WebSite","@id":"https:\/\/www.euromi.com\/fr\/#website","url":"https:\/\/www.euromi.com\/fr\/","name":"Euromi","description":"Fabricant de Mat\u00e9riel M\u00e9dical","publisher":{"@id":"https:\/\/www.euromi.com\/fr\/#organization"},"potentialAction":[{"@type":"SearchAction","target":{"@type":"EntryPoint","urlTemplate":"https:\/\/www.euromi.com\/fr\/?s={search_term_string}"},"query-input":"required name=search_term_string"}],"inLanguage":"fr-FR"},{"@type":"ImageObject","@id":"https:\/\/www.euromi.com\/fr\/p\/short-pour-grand-brule\/#primaryimage","inLanguage":"fr-FR","url":"https:\/\/www.euromi.com\/wp-content\/uploads\/2022\/01\/Short-grand-brule.jpg","contentUrl":"https:\/\/www.euromi.com\/wp-content\/uploads\/2022\/01\/Short-grand-brule.jpg","width":980,"height":1401},{"@type":"WebPage","@id":"https:\/\/www.euromi.com\/fr\/p\/short-pour-grand-brule\/#webpage","url":"https:\/\/www.euromi.com\/fr\/p\/short-pour-grand-brule\/","name":"Short pour grand br\u00fbl\u00e9 - Euromi","isPartOf":{"@id":"https:\/\/www.euromi.com\/fr\/#website"},"primaryImageOfPage":{"@id":"https:\/\/www.euromi.com\/fr\/p\/short-pour-grand-brule\/#primaryimage"},"datePublished":"2022-01-24T16:37:30+00:00","dateModified":"2022-01-26T16:41:16+00:00","description":"Le short pour grand br\u00fbl\u00e9, compressif, est r\u00e9alis\u00e9 selon vos mesures suite \u00e0 une br\u00fblure (chimique, thermique, \u00e9lectrique) ou greffe de peau.","breadcrumb":{"@id":"https:\/\/www.euromi.com\/fr\/p\/short-pour-grand-brule\/#breadcrumb"},"inLanguage":"fr-FR","potentialAction":[{"@type":"ReadAction","target":["https:\/\/www.euromi.com\/fr\/p\/short-pour-grand-brule\/"]}]},{"@type":"BreadcrumbList","@id":"https:\/\/www.euromi.com\/fr\/p\/short-pour-grand-brule\/#breadcrumb","itemListElement":[{"@type":"ListItem","position":1,"name":"Accueil","item":"https:\/\/www.euromi.com\/fr\/"},{"@type":"ListItem","position":2,"name":"Boutique","item":"https:\/\/www.euromi.com\/fr\/boutique\/"},{"@type":"ListItem","position":3,"name":"V\u00eatements et pansements","item":"https:\/\/www.euromi.com\/fr\/catp\/vetements-chirurgicaux-et-pansements\/"},{"@type":"ListItem","position":4,"name":"V\u00eatements compressifs","item":"https:\/\/www.euromi.com\/fr\/catp\/vetements-chirurgicaux-et-pansements\/vetements-compressifs\/"},{"@type":"ListItem","position":5,"name":"Grands br\u00fbl\u00e9s","item":"https:\/\/www.euromi.com\/fr\/catp\/vetements-chirurgicaux-et-pansements\/vetements-compressifs\/vetements-grands-brules\/"},{"@type":"ListItem","position":6,"name":"Short pour grand br\u00fbl\u00e9"}]}]}},"jetpack-related-posts":[],"_links":{"self":[{"href":"https:\/\/www.euromi.com\/fr\/wp-json\/wp\/v2\/product\/2273"}],"collection":[{"href":"https:\/\/www.euromi.com\/fr\/wp-json\/wp\/v2\/product"}],"about":[{"href":"https:\/\/www.euromi.com\/fr\/wp-json\/wp\/v2\/types\/product"}],"wp:featuredmedia":[{"embeddable":true,"href":"https:\/\/www.euromi.com\/fr\/wp-json\/wp\/v2\/media\/2288"}],"wp:attachment":[{"href":"https:\/\/www.euromi.com\/fr\/wp-json\/wp\/v2\/media?parent=2273"}],"wp:term":[{"taxonomy":"product_cat","embeddable":true,"href":"https:\/\/www.euromi.com\/fr\/wp-json\/wp\/v2\/product_cat?post=2273"},{"taxonomy":"product_tag","embeddable":true,"href":"https:\/\/www.euromi.com\/fr\/wp-json\/wp\/v2\/product_tag?post=2273"}],"curies":[{"name":"wp","href":"https:\/\/api.w.org\/{rel}","templated":true}]}}