{"id":2246,"date":"2022-01-21T11:38:53","date_gmt":"2022-01-21T10:38:53","guid":{"rendered":"https:\/\/www.euromi.com\/?post_type=product&#038;p=2246"},"modified":"2022-01-26T12:00:59","modified_gmt":"2022-01-26T11:00:59","slug":"dermatic","status":"publish","type":"product","link":"https:\/\/www.euromi.com\/fr\/p\/dermatic\/","title":{"rendered":"Dermatic\u00ae"},"content":{"rendered":"<p>Le principe du <strong>Dermatic\u00ae<\/strong> consiste en <strong>l\u2019utilisation d\u2019air comprim\u00e9 <\/strong>permettant, d\u2019une part, <strong>une grande vitesse d\u2019injection<\/strong> pour une r\u00e9duction de la douleur pour le patient, et d\u2019autre part, une <strong>tr\u00e8s grande pr\u00e9cision<\/strong> pour le praticien.<\/p>\n<p>Le Dermatic\u00ae est utilis\u00e9 en <strong>m\u00e9soth\u00e9rapie<\/strong> pour <strong>soulager imm\u00e9diatement une douleur<\/strong> ou traiter bien plus rapidement la zone souhait\u00e9e. La quantit\u00e9 de produit actif est fortement r\u00e9duite.<\/p>\n<p>&nbsp;<\/p>\n<p><strong><u>Ce produit est un dispositif m\u00e9dical \u00e0 destination des professionnels de sant\u00e9 qualifi\u00e9s.<\/u><\/strong><\/p>\n<p><strong><em>Vous \u00eates professionnel de sant\u00e9 <\/em><\/strong><em>et souhaitez plus d\u2019informations sur ce produit, merci de remplir le formulaire <\/em><em>ci-contre<\/em><em>.<\/em><\/p>\n<p><strong><em>Vous \u00eates un particulier<\/em><\/strong><em>, pour plus d\u2019informations, merci de vous orienter vers votre professionnel de sant\u00e9.<\/em><\/p>\n<p>&nbsp;<\/p>\n","protected":false},"excerpt":{"rendered":"<p>Le principe du Dermatic\u00ae consiste en l\u2019utilisation d\u2019air comprim\u00e9 permettant, d\u2019une part, une grande vitesse d\u2019injection pour une r\u00e9duction de la douleur pour le patient, et d\u2019autre part, une tr\u00e8s grande pr\u00e9cision pour le praticien. Le Dermatic\u00ae est utilis\u00e9 en m\u00e9soth\u00e9rapie pour soulager imm\u00e9diatement une douleur ou traiter bien plus rapidement la zone souhait\u00e9e. La [&hellip;]<\/p>\n","protected":false},"featured_media":2248,"template":"","meta":{"_et_pb_use_builder":"","_et_pb_old_content":"","_et_gb_content_width":"","spay_email":""},"product_cat":[47],"product_tag":[],"yoast_head":"<!-- This site is optimized with the Yoast SEO plugin v18.2 - https:\/\/yoast.com\/wordpress\/plugins\/seo\/ -->\n<title>Dermatic\u00ae pour la m\u00e9soth\u00e9rapie - Euromi<\/title>\n<meta name=\"description\" content=\"Le Dermatic\u00ae utilise l&#039;air comprim\u00e9 pour le traitement de la m\u00e9soth\u00e9rapie (grande vitesse d\u2019injection, grande pr\u00e9cision pour le praticien.).\" \/>\n<meta name=\"robots\" content=\"index, follow, max-snippet:-1, max-image-preview:large, max-video-preview:-1\" \/>\n<link rel=\"canonical\" href=\"https:\/\/www.euromi.com\/fr\/p\/dermatic\/\" \/>\n<meta property=\"og:locale\" content=\"fr_FR\" \/>\n<meta property=\"og:type\" content=\"article\" \/>\n<meta property=\"og:title\" content=\"Dermatic\u00ae pour la m\u00e9soth\u00e9rapie - Euromi\" \/>\n<meta property=\"og:description\" content=\"Le Dermatic\u00ae utilise l&#039;air comprim\u00e9 pour le traitement de la m\u00e9soth\u00e9rapie (grande vitesse d\u2019injection, grande pr\u00e9cision pour le praticien.).\" \/>\n<meta property=\"og:url\" content=\"https:\/\/www.euromi.com\/fr\/p\/dermatic\/\" \/>\n<meta property=\"og:site_name\" content=\"Euromi\" \/>\n<meta property=\"article:modified_time\" content=\"2022-01-26T11:00:59+00:00\" \/>\n<meta property=\"og:image\" content=\"https:\/\/www.euromi.com\/wp-content\/uploads\/2022\/01\/MESO-Dermatic.jpg\" \/>\n\t<meta property=\"og:image:width\" content=\"980\" \/>\n\t<meta property=\"og:image:height\" content=\"1401\" \/>\n\t<meta property=\"og:image:type\" content=\"image\/jpeg\" \/>\n<meta name=\"twitter:card\" content=\"summary_large_image\" \/>\n<script type=\"application\/ld+json\" class=\"yoast-schema-graph\">{\"@context\":\"https:\/\/schema.org\",\"@graph\":[{\"@type\":\"Organization\",\"@id\":\"https:\/\/www.euromi.com\/fr\/#organization\",\"name\":\"Euromi\",\"url\":\"https:\/\/www.euromi.com\/fr\/\",\"sameAs\":[],\"logo\":{\"@type\":\"ImageObject\",\"@id\":\"https:\/\/www.euromi.com\/fr\/#logo\",\"inLanguage\":\"fr-FR\",\"url\":\"https:\/\/www.euromi.com\/wp-content\/uploads\/2021\/10\/cropped-favicon.jpg\",\"contentUrl\":\"https:\/\/www.euromi.com\/wp-content\/uploads\/2021\/10\/cropped-favicon.jpg\",\"width\":512,\"height\":512,\"caption\":\"Euromi\"},\"image\":{\"@id\":\"https:\/\/www.euromi.com\/fr\/#logo\"}},{\"@type\":\"WebSite\",\"@id\":\"https:\/\/www.euromi.com\/fr\/#website\",\"url\":\"https:\/\/www.euromi.com\/fr\/\",\"name\":\"Euromi\",\"description\":\"Fabricant de Mat\u00e9riel M\u00e9dical\",\"publisher\":{\"@id\":\"https:\/\/www.euromi.com\/fr\/#organization\"},\"potentialAction\":[{\"@type\":\"SearchAction\",\"target\":{\"@type\":\"EntryPoint\",\"urlTemplate\":\"https:\/\/www.euromi.com\/fr\/?s={search_term_string}\"},\"query-input\":\"required name=search_term_string\"}],\"inLanguage\":\"fr-FR\"},{\"@type\":\"ImageObject\",\"@id\":\"https:\/\/www.euromi.com\/fr\/p\/dermatic\/#primaryimage\",\"inLanguage\":\"fr-FR\",\"url\":\"https:\/\/www.euromi.com\/wp-content\/uploads\/2022\/01\/MESO-Dermatic.jpg\",\"contentUrl\":\"https:\/\/www.euromi.com\/wp-content\/uploads\/2022\/01\/MESO-Dermatic.jpg\",\"width\":980,\"height\":1401},{\"@type\":\"WebPage\",\"@id\":\"https:\/\/www.euromi.com\/fr\/p\/dermatic\/#webpage\",\"url\":\"https:\/\/www.euromi.com\/fr\/p\/dermatic\/\",\"name\":\"Dermatic\u00ae pour la m\u00e9soth\u00e9rapie - Euromi\",\"isPartOf\":{\"@id\":\"https:\/\/www.euromi.com\/fr\/#website\"},\"primaryImageOfPage\":{\"@id\":\"https:\/\/www.euromi.com\/fr\/p\/dermatic\/#primaryimage\"},\"datePublished\":\"2022-01-21T10:38:53+00:00\",\"dateModified\":\"2022-01-26T11:00:59+00:00\",\"description\":\"Le Dermatic\u00ae utilise l'air comprim\u00e9 pour le traitement de la m\u00e9soth\u00e9rapie (grande vitesse d\u2019injection, grande pr\u00e9cision pour le praticien.).\",\"breadcrumb\":{\"@id\":\"https:\/\/www.euromi.com\/fr\/p\/dermatic\/#breadcrumb\"},\"inLanguage\":\"fr-FR\",\"potentialAction\":[{\"@type\":\"ReadAction\",\"target\":[\"https:\/\/www.euromi.com\/fr\/p\/dermatic\/\"]}]},{\"@type\":\"BreadcrumbList\",\"@id\":\"https:\/\/www.euromi.com\/fr\/p\/dermatic\/#breadcrumb\",\"itemListElement\":[{\"@type\":\"ListItem\",\"position\":1,\"name\":\"Accueil\",\"item\":\"https:\/\/www.euromi.com\/fr\/\"},{\"@type\":\"ListItem\",\"position\":2,\"name\":\"Boutique\",\"item\":\"https:\/\/www.euromi.com\/fr\/boutique\/\"},{\"@type\":\"ListItem\",\"position\":3,\"name\":\"M\u00e9soth\u00e9rapie\",\"item\":\"https:\/\/www.euromi.com\/fr\/catp\/mesotherapie\/\"},{\"@type\":\"ListItem\",\"position\":4,\"name\":\"Dermatic\u00ae\"}]}]}<\/script>\n<!-- \/ Yoast SEO plugin. -->","yoast_head_json":{"title":"Dermatic\u00ae pour la m\u00e9soth\u00e9rapie - Euromi","description":"Le Dermatic\u00ae utilise l'air comprim\u00e9 pour le traitement de la m\u00e9soth\u00e9rapie (grande vitesse d\u2019injection, grande pr\u00e9cision pour le praticien.).","robots":{"index":"index","follow":"follow","max-snippet":"max-snippet:-1","max-image-preview":"max-image-preview:large","max-video-preview":"max-video-preview:-1"},"canonical":"https:\/\/www.euromi.com\/fr\/p\/dermatic\/","og_locale":"fr_FR","og_type":"article","og_title":"Dermatic\u00ae pour la m\u00e9soth\u00e9rapie - Euromi","og_description":"Le Dermatic\u00ae utilise l'air comprim\u00e9 pour le traitement de la m\u00e9soth\u00e9rapie (grande vitesse d\u2019injection, grande pr\u00e9cision pour le praticien.).","og_url":"https:\/\/www.euromi.com\/fr\/p\/dermatic\/","og_site_name":"Euromi","article_modified_time":"2022-01-26T11:00:59+00:00","og_image":[{"width":980,"height":1401,"url":"https:\/\/www.euromi.com\/wp-content\/uploads\/2022\/01\/MESO-Dermatic.jpg","type":"image\/jpeg"}],"twitter_card":"summary_large_image","schema":{"@context":"https:\/\/schema.org","@graph":[{"@type":"Organization","@id":"https:\/\/www.euromi.com\/fr\/#organization","name":"Euromi","url":"https:\/\/www.euromi.com\/fr\/","sameAs":[],"logo":{"@type":"ImageObject","@id":"https:\/\/www.euromi.com\/fr\/#logo","inLanguage":"fr-FR","url":"https:\/\/www.euromi.com\/wp-content\/uploads\/2021\/10\/cropped-favicon.jpg","contentUrl":"https:\/\/www.euromi.com\/wp-content\/uploads\/2021\/10\/cropped-favicon.jpg","width":512,"height":512,"caption":"Euromi"},"image":{"@id":"https:\/\/www.euromi.com\/fr\/#logo"}},{"@type":"WebSite","@id":"https:\/\/www.euromi.com\/fr\/#website","url":"https:\/\/www.euromi.com\/fr\/","name":"Euromi","description":"Fabricant de Mat\u00e9riel M\u00e9dical","publisher":{"@id":"https:\/\/www.euromi.com\/fr\/#organization"},"potentialAction":[{"@type":"SearchAction","target":{"@type":"EntryPoint","urlTemplate":"https:\/\/www.euromi.com\/fr\/?s={search_term_string}"},"query-input":"required name=search_term_string"}],"inLanguage":"fr-FR"},{"@type":"ImageObject","@id":"https:\/\/www.euromi.com\/fr\/p\/dermatic\/#primaryimage","inLanguage":"fr-FR","url":"https:\/\/www.euromi.com\/wp-content\/uploads\/2022\/01\/MESO-Dermatic.jpg","contentUrl":"https:\/\/www.euromi.com\/wp-content\/uploads\/2022\/01\/MESO-Dermatic.jpg","width":980,"height":1401},{"@type":"WebPage","@id":"https:\/\/www.euromi.com\/fr\/p\/dermatic\/#webpage","url":"https:\/\/www.euromi.com\/fr\/p\/dermatic\/","name":"Dermatic\u00ae pour la m\u00e9soth\u00e9rapie - Euromi","isPartOf":{"@id":"https:\/\/www.euromi.com\/fr\/#website"},"primaryImageOfPage":{"@id":"https:\/\/www.euromi.com\/fr\/p\/dermatic\/#primaryimage"},"datePublished":"2022-01-21T10:38:53+00:00","dateModified":"2022-01-26T11:00:59+00:00","description":"Le Dermatic\u00ae utilise l'air comprim\u00e9 pour le traitement de la m\u00e9soth\u00e9rapie (grande vitesse d\u2019injection, grande pr\u00e9cision pour le praticien.).","breadcrumb":{"@id":"https:\/\/www.euromi.com\/fr\/p\/dermatic\/#breadcrumb"},"inLanguage":"fr-FR","potentialAction":[{"@type":"ReadAction","target":["https:\/\/www.euromi.com\/fr\/p\/dermatic\/"]}]},{"@type":"BreadcrumbList","@id":"https:\/\/www.euromi.com\/fr\/p\/dermatic\/#breadcrumb","itemListElement":[{"@type":"ListItem","position":1,"name":"Accueil","item":"https:\/\/www.euromi.com\/fr\/"},{"@type":"ListItem","position":2,"name":"Boutique","item":"https:\/\/www.euromi.com\/fr\/boutique\/"},{"@type":"ListItem","position":3,"name":"M\u00e9soth\u00e9rapie","item":"https:\/\/www.euromi.com\/fr\/catp\/mesotherapie\/"},{"@type":"ListItem","position":4,"name":"Dermatic\u00ae"}]}]}},"jetpack-related-posts":[],"_links":{"self":[{"href":"https:\/\/www.euromi.com\/fr\/wp-json\/wp\/v2\/product\/2246"}],"collection":[{"href":"https:\/\/www.euromi.com\/fr\/wp-json\/wp\/v2\/product"}],"about":[{"href":"https:\/\/www.euromi.com\/fr\/wp-json\/wp\/v2\/types\/product"}],"wp:featuredmedia":[{"embeddable":true,"href":"https:\/\/www.euromi.com\/fr\/wp-json\/wp\/v2\/media\/2248"}],"wp:attachment":[{"href":"https:\/\/www.euromi.com\/fr\/wp-json\/wp\/v2\/media?parent=2246"}],"wp:term":[{"taxonomy":"product_cat","embeddable":true,"href":"https:\/\/www.euromi.com\/fr\/wp-json\/wp\/v2\/product_cat?post=2246"},{"taxonomy":"product_tag","embeddable":true,"href":"https:\/\/www.euromi.com\/fr\/wp-json\/wp\/v2\/product_tag?post=2246"}],"curies":[{"name":"wp","href":"https:\/\/api.w.org\/{rel}","templated":true}]}}