{"id":2231,"date":"2022-01-21T10:17:56","date_gmt":"2022-01-21T09:17:56","guid":{"rendered":"https:\/\/www.euromi.com\/?post_type=product&#038;p=2231"},"modified":"2022-01-25T12:20:27","modified_gmt":"2022-01-25T11:20:27","slug":"abdoplas-forte-confort","status":"publish","type":"product","link":"https:\/\/www.euromi.com\/fr\/p\/abdoplas-forte-confort\/","title":{"rendered":"Abdoplas\u00ae forte confort"},"content":{"rendered":"<p>La ceinture <strong>Abdoplas\u00ae forte confort<\/strong> offre le maintien n\u00e9cessaire \u00e0 la paroi abdominale suite \u00e0 une <strong>op\u00e9ration de l\u2019ob\u00e9sit\u00e9<\/strong>, une <strong>\u00e9ventration<\/strong>, <strong>hernie<\/strong>, une <strong>dermolipectomie<\/strong>, et \u00e9galement en <strong>situation d\u2019amaigrissement<\/strong>.<\/p>\n<p>Ses 4 baleines amovibles, ses bretelles ajustables et son tissu compressif permettent un <strong>maintien optimal<\/strong>. De plus, son <strong>extension sur les cuisses<\/strong> assure une contention sur l\u2019ensemble des zones trait\u00e9es.<\/p>\n<p>Dot\u00e9e de fermetures lat\u00e9rales sur toute la hauteur (3 ou 6 agrafes de chaque c\u00f4t\u00e9), l\u2019Abdoplas\u00ae forte confort offre un <strong>ajustement pr\u00e9cis et adaptable<\/strong>. Une fermeture \u00e9clair centrale peut \u00eatre ajout\u00e9e pour faciliter la mise en place.<\/p>\n<p>&nbsp;<\/p>\n<p><em>Ne pas utiliser sur plaie ouverte ni en cas de phl\u00e9bite pr\u00e9existante.<\/em><\/p>\n<p>&nbsp;<\/p>\n<p><strong><u>Ce produit est d\u00e9livr\u00e9 sous prescription m\u00e9dicale et est r\u00e9alis\u00e9 enti\u00e8rement selon vos mesures. Il ne peut donc \u00eatre command\u00e9 en ligne. Merci d\u2019utiliser le formulaire de contact ci-contre pour nous contacter.<\/u><\/strong><\/p>\n","protected":false},"excerpt":{"rendered":"<p>La ceinture Abdoplas\u00ae forte confort offre le maintien n\u00e9cessaire \u00e0 la paroi abdominale suite \u00e0 une op\u00e9ration de l\u2019ob\u00e9sit\u00e9, une \u00e9ventration, hernie, une dermolipectomie, et \u00e9galement en situation d\u2019amaigrissement. Ses 4 baleines amovibles, ses bretelles ajustables et son tissu compressif permettent un maintien optimal. De plus, son extension sur les cuisses assure une contention sur [&hellip;]<\/p>\n","protected":false},"featured_media":2454,"template":"","meta":{"_et_pb_use_builder":"","_et_pb_old_content":"","_et_gb_content_width":"","spay_email":""},"product_cat":[51,36,50],"product_tag":[],"yoast_head":"<!-- This site is optimized with the Yoast SEO plugin v18.2 - https:\/\/yoast.com\/wordpress\/plugins\/seo\/ -->\n<title>Ceinture abdominale Abdoplas\u00ae forte confort - Euromi<\/title>\n<meta name=\"description\" content=\"Abdoplas\u00ae forte confort, ceinture de maintien abdominal suite \u00e0 une op\u00e9ration de l\u2019ob\u00e9sit\u00e9, \u00e9ventration, hernie, dermolipectomie...\" \/>\n<meta name=\"robots\" content=\"index, follow, max-snippet:-1, max-image-preview:large, max-video-preview:-1\" \/>\n<link rel=\"canonical\" href=\"https:\/\/www.euromi.com\/fr\/p\/abdoplas-forte-confort\/\" \/>\n<meta property=\"og:locale\" content=\"fr_FR\" \/>\n<meta property=\"og:type\" content=\"article\" \/>\n<meta property=\"og:title\" content=\"Ceinture abdominale Abdoplas\u00ae forte confort - Euromi\" \/>\n<meta property=\"og:description\" content=\"Abdoplas\u00ae forte confort, ceinture de maintien abdominal suite \u00e0 une op\u00e9ration de l\u2019ob\u00e9sit\u00e9, \u00e9ventration, hernie, dermolipectomie...\" \/>\n<meta property=\"og:url\" content=\"https:\/\/www.euromi.com\/fr\/p\/abdoplas-forte-confort\/\" \/>\n<meta property=\"og:site_name\" content=\"Euromi\" \/>\n<meta property=\"article:modified_time\" content=\"2022-01-25T11:20:27+00:00\" \/>\n<meta property=\"og:image\" content=\"https:\/\/www.euromi.com\/wp-content\/uploads\/2022\/01\/Abdoplas-forte-confort.jpg\" \/>\n\t<meta property=\"og:image:width\" content=\"980\" \/>\n\t<meta property=\"og:image:height\" content=\"1401\" \/>\n\t<meta property=\"og:image:type\" content=\"image\/jpeg\" \/>\n<meta name=\"twitter:card\" content=\"summary_large_image\" \/>\n<script type=\"application\/ld+json\" class=\"yoast-schema-graph\">{\"@context\":\"https:\/\/schema.org\",\"@graph\":[{\"@type\":\"Organization\",\"@id\":\"https:\/\/www.euromi.com\/fr\/#organization\",\"name\":\"Euromi\",\"url\":\"https:\/\/www.euromi.com\/fr\/\",\"sameAs\":[],\"logo\":{\"@type\":\"ImageObject\",\"@id\":\"https:\/\/www.euromi.com\/fr\/#logo\",\"inLanguage\":\"fr-FR\",\"url\":\"https:\/\/www.euromi.com\/wp-content\/uploads\/2021\/10\/cropped-favicon.jpg\",\"contentUrl\":\"https:\/\/www.euromi.com\/wp-content\/uploads\/2021\/10\/cropped-favicon.jpg\",\"width\":512,\"height\":512,\"caption\":\"Euromi\"},\"image\":{\"@id\":\"https:\/\/www.euromi.com\/fr\/#logo\"}},{\"@type\":\"WebSite\",\"@id\":\"https:\/\/www.euromi.com\/fr\/#website\",\"url\":\"https:\/\/www.euromi.com\/fr\/\",\"name\":\"Euromi\",\"description\":\"Fabricant de Mat\u00e9riel M\u00e9dical\",\"publisher\":{\"@id\":\"https:\/\/www.euromi.com\/fr\/#organization\"},\"potentialAction\":[{\"@type\":\"SearchAction\",\"target\":{\"@type\":\"EntryPoint\",\"urlTemplate\":\"https:\/\/www.euromi.com\/fr\/?s={search_term_string}\"},\"query-input\":\"required name=search_term_string\"}],\"inLanguage\":\"fr-FR\"},{\"@type\":\"ImageObject\",\"@id\":\"https:\/\/www.euromi.com\/fr\/p\/abdoplas-forte-confort\/#primaryimage\",\"inLanguage\":\"fr-FR\",\"url\":\"https:\/\/www.euromi.com\/wp-content\/uploads\/2022\/01\/Abdoplas-forte-confort.jpg\",\"contentUrl\":\"https:\/\/www.euromi.com\/wp-content\/uploads\/2022\/01\/Abdoplas-forte-confort.jpg\",\"width\":980,\"height\":1401},{\"@type\":\"WebPage\",\"@id\":\"https:\/\/www.euromi.com\/fr\/p\/abdoplas-forte-confort\/#webpage\",\"url\":\"https:\/\/www.euromi.com\/fr\/p\/abdoplas-forte-confort\/\",\"name\":\"Ceinture abdominale Abdoplas\u00ae forte confort - Euromi\",\"isPartOf\":{\"@id\":\"https:\/\/www.euromi.com\/fr\/#website\"},\"primaryImageOfPage\":{\"@id\":\"https:\/\/www.euromi.com\/fr\/p\/abdoplas-forte-confort\/#primaryimage\"},\"datePublished\":\"2022-01-21T09:17:56+00:00\",\"dateModified\":\"2022-01-25T11:20:27+00:00\",\"description\":\"Abdoplas\u00ae forte confort, ceinture de maintien abdominal suite \u00e0 une op\u00e9ration de l\u2019ob\u00e9sit\u00e9, \u00e9ventration, hernie, dermolipectomie...\",\"breadcrumb\":{\"@id\":\"https:\/\/www.euromi.com\/fr\/p\/abdoplas-forte-confort\/#breadcrumb\"},\"inLanguage\":\"fr-FR\",\"potentialAction\":[{\"@type\":\"ReadAction\",\"target\":[\"https:\/\/www.euromi.com\/fr\/p\/abdoplas-forte-confort\/\"]}]},{\"@type\":\"BreadcrumbList\",\"@id\":\"https:\/\/www.euromi.com\/fr\/p\/abdoplas-forte-confort\/#breadcrumb\",\"itemListElement\":[{\"@type\":\"ListItem\",\"position\":1,\"name\":\"Accueil\",\"item\":\"https:\/\/www.euromi.com\/fr\/\"},{\"@type\":\"ListItem\",\"position\":2,\"name\":\"Boutique\",\"item\":\"https:\/\/www.euromi.com\/fr\/boutique\/\"},{\"@type\":\"ListItem\",\"position\":3,\"name\":\"V\u00eatements et pansements\",\"item\":\"https:\/\/www.euromi.com\/fr\/catp\/vetements-chirurgicaux-et-pansements\/\"},{\"@type\":\"ListItem\",\"position\":4,\"name\":\"V\u00eatements compressifs\",\"item\":\"https:\/\/www.euromi.com\/fr\/catp\/vetements-chirurgicaux-et-pansements\/vetements-compressifs\/\"},{\"@type\":\"ListItem\",\"position\":5,\"name\":\"Chirurgie digestive\",\"item\":\"https:\/\/www.euromi.com\/fr\/catp\/vetements-chirurgicaux-et-pansements\/vetements-compressifs\/chirurgie-digestive\/\"},{\"@type\":\"ListItem\",\"position\":6,\"name\":\"Abdoplas\u00ae forte confort\"}]}]}<\/script>\n<!-- \/ Yoast SEO plugin. -->","yoast_head_json":{"title":"Ceinture abdominale Abdoplas\u00ae forte confort - Euromi","description":"Abdoplas\u00ae forte confort, ceinture de maintien abdominal suite \u00e0 une op\u00e9ration de l\u2019ob\u00e9sit\u00e9, \u00e9ventration, hernie, dermolipectomie...","robots":{"index":"index","follow":"follow","max-snippet":"max-snippet:-1","max-image-preview":"max-image-preview:large","max-video-preview":"max-video-preview:-1"},"canonical":"https:\/\/www.euromi.com\/fr\/p\/abdoplas-forte-confort\/","og_locale":"fr_FR","og_type":"article","og_title":"Ceinture abdominale Abdoplas\u00ae forte confort - Euromi","og_description":"Abdoplas\u00ae forte confort, ceinture de maintien abdominal suite \u00e0 une op\u00e9ration de l\u2019ob\u00e9sit\u00e9, \u00e9ventration, hernie, dermolipectomie...","og_url":"https:\/\/www.euromi.com\/fr\/p\/abdoplas-forte-confort\/","og_site_name":"Euromi","article_modified_time":"2022-01-25T11:20:27+00:00","og_image":[{"width":980,"height":1401,"url":"https:\/\/www.euromi.com\/wp-content\/uploads\/2022\/01\/Abdoplas-forte-confort.jpg","type":"image\/jpeg"}],"twitter_card":"summary_large_image","schema":{"@context":"https:\/\/schema.org","@graph":[{"@type":"Organization","@id":"https:\/\/www.euromi.com\/fr\/#organization","name":"Euromi","url":"https:\/\/www.euromi.com\/fr\/","sameAs":[],"logo":{"@type":"ImageObject","@id":"https:\/\/www.euromi.com\/fr\/#logo","inLanguage":"fr-FR","url":"https:\/\/www.euromi.com\/wp-content\/uploads\/2021\/10\/cropped-favicon.jpg","contentUrl":"https:\/\/www.euromi.com\/wp-content\/uploads\/2021\/10\/cropped-favicon.jpg","width":512,"height":512,"caption":"Euromi"},"image":{"@id":"https:\/\/www.euromi.com\/fr\/#logo"}},{"@type":"WebSite","@id":"https:\/\/www.euromi.com\/fr\/#website","url":"https:\/\/www.euromi.com\/fr\/","name":"Euromi","description":"Fabricant de Mat\u00e9riel M\u00e9dical","publisher":{"@id":"https:\/\/www.euromi.com\/fr\/#organization"},"potentialAction":[{"@type":"SearchAction","target":{"@type":"EntryPoint","urlTemplate":"https:\/\/www.euromi.com\/fr\/?s={search_term_string}"},"query-input":"required name=search_term_string"}],"inLanguage":"fr-FR"},{"@type":"ImageObject","@id":"https:\/\/www.euromi.com\/fr\/p\/abdoplas-forte-confort\/#primaryimage","inLanguage":"fr-FR","url":"https:\/\/www.euromi.com\/wp-content\/uploads\/2022\/01\/Abdoplas-forte-confort.jpg","contentUrl":"https:\/\/www.euromi.com\/wp-content\/uploads\/2022\/01\/Abdoplas-forte-confort.jpg","width":980,"height":1401},{"@type":"WebPage","@id":"https:\/\/www.euromi.com\/fr\/p\/abdoplas-forte-confort\/#webpage","url":"https:\/\/www.euromi.com\/fr\/p\/abdoplas-forte-confort\/","name":"Ceinture abdominale Abdoplas\u00ae forte confort - Euromi","isPartOf":{"@id":"https:\/\/www.euromi.com\/fr\/#website"},"primaryImageOfPage":{"@id":"https:\/\/www.euromi.com\/fr\/p\/abdoplas-forte-confort\/#primaryimage"},"datePublished":"2022-01-21T09:17:56+00:00","dateModified":"2022-01-25T11:20:27+00:00","description":"Abdoplas\u00ae forte confort, ceinture de maintien abdominal suite \u00e0 une op\u00e9ration de l\u2019ob\u00e9sit\u00e9, \u00e9ventration, hernie, dermolipectomie...","breadcrumb":{"@id":"https:\/\/www.euromi.com\/fr\/p\/abdoplas-forte-confort\/#breadcrumb"},"inLanguage":"fr-FR","potentialAction":[{"@type":"ReadAction","target":["https:\/\/www.euromi.com\/fr\/p\/abdoplas-forte-confort\/"]}]},{"@type":"BreadcrumbList","@id":"https:\/\/www.euromi.com\/fr\/p\/abdoplas-forte-confort\/#breadcrumb","itemListElement":[{"@type":"ListItem","position":1,"name":"Accueil","item":"https:\/\/www.euromi.com\/fr\/"},{"@type":"ListItem","position":2,"name":"Boutique","item":"https:\/\/www.euromi.com\/fr\/boutique\/"},{"@type":"ListItem","position":3,"name":"V\u00eatements et pansements","item":"https:\/\/www.euromi.com\/fr\/catp\/vetements-chirurgicaux-et-pansements\/"},{"@type":"ListItem","position":4,"name":"V\u00eatements compressifs","item":"https:\/\/www.euromi.com\/fr\/catp\/vetements-chirurgicaux-et-pansements\/vetements-compressifs\/"},{"@type":"ListItem","position":5,"name":"Chirurgie digestive","item":"https:\/\/www.euromi.com\/fr\/catp\/vetements-chirurgicaux-et-pansements\/vetements-compressifs\/chirurgie-digestive\/"},{"@type":"ListItem","position":6,"name":"Abdoplas\u00ae forte confort"}]}]}},"jetpack-related-posts":[],"_links":{"self":[{"href":"https:\/\/www.euromi.com\/fr\/wp-json\/wp\/v2\/product\/2231"}],"collection":[{"href":"https:\/\/www.euromi.com\/fr\/wp-json\/wp\/v2\/product"}],"about":[{"href":"https:\/\/www.euromi.com\/fr\/wp-json\/wp\/v2\/types\/product"}],"wp:featuredmedia":[{"embeddable":true,"href":"https:\/\/www.euromi.com\/fr\/wp-json\/wp\/v2\/media\/2454"}],"wp:attachment":[{"href":"https:\/\/www.euromi.com\/fr\/wp-json\/wp\/v2\/media?parent=2231"}],"wp:term":[{"taxonomy":"product_cat","embeddable":true,"href":"https:\/\/www.euromi.com\/fr\/wp-json\/wp\/v2\/product_cat?post=2231"},{"taxonomy":"product_tag","embeddable":true,"href":"https:\/\/www.euromi.com\/fr\/wp-json\/wp\/v2\/product_tag?post=2231"}],"curies":[{"name":"wp","href":"https:\/\/api.w.org\/{rel}","templated":true}]}}