{"id":2212,"date":"2022-01-21T09:57:05","date_gmt":"2022-01-21T08:57:05","guid":{"rendered":"https:\/\/www.euromi.com\/?post_type=product&#038;p=2212"},"modified":"2022-01-25T12:19:48","modified_gmt":"2022-01-25T11:19:48","slug":"stomibelt-forte","status":"publish","type":"product","link":"https:\/\/www.euromi.com\/fr\/p\/stomibelt-forte\/","title":{"rendered":"Stomibelt\u00ae forte \/ forte confort"},"content":{"rendered":"<p>La ceinture <strong>Stomibelt<sup>\u00ae<\/sup> forte<\/strong> ou <strong>Stomibelt<sup>\u00ae <\/sup>forte confort<\/strong> soutient la paroi abdominale, <strong>lorsqu\u2019un dispositif de stomie est n\u00e9cessaire, de fa\u00e7on permanente<\/strong>.<\/p>\n<p>Elle est compos\u00e9e de 4 ou 5 baleines (4 pour la Stomibelt<sup>\u00ae<\/sup> forte, 5 pour la Stomibelt<sup>\u00ae<\/sup> forte confort) et de 2 types de fermetures lat\u00e9rales\u00a0: bandes auto-agrippantes d\u2019un c\u00f4t\u00e9, et triple agrafage de l\u2019autre.<\/p>\n<p>Deux plastrons sont livr\u00e9s avec la ceinture :<\/p>\n<ul>\n<li>le 1er en tissu ind\u00e9maillable pour une utilisation imm\u00e9diate,<\/li>\n<li>le 2nd \u00e0 retourner afin d\u2019effectuer le dispositif de stomie permanent.<\/li>\n<\/ul>\n<p>La forme anatomique arrondie au dos de la Stomibelt<sup>\u00ae<\/sup> forte confort assure un ajustement pr\u00e9cis de la ceinture et une stabilit\u00e9 optimale.<\/p>\n<p>&nbsp;<\/p>\n<p><em>Ne pas utiliser sur plaie ouverte ni en cas de phl\u00e9bite pr\u00e9existante.<\/em><\/p>\n<p><em>\u00a0<\/em><\/p>\n<p><strong><u>Ce produit est d\u00e9livr\u00e9 sous prescription m\u00e9dicale. Il est r\u00e9alis\u00e9 enti\u00e8rement selon vos mesures et ne peut \u00eatre command\u00e9 en ligne. Merci d\u2019utiliser le formulaire de contact ci-contre pour nous contacter.<\/u><\/strong><\/p>\n","protected":false},"excerpt":{"rendered":"<p>La ceinture Stomibelt\u00ae forte ou Stomibelt\u00ae forte confort soutient la paroi abdominale, lorsqu\u2019un dispositif de stomie est n\u00e9cessaire, de fa\u00e7on permanente. Elle est compos\u00e9e de 4 ou 5 baleines (4 pour la Stomibelt\u00ae forte, 5 pour la Stomibelt\u00ae forte confort) et de 2 types de fermetures lat\u00e9rales\u00a0: bandes auto-agrippantes d\u2019un c\u00f4t\u00e9, et triple agrafage de [&hellip;]<\/p>\n","protected":false},"featured_media":2215,"template":"","meta":{"_et_pb_use_builder":"","_et_pb_old_content":"","_et_gb_content_width":"","spay_email":""},"product_cat":[51,36,50],"product_tag":[],"yoast_head":"<!-- This site is optimized with the Yoast SEO plugin v18.2 - https:\/\/yoast.com\/wordpress\/plugins\/seo\/ -->\n<title>Ceinture abdominale Stomibelt\u00ae forte \/ forte confort - Euromi<\/title>\n<meta name=\"description\" content=\"La ceinture Stomibelt\u00ae forte \/ forte confort soutient la paroi abdominale, lorsqu\u2019un dispositif de stomie est n\u00e9cessaire, de fa\u00e7on permanente\" \/>\n<meta name=\"robots\" content=\"index, follow, max-snippet:-1, max-image-preview:large, max-video-preview:-1\" \/>\n<link rel=\"canonical\" href=\"https:\/\/www.euromi.com\/fr\/p\/stomibelt-forte\/\" \/>\n<meta property=\"og:locale\" content=\"fr_FR\" \/>\n<meta property=\"og:type\" content=\"article\" \/>\n<meta property=\"og:title\" content=\"Ceinture abdominale Stomibelt\u00ae forte \/ forte confort - Euromi\" \/>\n<meta property=\"og:description\" content=\"La ceinture Stomibelt\u00ae forte \/ forte confort soutient la paroi abdominale, lorsqu\u2019un dispositif de stomie est n\u00e9cessaire, de fa\u00e7on permanente\" \/>\n<meta property=\"og:url\" content=\"https:\/\/www.euromi.com\/fr\/p\/stomibelt-forte\/\" \/>\n<meta property=\"og:site_name\" content=\"Euromi\" \/>\n<meta property=\"article:modified_time\" content=\"2022-01-25T11:19:48+00:00\" \/>\n<meta property=\"og:image\" content=\"https:\/\/www.euromi.com\/wp-content\/uploads\/2022\/01\/Stomibelt-forte-1.jpg\" \/>\n\t<meta property=\"og:image:width\" content=\"980\" \/>\n\t<meta property=\"og:image:height\" content=\"1401\" \/>\n\t<meta property=\"og:image:type\" content=\"image\/jpeg\" \/>\n<meta name=\"twitter:card\" content=\"summary_large_image\" \/>\n<script type=\"application\/ld+json\" class=\"yoast-schema-graph\">{\"@context\":\"https:\/\/schema.org\",\"@graph\":[{\"@type\":\"Organization\",\"@id\":\"https:\/\/www.euromi.com\/fr\/#organization\",\"name\":\"Euromi\",\"url\":\"https:\/\/www.euromi.com\/fr\/\",\"sameAs\":[],\"logo\":{\"@type\":\"ImageObject\",\"@id\":\"https:\/\/www.euromi.com\/fr\/#logo\",\"inLanguage\":\"fr-FR\",\"url\":\"https:\/\/www.euromi.com\/wp-content\/uploads\/2021\/10\/cropped-favicon.jpg\",\"contentUrl\":\"https:\/\/www.euromi.com\/wp-content\/uploads\/2021\/10\/cropped-favicon.jpg\",\"width\":512,\"height\":512,\"caption\":\"Euromi\"},\"image\":{\"@id\":\"https:\/\/www.euromi.com\/fr\/#logo\"}},{\"@type\":\"WebSite\",\"@id\":\"https:\/\/www.euromi.com\/fr\/#website\",\"url\":\"https:\/\/www.euromi.com\/fr\/\",\"name\":\"Euromi\",\"description\":\"Fabricant de Mat\u00e9riel M\u00e9dical\",\"publisher\":{\"@id\":\"https:\/\/www.euromi.com\/fr\/#organization\"},\"potentialAction\":[{\"@type\":\"SearchAction\",\"target\":{\"@type\":\"EntryPoint\",\"urlTemplate\":\"https:\/\/www.euromi.com\/fr\/?s={search_term_string}\"},\"query-input\":\"required name=search_term_string\"}],\"inLanguage\":\"fr-FR\"},{\"@type\":\"ImageObject\",\"@id\":\"https:\/\/www.euromi.com\/fr\/p\/stomibelt-forte\/#primaryimage\",\"inLanguage\":\"fr-FR\",\"url\":\"https:\/\/www.euromi.com\/wp-content\/uploads\/2022\/01\/Stomibelt-forte-1.jpg\",\"contentUrl\":\"https:\/\/www.euromi.com\/wp-content\/uploads\/2022\/01\/Stomibelt-forte-1.jpg\",\"width\":980,\"height\":1401},{\"@type\":\"WebPage\",\"@id\":\"https:\/\/www.euromi.com\/fr\/p\/stomibelt-forte\/#webpage\",\"url\":\"https:\/\/www.euromi.com\/fr\/p\/stomibelt-forte\/\",\"name\":\"Ceinture abdominale Stomibelt\u00ae forte \/ forte confort - Euromi\",\"isPartOf\":{\"@id\":\"https:\/\/www.euromi.com\/fr\/#website\"},\"primaryImageOfPage\":{\"@id\":\"https:\/\/www.euromi.com\/fr\/p\/stomibelt-forte\/#primaryimage\"},\"datePublished\":\"2022-01-21T08:57:05+00:00\",\"dateModified\":\"2022-01-25T11:19:48+00:00\",\"description\":\"La ceinture Stomibelt\u00ae forte \/ forte confort soutient la paroi abdominale, lorsqu\u2019un dispositif de stomie est n\u00e9cessaire, de fa\u00e7on permanente\",\"breadcrumb\":{\"@id\":\"https:\/\/www.euromi.com\/fr\/p\/stomibelt-forte\/#breadcrumb\"},\"inLanguage\":\"fr-FR\",\"potentialAction\":[{\"@type\":\"ReadAction\",\"target\":[\"https:\/\/www.euromi.com\/fr\/p\/stomibelt-forte\/\"]}]},{\"@type\":\"BreadcrumbList\",\"@id\":\"https:\/\/www.euromi.com\/fr\/p\/stomibelt-forte\/#breadcrumb\",\"itemListElement\":[{\"@type\":\"ListItem\",\"position\":1,\"name\":\"Accueil\",\"item\":\"https:\/\/www.euromi.com\/fr\/\"},{\"@type\":\"ListItem\",\"position\":2,\"name\":\"Boutique\",\"item\":\"https:\/\/www.euromi.com\/fr\/boutique\/\"},{\"@type\":\"ListItem\",\"position\":3,\"name\":\"V\u00eatements et pansements\",\"item\":\"https:\/\/www.euromi.com\/fr\/catp\/vetements-chirurgicaux-et-pansements\/\"},{\"@type\":\"ListItem\",\"position\":4,\"name\":\"V\u00eatements compressifs\",\"item\":\"https:\/\/www.euromi.com\/fr\/catp\/vetements-chirurgicaux-et-pansements\/vetements-compressifs\/\"},{\"@type\":\"ListItem\",\"position\":5,\"name\":\"Chirurgie digestive\",\"item\":\"https:\/\/www.euromi.com\/fr\/catp\/vetements-chirurgicaux-et-pansements\/vetements-compressifs\/chirurgie-digestive\/\"},{\"@type\":\"ListItem\",\"position\":6,\"name\":\"Stomibelt\u00ae forte \/ forte confort\"}]}]}<\/script>\n<!-- \/ Yoast SEO plugin. -->","yoast_head_json":{"title":"Ceinture abdominale Stomibelt\u00ae forte \/ forte confort - Euromi","description":"La ceinture Stomibelt\u00ae forte \/ forte confort soutient la paroi abdominale, lorsqu\u2019un dispositif de stomie est n\u00e9cessaire, de fa\u00e7on permanente","robots":{"index":"index","follow":"follow","max-snippet":"max-snippet:-1","max-image-preview":"max-image-preview:large","max-video-preview":"max-video-preview:-1"},"canonical":"https:\/\/www.euromi.com\/fr\/p\/stomibelt-forte\/","og_locale":"fr_FR","og_type":"article","og_title":"Ceinture abdominale Stomibelt\u00ae forte \/ forte confort - Euromi","og_description":"La ceinture Stomibelt\u00ae forte \/ forte confort soutient la paroi abdominale, lorsqu\u2019un dispositif de stomie est n\u00e9cessaire, de fa\u00e7on permanente","og_url":"https:\/\/www.euromi.com\/fr\/p\/stomibelt-forte\/","og_site_name":"Euromi","article_modified_time":"2022-01-25T11:19:48+00:00","og_image":[{"width":980,"height":1401,"url":"https:\/\/www.euromi.com\/wp-content\/uploads\/2022\/01\/Stomibelt-forte-1.jpg","type":"image\/jpeg"}],"twitter_card":"summary_large_image","schema":{"@context":"https:\/\/schema.org","@graph":[{"@type":"Organization","@id":"https:\/\/www.euromi.com\/fr\/#organization","name":"Euromi","url":"https:\/\/www.euromi.com\/fr\/","sameAs":[],"logo":{"@type":"ImageObject","@id":"https:\/\/www.euromi.com\/fr\/#logo","inLanguage":"fr-FR","url":"https:\/\/www.euromi.com\/wp-content\/uploads\/2021\/10\/cropped-favicon.jpg","contentUrl":"https:\/\/www.euromi.com\/wp-content\/uploads\/2021\/10\/cropped-favicon.jpg","width":512,"height":512,"caption":"Euromi"},"image":{"@id":"https:\/\/www.euromi.com\/fr\/#logo"}},{"@type":"WebSite","@id":"https:\/\/www.euromi.com\/fr\/#website","url":"https:\/\/www.euromi.com\/fr\/","name":"Euromi","description":"Fabricant de Mat\u00e9riel M\u00e9dical","publisher":{"@id":"https:\/\/www.euromi.com\/fr\/#organization"},"potentialAction":[{"@type":"SearchAction","target":{"@type":"EntryPoint","urlTemplate":"https:\/\/www.euromi.com\/fr\/?s={search_term_string}"},"query-input":"required name=search_term_string"}],"inLanguage":"fr-FR"},{"@type":"ImageObject","@id":"https:\/\/www.euromi.com\/fr\/p\/stomibelt-forte\/#primaryimage","inLanguage":"fr-FR","url":"https:\/\/www.euromi.com\/wp-content\/uploads\/2022\/01\/Stomibelt-forte-1.jpg","contentUrl":"https:\/\/www.euromi.com\/wp-content\/uploads\/2022\/01\/Stomibelt-forte-1.jpg","width":980,"height":1401},{"@type":"WebPage","@id":"https:\/\/www.euromi.com\/fr\/p\/stomibelt-forte\/#webpage","url":"https:\/\/www.euromi.com\/fr\/p\/stomibelt-forte\/","name":"Ceinture abdominale Stomibelt\u00ae forte \/ forte confort - Euromi","isPartOf":{"@id":"https:\/\/www.euromi.com\/fr\/#website"},"primaryImageOfPage":{"@id":"https:\/\/www.euromi.com\/fr\/p\/stomibelt-forte\/#primaryimage"},"datePublished":"2022-01-21T08:57:05+00:00","dateModified":"2022-01-25T11:19:48+00:00","description":"La ceinture Stomibelt\u00ae forte \/ forte confort soutient la paroi abdominale, lorsqu\u2019un dispositif de stomie est n\u00e9cessaire, de fa\u00e7on permanente","breadcrumb":{"@id":"https:\/\/www.euromi.com\/fr\/p\/stomibelt-forte\/#breadcrumb"},"inLanguage":"fr-FR","potentialAction":[{"@type":"ReadAction","target":["https:\/\/www.euromi.com\/fr\/p\/stomibelt-forte\/"]}]},{"@type":"BreadcrumbList","@id":"https:\/\/www.euromi.com\/fr\/p\/stomibelt-forte\/#breadcrumb","itemListElement":[{"@type":"ListItem","position":1,"name":"Accueil","item":"https:\/\/www.euromi.com\/fr\/"},{"@type":"ListItem","position":2,"name":"Boutique","item":"https:\/\/www.euromi.com\/fr\/boutique\/"},{"@type":"ListItem","position":3,"name":"V\u00eatements et pansements","item":"https:\/\/www.euromi.com\/fr\/catp\/vetements-chirurgicaux-et-pansements\/"},{"@type":"ListItem","position":4,"name":"V\u00eatements compressifs","item":"https:\/\/www.euromi.com\/fr\/catp\/vetements-chirurgicaux-et-pansements\/vetements-compressifs\/"},{"@type":"ListItem","position":5,"name":"Chirurgie digestive","item":"https:\/\/www.euromi.com\/fr\/catp\/vetements-chirurgicaux-et-pansements\/vetements-compressifs\/chirurgie-digestive\/"},{"@type":"ListItem","position":6,"name":"Stomibelt\u00ae forte \/ forte confort"}]}]}},"jetpack-related-posts":[],"_links":{"self":[{"href":"https:\/\/www.euromi.com\/fr\/wp-json\/wp\/v2\/product\/2212"}],"collection":[{"href":"https:\/\/www.euromi.com\/fr\/wp-json\/wp\/v2\/product"}],"about":[{"href":"https:\/\/www.euromi.com\/fr\/wp-json\/wp\/v2\/types\/product"}],"wp:featuredmedia":[{"embeddable":true,"href":"https:\/\/www.euromi.com\/fr\/wp-json\/wp\/v2\/media\/2215"}],"wp:attachment":[{"href":"https:\/\/www.euromi.com\/fr\/wp-json\/wp\/v2\/media?parent=2212"}],"wp:term":[{"taxonomy":"product_cat","embeddable":true,"href":"https:\/\/www.euromi.com\/fr\/wp-json\/wp\/v2\/product_cat?post=2212"},{"taxonomy":"product_tag","embeddable":true,"href":"https:\/\/www.euromi.com\/fr\/wp-json\/wp\/v2\/product_tag?post=2212"}],"curies":[{"name":"wp","href":"https:\/\/api.w.org\/{rel}","templated":true}]}}