{"id":2207,"date":"2022-01-21T09:43:34","date_gmt":"2022-01-21T08:43:34","guid":{"rendered":"https:\/\/www.euromi.com\/?post_type=product&#038;p=2207"},"modified":"2022-01-21T09:45:48","modified_gmt":"2022-01-21T08:45:48","slug":"easybelt","status":"publish","type":"product","link":"https:\/\/www.euromi.com\/fr\/p\/easybelt\/","title":{"rendered":"Easybelt\u00ae"},"content":{"rendered":"<p>La <strong>ceinture Easybelt<sup>\u00ae<\/sup><\/strong> est indiqu\u00e9e pour le <strong>post-op\u00e9ratoire imm\u00e9diat<\/strong> ou pour une <strong>fracture de c\u00f4tes<\/strong>.<\/p>\n<p>Le tissu utilis\u00e9 pour sa confection est \u00e9lastique et a\u00e9r\u00e9 pour \u00e9viter les plis, faciliter la respiration et l\u2019\u00e9vacuation de l\u2019humidit\u00e9. Le confort est renforc\u00e9 gr\u00e2ce au <strong>plastron mousse doubl\u00e9<\/strong>.<\/p>\n<p>La ceinture Easybelt<sup>\u00ae <\/sup>se ferme gr\u00e2ce \u00e0 une bande auto-agrippante sur laquelle est appos\u00e9e une baleine pour garantir une facilit\u00e9 de mise en place et un<strong> soutien optimal<\/strong>. Cette fermeture peut d\u2019ailleurs \u00eatre d\u00e9coup\u00e9e en 3 parties dans sa largeur pour ajuster le v\u00eatement au mieux \u00e0 votre morphologie.<\/p>\n<p>Easybelt<sup>\u00ae<\/sup> est disponible dans 3 hauteurs (16, 26 ou 32 cm) et 9 tailles.<\/p>\n<p><em>\u00a0<\/em><\/p>\n<p><em>Ne pas utiliser sur plaie ouverte ni en cas de phl\u00e9bite pr\u00e9existante.<\/em><\/p>\n<p><em>\u00a0<\/em><\/p>\n<p><strong><u>Ce produit est d\u00e9livr\u00e9 sous prescription m\u00e9dicale et ne peut \u00eatre command\u00e9 en ligne. Merci d\u2019utiliser le formulaire de contact ci-contre pour nous contacter.<\/u><\/strong><\/p>\n","protected":false},"excerpt":{"rendered":"<p>La ceinture Easybelt\u00ae est indiqu\u00e9e pour le post-op\u00e9ratoire imm\u00e9diat ou pour une fracture de c\u00f4tes. Le tissu utilis\u00e9 pour sa confection est \u00e9lastique et a\u00e9r\u00e9 pour \u00e9viter les plis, faciliter la respiration et l\u2019\u00e9vacuation de l\u2019humidit\u00e9. Le confort est renforc\u00e9 gr\u00e2ce au plastron mousse doubl\u00e9. La ceinture Easybelt\u00ae se ferme gr\u00e2ce \u00e0 une bande auto-agrippante [&hellip;]<\/p>\n","protected":false},"featured_media":2192,"template":"","meta":{"_et_pb_use_builder":"","_et_pb_old_content":"","_et_gb_content_width":"","spay_email":""},"product_cat":[51,36,50],"product_tag":[],"yoast_head":"<!-- This site is optimized with the Yoast SEO plugin v18.2 - https:\/\/yoast.com\/wordpress\/plugins\/seo\/ -->\n<title>Ceinture abdominale Easybelt\u00ae - Euromi<\/title>\n<meta name=\"description\" content=\"La ceinture Easybelt\u00ae est indiqu\u00e9e pour le soutien abdominal en post-op\u00e9ratoire imm\u00e9diat ou pour une fracture de c\u00f4tes.\" \/>\n<meta name=\"robots\" content=\"index, follow, max-snippet:-1, max-image-preview:large, max-video-preview:-1\" \/>\n<link rel=\"canonical\" href=\"https:\/\/www.euromi.com\/fr\/p\/easybelt\/\" \/>\n<meta property=\"og:locale\" content=\"fr_FR\" \/>\n<meta property=\"og:type\" content=\"article\" \/>\n<meta property=\"og:title\" content=\"Ceinture abdominale Easybelt\u00ae - Euromi\" \/>\n<meta property=\"og:description\" content=\"La ceinture Easybelt\u00ae est indiqu\u00e9e pour le soutien abdominal en post-op\u00e9ratoire imm\u00e9diat ou pour une fracture de c\u00f4tes.\" \/>\n<meta property=\"og:url\" content=\"https:\/\/www.euromi.com\/fr\/p\/easybelt\/\" \/>\n<meta property=\"og:site_name\" content=\"Euromi\" \/>\n<meta property=\"article:modified_time\" content=\"2022-01-21T08:45:48+00:00\" \/>\n<meta property=\"og:image\" content=\"https:\/\/www.euromi.com\/wp-content\/uploads\/2022\/01\/Easybelt.jpg\" \/>\n\t<meta property=\"og:image:width\" content=\"980\" \/>\n\t<meta property=\"og:image:height\" content=\"1401\" \/>\n\t<meta property=\"og:image:type\" content=\"image\/jpeg\" \/>\n<meta name=\"twitter:card\" content=\"summary_large_image\" \/>\n<script type=\"application\/ld+json\" class=\"yoast-schema-graph\">{\"@context\":\"https:\/\/schema.org\",\"@graph\":[{\"@type\":\"Organization\",\"@id\":\"https:\/\/www.euromi.com\/fr\/#organization\",\"name\":\"Euromi\",\"url\":\"https:\/\/www.euromi.com\/fr\/\",\"sameAs\":[],\"logo\":{\"@type\":\"ImageObject\",\"@id\":\"https:\/\/www.euromi.com\/fr\/#logo\",\"inLanguage\":\"fr-FR\",\"url\":\"https:\/\/www.euromi.com\/wp-content\/uploads\/2021\/10\/cropped-favicon.jpg\",\"contentUrl\":\"https:\/\/www.euromi.com\/wp-content\/uploads\/2021\/10\/cropped-favicon.jpg\",\"width\":512,\"height\":512,\"caption\":\"Euromi\"},\"image\":{\"@id\":\"https:\/\/www.euromi.com\/fr\/#logo\"}},{\"@type\":\"WebSite\",\"@id\":\"https:\/\/www.euromi.com\/fr\/#website\",\"url\":\"https:\/\/www.euromi.com\/fr\/\",\"name\":\"Euromi\",\"description\":\"Fabricant de Mat\u00e9riel M\u00e9dical\",\"publisher\":{\"@id\":\"https:\/\/www.euromi.com\/fr\/#organization\"},\"potentialAction\":[{\"@type\":\"SearchAction\",\"target\":{\"@type\":\"EntryPoint\",\"urlTemplate\":\"https:\/\/www.euromi.com\/fr\/?s={search_term_string}\"},\"query-input\":\"required name=search_term_string\"}],\"inLanguage\":\"fr-FR\"},{\"@type\":\"ImageObject\",\"@id\":\"https:\/\/www.euromi.com\/fr\/p\/easybelt\/#primaryimage\",\"inLanguage\":\"fr-FR\",\"url\":\"https:\/\/www.euromi.com\/wp-content\/uploads\/2022\/01\/Easybelt.jpg\",\"contentUrl\":\"https:\/\/www.euromi.com\/wp-content\/uploads\/2022\/01\/Easybelt.jpg\",\"width\":980,\"height\":1401},{\"@type\":\"WebPage\",\"@id\":\"https:\/\/www.euromi.com\/fr\/p\/easybelt\/#webpage\",\"url\":\"https:\/\/www.euromi.com\/fr\/p\/easybelt\/\",\"name\":\"Ceinture abdominale Easybelt\u00ae - Euromi\",\"isPartOf\":{\"@id\":\"https:\/\/www.euromi.com\/fr\/#website\"},\"primaryImageOfPage\":{\"@id\":\"https:\/\/www.euromi.com\/fr\/p\/easybelt\/#primaryimage\"},\"datePublished\":\"2022-01-21T08:43:34+00:00\",\"dateModified\":\"2022-01-21T08:45:48+00:00\",\"description\":\"La ceinture Easybelt\u00ae est indiqu\u00e9e pour le soutien abdominal en post-op\u00e9ratoire imm\u00e9diat ou pour une fracture de c\u00f4tes.\",\"breadcrumb\":{\"@id\":\"https:\/\/www.euromi.com\/fr\/p\/easybelt\/#breadcrumb\"},\"inLanguage\":\"fr-FR\",\"potentialAction\":[{\"@type\":\"ReadAction\",\"target\":[\"https:\/\/www.euromi.com\/fr\/p\/easybelt\/\"]}]},{\"@type\":\"BreadcrumbList\",\"@id\":\"https:\/\/www.euromi.com\/fr\/p\/easybelt\/#breadcrumb\",\"itemListElement\":[{\"@type\":\"ListItem\",\"position\":1,\"name\":\"Accueil\",\"item\":\"https:\/\/www.euromi.com\/fr\/\"},{\"@type\":\"ListItem\",\"position\":2,\"name\":\"Boutique\",\"item\":\"https:\/\/www.euromi.com\/fr\/boutique\/\"},{\"@type\":\"ListItem\",\"position\":3,\"name\":\"V\u00eatements et pansements\",\"item\":\"https:\/\/www.euromi.com\/fr\/catp\/vetements-chirurgicaux-et-pansements\/\"},{\"@type\":\"ListItem\",\"position\":4,\"name\":\"V\u00eatements compressifs\",\"item\":\"https:\/\/www.euromi.com\/fr\/catp\/vetements-chirurgicaux-et-pansements\/vetements-compressifs\/\"},{\"@type\":\"ListItem\",\"position\":5,\"name\":\"Chirurgie digestive\",\"item\":\"https:\/\/www.euromi.com\/fr\/catp\/vetements-chirurgicaux-et-pansements\/vetements-compressifs\/chirurgie-digestive\/\"},{\"@type\":\"ListItem\",\"position\":6,\"name\":\"Easybelt\u00ae\"}]}]}<\/script>\n<!-- \/ Yoast SEO plugin. -->","yoast_head_json":{"title":"Ceinture abdominale Easybelt\u00ae - Euromi","description":"La ceinture Easybelt\u00ae est indiqu\u00e9e pour le soutien abdominal en post-op\u00e9ratoire imm\u00e9diat ou pour une fracture de c\u00f4tes.","robots":{"index":"index","follow":"follow","max-snippet":"max-snippet:-1","max-image-preview":"max-image-preview:large","max-video-preview":"max-video-preview:-1"},"canonical":"https:\/\/www.euromi.com\/fr\/p\/easybelt\/","og_locale":"fr_FR","og_type":"article","og_title":"Ceinture abdominale Easybelt\u00ae - Euromi","og_description":"La ceinture Easybelt\u00ae est indiqu\u00e9e pour le soutien abdominal en post-op\u00e9ratoire imm\u00e9diat ou pour une fracture de c\u00f4tes.","og_url":"https:\/\/www.euromi.com\/fr\/p\/easybelt\/","og_site_name":"Euromi","article_modified_time":"2022-01-21T08:45:48+00:00","og_image":[{"width":980,"height":1401,"url":"https:\/\/www.euromi.com\/wp-content\/uploads\/2022\/01\/Easybelt.jpg","type":"image\/jpeg"}],"twitter_card":"summary_large_image","schema":{"@context":"https:\/\/schema.org","@graph":[{"@type":"Organization","@id":"https:\/\/www.euromi.com\/fr\/#organization","name":"Euromi","url":"https:\/\/www.euromi.com\/fr\/","sameAs":[],"logo":{"@type":"ImageObject","@id":"https:\/\/www.euromi.com\/fr\/#logo","inLanguage":"fr-FR","url":"https:\/\/www.euromi.com\/wp-content\/uploads\/2021\/10\/cropped-favicon.jpg","contentUrl":"https:\/\/www.euromi.com\/wp-content\/uploads\/2021\/10\/cropped-favicon.jpg","width":512,"height":512,"caption":"Euromi"},"image":{"@id":"https:\/\/www.euromi.com\/fr\/#logo"}},{"@type":"WebSite","@id":"https:\/\/www.euromi.com\/fr\/#website","url":"https:\/\/www.euromi.com\/fr\/","name":"Euromi","description":"Fabricant de Mat\u00e9riel M\u00e9dical","publisher":{"@id":"https:\/\/www.euromi.com\/fr\/#organization"},"potentialAction":[{"@type":"SearchAction","target":{"@type":"EntryPoint","urlTemplate":"https:\/\/www.euromi.com\/fr\/?s={search_term_string}"},"query-input":"required name=search_term_string"}],"inLanguage":"fr-FR"},{"@type":"ImageObject","@id":"https:\/\/www.euromi.com\/fr\/p\/easybelt\/#primaryimage","inLanguage":"fr-FR","url":"https:\/\/www.euromi.com\/wp-content\/uploads\/2022\/01\/Easybelt.jpg","contentUrl":"https:\/\/www.euromi.com\/wp-content\/uploads\/2022\/01\/Easybelt.jpg","width":980,"height":1401},{"@type":"WebPage","@id":"https:\/\/www.euromi.com\/fr\/p\/easybelt\/#webpage","url":"https:\/\/www.euromi.com\/fr\/p\/easybelt\/","name":"Ceinture abdominale Easybelt\u00ae - Euromi","isPartOf":{"@id":"https:\/\/www.euromi.com\/fr\/#website"},"primaryImageOfPage":{"@id":"https:\/\/www.euromi.com\/fr\/p\/easybelt\/#primaryimage"},"datePublished":"2022-01-21T08:43:34+00:00","dateModified":"2022-01-21T08:45:48+00:00","description":"La ceinture Easybelt\u00ae est indiqu\u00e9e pour le soutien abdominal en post-op\u00e9ratoire imm\u00e9diat ou pour une fracture de c\u00f4tes.","breadcrumb":{"@id":"https:\/\/www.euromi.com\/fr\/p\/easybelt\/#breadcrumb"},"inLanguage":"fr-FR","potentialAction":[{"@type":"ReadAction","target":["https:\/\/www.euromi.com\/fr\/p\/easybelt\/"]}]},{"@type":"BreadcrumbList","@id":"https:\/\/www.euromi.com\/fr\/p\/easybelt\/#breadcrumb","itemListElement":[{"@type":"ListItem","position":1,"name":"Accueil","item":"https:\/\/www.euromi.com\/fr\/"},{"@type":"ListItem","position":2,"name":"Boutique","item":"https:\/\/www.euromi.com\/fr\/boutique\/"},{"@type":"ListItem","position":3,"name":"V\u00eatements et pansements","item":"https:\/\/www.euromi.com\/fr\/catp\/vetements-chirurgicaux-et-pansements\/"},{"@type":"ListItem","position":4,"name":"V\u00eatements compressifs","item":"https:\/\/www.euromi.com\/fr\/catp\/vetements-chirurgicaux-et-pansements\/vetements-compressifs\/"},{"@type":"ListItem","position":5,"name":"Chirurgie digestive","item":"https:\/\/www.euromi.com\/fr\/catp\/vetements-chirurgicaux-et-pansements\/vetements-compressifs\/chirurgie-digestive\/"},{"@type":"ListItem","position":6,"name":"Easybelt\u00ae"}]}]}},"jetpack-related-posts":[],"_links":{"self":[{"href":"https:\/\/www.euromi.com\/fr\/wp-json\/wp\/v2\/product\/2207"}],"collection":[{"href":"https:\/\/www.euromi.com\/fr\/wp-json\/wp\/v2\/product"}],"about":[{"href":"https:\/\/www.euromi.com\/fr\/wp-json\/wp\/v2\/types\/product"}],"wp:featuredmedia":[{"embeddable":true,"href":"https:\/\/www.euromi.com\/fr\/wp-json\/wp\/v2\/media\/2192"}],"wp:attachment":[{"href":"https:\/\/www.euromi.com\/fr\/wp-json\/wp\/v2\/media?parent=2207"}],"wp:term":[{"taxonomy":"product_cat","embeddable":true,"href":"https:\/\/www.euromi.com\/fr\/wp-json\/wp\/v2\/product_cat?post=2207"},{"taxonomy":"product_tag","embeddable":true,"href":"https:\/\/www.euromi.com\/fr\/wp-json\/wp\/v2\/product_tag?post=2207"}],"curies":[{"name":"wp","href":"https:\/\/api.w.org\/{rel}","templated":true}]}}