{"id":2204,"date":"2022-01-21T09:38:29","date_gmt":"2022-01-21T08:38:29","guid":{"rendered":"https:\/\/www.euromi.com\/?post_type=product&#038;p=2204"},"modified":"2022-01-21T09:41:50","modified_gmt":"2022-01-21T08:41:50","slug":"easybelt-legere","status":"publish","type":"product","link":"https:\/\/www.euromi.com\/fr\/p\/easybelt-legere\/","title":{"rendered":"Easybelt\u00ae l\u00e9g\u00e8re"},"content":{"rendered":"<p>La ceinture<strong> Easybelt<sup>\u00ae<\/sup> l\u00e9g\u00e8re<\/strong> offre le soutien n\u00e9cessaire suite \u00e0 une <strong>op\u00e9ration digestive<\/strong> ou <strong>lorsque les c\u00f4tes sont fractur\u00e9es<\/strong>.<\/p>\n<p>Son <strong>tissu \u00e9lastique<\/strong> et a\u00e9r\u00e9 permet \u00e0 la transpiration d\u2019\u00eatre \u00e9vacu\u00e9e rapidement et ne g\u00eane pas la respiration. Son plastron en mousse doubl\u00e9 d\u2019un tissu Interlock apporte du confort. Quant \u00e0 la fermeture, la bande auto-agrippante avec forme ergonomique rend la mise en place facile.<\/p>\n<p>Easybelt<sup>\u00ae<\/sup> l\u00e9g\u00e8re est disponible dans 3 hauteurs (16, 26 ou 32 cm) et 9 tailles.<\/p>\n<p>&nbsp;<\/p>\n<p><em>Ne pas utiliser sur plaie ouverte ni en cas de phl\u00e9bite pr\u00e9existante.<\/em><\/p>\n<p>&nbsp;<\/p>\n<p><strong><u>Ce produit est d\u00e9livr\u00e9 sous prescription m\u00e9dicale et ne peut \u00eatre command\u00e9 en ligne. Merci d\u2019utiliser le formulaire de contact ci-contre pour nous contacter.<\/u><\/strong><\/p>\n<p>&nbsp;<\/p>\n","protected":false},"excerpt":{"rendered":"<p>La ceinture Easybelt\u00ae l\u00e9g\u00e8re offre le soutien n\u00e9cessaire suite \u00e0 une op\u00e9ration digestive ou lorsque les c\u00f4tes sont fractur\u00e9es. Son tissu \u00e9lastique et a\u00e9r\u00e9 permet \u00e0 la transpiration d\u2019\u00eatre \u00e9vacu\u00e9e rapidement et ne g\u00eane pas la respiration. Son plastron en mousse doubl\u00e9 d\u2019un tissu Interlock apporte du confort. Quant \u00e0 la fermeture, la bande auto-agrippante [&hellip;]<\/p>\n","protected":false},"featured_media":2194,"template":"","meta":{"_et_pb_use_builder":"","_et_pb_old_content":"","_et_gb_content_width":"","spay_email":""},"product_cat":[51,36,50],"product_tag":[],"yoast_head":"<!-- This site is optimized with the Yoast SEO plugin v18.2 - https:\/\/yoast.com\/wordpress\/plugins\/seo\/ -->\n<title>Ceinture abdominale Easybelt\u00ae l\u00e9g\u00e8re - Euromi<\/title>\n<meta name=\"description\" content=\"La ceinture Easybelt\u00ae l\u00e9g\u00e8re offre le soutien n\u00e9cessaire suite \u00e0 une op\u00e9ration digestive ou lorsque les c\u00f4tes sont fractur\u00e9es.\" \/>\n<meta name=\"robots\" content=\"index, follow, max-snippet:-1, max-image-preview:large, max-video-preview:-1\" \/>\n<link rel=\"canonical\" href=\"https:\/\/www.euromi.com\/fr\/p\/easybelt-legere\/\" \/>\n<meta property=\"og:locale\" content=\"fr_FR\" \/>\n<meta property=\"og:type\" content=\"article\" \/>\n<meta property=\"og:title\" content=\"Ceinture abdominale Easybelt\u00ae l\u00e9g\u00e8re - Euromi\" \/>\n<meta property=\"og:description\" content=\"La ceinture Easybelt\u00ae l\u00e9g\u00e8re offre le soutien n\u00e9cessaire suite \u00e0 une op\u00e9ration digestive ou lorsque les c\u00f4tes sont fractur\u00e9es.\" \/>\n<meta property=\"og:url\" content=\"https:\/\/www.euromi.com\/fr\/p\/easybelt-legere\/\" \/>\n<meta property=\"og:site_name\" content=\"Euromi\" \/>\n<meta property=\"article:modified_time\" content=\"2022-01-21T08:41:50+00:00\" \/>\n<meta property=\"og:image\" content=\"https:\/\/www.euromi.com\/wp-content\/uploads\/2022\/01\/Easybelt-legere.jpg\" \/>\n\t<meta property=\"og:image:width\" content=\"980\" \/>\n\t<meta property=\"og:image:height\" content=\"1401\" \/>\n\t<meta property=\"og:image:type\" content=\"image\/jpeg\" \/>\n<meta name=\"twitter:card\" content=\"summary_large_image\" \/>\n<script type=\"application\/ld+json\" class=\"yoast-schema-graph\">{\"@context\":\"https:\/\/schema.org\",\"@graph\":[{\"@type\":\"Organization\",\"@id\":\"https:\/\/www.euromi.com\/fr\/#organization\",\"name\":\"Euromi\",\"url\":\"https:\/\/www.euromi.com\/fr\/\",\"sameAs\":[],\"logo\":{\"@type\":\"ImageObject\",\"@id\":\"https:\/\/www.euromi.com\/fr\/#logo\",\"inLanguage\":\"fr-FR\",\"url\":\"https:\/\/www.euromi.com\/wp-content\/uploads\/2021\/10\/cropped-favicon.jpg\",\"contentUrl\":\"https:\/\/www.euromi.com\/wp-content\/uploads\/2021\/10\/cropped-favicon.jpg\",\"width\":512,\"height\":512,\"caption\":\"Euromi\"},\"image\":{\"@id\":\"https:\/\/www.euromi.com\/fr\/#logo\"}},{\"@type\":\"WebSite\",\"@id\":\"https:\/\/www.euromi.com\/fr\/#website\",\"url\":\"https:\/\/www.euromi.com\/fr\/\",\"name\":\"Euromi\",\"description\":\"Fabricant de Mat\u00e9riel M\u00e9dical\",\"publisher\":{\"@id\":\"https:\/\/www.euromi.com\/fr\/#organization\"},\"potentialAction\":[{\"@type\":\"SearchAction\",\"target\":{\"@type\":\"EntryPoint\",\"urlTemplate\":\"https:\/\/www.euromi.com\/fr\/?s={search_term_string}\"},\"query-input\":\"required name=search_term_string\"}],\"inLanguage\":\"fr-FR\"},{\"@type\":\"ImageObject\",\"@id\":\"https:\/\/www.euromi.com\/fr\/p\/easybelt-legere\/#primaryimage\",\"inLanguage\":\"fr-FR\",\"url\":\"https:\/\/www.euromi.com\/wp-content\/uploads\/2022\/01\/Easybelt-legere.jpg\",\"contentUrl\":\"https:\/\/www.euromi.com\/wp-content\/uploads\/2022\/01\/Easybelt-legere.jpg\",\"width\":980,\"height\":1401},{\"@type\":\"WebPage\",\"@id\":\"https:\/\/www.euromi.com\/fr\/p\/easybelt-legere\/#webpage\",\"url\":\"https:\/\/www.euromi.com\/fr\/p\/easybelt-legere\/\",\"name\":\"Ceinture abdominale Easybelt\u00ae l\u00e9g\u00e8re - Euromi\",\"isPartOf\":{\"@id\":\"https:\/\/www.euromi.com\/fr\/#website\"},\"primaryImageOfPage\":{\"@id\":\"https:\/\/www.euromi.com\/fr\/p\/easybelt-legere\/#primaryimage\"},\"datePublished\":\"2022-01-21T08:38:29+00:00\",\"dateModified\":\"2022-01-21T08:41:50+00:00\",\"description\":\"La ceinture Easybelt\u00ae l\u00e9g\u00e8re offre le soutien n\u00e9cessaire suite \u00e0 une op\u00e9ration digestive ou lorsque les c\u00f4tes sont fractur\u00e9es.\",\"breadcrumb\":{\"@id\":\"https:\/\/www.euromi.com\/fr\/p\/easybelt-legere\/#breadcrumb\"},\"inLanguage\":\"fr-FR\",\"potentialAction\":[{\"@type\":\"ReadAction\",\"target\":[\"https:\/\/www.euromi.com\/fr\/p\/easybelt-legere\/\"]}]},{\"@type\":\"BreadcrumbList\",\"@id\":\"https:\/\/www.euromi.com\/fr\/p\/easybelt-legere\/#breadcrumb\",\"itemListElement\":[{\"@type\":\"ListItem\",\"position\":1,\"name\":\"Accueil\",\"item\":\"https:\/\/www.euromi.com\/fr\/\"},{\"@type\":\"ListItem\",\"position\":2,\"name\":\"Boutique\",\"item\":\"https:\/\/www.euromi.com\/fr\/boutique\/\"},{\"@type\":\"ListItem\",\"position\":3,\"name\":\"V\u00eatements et pansements\",\"item\":\"https:\/\/www.euromi.com\/fr\/catp\/vetements-chirurgicaux-et-pansements\/\"},{\"@type\":\"ListItem\",\"position\":4,\"name\":\"V\u00eatements compressifs\",\"item\":\"https:\/\/www.euromi.com\/fr\/catp\/vetements-chirurgicaux-et-pansements\/vetements-compressifs\/\"},{\"@type\":\"ListItem\",\"position\":5,\"name\":\"Chirurgie digestive\",\"item\":\"https:\/\/www.euromi.com\/fr\/catp\/vetements-chirurgicaux-et-pansements\/vetements-compressifs\/chirurgie-digestive\/\"},{\"@type\":\"ListItem\",\"position\":6,\"name\":\"Easybelt\u00ae l\u00e9g\u00e8re\"}]}]}<\/script>\n<!-- \/ Yoast SEO plugin. -->","yoast_head_json":{"title":"Ceinture abdominale Easybelt\u00ae l\u00e9g\u00e8re - Euromi","description":"La ceinture Easybelt\u00ae l\u00e9g\u00e8re offre le soutien n\u00e9cessaire suite \u00e0 une op\u00e9ration digestive ou lorsque les c\u00f4tes sont fractur\u00e9es.","robots":{"index":"index","follow":"follow","max-snippet":"max-snippet:-1","max-image-preview":"max-image-preview:large","max-video-preview":"max-video-preview:-1"},"canonical":"https:\/\/www.euromi.com\/fr\/p\/easybelt-legere\/","og_locale":"fr_FR","og_type":"article","og_title":"Ceinture abdominale Easybelt\u00ae l\u00e9g\u00e8re - Euromi","og_description":"La ceinture Easybelt\u00ae l\u00e9g\u00e8re offre le soutien n\u00e9cessaire suite \u00e0 une op\u00e9ration digestive ou lorsque les c\u00f4tes sont fractur\u00e9es.","og_url":"https:\/\/www.euromi.com\/fr\/p\/easybelt-legere\/","og_site_name":"Euromi","article_modified_time":"2022-01-21T08:41:50+00:00","og_image":[{"width":980,"height":1401,"url":"https:\/\/www.euromi.com\/wp-content\/uploads\/2022\/01\/Easybelt-legere.jpg","type":"image\/jpeg"}],"twitter_card":"summary_large_image","schema":{"@context":"https:\/\/schema.org","@graph":[{"@type":"Organization","@id":"https:\/\/www.euromi.com\/fr\/#organization","name":"Euromi","url":"https:\/\/www.euromi.com\/fr\/","sameAs":[],"logo":{"@type":"ImageObject","@id":"https:\/\/www.euromi.com\/fr\/#logo","inLanguage":"fr-FR","url":"https:\/\/www.euromi.com\/wp-content\/uploads\/2021\/10\/cropped-favicon.jpg","contentUrl":"https:\/\/www.euromi.com\/wp-content\/uploads\/2021\/10\/cropped-favicon.jpg","width":512,"height":512,"caption":"Euromi"},"image":{"@id":"https:\/\/www.euromi.com\/fr\/#logo"}},{"@type":"WebSite","@id":"https:\/\/www.euromi.com\/fr\/#website","url":"https:\/\/www.euromi.com\/fr\/","name":"Euromi","description":"Fabricant de Mat\u00e9riel M\u00e9dical","publisher":{"@id":"https:\/\/www.euromi.com\/fr\/#organization"},"potentialAction":[{"@type":"SearchAction","target":{"@type":"EntryPoint","urlTemplate":"https:\/\/www.euromi.com\/fr\/?s={search_term_string}"},"query-input":"required name=search_term_string"}],"inLanguage":"fr-FR"},{"@type":"ImageObject","@id":"https:\/\/www.euromi.com\/fr\/p\/easybelt-legere\/#primaryimage","inLanguage":"fr-FR","url":"https:\/\/www.euromi.com\/wp-content\/uploads\/2022\/01\/Easybelt-legere.jpg","contentUrl":"https:\/\/www.euromi.com\/wp-content\/uploads\/2022\/01\/Easybelt-legere.jpg","width":980,"height":1401},{"@type":"WebPage","@id":"https:\/\/www.euromi.com\/fr\/p\/easybelt-legere\/#webpage","url":"https:\/\/www.euromi.com\/fr\/p\/easybelt-legere\/","name":"Ceinture abdominale Easybelt\u00ae l\u00e9g\u00e8re - Euromi","isPartOf":{"@id":"https:\/\/www.euromi.com\/fr\/#website"},"primaryImageOfPage":{"@id":"https:\/\/www.euromi.com\/fr\/p\/easybelt-legere\/#primaryimage"},"datePublished":"2022-01-21T08:38:29+00:00","dateModified":"2022-01-21T08:41:50+00:00","description":"La ceinture Easybelt\u00ae l\u00e9g\u00e8re offre le soutien n\u00e9cessaire suite \u00e0 une op\u00e9ration digestive ou lorsque les c\u00f4tes sont fractur\u00e9es.","breadcrumb":{"@id":"https:\/\/www.euromi.com\/fr\/p\/easybelt-legere\/#breadcrumb"},"inLanguage":"fr-FR","potentialAction":[{"@type":"ReadAction","target":["https:\/\/www.euromi.com\/fr\/p\/easybelt-legere\/"]}]},{"@type":"BreadcrumbList","@id":"https:\/\/www.euromi.com\/fr\/p\/easybelt-legere\/#breadcrumb","itemListElement":[{"@type":"ListItem","position":1,"name":"Accueil","item":"https:\/\/www.euromi.com\/fr\/"},{"@type":"ListItem","position":2,"name":"Boutique","item":"https:\/\/www.euromi.com\/fr\/boutique\/"},{"@type":"ListItem","position":3,"name":"V\u00eatements et pansements","item":"https:\/\/www.euromi.com\/fr\/catp\/vetements-chirurgicaux-et-pansements\/"},{"@type":"ListItem","position":4,"name":"V\u00eatements compressifs","item":"https:\/\/www.euromi.com\/fr\/catp\/vetements-chirurgicaux-et-pansements\/vetements-compressifs\/"},{"@type":"ListItem","position":5,"name":"Chirurgie digestive","item":"https:\/\/www.euromi.com\/fr\/catp\/vetements-chirurgicaux-et-pansements\/vetements-compressifs\/chirurgie-digestive\/"},{"@type":"ListItem","position":6,"name":"Easybelt\u00ae l\u00e9g\u00e8re"}]}]}},"jetpack-related-posts":[],"_links":{"self":[{"href":"https:\/\/www.euromi.com\/fr\/wp-json\/wp\/v2\/product\/2204"}],"collection":[{"href":"https:\/\/www.euromi.com\/fr\/wp-json\/wp\/v2\/product"}],"about":[{"href":"https:\/\/www.euromi.com\/fr\/wp-json\/wp\/v2\/types\/product"}],"wp:featuredmedia":[{"embeddable":true,"href":"https:\/\/www.euromi.com\/fr\/wp-json\/wp\/v2\/media\/2194"}],"wp:attachment":[{"href":"https:\/\/www.euromi.com\/fr\/wp-json\/wp\/v2\/media?parent=2204"}],"wp:term":[{"taxonomy":"product_cat","embeddable":true,"href":"https:\/\/www.euromi.com\/fr\/wp-json\/wp\/v2\/product_cat?post=2204"},{"taxonomy":"product_tag","embeddable":true,"href":"https:\/\/www.euromi.com\/fr\/wp-json\/wp\/v2\/product_tag?post=2204"}],"curies":[{"name":"wp","href":"https:\/\/api.w.org\/{rel}","templated":true}]}}