{"id":2146,"date":"2022-01-18T11:02:33","date_gmt":"2022-01-18T10:02:33","guid":{"rendered":"https:\/\/www.euromi.com\/?post_type=product&#038;p=2146"},"modified":"2025-12-02T10:28:05","modified_gmt":"2025-12-02T09:28:05","slug":"eva-sp-2","status":"publish","type":"product","link":"https:\/\/www.euromi.com\/fr\/p\/eva-sp-2\/","title":{"rendered":"Eva sp\u00ae 2"},"content":{"rendered":"<p>L&#8217;<strong>Eva sp\u00ae 2<\/strong> permet une<strong> liposculpture infrasonique avec nutation et aspiration<\/strong>.<\/p>\n<p>Gr\u00e2ce \u00e0 sa canule d\u2019infiltration fournie et l\u2019utilisation d\u2019un syst\u00e8me de pression externe (pompe p\u00e9ristaltique), <strong>l\u2019infiltration est qualitative et uniforme<\/strong>.<\/p>\n<p>Il s\u2019agit du syst\u00e8me Eva sp\u00ae 1 compl\u00e9t\u00e9 d\u2019un <strong>aspirateur<\/strong>. Le syst\u00e8me Eva sp\u00ae 2 est destin\u00e9 au praticien poss\u00e9dant d\u00e9j\u00e0 son propre syst\u00e8me d\u2019infiltration.<\/p>\n<p>Il est conforme aux normes europ\u00e9ennes (<strong>Certification CE 2797 &#8211; MDR 2017\/745<\/strong>).<\/p>\n<p>&nbsp;<\/p>\n<p><strong><u>Ce produit est un dispositif m\u00e9dical \u00e0 destination des professionnels de sant\u00e9 qualifi\u00e9s.<\/u><\/strong><\/p>\n<p>&nbsp;<\/p>\n<p><em><strong>Vous \u00eates professionnel de sant\u00e9 <\/strong>et souhaitez plus d\u2019informations sur ce produit, merci de remplir le formulaire ci-contre.<\/em><\/p>\n<p><em><strong>Vous \u00eates un particulier<\/strong>, pour plus d\u2019informations, merci de vous orienter vers votre professionnel de sant\u00e9.<\/em><\/p>\n","protected":false},"excerpt":{"rendered":"<p>L&#8217;Eva sp\u00ae 2 permet une liposculpture infrasonique avec nutation et aspiration. Gr\u00e2ce \u00e0 sa canule d\u2019infiltration fournie et l\u2019utilisation d\u2019un syst\u00e8me de pression externe (pompe p\u00e9ristaltique), l\u2019infiltration est qualitative et uniforme. Il s\u2019agit du syst\u00e8me Eva sp\u00ae 1 compl\u00e9t\u00e9 d\u2019un aspirateur. Le syst\u00e8me Eva sp\u00ae 2 est destin\u00e9 au praticien poss\u00e9dant d\u00e9j\u00e0 son propre syst\u00e8me [&hellip;]<\/p>\n","protected":false},"featured_media":2559,"template":"","meta":{"_et_pb_use_builder":"","_et_pb_old_content":"","_et_gb_content_width":"","spay_email":""},"product_cat":[31,16],"product_tag":[],"yoast_head":"<!-- This site is optimized with the Yoast SEO plugin v18.2 - https:\/\/yoast.com\/wordpress\/plugins\/seo\/ -->\n<title>Eva sp\u00ae 2 - Euromi<\/title>\n<meta name=\"description\" content=\"L&#039;Eva sp\u00ae 2 permet une liposculpture infrasonique avec nutation et aspiration. L\u2019infiltration est qualitative et uniforme.\" \/>\n<meta name=\"robots\" content=\"index, follow, max-snippet:-1, max-image-preview:large, max-video-preview:-1\" \/>\n<link rel=\"canonical\" href=\"https:\/\/www.euromi.com\/fr\/p\/eva-sp-2\/\" \/>\n<meta property=\"og:locale\" content=\"fr_FR\" \/>\n<meta property=\"og:type\" content=\"article\" \/>\n<meta property=\"og:title\" content=\"Eva sp\u00ae 2 - Euromi\" \/>\n<meta property=\"og:description\" content=\"L&#039;Eva sp\u00ae 2 permet une liposculpture infrasonique avec nutation et aspiration. L\u2019infiltration est qualitative et uniforme.\" \/>\n<meta property=\"og:url\" content=\"https:\/\/www.euromi.com\/fr\/p\/eva-sp-2\/\" \/>\n<meta property=\"og:site_name\" content=\"Euromi\" \/>\n<meta property=\"article:modified_time\" content=\"2025-12-02T09:28:05+00:00\" \/>\n<meta property=\"og:image\" content=\"https:\/\/www.euromi.com\/wp-content\/uploads\/2022\/01\/LIPOSUCCION-Evasp2-1.jpg\" \/>\n\t<meta property=\"og:image:width\" content=\"980\" \/>\n\t<meta property=\"og:image:height\" content=\"1401\" \/>\n\t<meta property=\"og:image:type\" content=\"image\/jpeg\" \/>\n<meta name=\"twitter:card\" content=\"summary_large_image\" \/>\n<script type=\"application\/ld+json\" class=\"yoast-schema-graph\">{\"@context\":\"https:\/\/schema.org\",\"@graph\":[{\"@type\":\"Organization\",\"@id\":\"https:\/\/www.euromi.com\/fr\/#organization\",\"name\":\"Euromi\",\"url\":\"https:\/\/www.euromi.com\/fr\/\",\"sameAs\":[],\"logo\":{\"@type\":\"ImageObject\",\"@id\":\"https:\/\/www.euromi.com\/fr\/#logo\",\"inLanguage\":\"fr-FR\",\"url\":\"https:\/\/www.euromi.com\/wp-content\/uploads\/2021\/10\/cropped-favicon.jpg\",\"contentUrl\":\"https:\/\/www.euromi.com\/wp-content\/uploads\/2021\/10\/cropped-favicon.jpg\",\"width\":512,\"height\":512,\"caption\":\"Euromi\"},\"image\":{\"@id\":\"https:\/\/www.euromi.com\/fr\/#logo\"}},{\"@type\":\"WebSite\",\"@id\":\"https:\/\/www.euromi.com\/fr\/#website\",\"url\":\"https:\/\/www.euromi.com\/fr\/\",\"name\":\"Euromi\",\"description\":\"Fabricant de Mat\u00e9riel M\u00e9dical\",\"publisher\":{\"@id\":\"https:\/\/www.euromi.com\/fr\/#organization\"},\"potentialAction\":[{\"@type\":\"SearchAction\",\"target\":{\"@type\":\"EntryPoint\",\"urlTemplate\":\"https:\/\/www.euromi.com\/fr\/?s={search_term_string}\"},\"query-input\":\"required name=search_term_string\"}],\"inLanguage\":\"fr-FR\"},{\"@type\":\"ImageObject\",\"@id\":\"https:\/\/www.euromi.com\/fr\/p\/eva-sp-2\/#primaryimage\",\"inLanguage\":\"fr-FR\",\"url\":\"https:\/\/www.euromi.com\/wp-content\/uploads\/2022\/01\/LIPOSUCCION-Evasp2-1.jpg\",\"contentUrl\":\"https:\/\/www.euromi.com\/wp-content\/uploads\/2022\/01\/LIPOSUCCION-Evasp2-1.jpg\",\"width\":980,\"height\":1401},{\"@type\":\"WebPage\",\"@id\":\"https:\/\/www.euromi.com\/fr\/p\/eva-sp-2\/#webpage\",\"url\":\"https:\/\/www.euromi.com\/fr\/p\/eva-sp-2\/\",\"name\":\"Eva sp\u00ae 2 - Euromi\",\"isPartOf\":{\"@id\":\"https:\/\/www.euromi.com\/fr\/#website\"},\"primaryImageOfPage\":{\"@id\":\"https:\/\/www.euromi.com\/fr\/p\/eva-sp-2\/#primaryimage\"},\"datePublished\":\"2022-01-18T10:02:33+00:00\",\"dateModified\":\"2025-12-02T09:28:05+00:00\",\"description\":\"L'Eva sp\u00ae 2 permet une liposculpture infrasonique avec nutation et aspiration. L\u2019infiltration est qualitative et uniforme.\",\"breadcrumb\":{\"@id\":\"https:\/\/www.euromi.com\/fr\/p\/eva-sp-2\/#breadcrumb\"},\"inLanguage\":\"fr-FR\",\"potentialAction\":[{\"@type\":\"ReadAction\",\"target\":[\"https:\/\/www.euromi.com\/fr\/p\/eva-sp-2\/\"]}]},{\"@type\":\"BreadcrumbList\",\"@id\":\"https:\/\/www.euromi.com\/fr\/p\/eva-sp-2\/#breadcrumb\",\"itemListElement\":[{\"@type\":\"ListItem\",\"position\":1,\"name\":\"Accueil\",\"item\":\"https:\/\/www.euromi.com\/fr\/\"},{\"@type\":\"ListItem\",\"position\":2,\"name\":\"Boutique\",\"item\":\"https:\/\/www.euromi.com\/fr\/boutique\/\"},{\"@type\":\"ListItem\",\"position\":3,\"name\":\"Liposculpture\",\"item\":\"https:\/\/www.euromi.com\/fr\/catp\/nutational-infrasonic-liposculpture\/\"},{\"@type\":\"ListItem\",\"position\":4,\"name\":\"Eva sp\u00ae\",\"item\":\"https:\/\/www.euromi.com\/fr\/catp\/nutational-infrasonic-liposculpture\/les-systemes-eva-sp\/\"},{\"@type\":\"ListItem\",\"position\":5,\"name\":\"Eva sp\u00ae 2\"}]}]}<\/script>\n<!-- \/ Yoast SEO plugin. -->","yoast_head_json":{"title":"Eva sp\u00ae 2 - Euromi","description":"L'Eva sp\u00ae 2 permet une liposculpture infrasonique avec nutation et aspiration. L\u2019infiltration est qualitative et uniforme.","robots":{"index":"index","follow":"follow","max-snippet":"max-snippet:-1","max-image-preview":"max-image-preview:large","max-video-preview":"max-video-preview:-1"},"canonical":"https:\/\/www.euromi.com\/fr\/p\/eva-sp-2\/","og_locale":"fr_FR","og_type":"article","og_title":"Eva sp\u00ae 2 - Euromi","og_description":"L'Eva sp\u00ae 2 permet une liposculpture infrasonique avec nutation et aspiration. L\u2019infiltration est qualitative et uniforme.","og_url":"https:\/\/www.euromi.com\/fr\/p\/eva-sp-2\/","og_site_name":"Euromi","article_modified_time":"2025-12-02T09:28:05+00:00","og_image":[{"width":980,"height":1401,"url":"https:\/\/www.euromi.com\/wp-content\/uploads\/2022\/01\/LIPOSUCCION-Evasp2-1.jpg","type":"image\/jpeg"}],"twitter_card":"summary_large_image","schema":{"@context":"https:\/\/schema.org","@graph":[{"@type":"Organization","@id":"https:\/\/www.euromi.com\/fr\/#organization","name":"Euromi","url":"https:\/\/www.euromi.com\/fr\/","sameAs":[],"logo":{"@type":"ImageObject","@id":"https:\/\/www.euromi.com\/fr\/#logo","inLanguage":"fr-FR","url":"https:\/\/www.euromi.com\/wp-content\/uploads\/2021\/10\/cropped-favicon.jpg","contentUrl":"https:\/\/www.euromi.com\/wp-content\/uploads\/2021\/10\/cropped-favicon.jpg","width":512,"height":512,"caption":"Euromi"},"image":{"@id":"https:\/\/www.euromi.com\/fr\/#logo"}},{"@type":"WebSite","@id":"https:\/\/www.euromi.com\/fr\/#website","url":"https:\/\/www.euromi.com\/fr\/","name":"Euromi","description":"Fabricant de Mat\u00e9riel M\u00e9dical","publisher":{"@id":"https:\/\/www.euromi.com\/fr\/#organization"},"potentialAction":[{"@type":"SearchAction","target":{"@type":"EntryPoint","urlTemplate":"https:\/\/www.euromi.com\/fr\/?s={search_term_string}"},"query-input":"required name=search_term_string"}],"inLanguage":"fr-FR"},{"@type":"ImageObject","@id":"https:\/\/www.euromi.com\/fr\/p\/eva-sp-2\/#primaryimage","inLanguage":"fr-FR","url":"https:\/\/www.euromi.com\/wp-content\/uploads\/2022\/01\/LIPOSUCCION-Evasp2-1.jpg","contentUrl":"https:\/\/www.euromi.com\/wp-content\/uploads\/2022\/01\/LIPOSUCCION-Evasp2-1.jpg","width":980,"height":1401},{"@type":"WebPage","@id":"https:\/\/www.euromi.com\/fr\/p\/eva-sp-2\/#webpage","url":"https:\/\/www.euromi.com\/fr\/p\/eva-sp-2\/","name":"Eva sp\u00ae 2 - Euromi","isPartOf":{"@id":"https:\/\/www.euromi.com\/fr\/#website"},"primaryImageOfPage":{"@id":"https:\/\/www.euromi.com\/fr\/p\/eva-sp-2\/#primaryimage"},"datePublished":"2022-01-18T10:02:33+00:00","dateModified":"2025-12-02T09:28:05+00:00","description":"L'Eva sp\u00ae 2 permet une liposculpture infrasonique avec nutation et aspiration. L\u2019infiltration est qualitative et uniforme.","breadcrumb":{"@id":"https:\/\/www.euromi.com\/fr\/p\/eva-sp-2\/#breadcrumb"},"inLanguage":"fr-FR","potentialAction":[{"@type":"ReadAction","target":["https:\/\/www.euromi.com\/fr\/p\/eva-sp-2\/"]}]},{"@type":"BreadcrumbList","@id":"https:\/\/www.euromi.com\/fr\/p\/eva-sp-2\/#breadcrumb","itemListElement":[{"@type":"ListItem","position":1,"name":"Accueil","item":"https:\/\/www.euromi.com\/fr\/"},{"@type":"ListItem","position":2,"name":"Boutique","item":"https:\/\/www.euromi.com\/fr\/boutique\/"},{"@type":"ListItem","position":3,"name":"Liposculpture","item":"https:\/\/www.euromi.com\/fr\/catp\/nutational-infrasonic-liposculpture\/"},{"@type":"ListItem","position":4,"name":"Eva sp\u00ae","item":"https:\/\/www.euromi.com\/fr\/catp\/nutational-infrasonic-liposculpture\/les-systemes-eva-sp\/"},{"@type":"ListItem","position":5,"name":"Eva sp\u00ae 2"}]}]}},"jetpack-related-posts":[{"id":2131,"url":"https:\/\/www.euromi.com\/fr\/p\/liposuccion-evasp-1\/","url_meta":{"origin":2146,"position":0},"title":"Eva sp\u00ae 1","date":"18 janvier 2022","format":false,"excerpt":"L\u2019Eva sp\u00ae 1 est le syst\u00e8me d\u2019entr\u00e9e de la gamme Eva sp\u00ae. L\u2019Eva sp\u00ae 1 r\u00e9gule l\u2019approvisionnement en air comprim\u00e9 de l\u2019evamatic\u00ae. Ainsi, il permet une liposculpture infrasonique avec nutation (Technique N.I.L.\u00ae). Gr\u00e2ce \u00e0 sa canule d\u2019infiltration fournie et l\u2019utilisation d\u2019un syst\u00e8me de pression externe (pompe p\u00e9ristaltique), l\u2019infiltration est qualitative\u2026","rel":"","context":"Article similaire","img":{"alt_text":"","src":"https:\/\/i0.wp.com\/www.euromi.com\/wp-content\/uploads\/2022\/01\/LIPOSUCCION-Evasp1.jpg?resize=350%2C200&ssl=1","width":350,"height":200},"classes":[]},{"id":2152,"url":"https:\/\/www.euromi.com\/fr\/p\/liposuccion-eva-sp6\/","url_meta":{"origin":2146,"position":1},"title":"Eva sp\u00ae 6","date":"18 janvier 2022","format":false,"excerpt":"L'Eva sp\u00ae 6 permet non seulement une infiltration infrasonique avec nutation quantitative mais aussi une liposculpture infrasonique avec nutation. L\u2019appareil est enti\u00e8rement digitalis\u00e9 et conforme aux normes europ\u00e9ennes (Certification CE 2797 - MDR 2017\/745). \u00a0 Ce produit est un dispositif m\u00e9dical \u00e0 destination des professionnels de sant\u00e9 qualifi\u00e9s. \u00a0 Vous\u2026","rel":"","context":"Article similaire","img":{"alt_text":"","src":"https:\/\/i0.wp.com\/www.euromi.com\/wp-content\/uploads\/2022\/01\/LIPOSUCCION-Evasp6.jpg?resize=350%2C200&ssl=1","width":350,"height":200},"classes":[]},{"id":2147,"url":"https:\/\/www.euromi.com\/en\/p\/liposuction-evasp-2\/","url_meta":{"origin":2146,"position":2},"title":"Eva sp\u00ae 2","date":"18 janvier 2022","format":false,"excerpt":"The Eva sp\u00ae 2 allows an infrasonic liposculpture with nutation and aspiration. Thanks to its supplied infiltration cannula and the use of an external pressure system (peristaltic pump), the infiltration is qualitative and uniform. The Eva sp\u00ae2 is the Eva sp\u00ae 1 system complete with an aspiration system. The Eva\u2026","rel":"","context":"Article similaire","img":{"alt_text":"","src":"https:\/\/i0.wp.com\/www.euromi.com\/wp-content\/uploads\/2022\/01\/LIPOSUCCION-Evasp2-1.jpg?resize=350%2C200&ssl=1","width":350,"height":200},"classes":[]},{"id":2132,"url":"https:\/\/www.euromi.com\/en\/p\/liposuction-evasp-1\/","url_meta":{"origin":2146,"position":3},"title":"Eva sp\u00ae 1","date":"18 janvier 2022","format":false,"excerpt":"The Eva sp\u00ae 1 system is the basic system of the Eva sp\u00ae range. It regulates compressed air supplied to the evamatic\u00ae. Thus, Eva sp\u00ae 1 allows a Nutational Infrasonic Liposculpture (N.I.L\u00ae technique). Thanks to the infiltration cannula provided with it, and the use of an external pressure system (peristaltic\u2026","rel":"","context":"Article similaire","img":{"alt_text":"","src":"https:\/\/i0.wp.com\/www.euromi.com\/wp-content\/uploads\/2022\/01\/LIPOSUCCION-Evasp1.jpg?resize=350%2C200&ssl=1","width":350,"height":200},"classes":[]},{"id":2153,"url":"https:\/\/www.euromi.com\/en\/p\/liposuction-eva-sp6\/","url_meta":{"origin":2146,"position":4},"title":"Eva sp\u00ae 6","date":"18 janvier 2022","format":false,"excerpt":"Eva sp\u00ae 6 allows not only a quantitative nutational infrasonic infiltration but also a nutational infrasonic liposculpture. The device is fully digital and complies with European standards (CE 2797 - MDR 2017\/745). \u00a0 This product is a medical device intended for use by qualified healthcare professionals. \u00a0 If you are\u2026","rel":"","context":"Article similaire","img":{"alt_text":"","src":"https:\/\/i0.wp.com\/www.euromi.com\/wp-content\/uploads\/2022\/01\/LIPOSUCCION-Evasp6.jpg?resize=350%2C200&ssl=1","width":350,"height":200},"classes":[]},{"id":2160,"url":"https:\/\/www.euromi.com\/fr\/p\/lipofilling-nlf-system\/","url_meta":{"origin":2146,"position":5},"title":"N.L.F System\u00ae","date":"18 janvier 2022","format":false,"excerpt":"Euromi a con\u00e7u un syst\u00e8me de lipofilling, le N.L.F. System\u00ae,\u00a0 bas\u00e9 sur la technologie N.I.L.\u00ae. Il s\u2032agit d\u2019un kit de pr\u00e9l\u00e8vement st\u00e9rile \u00e0 usage unique, biocompatible et en circuit ferm\u00e9. Il convient pour des petits et grands volumes. \u00a0 Ce produit est un dispositif m\u00e9dical \u00e0 destination des professionnels de\u2026","rel":"","context":"Article similaire","img":{"alt_text":"","src":"https:\/\/i0.wp.com\/www.euromi.com\/wp-content\/uploads\/2022\/01\/NLF-SYSTEM-2-scaled.jpg?resize=350%2C200&ssl=1","width":350,"height":200},"classes":[]}],"_links":{"self":[{"href":"https:\/\/www.euromi.com\/fr\/wp-json\/wp\/v2\/product\/2146"}],"collection":[{"href":"https:\/\/www.euromi.com\/fr\/wp-json\/wp\/v2\/product"}],"about":[{"href":"https:\/\/www.euromi.com\/fr\/wp-json\/wp\/v2\/types\/product"}],"wp:featuredmedia":[{"embeddable":true,"href":"https:\/\/www.euromi.com\/fr\/wp-json\/wp\/v2\/media\/2559"}],"wp:attachment":[{"href":"https:\/\/www.euromi.com\/fr\/wp-json\/wp\/v2\/media?parent=2146"}],"wp:term":[{"taxonomy":"product_cat","embeddable":true,"href":"https:\/\/www.euromi.com\/fr\/wp-json\/wp\/v2\/product_cat?post=2146"},{"taxonomy":"product_tag","embeddable":true,"href":"https:\/\/www.euromi.com\/fr\/wp-json\/wp\/v2\/product_tag?post=2146"}],"curies":[{"name":"wp","href":"https:\/\/api.w.org\/{rel}","templated":true}]}}