{"id":2127,"date":"2022-01-18T10:17:32","date_gmt":"2022-01-18T09:17:32","guid":{"rendered":"https:\/\/www.euromi.com\/?post_type=product&#038;p=2127"},"modified":"2025-01-23T13:48:05","modified_gmt":"2025-01-23T12:48:05","slug":"brassiere-femme","status":"publish","type":"product","link":"https:\/\/www.euromi.com\/fr\/p\/brassiere-femme\/","title":{"rendered":"Brassi\u00e8re femme"},"content":{"rendered":"<p>La <strong>brassi\u00e8re femme<\/strong> est un <strong>v\u00eatement compressif<\/strong> indiqu\u00e9 pour maintenir vos bras apr\u00e8s un lifting, une liposuccion, une correction de pt\u00f4se\u2026<\/p>\n<p>Un triple agrafage sur l\u2019avant et sur toute la hauteur permet ajustement et mise en place facilit\u00e9e.<\/p>\n<p>La pr\u00e9sence d\u2019une microfibre \u00e0 l\u2019int\u00e9rieur du coude (sur tissu Classique) et les coutures ext\u00e9rieures accentuent votre confort.<\/p>\n<p>&nbsp;<\/p>\n<p><em>Ne pas utiliser sur plaie ouverte, ni en cas de phl\u00e9bite.<\/em><\/p>\n<p>&nbsp;<\/p>\n<p><strong><u>La brassi\u00e8re pour femme est un v\u00eatement compressif r\u00e9alis\u00e9 enti\u00e8rement selon vos mesures. Il ne peut donc \u00eatre command\u00e9 en ligne. <\/u><\/strong><\/p>\n<p>&nbsp;<\/p>\n","protected":false},"excerpt":{"rendered":"<p>La brassi\u00e8re femme est un v\u00eatement compressif indiqu\u00e9 pour maintenir vos bras apr\u00e8s un lifting, une liposuccion, une correction de pt\u00f4se\u2026 Un triple agrafage sur l\u2019avant et sur toute la hauteur permet ajustement et mise en place facilit\u00e9e. La pr\u00e9sence d\u2019une microfibre \u00e0 l\u2019int\u00e9rieur du coude (sur tissu Classique) et les coutures ext\u00e9rieures accentuent votre [&hellip;]<\/p>\n","protected":false},"featured_media":2069,"template":"","meta":{"_et_pb_use_builder":"","_et_pb_old_content":"","_et_gb_content_width":"","spay_email":""},"product_cat":[43,49,50],"product_tag":[],"yoast_head":"<!-- This site is optimized with the Yoast SEO plugin v18.2 - https:\/\/yoast.com\/wordpress\/plugins\/seo\/ -->\n<title>Brassi\u00e8re femme pour chirurgie esth\u00e9tique - Euromi<\/title>\n<meta name=\"description\" content=\"La brassi\u00e8re femme est un v\u00eatement compressif indiqu\u00e9 pour maintenir vos bras apr\u00e8s un lifting, une liposuccion, une correction de pt\u00f4se\u2026\" \/>\n<meta name=\"robots\" content=\"index, follow, max-snippet:-1, max-image-preview:large, max-video-preview:-1\" \/>\n<link rel=\"canonical\" href=\"https:\/\/www.euromi.com\/fr\/p\/brassiere-femme\/\" \/>\n<meta property=\"og:locale\" content=\"fr_FR\" \/>\n<meta property=\"og:type\" content=\"article\" \/>\n<meta property=\"og:title\" content=\"Brassi\u00e8re femme pour chirurgie esth\u00e9tique - Euromi\" \/>\n<meta property=\"og:description\" content=\"La brassi\u00e8re femme est un v\u00eatement compressif indiqu\u00e9 pour maintenir vos bras apr\u00e8s un lifting, une liposuccion, une correction de pt\u00f4se\u2026\" \/>\n<meta property=\"og:url\" content=\"https:\/\/www.euromi.com\/fr\/p\/brassiere-femme\/\" \/>\n<meta property=\"og:site_name\" content=\"Euromi\" \/>\n<meta property=\"article:modified_time\" content=\"2025-01-23T12:48:05+00:00\" \/>\n<meta property=\"og:image\" content=\"https:\/\/www.euromi.com\/wp-content\/uploads\/2022\/01\/Brassiere-femme.jpg\" \/>\n\t<meta property=\"og:image:width\" content=\"980\" \/>\n\t<meta property=\"og:image:height\" content=\"1401\" \/>\n\t<meta property=\"og:image:type\" content=\"image\/jpeg\" \/>\n<meta name=\"twitter:card\" content=\"summary_large_image\" \/>\n<script type=\"application\/ld+json\" class=\"yoast-schema-graph\">{\"@context\":\"https:\/\/schema.org\",\"@graph\":[{\"@type\":\"Organization\",\"@id\":\"https:\/\/www.euromi.com\/fr\/#organization\",\"name\":\"Euromi\",\"url\":\"https:\/\/www.euromi.com\/fr\/\",\"sameAs\":[],\"logo\":{\"@type\":\"ImageObject\",\"@id\":\"https:\/\/www.euromi.com\/fr\/#logo\",\"inLanguage\":\"fr-FR\",\"url\":\"https:\/\/www.euromi.com\/wp-content\/uploads\/2021\/10\/cropped-favicon.jpg\",\"contentUrl\":\"https:\/\/www.euromi.com\/wp-content\/uploads\/2021\/10\/cropped-favicon.jpg\",\"width\":512,\"height\":512,\"caption\":\"Euromi\"},\"image\":{\"@id\":\"https:\/\/www.euromi.com\/fr\/#logo\"}},{\"@type\":\"WebSite\",\"@id\":\"https:\/\/www.euromi.com\/fr\/#website\",\"url\":\"https:\/\/www.euromi.com\/fr\/\",\"name\":\"Euromi\",\"description\":\"Fabricant de Mat\u00e9riel M\u00e9dical\",\"publisher\":{\"@id\":\"https:\/\/www.euromi.com\/fr\/#organization\"},\"potentialAction\":[{\"@type\":\"SearchAction\",\"target\":{\"@type\":\"EntryPoint\",\"urlTemplate\":\"https:\/\/www.euromi.com\/fr\/?s={search_term_string}\"},\"query-input\":\"required name=search_term_string\"}],\"inLanguage\":\"fr-FR\"},{\"@type\":\"ImageObject\",\"@id\":\"https:\/\/www.euromi.com\/fr\/p\/brassiere-femme\/#primaryimage\",\"inLanguage\":\"fr-FR\",\"url\":\"https:\/\/www.euromi.com\/wp-content\/uploads\/2022\/01\/Brassiere-femme.jpg\",\"contentUrl\":\"https:\/\/www.euromi.com\/wp-content\/uploads\/2022\/01\/Brassiere-femme.jpg\",\"width\":980,\"height\":1401},{\"@type\":\"WebPage\",\"@id\":\"https:\/\/www.euromi.com\/fr\/p\/brassiere-femme\/#webpage\",\"url\":\"https:\/\/www.euromi.com\/fr\/p\/brassiere-femme\/\",\"name\":\"Brassi\u00e8re femme pour chirurgie esth\u00e9tique - Euromi\",\"isPartOf\":{\"@id\":\"https:\/\/www.euromi.com\/fr\/#website\"},\"primaryImageOfPage\":{\"@id\":\"https:\/\/www.euromi.com\/fr\/p\/brassiere-femme\/#primaryimage\"},\"datePublished\":\"2022-01-18T09:17:32+00:00\",\"dateModified\":\"2025-01-23T12:48:05+00:00\",\"description\":\"La brassi\u00e8re femme est un v\u00eatement compressif indiqu\u00e9 pour maintenir vos bras apr\u00e8s un lifting, une liposuccion, une correction de pt\u00f4se\u2026\",\"breadcrumb\":{\"@id\":\"https:\/\/www.euromi.com\/fr\/p\/brassiere-femme\/#breadcrumb\"},\"inLanguage\":\"fr-FR\",\"potentialAction\":[{\"@type\":\"ReadAction\",\"target\":[\"https:\/\/www.euromi.com\/fr\/p\/brassiere-femme\/\"]}]},{\"@type\":\"BreadcrumbList\",\"@id\":\"https:\/\/www.euromi.com\/fr\/p\/brassiere-femme\/#breadcrumb\",\"itemListElement\":[{\"@type\":\"ListItem\",\"position\":1,\"name\":\"Accueil\",\"item\":\"https:\/\/www.euromi.com\/fr\/\"},{\"@type\":\"ListItem\",\"position\":2,\"name\":\"Boutique\",\"item\":\"https:\/\/www.euromi.com\/fr\/boutique\/\"},{\"@type\":\"ListItem\",\"position\":3,\"name\":\"V\u00eatements et pansements\",\"item\":\"https:\/\/www.euromi.com\/fr\/catp\/vetements-chirurgicaux-et-pansements\/\"},{\"@type\":\"ListItem\",\"position\":4,\"name\":\"V\u00eatements compressifs\",\"item\":\"https:\/\/www.euromi.com\/fr\/catp\/vetements-chirurgicaux-et-pansements\/vetements-compressifs\/\"},{\"@type\":\"ListItem\",\"position\":5,\"name\":\"Chirurgie esth\u00e9tique et plastique\",\"item\":\"https:\/\/www.euromi.com\/fr\/catp\/vetements-chirurgicaux-et-pansements\/vetements-compressifs\/vetement-chirurgie-esthetique-et-plastique\/\"},{\"@type\":\"ListItem\",\"position\":6,\"name\":\"Autres orth\u00e8ses\",\"item\":\"https:\/\/www.euromi.com\/fr\/catp\/vetements-chirurgicaux-et-pansements\/vetements-compressifs\/vetement-chirurgie-esthetique-et-plastique\/autres-ortheses\/\"},{\"@type\":\"ListItem\",\"position\":7,\"name\":\"Brassi\u00e8re femme\"}]}]}<\/script>\n<!-- \/ Yoast SEO plugin. -->","yoast_head_json":{"title":"Brassi\u00e8re femme pour chirurgie esth\u00e9tique - Euromi","description":"La brassi\u00e8re femme est un v\u00eatement compressif indiqu\u00e9 pour maintenir vos bras apr\u00e8s un lifting, une liposuccion, une correction de pt\u00f4se\u2026","robots":{"index":"index","follow":"follow","max-snippet":"max-snippet:-1","max-image-preview":"max-image-preview:large","max-video-preview":"max-video-preview:-1"},"canonical":"https:\/\/www.euromi.com\/fr\/p\/brassiere-femme\/","og_locale":"fr_FR","og_type":"article","og_title":"Brassi\u00e8re femme pour chirurgie esth\u00e9tique - Euromi","og_description":"La brassi\u00e8re femme est un v\u00eatement compressif indiqu\u00e9 pour maintenir vos bras apr\u00e8s un lifting, une liposuccion, une correction de pt\u00f4se\u2026","og_url":"https:\/\/www.euromi.com\/fr\/p\/brassiere-femme\/","og_site_name":"Euromi","article_modified_time":"2025-01-23T12:48:05+00:00","og_image":[{"width":980,"height":1401,"url":"https:\/\/www.euromi.com\/wp-content\/uploads\/2022\/01\/Brassiere-femme.jpg","type":"image\/jpeg"}],"twitter_card":"summary_large_image","schema":{"@context":"https:\/\/schema.org","@graph":[{"@type":"Organization","@id":"https:\/\/www.euromi.com\/fr\/#organization","name":"Euromi","url":"https:\/\/www.euromi.com\/fr\/","sameAs":[],"logo":{"@type":"ImageObject","@id":"https:\/\/www.euromi.com\/fr\/#logo","inLanguage":"fr-FR","url":"https:\/\/www.euromi.com\/wp-content\/uploads\/2021\/10\/cropped-favicon.jpg","contentUrl":"https:\/\/www.euromi.com\/wp-content\/uploads\/2021\/10\/cropped-favicon.jpg","width":512,"height":512,"caption":"Euromi"},"image":{"@id":"https:\/\/www.euromi.com\/fr\/#logo"}},{"@type":"WebSite","@id":"https:\/\/www.euromi.com\/fr\/#website","url":"https:\/\/www.euromi.com\/fr\/","name":"Euromi","description":"Fabricant de Mat\u00e9riel M\u00e9dical","publisher":{"@id":"https:\/\/www.euromi.com\/fr\/#organization"},"potentialAction":[{"@type":"SearchAction","target":{"@type":"EntryPoint","urlTemplate":"https:\/\/www.euromi.com\/fr\/?s={search_term_string}"},"query-input":"required name=search_term_string"}],"inLanguage":"fr-FR"},{"@type":"ImageObject","@id":"https:\/\/www.euromi.com\/fr\/p\/brassiere-femme\/#primaryimage","inLanguage":"fr-FR","url":"https:\/\/www.euromi.com\/wp-content\/uploads\/2022\/01\/Brassiere-femme.jpg","contentUrl":"https:\/\/www.euromi.com\/wp-content\/uploads\/2022\/01\/Brassiere-femme.jpg","width":980,"height":1401},{"@type":"WebPage","@id":"https:\/\/www.euromi.com\/fr\/p\/brassiere-femme\/#webpage","url":"https:\/\/www.euromi.com\/fr\/p\/brassiere-femme\/","name":"Brassi\u00e8re femme pour chirurgie esth\u00e9tique - Euromi","isPartOf":{"@id":"https:\/\/www.euromi.com\/fr\/#website"},"primaryImageOfPage":{"@id":"https:\/\/www.euromi.com\/fr\/p\/brassiere-femme\/#primaryimage"},"datePublished":"2022-01-18T09:17:32+00:00","dateModified":"2025-01-23T12:48:05+00:00","description":"La brassi\u00e8re femme est un v\u00eatement compressif indiqu\u00e9 pour maintenir vos bras apr\u00e8s un lifting, une liposuccion, une correction de pt\u00f4se\u2026","breadcrumb":{"@id":"https:\/\/www.euromi.com\/fr\/p\/brassiere-femme\/#breadcrumb"},"inLanguage":"fr-FR","potentialAction":[{"@type":"ReadAction","target":["https:\/\/www.euromi.com\/fr\/p\/brassiere-femme\/"]}]},{"@type":"BreadcrumbList","@id":"https:\/\/www.euromi.com\/fr\/p\/brassiere-femme\/#breadcrumb","itemListElement":[{"@type":"ListItem","position":1,"name":"Accueil","item":"https:\/\/www.euromi.com\/fr\/"},{"@type":"ListItem","position":2,"name":"Boutique","item":"https:\/\/www.euromi.com\/fr\/boutique\/"},{"@type":"ListItem","position":3,"name":"V\u00eatements et pansements","item":"https:\/\/www.euromi.com\/fr\/catp\/vetements-chirurgicaux-et-pansements\/"},{"@type":"ListItem","position":4,"name":"V\u00eatements compressifs","item":"https:\/\/www.euromi.com\/fr\/catp\/vetements-chirurgicaux-et-pansements\/vetements-compressifs\/"},{"@type":"ListItem","position":5,"name":"Chirurgie esth\u00e9tique et plastique","item":"https:\/\/www.euromi.com\/fr\/catp\/vetements-chirurgicaux-et-pansements\/vetements-compressifs\/vetement-chirurgie-esthetique-et-plastique\/"},{"@type":"ListItem","position":6,"name":"Autres orth\u00e8ses","item":"https:\/\/www.euromi.com\/fr\/catp\/vetements-chirurgicaux-et-pansements\/vetements-compressifs\/vetement-chirurgie-esthetique-et-plastique\/autres-ortheses\/"},{"@type":"ListItem","position":7,"name":"Brassi\u00e8re femme"}]}]}},"jetpack-related-posts":[{"id":2065,"url":"https:\/\/www.euromi.com\/fr\/p\/brassiere-ouverte-esthetique\/","url_meta":{"origin":2127,"position":0},"title":"Brassi\u00e8re ouverte","date":"17 janvier 2022","format":false,"excerpt":"La brassi\u00e8re ouverte est le v\u00eatement compressif appropri\u00e9 dans le cas d'une pt\u00f4se cutan\u00e9e au niveau des bras ou d'une lipoaspiration de la face interne des bras. Cette brassi\u00e8re est r\u00e9alis\u00e9e dans un tissu compressif dont les coutures sont plac\u00e9es sur l\u2019ext\u00e9rieur pour ne pas marquer la peau. Elle se\u2026","rel":"","context":"Article similaire","img":{"alt_text":"","src":"https:\/\/i0.wp.com\/www.euromi.com\/wp-content\/uploads\/2022\/01\/Brassiere-ouverte.jpg?resize=350%2C200&ssl=1","width":350,"height":200},"classes":[]},{"id":1596,"url":"https:\/\/www.euromi.com\/fr\/p\/body-post-operatoire-femme\/","url_meta":{"origin":2127,"position":1},"title":"Body femme","date":"27 d\u00e9cembre 2021","format":false,"excerpt":"Le body femme offre le maintien n\u00e9cessaire et appropri\u00e9 suite \u00e0 une liposuccion du ventre et des hanches. Le haut du body est compos\u00e9 de bonnets en microfibre, qui accentuent l\u2019esth\u00e9tisme et le confort du v\u00eatement. \u00a0 Ne pas utiliser sur plaie ouverte, ni en cas de phl\u00e9bite. \u00a0 Si\u2026","rel":"","context":"Article similaire","img":{"alt_text":"BODY femme","src":"https:\/\/i0.wp.com\/www.euromi.com\/wp-content\/uploads\/2021\/12\/BODYS-Body-femme.jpg?resize=350%2C200&ssl=1","width":350,"height":200},"classes":[]},{"id":2109,"url":"https:\/\/www.euromi.com\/fr\/p\/chevillere-postoperatoire\/","url_meta":{"origin":2127,"position":2},"title":"Chevill\u00e8re","date":"17 janvier 2022","format":false,"excerpt":"La chevill\u00e8re est indiqu\u00e9e pour contenir l\u2019\u0153d\u00e8me post-op\u00e9ratoire apr\u00e8s une liposuccion des mollets et des chevilles. Elle est r\u00e9alis\u00e9e dans un tissu compressif, dont le taux de compression est sp\u00e9cialement \u00e9tudi\u00e9, avec des coutures ext\u00e9rieures pour ne pas marquer votre peau. \u00a0 Si vos mesures ne correspondent pas \u00e0 celles\u2026","rel":"","context":"Article similaire","img":{"alt_text":"","src":"https:\/\/i0.wp.com\/www.euromi.com\/wp-content\/uploads\/2022\/01\/Chevillere.jpg?resize=350%2C200&ssl=1","width":350,"height":200},"classes":[]},{"id":2506,"url":"https:\/\/www.euromi.com\/fr\/p\/manchon-pour-grand-brule\/","url_meta":{"origin":2127,"position":3},"title":"Manchons pour grand br\u00fbl\u00e9","date":"25 janvier 2022","format":false,"excerpt":"Les manchons pour grand br\u00fbl\u00e9 sont r\u00e9alis\u00e9s selon la zone concern\u00e9e\u00a0: cuisse, mollet, jambe, biceps, avant-bras, bras. Ce sont des v\u00eatements compressifs qui sont prescrits lors de s\u00e9v\u00e8res br\u00fblures ou greffe de peau. La compression de la zone permettra de pr\u00e9venir ou traiter les cicatrices hypertrophiques et brides r\u00e9tractiles. \u00a0\u2026","rel":"","context":"Article similaire","img":{"alt_text":"","src":"https:\/\/i0.wp.com\/www.euromi.com\/wp-content\/uploads\/2022\/01\/Manchon-biceps-grand-brule.jpg?resize=350%2C200&ssl=1","width":350,"height":200},"classes":[]},{"id":2024,"url":"https:\/\/www.euromi.com\/fr\/p\/mentonniere-chirurgie-esthetique\/","url_meta":{"origin":2127,"position":4},"title":"Mentonni\u00e8re","date":"14 janvier 2022","format":false,"excerpt":"La mentonni\u00e8re est un v\u00eatement compressif utilis\u00e9 \u00e0 la suite d\u2019une liposuccion submentonale (double menton) afin de r\u00e9duire l\u2019\u0153d\u00e8me post-op\u00e9ratoire. La mise en place est facilit\u00e9e gr\u00e2ce \u00e0 de larges bandes auto-agrippantes. Celles-ci permettent notamment d\u2019adapter la contention. Les coutures ext\u00e9rieures ne marquent pas la peau et am\u00e9liorent le confort.\u2026","rel":"","context":"Article similaire","img":{"alt_text":"","src":"https:\/\/i0.wp.com\/www.euromi.com\/wp-content\/uploads\/2022\/01\/Visage-Mentonniere.jpg?resize=350%2C200&ssl=1","width":350,"height":200},"classes":[]},{"id":1842,"url":"https:\/\/www.euromi.com\/fr\/p\/pantys-court-post-operatoire\/","url_meta":{"origin":2127,"position":5},"title":"Panty court","date":"13 janvier 2022","format":false,"excerpt":"Le panty court (haut ou bas), permet de r\u00e9duire l'\u0153d\u00e8me post-op\u00e9ratoire suite \u00e0 une liposuccion des cuisses, du bassin, des hanches et du ventre (bas-ventre pour le mod\u00e8le bas), gr\u00e2ce \u00e0 la pression qu'il exerce sur le corps. Le panty pr\u00e9vient \u00e9galement du ph\u00e9nom\u00e8ne de \u00ab\u00a0vague\u00a0\u00bb qui peut survenir sur\u2026","rel":"","context":"Article similaire","img":{"alt_text":"Panty-Bas-court","src":"https:\/\/i0.wp.com\/www.euromi.com\/wp-content\/uploads\/2022\/01\/PANTYS-Panty-Bas-court.jpg?resize=350%2C200&ssl=1","width":350,"height":200},"classes":[]}],"_links":{"self":[{"href":"https:\/\/www.euromi.com\/fr\/wp-json\/wp\/v2\/product\/2127"}],"collection":[{"href":"https:\/\/www.euromi.com\/fr\/wp-json\/wp\/v2\/product"}],"about":[{"href":"https:\/\/www.euromi.com\/fr\/wp-json\/wp\/v2\/types\/product"}],"wp:featuredmedia":[{"embeddable":true,"href":"https:\/\/www.euromi.com\/fr\/wp-json\/wp\/v2\/media\/2069"}],"wp:attachment":[{"href":"https:\/\/www.euromi.com\/fr\/wp-json\/wp\/v2\/media?parent=2127"}],"wp:term":[{"taxonomy":"product_cat","embeddable":true,"href":"https:\/\/www.euromi.com\/fr\/wp-json\/wp\/v2\/product_cat?post=2127"},{"taxonomy":"product_tag","embeddable":true,"href":"https:\/\/www.euromi.com\/fr\/wp-json\/wp\/v2\/product_tag?post=2127"}],"curies":[{"name":"wp","href":"https:\/\/api.w.org\/{rel}","templated":true}]}}