{"id":2118,"date":"2022-01-17T17:38:30","date_gmt":"2022-01-17T16:38:30","guid":{"rendered":"https:\/\/www.euromi.com\/?post_type=product&#038;p=2118"},"modified":"2025-01-23T13:46:10","modified_gmt":"2025-01-23T12:46:10","slug":"manche-manchon-esthetique","status":"publish","type":"product","link":"https:\/\/www.euromi.com\/fr\/p\/manche-manchon-esthetique\/","title":{"rendered":"Manche \/ Manchon"},"content":{"rendered":"<p>La <strong>manche<\/strong> (longueur sup\u00e9rieure \u00e0 20 cm) et le <strong>manchon<\/strong> (longueur inf\u00e9rieure \u00e0 20 cm) apportent la contention n\u00e9cessaire apr\u00e8s une <strong>liposuccion<\/strong> ou un <strong>lifting des bras<\/strong>.<\/p>\n<p>Les coutures ext\u00e9rieures et la finition agrippante silicon\u00e9e assurent confort et accroche.<\/p>\n<p>&nbsp;<\/p>\n<p><span style=\"text-decoration: underline;\"><strong>Nous r\u00e9alisons les manches et manchons selon vos mesures, merci donc de nous contacter pour plus d\u2019informations ou pour passer commande.<\/strong><\/span><\/p>\n<p><em>\u00a0<\/em><\/p>\n<p><em>Ne pas utiliser sur plaie ouverte, ni en cas de phl\u00e9bite.<\/em><\/p>\n","protected":false},"excerpt":{"rendered":"<p>La manche (longueur sup\u00e9rieure \u00e0 20 cm) et le manchon (longueur inf\u00e9rieure \u00e0 20 cm) apportent la contention n\u00e9cessaire apr\u00e8s une liposuccion ou un lifting des bras. Les coutures ext\u00e9rieures et la finition agrippante silicon\u00e9e assurent confort et accroche. &nbsp; Nous r\u00e9alisons les manches et manchons selon vos mesures, merci donc de nous contacter pour [&hellip;]<\/p>\n","protected":false},"featured_media":2083,"template":"","meta":{"_et_pb_use_builder":"","_et_pb_old_content":"","_et_gb_content_width":"","spay_email":""},"product_cat":[43,49,50],"product_tag":[],"yoast_head":"<!-- This site is optimized with the Yoast SEO plugin v18.2 - https:\/\/yoast.com\/wordpress\/plugins\/seo\/ -->\n<title>Manche \/ Manchon pour chirurgie esth\u00e9tique - Euromi<\/title>\n<meta name=\"description\" content=\"La manche (longueur sup\u00e9rieure \u00e0 20 cm) et le manchon (longueur inf\u00e9rieure \u00e0 20 cm) apportent la contention n\u00e9cessaire apr\u00e8s une liposuccion ou un lifting des bras.\" \/>\n<meta name=\"robots\" content=\"index, follow, max-snippet:-1, max-image-preview:large, max-video-preview:-1\" \/>\n<link rel=\"canonical\" href=\"https:\/\/www.euromi.com\/fr\/p\/manche-manchon-esthetique\/\" \/>\n<meta property=\"og:locale\" content=\"fr_FR\" \/>\n<meta property=\"og:type\" content=\"article\" \/>\n<meta property=\"og:title\" content=\"Manche \/ Manchon pour chirurgie esth\u00e9tique - Euromi\" \/>\n<meta property=\"og:description\" content=\"La manche (longueur sup\u00e9rieure \u00e0 20 cm) et le manchon (longueur inf\u00e9rieure \u00e0 20 cm) apportent la contention n\u00e9cessaire apr\u00e8s une liposuccion ou un lifting des bras.\" \/>\n<meta property=\"og:url\" content=\"https:\/\/www.euromi.com\/fr\/p\/manche-manchon-esthetique\/\" \/>\n<meta property=\"og:site_name\" content=\"Euromi\" \/>\n<meta property=\"article:modified_time\" content=\"2025-01-23T12:46:10+00:00\" \/>\n<meta property=\"og:image\" content=\"https:\/\/www.euromi.com\/wp-content\/uploads\/2022\/01\/Manchon.jpg\" \/>\n\t<meta property=\"og:image:width\" content=\"980\" \/>\n\t<meta property=\"og:image:height\" content=\"1401\" \/>\n\t<meta property=\"og:image:type\" content=\"image\/jpeg\" \/>\n<meta name=\"twitter:card\" content=\"summary_large_image\" \/>\n<script type=\"application\/ld+json\" class=\"yoast-schema-graph\">{\"@context\":\"https:\/\/schema.org\",\"@graph\":[{\"@type\":\"Organization\",\"@id\":\"https:\/\/www.euromi.com\/fr\/#organization\",\"name\":\"Euromi\",\"url\":\"https:\/\/www.euromi.com\/fr\/\",\"sameAs\":[],\"logo\":{\"@type\":\"ImageObject\",\"@id\":\"https:\/\/www.euromi.com\/fr\/#logo\",\"inLanguage\":\"fr-FR\",\"url\":\"https:\/\/www.euromi.com\/wp-content\/uploads\/2021\/10\/cropped-favicon.jpg\",\"contentUrl\":\"https:\/\/www.euromi.com\/wp-content\/uploads\/2021\/10\/cropped-favicon.jpg\",\"width\":512,\"height\":512,\"caption\":\"Euromi\"},\"image\":{\"@id\":\"https:\/\/www.euromi.com\/fr\/#logo\"}},{\"@type\":\"WebSite\",\"@id\":\"https:\/\/www.euromi.com\/fr\/#website\",\"url\":\"https:\/\/www.euromi.com\/fr\/\",\"name\":\"Euromi\",\"description\":\"Fabricant de Mat\u00e9riel M\u00e9dical\",\"publisher\":{\"@id\":\"https:\/\/www.euromi.com\/fr\/#organization\"},\"potentialAction\":[{\"@type\":\"SearchAction\",\"target\":{\"@type\":\"EntryPoint\",\"urlTemplate\":\"https:\/\/www.euromi.com\/fr\/?s={search_term_string}\"},\"query-input\":\"required name=search_term_string\"}],\"inLanguage\":\"fr-FR\"},{\"@type\":\"ImageObject\",\"@id\":\"https:\/\/www.euromi.com\/fr\/p\/manche-manchon-esthetique\/#primaryimage\",\"inLanguage\":\"fr-FR\",\"url\":\"https:\/\/www.euromi.com\/wp-content\/uploads\/2022\/01\/Manchon.jpg\",\"contentUrl\":\"https:\/\/www.euromi.com\/wp-content\/uploads\/2022\/01\/Manchon.jpg\",\"width\":980,\"height\":1401},{\"@type\":\"WebPage\",\"@id\":\"https:\/\/www.euromi.com\/fr\/p\/manche-manchon-esthetique\/#webpage\",\"url\":\"https:\/\/www.euromi.com\/fr\/p\/manche-manchon-esthetique\/\",\"name\":\"Manche \/ Manchon pour chirurgie esth\u00e9tique - Euromi\",\"isPartOf\":{\"@id\":\"https:\/\/www.euromi.com\/fr\/#website\"},\"primaryImageOfPage\":{\"@id\":\"https:\/\/www.euromi.com\/fr\/p\/manche-manchon-esthetique\/#primaryimage\"},\"datePublished\":\"2022-01-17T16:38:30+00:00\",\"dateModified\":\"2025-01-23T12:46:10+00:00\",\"description\":\"La manche (longueur sup\u00e9rieure \u00e0 20 cm) et le manchon (longueur inf\u00e9rieure \u00e0 20 cm) apportent la contention n\u00e9cessaire apr\u00e8s une liposuccion ou un lifting des bras.\",\"breadcrumb\":{\"@id\":\"https:\/\/www.euromi.com\/fr\/p\/manche-manchon-esthetique\/#breadcrumb\"},\"inLanguage\":\"fr-FR\",\"potentialAction\":[{\"@type\":\"ReadAction\",\"target\":[\"https:\/\/www.euromi.com\/fr\/p\/manche-manchon-esthetique\/\"]}]},{\"@type\":\"BreadcrumbList\",\"@id\":\"https:\/\/www.euromi.com\/fr\/p\/manche-manchon-esthetique\/#breadcrumb\",\"itemListElement\":[{\"@type\":\"ListItem\",\"position\":1,\"name\":\"Accueil\",\"item\":\"https:\/\/www.euromi.com\/fr\/\"},{\"@type\":\"ListItem\",\"position\":2,\"name\":\"Boutique\",\"item\":\"https:\/\/www.euromi.com\/fr\/boutique\/\"},{\"@type\":\"ListItem\",\"position\":3,\"name\":\"V\u00eatements et pansements\",\"item\":\"https:\/\/www.euromi.com\/fr\/catp\/vetements-chirurgicaux-et-pansements\/\"},{\"@type\":\"ListItem\",\"position\":4,\"name\":\"V\u00eatements compressifs\",\"item\":\"https:\/\/www.euromi.com\/fr\/catp\/vetements-chirurgicaux-et-pansements\/vetements-compressifs\/\"},{\"@type\":\"ListItem\",\"position\":5,\"name\":\"Chirurgie esth\u00e9tique et plastique\",\"item\":\"https:\/\/www.euromi.com\/fr\/catp\/vetements-chirurgicaux-et-pansements\/vetements-compressifs\/vetement-chirurgie-esthetique-et-plastique\/\"},{\"@type\":\"ListItem\",\"position\":6,\"name\":\"Autres orth\u00e8ses\",\"item\":\"https:\/\/www.euromi.com\/fr\/catp\/vetements-chirurgicaux-et-pansements\/vetements-compressifs\/vetement-chirurgie-esthetique-et-plastique\/autres-ortheses\/\"},{\"@type\":\"ListItem\",\"position\":7,\"name\":\"Manche \/ Manchon\"}]}]}<\/script>\n<!-- \/ Yoast SEO plugin. -->","yoast_head_json":{"title":"Manche \/ Manchon pour chirurgie esth\u00e9tique - Euromi","description":"La manche (longueur sup\u00e9rieure \u00e0 20 cm) et le manchon (longueur inf\u00e9rieure \u00e0 20 cm) apportent la contention n\u00e9cessaire apr\u00e8s une liposuccion ou un lifting des bras.","robots":{"index":"index","follow":"follow","max-snippet":"max-snippet:-1","max-image-preview":"max-image-preview:large","max-video-preview":"max-video-preview:-1"},"canonical":"https:\/\/www.euromi.com\/fr\/p\/manche-manchon-esthetique\/","og_locale":"fr_FR","og_type":"article","og_title":"Manche \/ Manchon pour chirurgie esth\u00e9tique - Euromi","og_description":"La manche (longueur sup\u00e9rieure \u00e0 20 cm) et le manchon (longueur inf\u00e9rieure \u00e0 20 cm) apportent la contention n\u00e9cessaire apr\u00e8s une liposuccion ou un lifting des bras.","og_url":"https:\/\/www.euromi.com\/fr\/p\/manche-manchon-esthetique\/","og_site_name":"Euromi","article_modified_time":"2025-01-23T12:46:10+00:00","og_image":[{"width":980,"height":1401,"url":"https:\/\/www.euromi.com\/wp-content\/uploads\/2022\/01\/Manchon.jpg","type":"image\/jpeg"}],"twitter_card":"summary_large_image","schema":{"@context":"https:\/\/schema.org","@graph":[{"@type":"Organization","@id":"https:\/\/www.euromi.com\/fr\/#organization","name":"Euromi","url":"https:\/\/www.euromi.com\/fr\/","sameAs":[],"logo":{"@type":"ImageObject","@id":"https:\/\/www.euromi.com\/fr\/#logo","inLanguage":"fr-FR","url":"https:\/\/www.euromi.com\/wp-content\/uploads\/2021\/10\/cropped-favicon.jpg","contentUrl":"https:\/\/www.euromi.com\/wp-content\/uploads\/2021\/10\/cropped-favicon.jpg","width":512,"height":512,"caption":"Euromi"},"image":{"@id":"https:\/\/www.euromi.com\/fr\/#logo"}},{"@type":"WebSite","@id":"https:\/\/www.euromi.com\/fr\/#website","url":"https:\/\/www.euromi.com\/fr\/","name":"Euromi","description":"Fabricant de Mat\u00e9riel M\u00e9dical","publisher":{"@id":"https:\/\/www.euromi.com\/fr\/#organization"},"potentialAction":[{"@type":"SearchAction","target":{"@type":"EntryPoint","urlTemplate":"https:\/\/www.euromi.com\/fr\/?s={search_term_string}"},"query-input":"required name=search_term_string"}],"inLanguage":"fr-FR"},{"@type":"ImageObject","@id":"https:\/\/www.euromi.com\/fr\/p\/manche-manchon-esthetique\/#primaryimage","inLanguage":"fr-FR","url":"https:\/\/www.euromi.com\/wp-content\/uploads\/2022\/01\/Manchon.jpg","contentUrl":"https:\/\/www.euromi.com\/wp-content\/uploads\/2022\/01\/Manchon.jpg","width":980,"height":1401},{"@type":"WebPage","@id":"https:\/\/www.euromi.com\/fr\/p\/manche-manchon-esthetique\/#webpage","url":"https:\/\/www.euromi.com\/fr\/p\/manche-manchon-esthetique\/","name":"Manche \/ Manchon pour chirurgie esth\u00e9tique - Euromi","isPartOf":{"@id":"https:\/\/www.euromi.com\/fr\/#website"},"primaryImageOfPage":{"@id":"https:\/\/www.euromi.com\/fr\/p\/manche-manchon-esthetique\/#primaryimage"},"datePublished":"2022-01-17T16:38:30+00:00","dateModified":"2025-01-23T12:46:10+00:00","description":"La manche (longueur sup\u00e9rieure \u00e0 20 cm) et le manchon (longueur inf\u00e9rieure \u00e0 20 cm) apportent la contention n\u00e9cessaire apr\u00e8s une liposuccion ou un lifting des bras.","breadcrumb":{"@id":"https:\/\/www.euromi.com\/fr\/p\/manche-manchon-esthetique\/#breadcrumb"},"inLanguage":"fr-FR","potentialAction":[{"@type":"ReadAction","target":["https:\/\/www.euromi.com\/fr\/p\/manche-manchon-esthetique\/"]}]},{"@type":"BreadcrumbList","@id":"https:\/\/www.euromi.com\/fr\/p\/manche-manchon-esthetique\/#breadcrumb","itemListElement":[{"@type":"ListItem","position":1,"name":"Accueil","item":"https:\/\/www.euromi.com\/fr\/"},{"@type":"ListItem","position":2,"name":"Boutique","item":"https:\/\/www.euromi.com\/fr\/boutique\/"},{"@type":"ListItem","position":3,"name":"V\u00eatements et pansements","item":"https:\/\/www.euromi.com\/fr\/catp\/vetements-chirurgicaux-et-pansements\/"},{"@type":"ListItem","position":4,"name":"V\u00eatements compressifs","item":"https:\/\/www.euromi.com\/fr\/catp\/vetements-chirurgicaux-et-pansements\/vetements-compressifs\/"},{"@type":"ListItem","position":5,"name":"Chirurgie esth\u00e9tique et plastique","item":"https:\/\/www.euromi.com\/fr\/catp\/vetements-chirurgicaux-et-pansements\/vetements-compressifs\/vetement-chirurgie-esthetique-et-plastique\/"},{"@type":"ListItem","position":6,"name":"Autres orth\u00e8ses","item":"https:\/\/www.euromi.com\/fr\/catp\/vetements-chirurgicaux-et-pansements\/vetements-compressifs\/vetement-chirurgie-esthetique-et-plastique\/autres-ortheses\/"},{"@type":"ListItem","position":7,"name":"Manche \/ Manchon"}]}]}},"jetpack-related-posts":[{"id":2506,"url":"https:\/\/www.euromi.com\/fr\/p\/manchon-pour-grand-brule\/","url_meta":{"origin":2118,"position":0},"title":"Manchons pour grand br\u00fbl\u00e9","date":"25 janvier 2022","format":false,"excerpt":"Les manchons pour grand br\u00fbl\u00e9 sont r\u00e9alis\u00e9s selon la zone concern\u00e9e\u00a0: cuisse, mollet, jambe, biceps, avant-bras, bras. Ce sont des v\u00eatements compressifs qui sont prescrits lors de s\u00e9v\u00e8res br\u00fblures ou greffe de peau. La compression de la zone permettra de pr\u00e9venir ou traiter les cicatrices hypertrophiques et brides r\u00e9tractiles. \u00a0\u2026","rel":"","context":"Article similaire","img":{"alt_text":"","src":"https:\/\/i0.wp.com\/www.euromi.com\/wp-content\/uploads\/2022\/01\/Manchon-biceps-grand-brule.jpg?resize=350%2C200&ssl=1","width":350,"height":200},"classes":[]},{"id":2096,"url":"https:\/\/www.euromi.com\/fr\/p\/manches-reliees-chirurgie-esthetique\/","url_meta":{"origin":2118,"position":1},"title":"Manches reli\u00e9es","date":"17 janvier 2022","format":false,"excerpt":"Les manches reli\u00e9es sont indiqu\u00e9es dans le cas de correction de pt\u00f4se cutan\u00e9e des bras, d\u2019un lifting des bras, ou encore d\u2019une liposuccion de la face interne des bras. Une fermeture dans le dos par triple agrafage permet d\u2019ajuster facilement le v\u00eatement compressif \u00e0 votre morphologie. Pour encore plus de\u2026","rel":"","context":"Article similaire","img":{"alt_text":"","src":"https:\/\/i0.wp.com\/www.euromi.com\/wp-content\/uploads\/2022\/01\/Manches-reliees-dos.jpg?resize=350%2C200&ssl=1","width":350,"height":200},"classes":[]},{"id":1913,"url":"https:\/\/www.euromi.com\/fr\/p\/panty-renfort-postoperatoire-euromi\/","url_meta":{"origin":2118,"position":2},"title":"Panty renfort","date":"14 janvier 2022","format":false,"excerpt":"Le panty renfort, dont le taux de compression a \u00e9t\u00e9 sp\u00e9cialement \u00e9tudi\u00e9, est indiqu\u00e9 pour la contention de l\u2019\u0153d\u00e8me post-op\u00e9ratoire suite \u00e0 une liposuccion. Il poss\u00e8de des renforts pour une compression optimale sur certaines zones. \u00a0 Nous proposons trois longueurs, au choix\u00a0: panty haut court (au-dessus du genou), panty haut\u2026","rel":"","context":"Article similaire","img":{"alt_text":"","src":"https:\/\/i0.wp.com\/www.euromi.com\/wp-content\/uploads\/2022\/01\/PANTYS-renfort-long.jpg?resize=350%2C200&ssl=1","width":350,"height":200},"classes":[]},{"id":1903,"url":"https:\/\/www.euromi.com\/fr\/p\/panty-cruroplastie\/","url_meta":{"origin":2118,"position":3},"title":"Panty cruroplastie","date":"14 janvier 2022","format":false,"excerpt":"Le panty cruroplastie, gr\u00e2ce \u00e0 ses coutures ext\u00e9rieures d\u00e9cal\u00e9es sur l\u2019avant, est particuli\u00e8rement adapt\u00e9 suite \u00e0 un lifting de la face interne de la cuisse. Le panty cruroplastie est donc utilis\u00e9 pour la contention de l'\u0153d\u00e8me post-op\u00e9ratoire mais \u00e9galement pour \u00e9viter le contact avec les cicatrices. Le taux de compression\u2026","rel":"","context":"Article similaire","img":{"alt_text":"","src":"https:\/\/i0.wp.com\/www.euromi.com\/wp-content\/uploads\/2022\/01\/PANTYS-cruroplastie-long.jpg?resize=350%2C200&ssl=1","width":350,"height":200},"classes":[]},{"id":1660,"url":"https:\/\/www.euromi.com\/fr\/p\/panty-lipofilling\/","url_meta":{"origin":2118,"position":4},"title":"Panty lipofilling","date":"30 d\u00e9cembre 2021","format":false,"excerpt":"Le panty lipofilling permet la contention de l'\u0153d\u00e8me post-op\u00e9ratoire suite \u00e0 un lipofilling des fesses. Il pr\u00e9vient \u00e9galement le ph\u00e9nom\u00e8ne de \"vagues\", d\u2019ondulation de la peau. Le taux de compression sp\u00e9cialement \u00e9tudi\u00e9 offre au patient une parfaite aisance et une totale mobilit\u00e9 tout en garantissant le maintien appropri\u00e9 aux suites\u2026","rel":"","context":"Article similaire","img":{"alt_text":"Pantys court","src":"https:\/\/i0.wp.com\/www.euromi.com\/wp-content\/uploads\/2021\/12\/PANTYS-lipofilling-court.jpg?resize=350%2C200&ssl=1","width":350,"height":200},"classes":[]},{"id":2028,"url":"https:\/\/www.euromi.com\/fr\/p\/bandeau-oreilles\/","url_meta":{"origin":2118,"position":5},"title":"Bandeau oreilles","date":"14 janvier 2022","format":false,"excerpt":"Le bandeau oreilles est un v\u00eatement compressif qu\u2019il est recommand\u00e9 de porter apr\u00e8s un remodelage du pavillon de l\u2019oreille, aussi appel\u00e9 otoplastie. De larges bandes auto-agrippantes permettent une contention appropri\u00e9e \u00e0 votre morphologie. De plus, notre bandeau oreilles est enti\u00e8rement doubl\u00e9 afin de ne pas marquer la peau. \u00a0 Deux\u2026","rel":"","context":"Article similaire","img":{"alt_text":"","src":"https:\/\/i0.wp.com\/www.euromi.com\/wp-content\/uploads\/2022\/01\/Visage-Bandeau-oreilles.jpg?resize=350%2C200&ssl=1","width":350,"height":200},"classes":[]}],"_links":{"self":[{"href":"https:\/\/www.euromi.com\/fr\/wp-json\/wp\/v2\/product\/2118"}],"collection":[{"href":"https:\/\/www.euromi.com\/fr\/wp-json\/wp\/v2\/product"}],"about":[{"href":"https:\/\/www.euromi.com\/fr\/wp-json\/wp\/v2\/types\/product"}],"wp:featuredmedia":[{"embeddable":true,"href":"https:\/\/www.euromi.com\/fr\/wp-json\/wp\/v2\/media\/2083"}],"wp:attachment":[{"href":"https:\/\/www.euromi.com\/fr\/wp-json\/wp\/v2\/media?parent=2118"}],"wp:term":[{"taxonomy":"product_cat","embeddable":true,"href":"https:\/\/www.euromi.com\/fr\/wp-json\/wp\/v2\/product_cat?post=2118"},{"taxonomy":"product_tag","embeddable":true,"href":"https:\/\/www.euromi.com\/fr\/wp-json\/wp\/v2\/product_tag?post=2118"}],"curies":[{"name":"wp","href":"https:\/\/api.w.org\/{rel}","templated":true}]}}