{"id":2114,"date":"2022-01-17T17:31:43","date_gmt":"2022-01-17T16:31:43","guid":{"rendered":"https:\/\/www.euromi.com\/?post_type=product&#038;p=2114"},"modified":"2025-01-23T13:31:48","modified_gmt":"2025-01-23T12:31:48","slug":"bolero-homme","status":"publish","type":"product","link":"https:\/\/www.euromi.com\/fr\/p\/bolero-homme\/","title":{"rendered":"Bol\u00e9ro homme"},"content":{"rendered":"<p>Le <strong>bol\u00e9ro pour homme<\/strong> est indiqu\u00e9 dans le cas d\u2019une correction de <strong>gyn\u00e9comastie<\/strong> (consiste \u00e0 r\u00e9duire la taille et le gonflement de la glande mammaire).<\/p>\n<p>Ce bol\u00e9ro est r\u00e9alis\u00e9 dans un <strong>tissu compressif<\/strong> pour apporter le maintien et confort n\u00e9cessaire.<\/p>\n<p>Il se ferme par un triple agrafage sur le devant, ce qui permet de le r\u00e9gler et d\u2019apporter la compression n\u00e9cessaire. Les coutures sont situ\u00e9es sur l\u2019ext\u00e9rieur pour ne pas marquer la peau.<\/p>\n<p>&nbsp;<\/p>\n<p>Si vos mesures ne correspondent pas \u00e0 celles figurant dans le guide des tailles ci-contre, merci de nous contacter.<\/p>\n<p><em>\u00a0<\/em><\/p>\n<p><em>Ne pas utiliser sur plaie ouverte, ni en cas de phl\u00e9bite.<\/em><\/p>\n","protected":false},"excerpt":{"rendered":"<p>Le bol\u00e9ro pour homme est indiqu\u00e9 dans le cas d\u2019une correction de gyn\u00e9comastie (consiste \u00e0 r\u00e9duire la taille et le gonflement de la glande mammaire). Ce bol\u00e9ro est r\u00e9alis\u00e9 dans un tissu compressif pour apporter le maintien et confort n\u00e9cessaire. Il se ferme par un triple agrafage sur le devant, ce qui permet de le [&hellip;]<\/p>\n","protected":false},"featured_media":2067,"template":"","meta":{"_et_pb_use_builder":"","_et_pb_old_content":"","_et_gb_content_width":"","spay_email":""},"product_cat":[43,49],"product_tag":[90,92],"yoast_head":"<!-- This site is optimized with the Yoast SEO plugin v18.2 - https:\/\/yoast.com\/wordpress\/plugins\/seo\/ -->\n<title>Bol\u00e9ro homme - chirurgie esth\u00e9tique - Euromi<\/title>\n<meta name=\"description\" content=\"Le bol\u00e9ro pour homme est indiqu\u00e9 dans le cas d\u2019une correction de gyn\u00e9comastie (consiste \u00e0 r\u00e9duire la taille et le gonflement de la glande mammaire).\" \/>\n<meta name=\"robots\" content=\"index, follow, max-snippet:-1, max-image-preview:large, max-video-preview:-1\" \/>\n<link rel=\"canonical\" href=\"https:\/\/www.euromi.com\/fr\/p\/bolero-homme\/\" \/>\n<meta property=\"og:locale\" content=\"fr_FR\" \/>\n<meta property=\"og:type\" content=\"article\" \/>\n<meta property=\"og:title\" content=\"Bol\u00e9ro homme - chirurgie esth\u00e9tique - Euromi\" \/>\n<meta property=\"og:description\" content=\"Le bol\u00e9ro pour homme est indiqu\u00e9 dans le cas d\u2019une correction de gyn\u00e9comastie (consiste \u00e0 r\u00e9duire la taille et le gonflement de la glande mammaire).\" \/>\n<meta property=\"og:url\" content=\"https:\/\/www.euromi.com\/fr\/p\/bolero-homme\/\" \/>\n<meta property=\"og:site_name\" content=\"Euromi\" \/>\n<meta property=\"article:modified_time\" content=\"2025-01-23T12:31:48+00:00\" \/>\n<meta property=\"og:image\" content=\"https:\/\/www.euromi.com\/wp-content\/uploads\/2022\/01\/Bolero.jpg\" \/>\n\t<meta property=\"og:image:width\" content=\"980\" \/>\n\t<meta property=\"og:image:height\" content=\"1401\" \/>\n\t<meta property=\"og:image:type\" content=\"image\/jpeg\" \/>\n<meta name=\"twitter:card\" content=\"summary_large_image\" \/>\n<script type=\"application\/ld+json\" class=\"yoast-schema-graph\">{\"@context\":\"https:\/\/schema.org\",\"@graph\":[{\"@type\":\"Organization\",\"@id\":\"https:\/\/www.euromi.com\/fr\/#organization\",\"name\":\"Euromi\",\"url\":\"https:\/\/www.euromi.com\/fr\/\",\"sameAs\":[],\"logo\":{\"@type\":\"ImageObject\",\"@id\":\"https:\/\/www.euromi.com\/fr\/#logo\",\"inLanguage\":\"fr-FR\",\"url\":\"https:\/\/www.euromi.com\/wp-content\/uploads\/2021\/10\/cropped-favicon.jpg\",\"contentUrl\":\"https:\/\/www.euromi.com\/wp-content\/uploads\/2021\/10\/cropped-favicon.jpg\",\"width\":512,\"height\":512,\"caption\":\"Euromi\"},\"image\":{\"@id\":\"https:\/\/www.euromi.com\/fr\/#logo\"}},{\"@type\":\"WebSite\",\"@id\":\"https:\/\/www.euromi.com\/fr\/#website\",\"url\":\"https:\/\/www.euromi.com\/fr\/\",\"name\":\"Euromi\",\"description\":\"Fabricant de Mat\u00e9riel M\u00e9dical\",\"publisher\":{\"@id\":\"https:\/\/www.euromi.com\/fr\/#organization\"},\"potentialAction\":[{\"@type\":\"SearchAction\",\"target\":{\"@type\":\"EntryPoint\",\"urlTemplate\":\"https:\/\/www.euromi.com\/fr\/?s={search_term_string}\"},\"query-input\":\"required name=search_term_string\"}],\"inLanguage\":\"fr-FR\"},{\"@type\":\"ImageObject\",\"@id\":\"https:\/\/www.euromi.com\/fr\/p\/bolero-homme\/#primaryimage\",\"inLanguage\":\"fr-FR\",\"url\":\"https:\/\/www.euromi.com\/wp-content\/uploads\/2022\/01\/Bolero.jpg\",\"contentUrl\":\"https:\/\/www.euromi.com\/wp-content\/uploads\/2022\/01\/Bolero.jpg\",\"width\":980,\"height\":1401},{\"@type\":\"WebPage\",\"@id\":\"https:\/\/www.euromi.com\/fr\/p\/bolero-homme\/#webpage\",\"url\":\"https:\/\/www.euromi.com\/fr\/p\/bolero-homme\/\",\"name\":\"Bol\u00e9ro homme - chirurgie esth\u00e9tique - Euromi\",\"isPartOf\":{\"@id\":\"https:\/\/www.euromi.com\/fr\/#website\"},\"primaryImageOfPage\":{\"@id\":\"https:\/\/www.euromi.com\/fr\/p\/bolero-homme\/#primaryimage\"},\"datePublished\":\"2022-01-17T16:31:43+00:00\",\"dateModified\":\"2025-01-23T12:31:48+00:00\",\"description\":\"Le bol\u00e9ro pour homme est indiqu\u00e9 dans le cas d\u2019une correction de gyn\u00e9comastie (consiste \u00e0 r\u00e9duire la taille et le gonflement de la glande mammaire).\",\"breadcrumb\":{\"@id\":\"https:\/\/www.euromi.com\/fr\/p\/bolero-homme\/#breadcrumb\"},\"inLanguage\":\"fr-FR\",\"potentialAction\":[{\"@type\":\"ReadAction\",\"target\":[\"https:\/\/www.euromi.com\/fr\/p\/bolero-homme\/\"]}]},{\"@type\":\"BreadcrumbList\",\"@id\":\"https:\/\/www.euromi.com\/fr\/p\/bolero-homme\/#breadcrumb\",\"itemListElement\":[{\"@type\":\"ListItem\",\"position\":1,\"name\":\"Accueil\",\"item\":\"https:\/\/www.euromi.com\/fr\/\"},{\"@type\":\"ListItem\",\"position\":2,\"name\":\"Boutique\",\"item\":\"https:\/\/www.euromi.com\/fr\/boutique\/\"},{\"@type\":\"ListItem\",\"position\":3,\"name\":\"V\u00eatements et pansements\",\"item\":\"https:\/\/www.euromi.com\/fr\/catp\/vetements-chirurgicaux-et-pansements\/\"},{\"@type\":\"ListItem\",\"position\":4,\"name\":\"V\u00eatements compressifs\",\"item\":\"https:\/\/www.euromi.com\/fr\/catp\/vetements-chirurgicaux-et-pansements\/vetements-compressifs\/\"},{\"@type\":\"ListItem\",\"position\":5,\"name\":\"Chirurgie esth\u00e9tique et plastique\",\"item\":\"https:\/\/www.euromi.com\/fr\/catp\/vetements-chirurgicaux-et-pansements\/vetements-compressifs\/vetement-chirurgie-esthetique-et-plastique\/\"},{\"@type\":\"ListItem\",\"position\":6,\"name\":\"Autres orth\u00e8ses\",\"item\":\"https:\/\/www.euromi.com\/fr\/catp\/vetements-chirurgicaux-et-pansements\/vetements-compressifs\/vetement-chirurgie-esthetique-et-plastique\/autres-ortheses\/\"},{\"@type\":\"ListItem\",\"position\":7,\"name\":\"Bol\u00e9ro homme\"}]}]}<\/script>\n<!-- \/ Yoast SEO plugin. -->","yoast_head_json":{"title":"Bol\u00e9ro homme - chirurgie esth\u00e9tique - Euromi","description":"Le bol\u00e9ro pour homme est indiqu\u00e9 dans le cas d\u2019une correction de gyn\u00e9comastie (consiste \u00e0 r\u00e9duire la taille et le gonflement de la glande mammaire).","robots":{"index":"index","follow":"follow","max-snippet":"max-snippet:-1","max-image-preview":"max-image-preview:large","max-video-preview":"max-video-preview:-1"},"canonical":"https:\/\/www.euromi.com\/fr\/p\/bolero-homme\/","og_locale":"fr_FR","og_type":"article","og_title":"Bol\u00e9ro homme - chirurgie esth\u00e9tique - Euromi","og_description":"Le bol\u00e9ro pour homme est indiqu\u00e9 dans le cas d\u2019une correction de gyn\u00e9comastie (consiste \u00e0 r\u00e9duire la taille et le gonflement de la glande mammaire).","og_url":"https:\/\/www.euromi.com\/fr\/p\/bolero-homme\/","og_site_name":"Euromi","article_modified_time":"2025-01-23T12:31:48+00:00","og_image":[{"width":980,"height":1401,"url":"https:\/\/www.euromi.com\/wp-content\/uploads\/2022\/01\/Bolero.jpg","type":"image\/jpeg"}],"twitter_card":"summary_large_image","schema":{"@context":"https:\/\/schema.org","@graph":[{"@type":"Organization","@id":"https:\/\/www.euromi.com\/fr\/#organization","name":"Euromi","url":"https:\/\/www.euromi.com\/fr\/","sameAs":[],"logo":{"@type":"ImageObject","@id":"https:\/\/www.euromi.com\/fr\/#logo","inLanguage":"fr-FR","url":"https:\/\/www.euromi.com\/wp-content\/uploads\/2021\/10\/cropped-favicon.jpg","contentUrl":"https:\/\/www.euromi.com\/wp-content\/uploads\/2021\/10\/cropped-favicon.jpg","width":512,"height":512,"caption":"Euromi"},"image":{"@id":"https:\/\/www.euromi.com\/fr\/#logo"}},{"@type":"WebSite","@id":"https:\/\/www.euromi.com\/fr\/#website","url":"https:\/\/www.euromi.com\/fr\/","name":"Euromi","description":"Fabricant de Mat\u00e9riel M\u00e9dical","publisher":{"@id":"https:\/\/www.euromi.com\/fr\/#organization"},"potentialAction":[{"@type":"SearchAction","target":{"@type":"EntryPoint","urlTemplate":"https:\/\/www.euromi.com\/fr\/?s={search_term_string}"},"query-input":"required name=search_term_string"}],"inLanguage":"fr-FR"},{"@type":"ImageObject","@id":"https:\/\/www.euromi.com\/fr\/p\/bolero-homme\/#primaryimage","inLanguage":"fr-FR","url":"https:\/\/www.euromi.com\/wp-content\/uploads\/2022\/01\/Bolero.jpg","contentUrl":"https:\/\/www.euromi.com\/wp-content\/uploads\/2022\/01\/Bolero.jpg","width":980,"height":1401},{"@type":"WebPage","@id":"https:\/\/www.euromi.com\/fr\/p\/bolero-homme\/#webpage","url":"https:\/\/www.euromi.com\/fr\/p\/bolero-homme\/","name":"Bol\u00e9ro homme - chirurgie esth\u00e9tique - Euromi","isPartOf":{"@id":"https:\/\/www.euromi.com\/fr\/#website"},"primaryImageOfPage":{"@id":"https:\/\/www.euromi.com\/fr\/p\/bolero-homme\/#primaryimage"},"datePublished":"2022-01-17T16:31:43+00:00","dateModified":"2025-01-23T12:31:48+00:00","description":"Le bol\u00e9ro pour homme est indiqu\u00e9 dans le cas d\u2019une correction de gyn\u00e9comastie (consiste \u00e0 r\u00e9duire la taille et le gonflement de la glande mammaire).","breadcrumb":{"@id":"https:\/\/www.euromi.com\/fr\/p\/bolero-homme\/#breadcrumb"},"inLanguage":"fr-FR","potentialAction":[{"@type":"ReadAction","target":["https:\/\/www.euromi.com\/fr\/p\/bolero-homme\/"]}]},{"@type":"BreadcrumbList","@id":"https:\/\/www.euromi.com\/fr\/p\/bolero-homme\/#breadcrumb","itemListElement":[{"@type":"ListItem","position":1,"name":"Accueil","item":"https:\/\/www.euromi.com\/fr\/"},{"@type":"ListItem","position":2,"name":"Boutique","item":"https:\/\/www.euromi.com\/fr\/boutique\/"},{"@type":"ListItem","position":3,"name":"V\u00eatements et pansements","item":"https:\/\/www.euromi.com\/fr\/catp\/vetements-chirurgicaux-et-pansements\/"},{"@type":"ListItem","position":4,"name":"V\u00eatements compressifs","item":"https:\/\/www.euromi.com\/fr\/catp\/vetements-chirurgicaux-et-pansements\/vetements-compressifs\/"},{"@type":"ListItem","position":5,"name":"Chirurgie esth\u00e9tique et plastique","item":"https:\/\/www.euromi.com\/fr\/catp\/vetements-chirurgicaux-et-pansements\/vetements-compressifs\/vetement-chirurgie-esthetique-et-plastique\/"},{"@type":"ListItem","position":6,"name":"Autres orth\u00e8ses","item":"https:\/\/www.euromi.com\/fr\/catp\/vetements-chirurgicaux-et-pansements\/vetements-compressifs\/vetement-chirurgie-esthetique-et-plastique\/autres-ortheses\/"},{"@type":"ListItem","position":7,"name":"Bol\u00e9ro homme"}]}]}},"jetpack-related-posts":[{"id":2115,"url":"https:\/\/www.euromi.com\/en\/p\/mens-aesthetic-bolero\/","url_meta":{"origin":2114,"position":0},"title":"Men&#8217;s bolero","date":"17 janvier 2022","format":false,"excerpt":"The men\u2019s bolero is indicated for correction of gynecomastia (consists of reducing the size and swelling of the mammary gland). This bolero is made from a compressive fabric to provide the necessary support and comfort. It closes with a front triple hook and eye, which allows it to be adjusted\u2026","rel":"","context":"Article similaire","img":{"alt_text":"","src":"https:\/\/i0.wp.com\/www.euromi.com\/wp-content\/uploads\/2022\/01\/Bolero.jpg?resize=350%2C200&ssl=1","width":350,"height":200},"classes":[]},{"id":1822,"url":"https:\/\/www.euromi.com\/fr\/p\/body-postoperatoire-homme\/","url_meta":{"origin":2114,"position":1},"title":"Body homme","date":"13 janvier 2022","format":false,"excerpt":"Le body homme offre le maintien n\u00e9cessaire et appropri\u00e9 aux suites op\u00e9ratoires (liposuccion du ventre, des hanches ou encore gyn\u00e9comastie). Le haut est en forme \"gilet athl\u00e9tique\" ce qui accentue l\u2019efficacit\u00e9 et le confort du v\u00eatement. Le taux de compression, dont la r\u00e9partition est calcul\u00e9e et \u00e9tudi\u00e9e, procure au patient\u2026","rel":"","context":"Article similaire","img":{"alt_text":"","src":"https:\/\/i0.wp.com\/www.euromi.com\/wp-content\/uploads\/2022\/01\/BODYS-Body-homme.jpg?resize=350%2C200&ssl=1","width":350,"height":200},"classes":[]},{"id":2109,"url":"https:\/\/www.euromi.com\/fr\/p\/chevillere-postoperatoire\/","url_meta":{"origin":2114,"position":2},"title":"Chevill\u00e8re","date":"17 janvier 2022","format":false,"excerpt":"La chevill\u00e8re est indiqu\u00e9e pour contenir l\u2019\u0153d\u00e8me post-op\u00e9ratoire apr\u00e8s une liposuccion des mollets et des chevilles. Elle est r\u00e9alis\u00e9e dans un tissu compressif, dont le taux de compression est sp\u00e9cialement \u00e9tudi\u00e9, avec des coutures ext\u00e9rieures pour ne pas marquer votre peau. \u00a0 Si vos mesures ne correspondent pas \u00e0 celles\u2026","rel":"","context":"Article similaire","img":{"alt_text":"","src":"https:\/\/i0.wp.com\/www.euromi.com\/wp-content\/uploads\/2022\/01\/Chevillere.jpg?resize=350%2C200&ssl=1","width":350,"height":200},"classes":[]},{"id":2065,"url":"https:\/\/www.euromi.com\/fr\/p\/brassiere-ouverte-esthetique\/","url_meta":{"origin":2114,"position":3},"title":"Brassi\u00e8re ouverte","date":"17 janvier 2022","format":false,"excerpt":"La brassi\u00e8re ouverte est le v\u00eatement compressif appropri\u00e9 dans le cas d'une pt\u00f4se cutan\u00e9e au niveau des bras ou d'une lipoaspiration de la face interne des bras. Cette brassi\u00e8re est r\u00e9alis\u00e9e dans un tissu compressif dont les coutures sont plac\u00e9es sur l\u2019ext\u00e9rieur pour ne pas marquer la peau. Elle se\u2026","rel":"","context":"Article similaire","img":{"alt_text":"","src":"https:\/\/i0.wp.com\/www.euromi.com\/wp-content\/uploads\/2022\/01\/Brassiere-ouverte.jpg?resize=350%2C200&ssl=1","width":350,"height":200},"classes":[]},{"id":1842,"url":"https:\/\/www.euromi.com\/fr\/p\/pantys-court-post-operatoire\/","url_meta":{"origin":2114,"position":4},"title":"Panty court","date":"13 janvier 2022","format":false,"excerpt":"Le panty court (haut ou bas), permet de r\u00e9duire l'\u0153d\u00e8me post-op\u00e9ratoire suite \u00e0 une liposuccion des cuisses, du bassin, des hanches et du ventre (bas-ventre pour le mod\u00e8le bas), gr\u00e2ce \u00e0 la pression qu'il exerce sur le corps. Le panty pr\u00e9vient \u00e9galement du ph\u00e9nom\u00e8ne de \u00ab\u00a0vague\u00a0\u00bb qui peut survenir sur\u2026","rel":"","context":"Article similaire","img":{"alt_text":"Panty-Bas-court","src":"https:\/\/i0.wp.com\/www.euromi.com\/wp-content\/uploads\/2022\/01\/PANTYS-Panty-Bas-court.jpg?resize=350%2C200&ssl=1","width":350,"height":200},"classes":[]},{"id":1913,"url":"https:\/\/www.euromi.com\/fr\/p\/panty-renfort-postoperatoire-euromi\/","url_meta":{"origin":2114,"position":5},"title":"Panty renfort","date":"14 janvier 2022","format":false,"excerpt":"Le panty renfort, dont le taux de compression a \u00e9t\u00e9 sp\u00e9cialement \u00e9tudi\u00e9, est indiqu\u00e9 pour la contention de l\u2019\u0153d\u00e8me post-op\u00e9ratoire suite \u00e0 une liposuccion. Il poss\u00e8de des renforts pour une compression optimale sur certaines zones. \u00a0 Nous proposons trois longueurs, au choix\u00a0: panty haut court (au-dessus du genou), panty haut\u2026","rel":"","context":"Article similaire","img":{"alt_text":"","src":"https:\/\/i0.wp.com\/www.euromi.com\/wp-content\/uploads\/2022\/01\/PANTYS-renfort-long.jpg?resize=350%2C200&ssl=1","width":350,"height":200},"classes":[]}],"_links":{"self":[{"href":"https:\/\/www.euromi.com\/fr\/wp-json\/wp\/v2\/product\/2114"}],"collection":[{"href":"https:\/\/www.euromi.com\/fr\/wp-json\/wp\/v2\/product"}],"about":[{"href":"https:\/\/www.euromi.com\/fr\/wp-json\/wp\/v2\/types\/product"}],"wp:featuredmedia":[{"embeddable":true,"href":"https:\/\/www.euromi.com\/fr\/wp-json\/wp\/v2\/media\/2067"}],"wp:attachment":[{"href":"https:\/\/www.euromi.com\/fr\/wp-json\/wp\/v2\/media?parent=2114"}],"wp:term":[{"taxonomy":"product_cat","embeddable":true,"href":"https:\/\/www.euromi.com\/fr\/wp-json\/wp\/v2\/product_cat?post=2114"},{"taxonomy":"product_tag","embeddable":true,"href":"https:\/\/www.euromi.com\/fr\/wp-json\/wp\/v2\/product_tag?post=2114"}],"curies":[{"name":"wp","href":"https:\/\/api.w.org\/{rel}","templated":true}]}}