{"id":2105,"date":"2022-01-17T17:08:57","date_gmt":"2022-01-17T16:08:57","guid":{"rendered":"https:\/\/www.euromi.com\/?post_type=product&#038;p=2105"},"modified":"2025-01-23T12:21:52","modified_gmt":"2025-01-23T11:21:52","slug":"genouillere-postoperatoire","status":"publish","type":"product","link":"https:\/\/www.euromi.com\/fr\/p\/genouillere-postoperatoire\/","title":{"rendered":"Genouill\u00e8re"},"content":{"rendered":"<p>La <strong>genouill\u00e8re<\/strong> est indiqu\u00e9e apr\u00e8s une <strong>liposuccion des genoux<\/strong> et aidera \u00e0 r\u00e9duire l\u2019\u0153d\u00e8me post-op\u00e9ratoire.<\/p>\n<p>Une baleine amovible c\u00f4t\u00e9 ext\u00e9rieur permet une meilleure tenir et une mise en place facile. Les coutures sont \u00e0 l\u2019ext\u00e9rieur et ne marqueront pas votre peau.<\/p>\n<p><em>\u00a0<\/em><\/p>\n<p>Si vos mesures ne correspondent pas \u00e0 celles figurant dans le guide des tailles ci-contre, merci de nous contacter.<\/p>\n<p><em>\u00a0<\/em><\/p>\n<p><em>Ne pas utiliser sur plaie ouverte, ni en cas de phl\u00e9bite.<\/em><\/p>\n","protected":false},"excerpt":{"rendered":"<p>La genouill\u00e8re est indiqu\u00e9e apr\u00e8s une liposuccion des genoux et aidera \u00e0 r\u00e9duire l\u2019\u0153d\u00e8me post-op\u00e9ratoire. Une baleine amovible c\u00f4t\u00e9 ext\u00e9rieur permet une meilleure tenir et une mise en place facile. Les coutures sont \u00e0 l\u2019ext\u00e9rieur et ne marqueront pas votre peau. \u00a0 Si vos mesures ne correspondent pas \u00e0 celles figurant dans le guide des [&hellip;]<\/p>\n","protected":false},"featured_media":2075,"template":"","meta":{"_et_pb_use_builder":"","_et_pb_old_content":"","_et_gb_content_width":"","spay_email":""},"product_cat":[43,49],"product_tag":[90,92],"yoast_head":"<!-- This site is optimized with the Yoast SEO plugin v18.2 - https:\/\/yoast.com\/wordpress\/plugins\/seo\/ -->\n<title>Genouill\u00e8re - chirurgie esth\u00e9tique - Euromi<\/title>\n<meta name=\"description\" content=\"La genouill\u00e8re est indiqu\u00e9e apr\u00e8s une liposuccion des genoux et aidera \u00e0 r\u00e9duire l\u2019\u0153d\u00e8me post-op\u00e9ratoire.\" \/>\n<meta name=\"robots\" content=\"index, follow, max-snippet:-1, max-image-preview:large, max-video-preview:-1\" \/>\n<link rel=\"canonical\" href=\"https:\/\/www.euromi.com\/fr\/p\/genouillere-postoperatoire\/\" \/>\n<meta property=\"og:locale\" content=\"fr_FR\" \/>\n<meta property=\"og:type\" content=\"article\" \/>\n<meta property=\"og:title\" content=\"Genouill\u00e8re - chirurgie esth\u00e9tique - Euromi\" \/>\n<meta property=\"og:description\" content=\"La genouill\u00e8re est indiqu\u00e9e apr\u00e8s une liposuccion des genoux et aidera \u00e0 r\u00e9duire l\u2019\u0153d\u00e8me post-op\u00e9ratoire.\" \/>\n<meta property=\"og:url\" content=\"https:\/\/www.euromi.com\/fr\/p\/genouillere-postoperatoire\/\" \/>\n<meta property=\"og:site_name\" content=\"Euromi\" \/>\n<meta property=\"article:modified_time\" content=\"2025-01-23T11:21:52+00:00\" \/>\n<meta property=\"og:image\" content=\"https:\/\/www.euromi.com\/wp-content\/uploads\/2022\/01\/Genouillere.jpg\" \/>\n\t<meta property=\"og:image:width\" content=\"980\" \/>\n\t<meta property=\"og:image:height\" content=\"1401\" \/>\n\t<meta property=\"og:image:type\" content=\"image\/jpeg\" \/>\n<meta name=\"twitter:card\" content=\"summary_large_image\" \/>\n<script type=\"application\/ld+json\" class=\"yoast-schema-graph\">{\"@context\":\"https:\/\/schema.org\",\"@graph\":[{\"@type\":\"Organization\",\"@id\":\"https:\/\/www.euromi.com\/fr\/#organization\",\"name\":\"Euromi\",\"url\":\"https:\/\/www.euromi.com\/fr\/\",\"sameAs\":[],\"logo\":{\"@type\":\"ImageObject\",\"@id\":\"https:\/\/www.euromi.com\/fr\/#logo\",\"inLanguage\":\"fr-FR\",\"url\":\"https:\/\/www.euromi.com\/wp-content\/uploads\/2021\/10\/cropped-favicon.jpg\",\"contentUrl\":\"https:\/\/www.euromi.com\/wp-content\/uploads\/2021\/10\/cropped-favicon.jpg\",\"width\":512,\"height\":512,\"caption\":\"Euromi\"},\"image\":{\"@id\":\"https:\/\/www.euromi.com\/fr\/#logo\"}},{\"@type\":\"WebSite\",\"@id\":\"https:\/\/www.euromi.com\/fr\/#website\",\"url\":\"https:\/\/www.euromi.com\/fr\/\",\"name\":\"Euromi\",\"description\":\"Fabricant de Mat\u00e9riel M\u00e9dical\",\"publisher\":{\"@id\":\"https:\/\/www.euromi.com\/fr\/#organization\"},\"potentialAction\":[{\"@type\":\"SearchAction\",\"target\":{\"@type\":\"EntryPoint\",\"urlTemplate\":\"https:\/\/www.euromi.com\/fr\/?s={search_term_string}\"},\"query-input\":\"required name=search_term_string\"}],\"inLanguage\":\"fr-FR\"},{\"@type\":\"ImageObject\",\"@id\":\"https:\/\/www.euromi.com\/fr\/p\/genouillere-postoperatoire\/#primaryimage\",\"inLanguage\":\"fr-FR\",\"url\":\"https:\/\/www.euromi.com\/wp-content\/uploads\/2022\/01\/Genouillere.jpg\",\"contentUrl\":\"https:\/\/www.euromi.com\/wp-content\/uploads\/2022\/01\/Genouillere.jpg\",\"width\":980,\"height\":1401},{\"@type\":\"WebPage\",\"@id\":\"https:\/\/www.euromi.com\/fr\/p\/genouillere-postoperatoire\/#webpage\",\"url\":\"https:\/\/www.euromi.com\/fr\/p\/genouillere-postoperatoire\/\",\"name\":\"Genouill\u00e8re - chirurgie esth\u00e9tique - Euromi\",\"isPartOf\":{\"@id\":\"https:\/\/www.euromi.com\/fr\/#website\"},\"primaryImageOfPage\":{\"@id\":\"https:\/\/www.euromi.com\/fr\/p\/genouillere-postoperatoire\/#primaryimage\"},\"datePublished\":\"2022-01-17T16:08:57+00:00\",\"dateModified\":\"2025-01-23T11:21:52+00:00\",\"description\":\"La genouill\u00e8re est indiqu\u00e9e apr\u00e8s une liposuccion des genoux et aidera \u00e0 r\u00e9duire l\u2019\u0153d\u00e8me post-op\u00e9ratoire.\",\"breadcrumb\":{\"@id\":\"https:\/\/www.euromi.com\/fr\/p\/genouillere-postoperatoire\/#breadcrumb\"},\"inLanguage\":\"fr-FR\",\"potentialAction\":[{\"@type\":\"ReadAction\",\"target\":[\"https:\/\/www.euromi.com\/fr\/p\/genouillere-postoperatoire\/\"]}]},{\"@type\":\"BreadcrumbList\",\"@id\":\"https:\/\/www.euromi.com\/fr\/p\/genouillere-postoperatoire\/#breadcrumb\",\"itemListElement\":[{\"@type\":\"ListItem\",\"position\":1,\"name\":\"Accueil\",\"item\":\"https:\/\/www.euromi.com\/fr\/\"},{\"@type\":\"ListItem\",\"position\":2,\"name\":\"Boutique\",\"item\":\"https:\/\/www.euromi.com\/fr\/boutique\/\"},{\"@type\":\"ListItem\",\"position\":3,\"name\":\"V\u00eatements et pansements\",\"item\":\"https:\/\/www.euromi.com\/fr\/catp\/vetements-chirurgicaux-et-pansements\/\"},{\"@type\":\"ListItem\",\"position\":4,\"name\":\"V\u00eatements compressifs\",\"item\":\"https:\/\/www.euromi.com\/fr\/catp\/vetements-chirurgicaux-et-pansements\/vetements-compressifs\/\"},{\"@type\":\"ListItem\",\"position\":5,\"name\":\"Chirurgie esth\u00e9tique et plastique\",\"item\":\"https:\/\/www.euromi.com\/fr\/catp\/vetements-chirurgicaux-et-pansements\/vetements-compressifs\/vetement-chirurgie-esthetique-et-plastique\/\"},{\"@type\":\"ListItem\",\"position\":6,\"name\":\"Autres orth\u00e8ses\",\"item\":\"https:\/\/www.euromi.com\/fr\/catp\/vetements-chirurgicaux-et-pansements\/vetements-compressifs\/vetement-chirurgie-esthetique-et-plastique\/autres-ortheses\/\"},{\"@type\":\"ListItem\",\"position\":7,\"name\":\"Genouill\u00e8re\"}]}]}<\/script>\n<!-- \/ Yoast SEO plugin. -->","yoast_head_json":{"title":"Genouill\u00e8re - chirurgie esth\u00e9tique - Euromi","description":"La genouill\u00e8re est indiqu\u00e9e apr\u00e8s une liposuccion des genoux et aidera \u00e0 r\u00e9duire l\u2019\u0153d\u00e8me post-op\u00e9ratoire.","robots":{"index":"index","follow":"follow","max-snippet":"max-snippet:-1","max-image-preview":"max-image-preview:large","max-video-preview":"max-video-preview:-1"},"canonical":"https:\/\/www.euromi.com\/fr\/p\/genouillere-postoperatoire\/","og_locale":"fr_FR","og_type":"article","og_title":"Genouill\u00e8re - chirurgie esth\u00e9tique - Euromi","og_description":"La genouill\u00e8re est indiqu\u00e9e apr\u00e8s une liposuccion des genoux et aidera \u00e0 r\u00e9duire l\u2019\u0153d\u00e8me post-op\u00e9ratoire.","og_url":"https:\/\/www.euromi.com\/fr\/p\/genouillere-postoperatoire\/","og_site_name":"Euromi","article_modified_time":"2025-01-23T11:21:52+00:00","og_image":[{"width":980,"height":1401,"url":"https:\/\/www.euromi.com\/wp-content\/uploads\/2022\/01\/Genouillere.jpg","type":"image\/jpeg"}],"twitter_card":"summary_large_image","schema":{"@context":"https:\/\/schema.org","@graph":[{"@type":"Organization","@id":"https:\/\/www.euromi.com\/fr\/#organization","name":"Euromi","url":"https:\/\/www.euromi.com\/fr\/","sameAs":[],"logo":{"@type":"ImageObject","@id":"https:\/\/www.euromi.com\/fr\/#logo","inLanguage":"fr-FR","url":"https:\/\/www.euromi.com\/wp-content\/uploads\/2021\/10\/cropped-favicon.jpg","contentUrl":"https:\/\/www.euromi.com\/wp-content\/uploads\/2021\/10\/cropped-favicon.jpg","width":512,"height":512,"caption":"Euromi"},"image":{"@id":"https:\/\/www.euromi.com\/fr\/#logo"}},{"@type":"WebSite","@id":"https:\/\/www.euromi.com\/fr\/#website","url":"https:\/\/www.euromi.com\/fr\/","name":"Euromi","description":"Fabricant de Mat\u00e9riel M\u00e9dical","publisher":{"@id":"https:\/\/www.euromi.com\/fr\/#organization"},"potentialAction":[{"@type":"SearchAction","target":{"@type":"EntryPoint","urlTemplate":"https:\/\/www.euromi.com\/fr\/?s={search_term_string}"},"query-input":"required name=search_term_string"}],"inLanguage":"fr-FR"},{"@type":"ImageObject","@id":"https:\/\/www.euromi.com\/fr\/p\/genouillere-postoperatoire\/#primaryimage","inLanguage":"fr-FR","url":"https:\/\/www.euromi.com\/wp-content\/uploads\/2022\/01\/Genouillere.jpg","contentUrl":"https:\/\/www.euromi.com\/wp-content\/uploads\/2022\/01\/Genouillere.jpg","width":980,"height":1401},{"@type":"WebPage","@id":"https:\/\/www.euromi.com\/fr\/p\/genouillere-postoperatoire\/#webpage","url":"https:\/\/www.euromi.com\/fr\/p\/genouillere-postoperatoire\/","name":"Genouill\u00e8re - chirurgie esth\u00e9tique - Euromi","isPartOf":{"@id":"https:\/\/www.euromi.com\/fr\/#website"},"primaryImageOfPage":{"@id":"https:\/\/www.euromi.com\/fr\/p\/genouillere-postoperatoire\/#primaryimage"},"datePublished":"2022-01-17T16:08:57+00:00","dateModified":"2025-01-23T11:21:52+00:00","description":"La genouill\u00e8re est indiqu\u00e9e apr\u00e8s une liposuccion des genoux et aidera \u00e0 r\u00e9duire l\u2019\u0153d\u00e8me post-op\u00e9ratoire.","breadcrumb":{"@id":"https:\/\/www.euromi.com\/fr\/p\/genouillere-postoperatoire\/#breadcrumb"},"inLanguage":"fr-FR","potentialAction":[{"@type":"ReadAction","target":["https:\/\/www.euromi.com\/fr\/p\/genouillere-postoperatoire\/"]}]},{"@type":"BreadcrumbList","@id":"https:\/\/www.euromi.com\/fr\/p\/genouillere-postoperatoire\/#breadcrumb","itemListElement":[{"@type":"ListItem","position":1,"name":"Accueil","item":"https:\/\/www.euromi.com\/fr\/"},{"@type":"ListItem","position":2,"name":"Boutique","item":"https:\/\/www.euromi.com\/fr\/boutique\/"},{"@type":"ListItem","position":3,"name":"V\u00eatements et pansements","item":"https:\/\/www.euromi.com\/fr\/catp\/vetements-chirurgicaux-et-pansements\/"},{"@type":"ListItem","position":4,"name":"V\u00eatements compressifs","item":"https:\/\/www.euromi.com\/fr\/catp\/vetements-chirurgicaux-et-pansements\/vetements-compressifs\/"},{"@type":"ListItem","position":5,"name":"Chirurgie esth\u00e9tique et plastique","item":"https:\/\/www.euromi.com\/fr\/catp\/vetements-chirurgicaux-et-pansements\/vetements-compressifs\/vetement-chirurgie-esthetique-et-plastique\/"},{"@type":"ListItem","position":6,"name":"Autres orth\u00e8ses","item":"https:\/\/www.euromi.com\/fr\/catp\/vetements-chirurgicaux-et-pansements\/vetements-compressifs\/vetement-chirurgie-esthetique-et-plastique\/autres-ortheses\/"},{"@type":"ListItem","position":7,"name":"Genouill\u00e8re"}]}]}},"jetpack-related-posts":[{"id":2551,"url":"https:\/\/www.euromi.com\/fr\/p\/coudiere-genouillere-sed\/","url_meta":{"origin":2105,"position":0},"title":"Coudi\u00e8re \/ Genouill\u00e8re (SED)","date":"26 janvier 2022","format":false,"excerpt":"La coudi\u00e8re ou genouill\u00e8re pour patient atteint du Syndrome d\u2019Ehlers Danlos apporte une compression discr\u00e8te au niveau des articulations (coude ou genou). Cette contention permet de r\u00e9duire les douleurs et d\u2019\u00e9viter les luxations. \u00a0 Ce v\u00eatement est r\u00e9alis\u00e9 selon vos mesures. \u00a0 Ce produit est d\u00e9livr\u00e9 sous prescription m\u00e9dicale et\u2026","rel":"","context":"Article similaire","img":{"alt_text":"","src":"https:\/\/i0.wp.com\/www.euromi.com\/wp-content\/uploads\/2022\/01\/Coudiere-sed-1.jpg?resize=350%2C200&ssl=1","width":350,"height":200},"classes":[]},{"id":2118,"url":"https:\/\/www.euromi.com\/fr\/p\/manche-manchon-esthetique\/","url_meta":{"origin":2105,"position":1},"title":"Manche \/ Manchon","date":"17 janvier 2022","format":false,"excerpt":"La manche (longueur sup\u00e9rieure \u00e0 20 cm) et le manchon (longueur inf\u00e9rieure \u00e0 20 cm) apportent la contention n\u00e9cessaire apr\u00e8s une liposuccion ou un lifting des bras. Les coutures ext\u00e9rieures et la finition agrippante silicon\u00e9e assurent confort et accroche. \u00a0 Nous r\u00e9alisons les manches et manchons selon vos mesures, merci\u2026","rel":"","context":"Article similaire","img":{"alt_text":"","src":"https:\/\/i0.wp.com\/www.euromi.com\/wp-content\/uploads\/2022\/01\/Manchon.jpg?resize=350%2C200&ssl=1","width":350,"height":200},"classes":[]},{"id":2024,"url":"https:\/\/www.euromi.com\/fr\/p\/mentonniere-chirurgie-esthetique\/","url_meta":{"origin":2105,"position":2},"title":"Mentonni\u00e8re","date":"14 janvier 2022","format":false,"excerpt":"La mentonni\u00e8re est un v\u00eatement compressif utilis\u00e9 \u00e0 la suite d\u2019une liposuccion submentonale (double menton) afin de r\u00e9duire l\u2019\u0153d\u00e8me post-op\u00e9ratoire. La mise en place est facilit\u00e9e gr\u00e2ce \u00e0 de larges bandes auto-agrippantes. Celles-ci permettent notamment d\u2019adapter la contention. Les coutures ext\u00e9rieures ne marquent pas la peau et am\u00e9liorent le confort.\u2026","rel":"","context":"Article similaire","img":{"alt_text":"","src":"https:\/\/i0.wp.com\/www.euromi.com\/wp-content\/uploads\/2022\/01\/Visage-Mentonniere.jpg?resize=350%2C200&ssl=1","width":350,"height":200},"classes":[]},{"id":1903,"url":"https:\/\/www.euromi.com\/fr\/p\/panty-cruroplastie\/","url_meta":{"origin":2105,"position":3},"title":"Panty cruroplastie","date":"14 janvier 2022","format":false,"excerpt":"Le panty cruroplastie, gr\u00e2ce \u00e0 ses coutures ext\u00e9rieures d\u00e9cal\u00e9es sur l\u2019avant, est particuli\u00e8rement adapt\u00e9 suite \u00e0 un lifting de la face interne de la cuisse. Le panty cruroplastie est donc utilis\u00e9 pour la contention de l'\u0153d\u00e8me post-op\u00e9ratoire mais \u00e9galement pour \u00e9viter le contact avec les cicatrices. Le taux de compression\u2026","rel":"","context":"Article similaire","img":{"alt_text":"","src":"https:\/\/i0.wp.com\/www.euromi.com\/wp-content\/uploads\/2022\/01\/PANTYS-cruroplastie-long.jpg?resize=350%2C200&ssl=1","width":350,"height":200},"classes":[]},{"id":2114,"url":"https:\/\/www.euromi.com\/fr\/p\/bolero-homme\/","url_meta":{"origin":2105,"position":4},"title":"Bol\u00e9ro homme","date":"17 janvier 2022","format":false,"excerpt":"Le bol\u00e9ro pour homme est indiqu\u00e9 dans le cas d\u2019une correction de gyn\u00e9comastie (consiste \u00e0 r\u00e9duire la taille et le gonflement de la glande mammaire). Ce bol\u00e9ro est r\u00e9alis\u00e9 dans un tissu compressif pour apporter le maintien et confort n\u00e9cessaire. Il se ferme par un triple agrafage sur le devant,\u2026","rel":"","context":"Article similaire","img":{"alt_text":"","src":"https:\/\/i0.wp.com\/www.euromi.com\/wp-content\/uploads\/2022\/01\/Bolero.jpg?resize=350%2C200&ssl=1","width":350,"height":200},"classes":[]},{"id":2096,"url":"https:\/\/www.euromi.com\/fr\/p\/manches-reliees-chirurgie-esthetique\/","url_meta":{"origin":2105,"position":5},"title":"Manches reli\u00e9es","date":"17 janvier 2022","format":false,"excerpt":"Les manches reli\u00e9es sont indiqu\u00e9es dans le cas de correction de pt\u00f4se cutan\u00e9e des bras, d\u2019un lifting des bras, ou encore d\u2019une liposuccion de la face interne des bras. Une fermeture dans le dos par triple agrafage permet d\u2019ajuster facilement le v\u00eatement compressif \u00e0 votre morphologie. Pour encore plus de\u2026","rel":"","context":"Article similaire","img":{"alt_text":"","src":"https:\/\/i0.wp.com\/www.euromi.com\/wp-content\/uploads\/2022\/01\/Manches-reliees-dos.jpg?resize=350%2C200&ssl=1","width":350,"height":200},"classes":[]}],"_links":{"self":[{"href":"https:\/\/www.euromi.com\/fr\/wp-json\/wp\/v2\/product\/2105"}],"collection":[{"href":"https:\/\/www.euromi.com\/fr\/wp-json\/wp\/v2\/product"}],"about":[{"href":"https:\/\/www.euromi.com\/fr\/wp-json\/wp\/v2\/types\/product"}],"wp:featuredmedia":[{"embeddable":true,"href":"https:\/\/www.euromi.com\/fr\/wp-json\/wp\/v2\/media\/2075"}],"wp:attachment":[{"href":"https:\/\/www.euromi.com\/fr\/wp-json\/wp\/v2\/media?parent=2105"}],"wp:term":[{"taxonomy":"product_cat","embeddable":true,"href":"https:\/\/www.euromi.com\/fr\/wp-json\/wp\/v2\/product_cat?post=2105"},{"taxonomy":"product_tag","embeddable":true,"href":"https:\/\/www.euromi.com\/fr\/wp-json\/wp\/v2\/product_tag?post=2105"}],"curies":[{"name":"wp","href":"https:\/\/api.w.org\/{rel}","templated":true}]}}