{"id":2096,"date":"2022-01-17T16:46:49","date_gmt":"2022-01-17T15:46:49","guid":{"rendered":"https:\/\/www.euromi.com\/?post_type=product&#038;p=2096"},"modified":"2025-01-23T13:35:45","modified_gmt":"2025-01-23T12:35:45","slug":"manches-reliees-chirurgie-esthetique","status":"publish","type":"product","link":"https:\/\/www.euromi.com\/fr\/p\/manches-reliees-chirurgie-esthetique\/","title":{"rendered":"Manches reli\u00e9es"},"content":{"rendered":"<p>Les <strong>manches reli\u00e9es<\/strong> sont indiqu\u00e9es dans le cas de correction de pt\u00f4se cutan\u00e9e des bras, d\u2019un <strong>lifting des bras<\/strong>, ou encore d\u2019une <strong>liposuccion<\/strong> de la<strong> face interne des bras<\/strong>.<\/p>\n<p>Une fermeture dans le dos par triple agrafage permet d\u2019ajuster facilement le v\u00eatement compressif \u00e0 votre morphologie.<\/p>\n<p>Pour encore plus de maintien, il est possible d\u2019avoir une seconde fermeture (sur le devant, par bande auto-agrippante). Il faudra alors s\u00e9lectionner le mod\u00e8le \u00ab\u00a0Manches reli\u00e9es devant et dos\u00a0\u00bb.<\/p>\n<p>Les coutures sont plac\u00e9es \u00e0 l\u2019ext\u00e9rieur afin de ne pas provoquer d\u2019inconfort avec la peau.<\/p>\n<p><em>\u00a0<\/em><\/p>\n<p>Si vos mesures ne correspondent pas \u00e0 celles figurant dans le guide des tailles ci-contre, merci de nous contacter.<\/p>\n<p><em>\u00a0<\/em><\/p>\n<p><em>Ne pas utiliser sur plaie ouverte, ni en cas de phl\u00e9bite.<\/em><\/p>\n","protected":false},"excerpt":{"rendered":"<p>Les manches reli\u00e9es sont indiqu\u00e9es dans le cas de correction de pt\u00f4se cutan\u00e9e des bras, d\u2019un lifting des bras, ou encore d\u2019une liposuccion de la face interne des bras. Une fermeture dans le dos par triple agrafage permet d\u2019ajuster facilement le v\u00eatement compressif \u00e0 votre morphologie. Pour encore plus de maintien, il est possible d\u2019avoir [&hellip;]<\/p>\n","protected":false},"featured_media":2081,"template":"","meta":{"_et_pb_use_builder":"","_et_pb_old_content":"","_et_gb_content_width":"","spay_email":""},"product_cat":[43,49],"product_tag":[90,92],"yoast_head":"<!-- This site is optimized with the Yoast SEO plugin v18.2 - https:\/\/yoast.com\/wordpress\/plugins\/seo\/ -->\n<title>Manches reli\u00e9es - chirurgie esth\u00e9tique - Euromi<\/title>\n<meta name=\"description\" content=\"Les manches reli\u00e9es sont indiqu\u00e9es dans le cas de correction de pt\u00f4se cutan\u00e9e des bras, d\u2019un lifting des bras, ou encore d\u2019une liposuccion de la face interne des bras.\" \/>\n<meta name=\"robots\" content=\"index, follow, max-snippet:-1, max-image-preview:large, max-video-preview:-1\" \/>\n<link rel=\"canonical\" href=\"https:\/\/www.euromi.com\/fr\/p\/manches-reliees-chirurgie-esthetique\/\" \/>\n<meta property=\"og:locale\" content=\"fr_FR\" \/>\n<meta property=\"og:type\" content=\"article\" \/>\n<meta property=\"og:title\" content=\"Manches reli\u00e9es - chirurgie esth\u00e9tique - Euromi\" \/>\n<meta property=\"og:description\" content=\"Les manches reli\u00e9es sont indiqu\u00e9es dans le cas de correction de pt\u00f4se cutan\u00e9e des bras, d\u2019un lifting des bras, ou encore d\u2019une liposuccion de la face interne des bras.\" \/>\n<meta property=\"og:url\" content=\"https:\/\/www.euromi.com\/fr\/p\/manches-reliees-chirurgie-esthetique\/\" \/>\n<meta property=\"og:site_name\" content=\"Euromi\" \/>\n<meta property=\"article:modified_time\" content=\"2025-01-23T12:35:45+00:00\" \/>\n<meta property=\"og:image\" content=\"https:\/\/www.euromi.com\/wp-content\/uploads\/2022\/01\/Manches-reliees-dos.jpg\" \/>\n\t<meta property=\"og:image:width\" content=\"980\" \/>\n\t<meta property=\"og:image:height\" content=\"1401\" \/>\n\t<meta property=\"og:image:type\" content=\"image\/jpeg\" \/>\n<meta name=\"twitter:card\" content=\"summary_large_image\" \/>\n<script type=\"application\/ld+json\" class=\"yoast-schema-graph\">{\"@context\":\"https:\/\/schema.org\",\"@graph\":[{\"@type\":\"Organization\",\"@id\":\"https:\/\/www.euromi.com\/fr\/#organization\",\"name\":\"Euromi\",\"url\":\"https:\/\/www.euromi.com\/fr\/\",\"sameAs\":[],\"logo\":{\"@type\":\"ImageObject\",\"@id\":\"https:\/\/www.euromi.com\/fr\/#logo\",\"inLanguage\":\"fr-FR\",\"url\":\"https:\/\/www.euromi.com\/wp-content\/uploads\/2021\/10\/cropped-favicon.jpg\",\"contentUrl\":\"https:\/\/www.euromi.com\/wp-content\/uploads\/2021\/10\/cropped-favicon.jpg\",\"width\":512,\"height\":512,\"caption\":\"Euromi\"},\"image\":{\"@id\":\"https:\/\/www.euromi.com\/fr\/#logo\"}},{\"@type\":\"WebSite\",\"@id\":\"https:\/\/www.euromi.com\/fr\/#website\",\"url\":\"https:\/\/www.euromi.com\/fr\/\",\"name\":\"Euromi\",\"description\":\"Fabricant de Mat\u00e9riel M\u00e9dical\",\"publisher\":{\"@id\":\"https:\/\/www.euromi.com\/fr\/#organization\"},\"potentialAction\":[{\"@type\":\"SearchAction\",\"target\":{\"@type\":\"EntryPoint\",\"urlTemplate\":\"https:\/\/www.euromi.com\/fr\/?s={search_term_string}\"},\"query-input\":\"required name=search_term_string\"}],\"inLanguage\":\"fr-FR\"},{\"@type\":\"ImageObject\",\"@id\":\"https:\/\/www.euromi.com\/fr\/p\/manches-reliees-chirurgie-esthetique\/#primaryimage\",\"inLanguage\":\"fr-FR\",\"url\":\"https:\/\/www.euromi.com\/wp-content\/uploads\/2022\/01\/Manches-reliees-dos.jpg\",\"contentUrl\":\"https:\/\/www.euromi.com\/wp-content\/uploads\/2022\/01\/Manches-reliees-dos.jpg\",\"width\":980,\"height\":1401},{\"@type\":\"WebPage\",\"@id\":\"https:\/\/www.euromi.com\/fr\/p\/manches-reliees-chirurgie-esthetique\/#webpage\",\"url\":\"https:\/\/www.euromi.com\/fr\/p\/manches-reliees-chirurgie-esthetique\/\",\"name\":\"Manches reli\u00e9es - chirurgie esth\u00e9tique - Euromi\",\"isPartOf\":{\"@id\":\"https:\/\/www.euromi.com\/fr\/#website\"},\"primaryImageOfPage\":{\"@id\":\"https:\/\/www.euromi.com\/fr\/p\/manches-reliees-chirurgie-esthetique\/#primaryimage\"},\"datePublished\":\"2022-01-17T15:46:49+00:00\",\"dateModified\":\"2025-01-23T12:35:45+00:00\",\"description\":\"Les manches reli\u00e9es sont indiqu\u00e9es dans le cas de correction de pt\u00f4se cutan\u00e9e des bras, d\u2019un lifting des bras, ou encore d\u2019une liposuccion de la face interne des bras.\",\"breadcrumb\":{\"@id\":\"https:\/\/www.euromi.com\/fr\/p\/manches-reliees-chirurgie-esthetique\/#breadcrumb\"},\"inLanguage\":\"fr-FR\",\"potentialAction\":[{\"@type\":\"ReadAction\",\"target\":[\"https:\/\/www.euromi.com\/fr\/p\/manches-reliees-chirurgie-esthetique\/\"]}]},{\"@type\":\"BreadcrumbList\",\"@id\":\"https:\/\/www.euromi.com\/fr\/p\/manches-reliees-chirurgie-esthetique\/#breadcrumb\",\"itemListElement\":[{\"@type\":\"ListItem\",\"position\":1,\"name\":\"Accueil\",\"item\":\"https:\/\/www.euromi.com\/fr\/\"},{\"@type\":\"ListItem\",\"position\":2,\"name\":\"Boutique\",\"item\":\"https:\/\/www.euromi.com\/fr\/boutique\/\"},{\"@type\":\"ListItem\",\"position\":3,\"name\":\"V\u00eatements et pansements\",\"item\":\"https:\/\/www.euromi.com\/fr\/catp\/vetements-chirurgicaux-et-pansements\/\"},{\"@type\":\"ListItem\",\"position\":4,\"name\":\"V\u00eatements compressifs\",\"item\":\"https:\/\/www.euromi.com\/fr\/catp\/vetements-chirurgicaux-et-pansements\/vetements-compressifs\/\"},{\"@type\":\"ListItem\",\"position\":5,\"name\":\"Chirurgie esth\u00e9tique et plastique\",\"item\":\"https:\/\/www.euromi.com\/fr\/catp\/vetements-chirurgicaux-et-pansements\/vetements-compressifs\/vetement-chirurgie-esthetique-et-plastique\/\"},{\"@type\":\"ListItem\",\"position\":6,\"name\":\"Autres orth\u00e8ses\",\"item\":\"https:\/\/www.euromi.com\/fr\/catp\/vetements-chirurgicaux-et-pansements\/vetements-compressifs\/vetement-chirurgie-esthetique-et-plastique\/autres-ortheses\/\"},{\"@type\":\"ListItem\",\"position\":7,\"name\":\"Manches reli\u00e9es\"}]}]}<\/script>\n<!-- \/ Yoast SEO plugin. -->","yoast_head_json":{"title":"Manches reli\u00e9es - chirurgie esth\u00e9tique - Euromi","description":"Les manches reli\u00e9es sont indiqu\u00e9es dans le cas de correction de pt\u00f4se cutan\u00e9e des bras, d\u2019un lifting des bras, ou encore d\u2019une liposuccion de la face interne des bras.","robots":{"index":"index","follow":"follow","max-snippet":"max-snippet:-1","max-image-preview":"max-image-preview:large","max-video-preview":"max-video-preview:-1"},"canonical":"https:\/\/www.euromi.com\/fr\/p\/manches-reliees-chirurgie-esthetique\/","og_locale":"fr_FR","og_type":"article","og_title":"Manches reli\u00e9es - chirurgie esth\u00e9tique - Euromi","og_description":"Les manches reli\u00e9es sont indiqu\u00e9es dans le cas de correction de pt\u00f4se cutan\u00e9e des bras, d\u2019un lifting des bras, ou encore d\u2019une liposuccion de la face interne des bras.","og_url":"https:\/\/www.euromi.com\/fr\/p\/manches-reliees-chirurgie-esthetique\/","og_site_name":"Euromi","article_modified_time":"2025-01-23T12:35:45+00:00","og_image":[{"width":980,"height":1401,"url":"https:\/\/www.euromi.com\/wp-content\/uploads\/2022\/01\/Manches-reliees-dos.jpg","type":"image\/jpeg"}],"twitter_card":"summary_large_image","schema":{"@context":"https:\/\/schema.org","@graph":[{"@type":"Organization","@id":"https:\/\/www.euromi.com\/fr\/#organization","name":"Euromi","url":"https:\/\/www.euromi.com\/fr\/","sameAs":[],"logo":{"@type":"ImageObject","@id":"https:\/\/www.euromi.com\/fr\/#logo","inLanguage":"fr-FR","url":"https:\/\/www.euromi.com\/wp-content\/uploads\/2021\/10\/cropped-favicon.jpg","contentUrl":"https:\/\/www.euromi.com\/wp-content\/uploads\/2021\/10\/cropped-favicon.jpg","width":512,"height":512,"caption":"Euromi"},"image":{"@id":"https:\/\/www.euromi.com\/fr\/#logo"}},{"@type":"WebSite","@id":"https:\/\/www.euromi.com\/fr\/#website","url":"https:\/\/www.euromi.com\/fr\/","name":"Euromi","description":"Fabricant de Mat\u00e9riel M\u00e9dical","publisher":{"@id":"https:\/\/www.euromi.com\/fr\/#organization"},"potentialAction":[{"@type":"SearchAction","target":{"@type":"EntryPoint","urlTemplate":"https:\/\/www.euromi.com\/fr\/?s={search_term_string}"},"query-input":"required name=search_term_string"}],"inLanguage":"fr-FR"},{"@type":"ImageObject","@id":"https:\/\/www.euromi.com\/fr\/p\/manches-reliees-chirurgie-esthetique\/#primaryimage","inLanguage":"fr-FR","url":"https:\/\/www.euromi.com\/wp-content\/uploads\/2022\/01\/Manches-reliees-dos.jpg","contentUrl":"https:\/\/www.euromi.com\/wp-content\/uploads\/2022\/01\/Manches-reliees-dos.jpg","width":980,"height":1401},{"@type":"WebPage","@id":"https:\/\/www.euromi.com\/fr\/p\/manches-reliees-chirurgie-esthetique\/#webpage","url":"https:\/\/www.euromi.com\/fr\/p\/manches-reliees-chirurgie-esthetique\/","name":"Manches reli\u00e9es - chirurgie esth\u00e9tique - Euromi","isPartOf":{"@id":"https:\/\/www.euromi.com\/fr\/#website"},"primaryImageOfPage":{"@id":"https:\/\/www.euromi.com\/fr\/p\/manches-reliees-chirurgie-esthetique\/#primaryimage"},"datePublished":"2022-01-17T15:46:49+00:00","dateModified":"2025-01-23T12:35:45+00:00","description":"Les manches reli\u00e9es sont indiqu\u00e9es dans le cas de correction de pt\u00f4se cutan\u00e9e des bras, d\u2019un lifting des bras, ou encore d\u2019une liposuccion de la face interne des bras.","breadcrumb":{"@id":"https:\/\/www.euromi.com\/fr\/p\/manches-reliees-chirurgie-esthetique\/#breadcrumb"},"inLanguage":"fr-FR","potentialAction":[{"@type":"ReadAction","target":["https:\/\/www.euromi.com\/fr\/p\/manches-reliees-chirurgie-esthetique\/"]}]},{"@type":"BreadcrumbList","@id":"https:\/\/www.euromi.com\/fr\/p\/manches-reliees-chirurgie-esthetique\/#breadcrumb","itemListElement":[{"@type":"ListItem","position":1,"name":"Accueil","item":"https:\/\/www.euromi.com\/fr\/"},{"@type":"ListItem","position":2,"name":"Boutique","item":"https:\/\/www.euromi.com\/fr\/boutique\/"},{"@type":"ListItem","position":3,"name":"V\u00eatements et pansements","item":"https:\/\/www.euromi.com\/fr\/catp\/vetements-chirurgicaux-et-pansements\/"},{"@type":"ListItem","position":4,"name":"V\u00eatements compressifs","item":"https:\/\/www.euromi.com\/fr\/catp\/vetements-chirurgicaux-et-pansements\/vetements-compressifs\/"},{"@type":"ListItem","position":5,"name":"Chirurgie esth\u00e9tique et plastique","item":"https:\/\/www.euromi.com\/fr\/catp\/vetements-chirurgicaux-et-pansements\/vetements-compressifs\/vetement-chirurgie-esthetique-et-plastique\/"},{"@type":"ListItem","position":6,"name":"Autres orth\u00e8ses","item":"https:\/\/www.euromi.com\/fr\/catp\/vetements-chirurgicaux-et-pansements\/vetements-compressifs\/vetement-chirurgie-esthetique-et-plastique\/autres-ortheses\/"},{"@type":"ListItem","position":7,"name":"Manches reli\u00e9es"}]}]}},"jetpack-related-posts":[{"id":2118,"url":"https:\/\/www.euromi.com\/fr\/p\/manche-manchon-esthetique\/","url_meta":{"origin":2096,"position":0},"title":"Manche \/ Manchon","date":"17 janvier 2022","format":false,"excerpt":"La manche (longueur sup\u00e9rieure \u00e0 20 cm) et le manchon (longueur inf\u00e9rieure \u00e0 20 cm) apportent la contention n\u00e9cessaire apr\u00e8s une liposuccion ou un lifting des bras. Les coutures ext\u00e9rieures et la finition agrippante silicon\u00e9e assurent confort et accroche. \u00a0 Nous r\u00e9alisons les manches et manchons selon vos mesures, merci\u2026","rel":"","context":"Article similaire","img":{"alt_text":"","src":"https:\/\/i0.wp.com\/www.euromi.com\/wp-content\/uploads\/2022\/01\/Manchon.jpg?resize=350%2C200&ssl=1","width":350,"height":200},"classes":[]},{"id":2065,"url":"https:\/\/www.euromi.com\/fr\/p\/brassiere-ouverte-esthetique\/","url_meta":{"origin":2096,"position":1},"title":"Brassi\u00e8re ouverte","date":"17 janvier 2022","format":false,"excerpt":"La brassi\u00e8re ouverte est le v\u00eatement compressif appropri\u00e9 dans le cas d'une pt\u00f4se cutan\u00e9e au niveau des bras ou d'une lipoaspiration de la face interne des bras. Cette brassi\u00e8re est r\u00e9alis\u00e9e dans un tissu compressif dont les coutures sont plac\u00e9es sur l\u2019ext\u00e9rieur pour ne pas marquer la peau. Elle se\u2026","rel":"","context":"Article similaire","img":{"alt_text":"","src":"https:\/\/i0.wp.com\/www.euromi.com\/wp-content\/uploads\/2022\/01\/Brassiere-ouverte.jpg?resize=350%2C200&ssl=1","width":350,"height":200},"classes":[]},{"id":2127,"url":"https:\/\/www.euromi.com\/fr\/p\/brassiere-femme\/","url_meta":{"origin":2096,"position":2},"title":"Brassi\u00e8re femme","date":"18 janvier 2022","format":false,"excerpt":"La brassi\u00e8re femme est un v\u00eatement compressif indiqu\u00e9 pour maintenir vos bras apr\u00e8s un lifting, une liposuccion, une correction de pt\u00f4se\u2026 Un triple agrafage sur l\u2019avant et sur toute la hauteur permet ajustement et mise en place facilit\u00e9e. La pr\u00e9sence d\u2019une microfibre \u00e0 l\u2019int\u00e9rieur du coude (sur tissu Classique) et\u2026","rel":"","context":"Article similaire","img":{"alt_text":"","src":"https:\/\/i0.wp.com\/www.euromi.com\/wp-content\/uploads\/2022\/01\/Brassiere-femme.jpg?resize=350%2C200&ssl=1","width":350,"height":200},"classes":[]},{"id":2114,"url":"https:\/\/www.euromi.com\/fr\/p\/bolero-homme\/","url_meta":{"origin":2096,"position":3},"title":"Bol\u00e9ro homme","date":"17 janvier 2022","format":false,"excerpt":"Le bol\u00e9ro pour homme est indiqu\u00e9 dans le cas d\u2019une correction de gyn\u00e9comastie (consiste \u00e0 r\u00e9duire la taille et le gonflement de la glande mammaire). Ce bol\u00e9ro est r\u00e9alis\u00e9 dans un tissu compressif pour apporter le maintien et confort n\u00e9cessaire. Il se ferme par un triple agrafage sur le devant,\u2026","rel":"","context":"Article similaire","img":{"alt_text":"","src":"https:\/\/i0.wp.com\/www.euromi.com\/wp-content\/uploads\/2022\/01\/Bolero.jpg?resize=350%2C200&ssl=1","width":350,"height":200},"classes":[]},{"id":2506,"url":"https:\/\/www.euromi.com\/fr\/p\/manchon-pour-grand-brule\/","url_meta":{"origin":2096,"position":4},"title":"Manchons pour grand br\u00fbl\u00e9","date":"25 janvier 2022","format":false,"excerpt":"Les manchons pour grand br\u00fbl\u00e9 sont r\u00e9alis\u00e9s selon la zone concern\u00e9e\u00a0: cuisse, mollet, jambe, biceps, avant-bras, bras. Ce sont des v\u00eatements compressifs qui sont prescrits lors de s\u00e9v\u00e8res br\u00fblures ou greffe de peau. La compression de la zone permettra de pr\u00e9venir ou traiter les cicatrices hypertrophiques et brides r\u00e9tractiles. \u00a0\u2026","rel":"","context":"Article similaire","img":{"alt_text":"","src":"https:\/\/i0.wp.com\/www.euromi.com\/wp-content\/uploads\/2022\/01\/Manchon-biceps-grand-brule.jpg?resize=350%2C200&ssl=1","width":350,"height":200},"classes":[]},{"id":2122,"url":"https:\/\/www.euromi.com\/fr\/p\/body-grand-dorsal\/","url_meta":{"origin":2096,"position":5},"title":"Body grand dorsal","date":"18 janvier 2022","format":false,"excerpt":"\u00a0 Le body grand dorsal est utilis\u00e9 suite \u00e0 une reconstruction mammaire \u00e0 partir du muscle grand dorsal. Il est r\u00e9alis\u00e9 uniquement selon vos mesures et peut \u00eatre utilis\u00e9 en version masculine, apr\u00e8s une liposuccion du dos. \u00a0 Ne pas utiliser sur plaie ouverte, ni en cas de phl\u00e9bite. \u00a0\u2026","rel":"","context":"Article similaire","img":{"alt_text":"","src":"https:\/\/i0.wp.com\/www.euromi.com\/wp-content\/uploads\/2022\/01\/BODYS-Body-grand-dorsal.jpg?resize=350%2C200&ssl=1","width":350,"height":200},"classes":[]}],"_links":{"self":[{"href":"https:\/\/www.euromi.com\/fr\/wp-json\/wp\/v2\/product\/2096"}],"collection":[{"href":"https:\/\/www.euromi.com\/fr\/wp-json\/wp\/v2\/product"}],"about":[{"href":"https:\/\/www.euromi.com\/fr\/wp-json\/wp\/v2\/types\/product"}],"wp:featuredmedia":[{"embeddable":true,"href":"https:\/\/www.euromi.com\/fr\/wp-json\/wp\/v2\/media\/2081"}],"wp:attachment":[{"href":"https:\/\/www.euromi.com\/fr\/wp-json\/wp\/v2\/media?parent=2096"}],"wp:term":[{"taxonomy":"product_cat","embeddable":true,"href":"https:\/\/www.euromi.com\/fr\/wp-json\/wp\/v2\/product_cat?post=2096"},{"taxonomy":"product_tag","embeddable":true,"href":"https:\/\/www.euromi.com\/fr\/wp-json\/wp\/v2\/product_tag?post=2096"}],"curies":[{"name":"wp","href":"https:\/\/api.w.org\/{rel}","templated":true}]}}