{"id":1994,"date":"2022-01-14T12:30:09","date_gmt":"2022-01-14T11:30:09","guid":{"rendered":"https:\/\/www.euromi.com\/?post_type=product&#038;p=1994"},"modified":"2025-01-23T14:28:42","modified_gmt":"2025-01-23T13:28:42","slug":"ceinture-basse-esthetique-avec-ouverture-centrale","status":"publish","type":"product","link":"https:\/\/www.euromi.com\/fr\/p\/ceinture-basse-esthetique-avec-ouverture-centrale\/","title":{"rendered":"Ceinture basse avec ouverture centrale"},"content":{"rendered":"<p>La <strong>ceinture basse avec ouverture centrale <\/strong>est indiqu\u00e9e apr\u00e8s une <strong>liposuccion des hanches et du bas-ventre. <\/strong>Elle permet de r\u00e9duire l\u2019\u0153d\u00e8me post-op\u00e9ratoire en offrant une contention adapt\u00e9e.<\/p>\n<p>Le triple agrafage sur toute la hauteur offre une facilit\u00e9 de mise en place et un ajustement pr\u00e9cis.<\/p>\n<p>&nbsp;<\/p>\n<p><em>Ne pas utiliser sur plaie ouverte, ni en cas de phl\u00e9bite.<\/em><\/p>\n<p><em>\u00a0<\/em><\/p>\n<p>Si vos mesures ne correspondent pas \u00e0 celles figurant dans le guide des tailles ci-contre, merci de nous contacter.<\/p>\n","protected":false},"excerpt":{"rendered":"<p>La ceinture basse avec ouverture centrale est indiqu\u00e9e apr\u00e8s une liposuccion des hanches et du bas-ventre. Elle permet de r\u00e9duire l\u2019\u0153d\u00e8me post-op\u00e9ratoire en offrant une contention adapt\u00e9e. Le triple agrafage sur toute la hauteur offre une facilit\u00e9 de mise en place et un ajustement pr\u00e9cis. &nbsp; Ne pas utiliser sur plaie ouverte, ni en cas [&hellip;]<\/p>\n","protected":false},"featured_media":1941,"template":"","meta":{"_et_pb_use_builder":"","_et_pb_old_content":"","_et_gb_content_width":"","spay_email":""},"product_cat":[40,49],"product_tag":[90,92],"yoast_head":"<!-- This site is optimized with the Yoast SEO plugin v18.2 - https:\/\/yoast.com\/wordpress\/plugins\/seo\/ -->\n<title>Ceinture basse avec ouverture centrale - chirurgie esth\u00e9tique - Euromi<\/title>\n<meta name=\"description\" content=\"La ceinture basse avec ouverture centrale est indiqu\u00e9e apr\u00e8s une liposuccion des hanches et du bas-ventre. Elle permet de r\u00e9duire l\u2019\u0153d\u00e8me post-op\u00e9ratoire en offrant une contention adapt\u00e9e.\" \/>\n<meta name=\"robots\" content=\"index, follow, max-snippet:-1, max-image-preview:large, max-video-preview:-1\" \/>\n<link rel=\"canonical\" href=\"https:\/\/www.euromi.com\/fr\/p\/ceinture-basse-esthetique-avec-ouverture-centrale\/\" \/>\n<meta property=\"og:locale\" content=\"fr_FR\" \/>\n<meta property=\"og:type\" content=\"article\" \/>\n<meta property=\"og:title\" content=\"Ceinture basse avec ouverture centrale - chirurgie esth\u00e9tique - Euromi\" \/>\n<meta property=\"og:description\" content=\"La ceinture basse avec ouverture centrale est indiqu\u00e9e apr\u00e8s une liposuccion des hanches et du bas-ventre. Elle permet de r\u00e9duire l\u2019\u0153d\u00e8me post-op\u00e9ratoire en offrant une contention adapt\u00e9e.\" \/>\n<meta property=\"og:url\" content=\"https:\/\/www.euromi.com\/fr\/p\/ceinture-basse-esthetique-avec-ouverture-centrale\/\" \/>\n<meta property=\"og:site_name\" content=\"Euromi\" \/>\n<meta property=\"article:modified_time\" content=\"2025-01-23T13:28:42+00:00\" \/>\n<meta property=\"og:image\" content=\"https:\/\/www.euromi.com\/wp-content\/uploads\/2022\/01\/CEINTURE-basse-ouv-centrale.femme_.jpg\" \/>\n\t<meta property=\"og:image:width\" content=\"980\" \/>\n\t<meta property=\"og:image:height\" content=\"1401\" \/>\n\t<meta property=\"og:image:type\" content=\"image\/jpeg\" \/>\n<meta name=\"twitter:card\" content=\"summary_large_image\" \/>\n<script type=\"application\/ld+json\" class=\"yoast-schema-graph\">{\"@context\":\"https:\/\/schema.org\",\"@graph\":[{\"@type\":\"Organization\",\"@id\":\"https:\/\/www.euromi.com\/fr\/#organization\",\"name\":\"Euromi\",\"url\":\"https:\/\/www.euromi.com\/fr\/\",\"sameAs\":[],\"logo\":{\"@type\":\"ImageObject\",\"@id\":\"https:\/\/www.euromi.com\/fr\/#logo\",\"inLanguage\":\"fr-FR\",\"url\":\"https:\/\/www.euromi.com\/wp-content\/uploads\/2021\/10\/cropped-favicon.jpg\",\"contentUrl\":\"https:\/\/www.euromi.com\/wp-content\/uploads\/2021\/10\/cropped-favicon.jpg\",\"width\":512,\"height\":512,\"caption\":\"Euromi\"},\"image\":{\"@id\":\"https:\/\/www.euromi.com\/fr\/#logo\"}},{\"@type\":\"WebSite\",\"@id\":\"https:\/\/www.euromi.com\/fr\/#website\",\"url\":\"https:\/\/www.euromi.com\/fr\/\",\"name\":\"Euromi\",\"description\":\"Fabricant de Mat\u00e9riel M\u00e9dical\",\"publisher\":{\"@id\":\"https:\/\/www.euromi.com\/fr\/#organization\"},\"potentialAction\":[{\"@type\":\"SearchAction\",\"target\":{\"@type\":\"EntryPoint\",\"urlTemplate\":\"https:\/\/www.euromi.com\/fr\/?s={search_term_string}\"},\"query-input\":\"required name=search_term_string\"}],\"inLanguage\":\"fr-FR\"},{\"@type\":\"ImageObject\",\"@id\":\"https:\/\/www.euromi.com\/fr\/p\/ceinture-basse-esthetique-avec-ouverture-centrale\/#primaryimage\",\"inLanguage\":\"fr-FR\",\"url\":\"https:\/\/www.euromi.com\/wp-content\/uploads\/2022\/01\/CEINTURE-basse-ouv-centrale.femme_.jpg\",\"contentUrl\":\"https:\/\/www.euromi.com\/wp-content\/uploads\/2022\/01\/CEINTURE-basse-ouv-centrale.femme_.jpg\",\"width\":980,\"height\":1401},{\"@type\":\"WebPage\",\"@id\":\"https:\/\/www.euromi.com\/fr\/p\/ceinture-basse-esthetique-avec-ouverture-centrale\/#webpage\",\"url\":\"https:\/\/www.euromi.com\/fr\/p\/ceinture-basse-esthetique-avec-ouverture-centrale\/\",\"name\":\"Ceinture basse avec ouverture centrale - chirurgie esth\u00e9tique - Euromi\",\"isPartOf\":{\"@id\":\"https:\/\/www.euromi.com\/fr\/#website\"},\"primaryImageOfPage\":{\"@id\":\"https:\/\/www.euromi.com\/fr\/p\/ceinture-basse-esthetique-avec-ouverture-centrale\/#primaryimage\"},\"datePublished\":\"2022-01-14T11:30:09+00:00\",\"dateModified\":\"2025-01-23T13:28:42+00:00\",\"description\":\"La ceinture basse avec ouverture centrale est indiqu\u00e9e apr\u00e8s une liposuccion des hanches et du bas-ventre. Elle permet de r\u00e9duire l\u2019\u0153d\u00e8me post-op\u00e9ratoire en offrant une contention adapt\u00e9e.\",\"breadcrumb\":{\"@id\":\"https:\/\/www.euromi.com\/fr\/p\/ceinture-basse-esthetique-avec-ouverture-centrale\/#breadcrumb\"},\"inLanguage\":\"fr-FR\",\"potentialAction\":[{\"@type\":\"ReadAction\",\"target\":[\"https:\/\/www.euromi.com\/fr\/p\/ceinture-basse-esthetique-avec-ouverture-centrale\/\"]}]},{\"@type\":\"BreadcrumbList\",\"@id\":\"https:\/\/www.euromi.com\/fr\/p\/ceinture-basse-esthetique-avec-ouverture-centrale\/#breadcrumb\",\"itemListElement\":[{\"@type\":\"ListItem\",\"position\":1,\"name\":\"Accueil\",\"item\":\"https:\/\/www.euromi.com\/fr\/\"},{\"@type\":\"ListItem\",\"position\":2,\"name\":\"Boutique\",\"item\":\"https:\/\/www.euromi.com\/fr\/boutique\/\"},{\"@type\":\"ListItem\",\"position\":3,\"name\":\"V\u00eatements et pansements\",\"item\":\"https:\/\/www.euromi.com\/fr\/catp\/vetements-chirurgicaux-et-pansements\/\"},{\"@type\":\"ListItem\",\"position\":4,\"name\":\"V\u00eatements compressifs\",\"item\":\"https:\/\/www.euromi.com\/fr\/catp\/vetements-chirurgicaux-et-pansements\/vetements-compressifs\/\"},{\"@type\":\"ListItem\",\"position\":5,\"name\":\"Chirurgie esth\u00e9tique et plastique\",\"item\":\"https:\/\/www.euromi.com\/fr\/catp\/vetements-chirurgicaux-et-pansements\/vetements-compressifs\/vetement-chirurgie-esthetique-et-plastique\/\"},{\"@type\":\"ListItem\",\"position\":6,\"name\":\"Ceintures\",\"item\":\"https:\/\/www.euromi.com\/fr\/catp\/vetements-chirurgicaux-et-pansements\/vetements-compressifs\/vetement-chirurgie-esthetique-et-plastique\/ceintures\/\"},{\"@type\":\"ListItem\",\"position\":7,\"name\":\"Ceinture basse avec ouverture centrale\"}]}]}<\/script>\n<!-- \/ Yoast SEO plugin. -->","yoast_head_json":{"title":"Ceinture basse avec ouverture centrale - chirurgie esth\u00e9tique - Euromi","description":"La ceinture basse avec ouverture centrale est indiqu\u00e9e apr\u00e8s une liposuccion des hanches et du bas-ventre. Elle permet de r\u00e9duire l\u2019\u0153d\u00e8me post-op\u00e9ratoire en offrant une contention adapt\u00e9e.","robots":{"index":"index","follow":"follow","max-snippet":"max-snippet:-1","max-image-preview":"max-image-preview:large","max-video-preview":"max-video-preview:-1"},"canonical":"https:\/\/www.euromi.com\/fr\/p\/ceinture-basse-esthetique-avec-ouverture-centrale\/","og_locale":"fr_FR","og_type":"article","og_title":"Ceinture basse avec ouverture centrale - chirurgie esth\u00e9tique - Euromi","og_description":"La ceinture basse avec ouverture centrale est indiqu\u00e9e apr\u00e8s une liposuccion des hanches et du bas-ventre. Elle permet de r\u00e9duire l\u2019\u0153d\u00e8me post-op\u00e9ratoire en offrant une contention adapt\u00e9e.","og_url":"https:\/\/www.euromi.com\/fr\/p\/ceinture-basse-esthetique-avec-ouverture-centrale\/","og_site_name":"Euromi","article_modified_time":"2025-01-23T13:28:42+00:00","og_image":[{"width":980,"height":1401,"url":"https:\/\/www.euromi.com\/wp-content\/uploads\/2022\/01\/CEINTURE-basse-ouv-centrale.femme_.jpg","type":"image\/jpeg"}],"twitter_card":"summary_large_image","schema":{"@context":"https:\/\/schema.org","@graph":[{"@type":"Organization","@id":"https:\/\/www.euromi.com\/fr\/#organization","name":"Euromi","url":"https:\/\/www.euromi.com\/fr\/","sameAs":[],"logo":{"@type":"ImageObject","@id":"https:\/\/www.euromi.com\/fr\/#logo","inLanguage":"fr-FR","url":"https:\/\/www.euromi.com\/wp-content\/uploads\/2021\/10\/cropped-favicon.jpg","contentUrl":"https:\/\/www.euromi.com\/wp-content\/uploads\/2021\/10\/cropped-favicon.jpg","width":512,"height":512,"caption":"Euromi"},"image":{"@id":"https:\/\/www.euromi.com\/fr\/#logo"}},{"@type":"WebSite","@id":"https:\/\/www.euromi.com\/fr\/#website","url":"https:\/\/www.euromi.com\/fr\/","name":"Euromi","description":"Fabricant de Mat\u00e9riel M\u00e9dical","publisher":{"@id":"https:\/\/www.euromi.com\/fr\/#organization"},"potentialAction":[{"@type":"SearchAction","target":{"@type":"EntryPoint","urlTemplate":"https:\/\/www.euromi.com\/fr\/?s={search_term_string}"},"query-input":"required name=search_term_string"}],"inLanguage":"fr-FR"},{"@type":"ImageObject","@id":"https:\/\/www.euromi.com\/fr\/p\/ceinture-basse-esthetique-avec-ouverture-centrale\/#primaryimage","inLanguage":"fr-FR","url":"https:\/\/www.euromi.com\/wp-content\/uploads\/2022\/01\/CEINTURE-basse-ouv-centrale.femme_.jpg","contentUrl":"https:\/\/www.euromi.com\/wp-content\/uploads\/2022\/01\/CEINTURE-basse-ouv-centrale.femme_.jpg","width":980,"height":1401},{"@type":"WebPage","@id":"https:\/\/www.euromi.com\/fr\/p\/ceinture-basse-esthetique-avec-ouverture-centrale\/#webpage","url":"https:\/\/www.euromi.com\/fr\/p\/ceinture-basse-esthetique-avec-ouverture-centrale\/","name":"Ceinture basse avec ouverture centrale - chirurgie esth\u00e9tique - Euromi","isPartOf":{"@id":"https:\/\/www.euromi.com\/fr\/#website"},"primaryImageOfPage":{"@id":"https:\/\/www.euromi.com\/fr\/p\/ceinture-basse-esthetique-avec-ouverture-centrale\/#primaryimage"},"datePublished":"2022-01-14T11:30:09+00:00","dateModified":"2025-01-23T13:28:42+00:00","description":"La ceinture basse avec ouverture centrale est indiqu\u00e9e apr\u00e8s une liposuccion des hanches et du bas-ventre. Elle permet de r\u00e9duire l\u2019\u0153d\u00e8me post-op\u00e9ratoire en offrant une contention adapt\u00e9e.","breadcrumb":{"@id":"https:\/\/www.euromi.com\/fr\/p\/ceinture-basse-esthetique-avec-ouverture-centrale\/#breadcrumb"},"inLanguage":"fr-FR","potentialAction":[{"@type":"ReadAction","target":["https:\/\/www.euromi.com\/fr\/p\/ceinture-basse-esthetique-avec-ouverture-centrale\/"]}]},{"@type":"BreadcrumbList","@id":"https:\/\/www.euromi.com\/fr\/p\/ceinture-basse-esthetique-avec-ouverture-centrale\/#breadcrumb","itemListElement":[{"@type":"ListItem","position":1,"name":"Accueil","item":"https:\/\/www.euromi.com\/fr\/"},{"@type":"ListItem","position":2,"name":"Boutique","item":"https:\/\/www.euromi.com\/fr\/boutique\/"},{"@type":"ListItem","position":3,"name":"V\u00eatements et pansements","item":"https:\/\/www.euromi.com\/fr\/catp\/vetements-chirurgicaux-et-pansements\/"},{"@type":"ListItem","position":4,"name":"V\u00eatements compressifs","item":"https:\/\/www.euromi.com\/fr\/catp\/vetements-chirurgicaux-et-pansements\/vetements-compressifs\/"},{"@type":"ListItem","position":5,"name":"Chirurgie esth\u00e9tique et plastique","item":"https:\/\/www.euromi.com\/fr\/catp\/vetements-chirurgicaux-et-pansements\/vetements-compressifs\/vetement-chirurgie-esthetique-et-plastique\/"},{"@type":"ListItem","position":6,"name":"Ceintures","item":"https:\/\/www.euromi.com\/fr\/catp\/vetements-chirurgicaux-et-pansements\/vetements-compressifs\/vetement-chirurgie-esthetique-et-plastique\/ceintures\/"},{"@type":"ListItem","position":7,"name":"Ceinture basse avec ouverture centrale"}]}]}},"jetpack-related-posts":[{"id":1999,"url":"https:\/\/www.euromi.com\/fr\/p\/ceinture-basse-esthetique-avec-ouverture-centrale-2\/","url_meta":{"origin":1994,"position":0},"title":"Ceinture basse avec ouverture lat\u00e9rale","date":"14 janvier 2022","format":false,"excerpt":"La ceinture basse avec ouverture lat\u00e9rale permet de r\u00e9duire l\u2019\u0153d\u00e8me post-op\u00e9ratoire suite \u00e0 une liposuccion du bas-ventre et des hanches. La contention est r\u00e9gul\u00e9e et continue gr\u00e2ce \u00e0 son triple agrafage lat\u00e9ral sur toute la hauteur de la ceinture. \u00a0 Elle est propos\u00e9e en mod\u00e8le femme et en mod\u00e8le homme\u2026","rel":"","context":"Article similaire","img":{"alt_text":"","src":"https:\/\/i0.wp.com\/www.euromi.com\/wp-content\/uploads\/2022\/01\/CEINTURE-basse-ouv-laterale.femme_.jpg?resize=350%2C200&ssl=1","width":350,"height":200},"classes":[]},{"id":1939,"url":"https:\/\/www.euromi.com\/fr\/p\/ceinture-haute-esthetique-avec-ouverture-centrale\/","url_meta":{"origin":1994,"position":1},"title":"Ceinture haute avec ouverture centrale","date":"14 janvier 2022","format":false,"excerpt":"La ceinture haute avec ouverture centrale sera port\u00e9e apr\u00e8s une liposuccion des hanches et du ventre. Elle offre une contention sp\u00e9cialement adapt\u00e9e et r\u00e9partie de mani\u00e8re uniforme pour r\u00e9duire l\u2019\u0153d\u00e8me post-op\u00e9ratoire. Elle se positionne et s\u2019ajuste facilement gr\u00e2ce \u00e0 un triple agrafage central sur toute la hauteur. \u00a0 Elle est\u2026","rel":"","context":"Article similaire","img":{"alt_text":"","src":"https:\/\/i0.wp.com\/www.euromi.com\/wp-content\/uploads\/2022\/01\/CEINTURE-haute-ouv-centrale.femme_.jpg?resize=350%2C200&ssl=1","width":350,"height":200},"classes":[]},{"id":1692,"url":"https:\/\/www.euromi.com\/fr\/p\/ceinture-haute-esthetique-ouverture-laterale\/","url_meta":{"origin":1994,"position":2},"title":"Ceinture haute avec ouverture lat\u00e9rale","date":"11 janvier 2022","format":false,"excerpt":"La ceinture haute avec ouverture lat\u00e9rale est prescrite suite \u00e0 une liposuccion du ventre et des hanches pour offrir le maintien appropri\u00e9. Son triple agrafage lat\u00e9ral sur toute la hauteur de la ceinture, et de chaque c\u00f4t\u00e9, permet une mise en place facilit\u00e9e et un ajustement pr\u00e9cis. \u00a0 Elle est\u2026","rel":"","context":"Article similaire","img":{"alt_text":"Ceinture haute","src":"https:\/\/i0.wp.com\/www.euromi.com\/wp-content\/uploads\/2022\/01\/CEINTURE-haute-ouv-laterale.femme_.jpg?resize=350%2C200&ssl=1","width":350,"height":200},"classes":[]},{"id":1995,"url":"https:\/\/www.euromi.com\/en\/p\/aesthetic-low-waist-binder-with-central-opening\/","url_meta":{"origin":1994,"position":3},"title":"Low-waist binder with central opening","date":"14 janvier 2022","format":false,"excerpt":"The low-waist binder with central opening is indicated\u00a0 for use after liposuction of the hips and lower-belly. It helps reduce post-operative oedema by providing suitable compression. Full-height triple hook and eye provides easy placement and precise fit. \u00a0 Do not use on open wounds, or in case of phlebitis. \u00a0\u2026","rel":"","context":"Article similaire","img":{"alt_text":"","src":"https:\/\/i0.wp.com\/www.euromi.com\/wp-content\/uploads\/2022\/01\/CEINTURE-basse-ouv-centrale.femme_.jpg?resize=350%2C200&ssl=1","width":350,"height":200},"classes":[]},{"id":1940,"url":"https:\/\/www.euromi.com\/en\/p\/aesthetic-high-waist-binder-with-central-opening\/","url_meta":{"origin":1994,"position":4},"title":"High-waist binder with central opening","date":"14 janvier 2022","format":false,"excerpt":"The high-waist binder with central opening is worn after liposuction of the hips and belly. It provides specially adapted and evenly distributed compression to reduce postoperative oedema. You can easily wear and adjust it thanks to a full height front closure with a triple hook-and-eye closure. \u00a0 It is available\u2026","rel":"","context":"Article similaire","img":{"alt_text":"","src":"https:\/\/i0.wp.com\/www.euromi.com\/wp-content\/uploads\/2022\/01\/CEINTURE-haute-ouv-centrale.femme_.jpg?resize=350%2C200&ssl=1","width":350,"height":200},"classes":[]},{"id":1796,"url":"https:\/\/www.euromi.com\/en\/p\/single-strap-bust-stabiliser-band\/","url_meta":{"origin":1994,"position":5},"title":"Single strap bust stabiliser band","date":"13 janvier 2022","format":false,"excerpt":"The single strap bust stabiliser band is indicated for use after breast implant placement. This stabilising band ensures a targeted pressure on top of the breast and helps keep the implant at the right position. Moreover, the single strap band avoids any possible upwards implant migration thanks to the self-gripping\u2026","rel":"","context":"Article similaire","img":{"alt_text":"","src":"https:\/\/i0.wp.com\/www.euromi.com\/wp-content\/uploads\/2022\/01\/SOUTIEN-GORGE-simplecontenseur.1.jpg?resize=350%2C200&ssl=1","width":350,"height":200},"classes":[]}],"_links":{"self":[{"href":"https:\/\/www.euromi.com\/fr\/wp-json\/wp\/v2\/product\/1994"}],"collection":[{"href":"https:\/\/www.euromi.com\/fr\/wp-json\/wp\/v2\/product"}],"about":[{"href":"https:\/\/www.euromi.com\/fr\/wp-json\/wp\/v2\/types\/product"}],"wp:featuredmedia":[{"embeddable":true,"href":"https:\/\/www.euromi.com\/fr\/wp-json\/wp\/v2\/media\/1941"}],"wp:attachment":[{"href":"https:\/\/www.euromi.com\/fr\/wp-json\/wp\/v2\/media?parent=1994"}],"wp:term":[{"taxonomy":"product_cat","embeddable":true,"href":"https:\/\/www.euromi.com\/fr\/wp-json\/wp\/v2\/product_cat?post=1994"},{"taxonomy":"product_tag","embeddable":true,"href":"https:\/\/www.euromi.com\/fr\/wp-json\/wp\/v2\/product_tag?post=1994"}],"curies":[{"name":"wp","href":"https:\/\/api.w.org\/{rel}","templated":true}]}}