{"id":1903,"date":"2022-01-14T08:54:06","date_gmt":"2022-01-14T07:54:06","guid":{"rendered":"https:\/\/www.euromi.com\/?post_type=product&#038;p=1903"},"modified":"2025-01-23T15:53:04","modified_gmt":"2025-01-23T14:53:04","slug":"panty-cruroplastie","status":"publish","type":"product","link":"https:\/\/www.euromi.com\/fr\/p\/panty-cruroplastie\/","title":{"rendered":"Panty cruroplastie"},"content":{"rendered":"<p>Le <strong>panty cruroplastie<\/strong>, gr\u00e2ce \u00e0 ses coutures ext\u00e9rieures d\u00e9cal\u00e9es sur l\u2019avant, est particuli\u00e8rement adapt\u00e9 suite \u00e0 un <strong>lifting de la face interne de la cuisse<\/strong>.<\/p>\n<p>Le panty cruroplastie est donc utilis\u00e9 pour la <strong>contention de l&#8217;\u0153d\u00e8me post-op\u00e9ratoire<\/strong> mais \u00e9galement pour \u00e9viter le contact avec les cicatrices.<\/p>\n<p>Le taux de compression a \u00e9t\u00e9 sp\u00e9cialement \u00e9tudi\u00e9 pour vous offrir aisance, mobilit\u00e9 et maintien lors de votre convalescence.<\/p>\n<p>&nbsp;<\/p>\n<p><strong>Trois longueurs sont disponibles<\/strong>\u00a0: panty haut court (au-dessus du genou), panty haut long (au-dessous du genou), panty haut chevilles (au niveau de la cheville).<\/p>\n<p>&nbsp;<\/p>\n<p>Si vos mesures ne correspondent pas \u00e0 celles figurant dans le guide des tailles ci-contre, merci de nous contacter.<\/p>\n<p><em>Ne pas utiliser sur plaie ouverte, ni en cas de phl\u00e9bite.<\/em><\/p>\n","protected":false},"excerpt":{"rendered":"<p>Le panty cruroplastie, gr\u00e2ce \u00e0 ses coutures ext\u00e9rieures d\u00e9cal\u00e9es sur l\u2019avant, est particuli\u00e8rement adapt\u00e9 suite \u00e0 un lifting de la face interne de la cuisse. Le panty cruroplastie est donc utilis\u00e9 pour la contention de l&#8217;\u0153d\u00e8me post-op\u00e9ratoire mais \u00e9galement pour \u00e9viter le contact avec les cicatrices. Le taux de compression a \u00e9t\u00e9 sp\u00e9cialement \u00e9tudi\u00e9 pour [&hellip;]<\/p>\n","protected":false},"featured_media":1907,"template":"","meta":{"_et_pb_use_builder":"","_et_pb_old_content":"","_et_gb_content_width":"","spay_email":""},"product_cat":[49,37],"product_tag":[90,92],"yoast_head":"<!-- This site is optimized with the Yoast SEO plugin v18.2 - https:\/\/yoast.com\/wordpress\/plugins\/seo\/ -->\n<title>Panty cruroplastie - Court - Long - Cheville - Euromi<\/title>\n<meta name=\"description\" content=\"Le panty cruroplastie, gr\u00e2ce \u00e0 ses coutures ext\u00e9rieures d\u00e9cal\u00e9es sur l\u2019avant, est particuli\u00e8rement adapt\u00e9 suite \u00e0 un lifting de la face interne de la cuisse.\" \/>\n<meta name=\"robots\" content=\"index, follow, max-snippet:-1, max-image-preview:large, max-video-preview:-1\" \/>\n<link rel=\"canonical\" href=\"https:\/\/www.euromi.com\/fr\/p\/panty-cruroplastie\/\" \/>\n<meta property=\"og:locale\" content=\"fr_FR\" \/>\n<meta property=\"og:type\" content=\"article\" \/>\n<meta property=\"og:title\" content=\"Panty cruroplastie - Court - Long - Cheville - Euromi\" \/>\n<meta property=\"og:description\" content=\"Le panty cruroplastie, gr\u00e2ce \u00e0 ses coutures ext\u00e9rieures d\u00e9cal\u00e9es sur l\u2019avant, est particuli\u00e8rement adapt\u00e9 suite \u00e0 un lifting de la face interne de la cuisse.\" \/>\n<meta property=\"og:url\" content=\"https:\/\/www.euromi.com\/fr\/p\/panty-cruroplastie\/\" \/>\n<meta property=\"og:site_name\" content=\"Euromi\" \/>\n<meta property=\"article:modified_time\" content=\"2025-01-23T14:53:04+00:00\" \/>\n<meta property=\"og:image\" content=\"https:\/\/www.euromi.com\/wp-content\/uploads\/2022\/01\/PANTYS-cruroplastie-long.jpg\" \/>\n\t<meta property=\"og:image:width\" content=\"980\" \/>\n\t<meta property=\"og:image:height\" content=\"1401\" \/>\n\t<meta property=\"og:image:type\" content=\"image\/jpeg\" \/>\n<meta name=\"twitter:card\" content=\"summary_large_image\" \/>\n<script type=\"application\/ld+json\" class=\"yoast-schema-graph\">{\"@context\":\"https:\/\/schema.org\",\"@graph\":[{\"@type\":\"Organization\",\"@id\":\"https:\/\/www.euromi.com\/fr\/#organization\",\"name\":\"Euromi\",\"url\":\"https:\/\/www.euromi.com\/fr\/\",\"sameAs\":[],\"logo\":{\"@type\":\"ImageObject\",\"@id\":\"https:\/\/www.euromi.com\/fr\/#logo\",\"inLanguage\":\"fr-FR\",\"url\":\"https:\/\/www.euromi.com\/wp-content\/uploads\/2021\/10\/cropped-favicon.jpg\",\"contentUrl\":\"https:\/\/www.euromi.com\/wp-content\/uploads\/2021\/10\/cropped-favicon.jpg\",\"width\":512,\"height\":512,\"caption\":\"Euromi\"},\"image\":{\"@id\":\"https:\/\/www.euromi.com\/fr\/#logo\"}},{\"@type\":\"WebSite\",\"@id\":\"https:\/\/www.euromi.com\/fr\/#website\",\"url\":\"https:\/\/www.euromi.com\/fr\/\",\"name\":\"Euromi\",\"description\":\"Fabricant de Mat\u00e9riel M\u00e9dical\",\"publisher\":{\"@id\":\"https:\/\/www.euromi.com\/fr\/#organization\"},\"potentialAction\":[{\"@type\":\"SearchAction\",\"target\":{\"@type\":\"EntryPoint\",\"urlTemplate\":\"https:\/\/www.euromi.com\/fr\/?s={search_term_string}\"},\"query-input\":\"required name=search_term_string\"}],\"inLanguage\":\"fr-FR\"},{\"@type\":\"ImageObject\",\"@id\":\"https:\/\/www.euromi.com\/fr\/p\/panty-cruroplastie\/#primaryimage\",\"inLanguage\":\"fr-FR\",\"url\":\"https:\/\/www.euromi.com\/wp-content\/uploads\/2022\/01\/PANTYS-cruroplastie-long.jpg\",\"contentUrl\":\"https:\/\/www.euromi.com\/wp-content\/uploads\/2022\/01\/PANTYS-cruroplastie-long.jpg\",\"width\":980,\"height\":1401},{\"@type\":\"WebPage\",\"@id\":\"https:\/\/www.euromi.com\/fr\/p\/panty-cruroplastie\/#webpage\",\"url\":\"https:\/\/www.euromi.com\/fr\/p\/panty-cruroplastie\/\",\"name\":\"Panty cruroplastie - Court - Long - Cheville - Euromi\",\"isPartOf\":{\"@id\":\"https:\/\/www.euromi.com\/fr\/#website\"},\"primaryImageOfPage\":{\"@id\":\"https:\/\/www.euromi.com\/fr\/p\/panty-cruroplastie\/#primaryimage\"},\"datePublished\":\"2022-01-14T07:54:06+00:00\",\"dateModified\":\"2025-01-23T14:53:04+00:00\",\"description\":\"Le panty cruroplastie, gr\u00e2ce \u00e0 ses coutures ext\u00e9rieures d\u00e9cal\u00e9es sur l\u2019avant, est particuli\u00e8rement adapt\u00e9 suite \u00e0 un lifting de la face interne de la cuisse.\",\"breadcrumb\":{\"@id\":\"https:\/\/www.euromi.com\/fr\/p\/panty-cruroplastie\/#breadcrumb\"},\"inLanguage\":\"fr-FR\",\"potentialAction\":[{\"@type\":\"ReadAction\",\"target\":[\"https:\/\/www.euromi.com\/fr\/p\/panty-cruroplastie\/\"]}]},{\"@type\":\"BreadcrumbList\",\"@id\":\"https:\/\/www.euromi.com\/fr\/p\/panty-cruroplastie\/#breadcrumb\",\"itemListElement\":[{\"@type\":\"ListItem\",\"position\":1,\"name\":\"Accueil\",\"item\":\"https:\/\/www.euromi.com\/fr\/\"},{\"@type\":\"ListItem\",\"position\":2,\"name\":\"Boutique\",\"item\":\"https:\/\/www.euromi.com\/fr\/boutique\/\"},{\"@type\":\"ListItem\",\"position\":3,\"name\":\"V\u00eatements et pansements\",\"item\":\"https:\/\/www.euromi.com\/fr\/catp\/vetements-chirurgicaux-et-pansements\/\"},{\"@type\":\"ListItem\",\"position\":4,\"name\":\"V\u00eatements compressifs\",\"item\":\"https:\/\/www.euromi.com\/fr\/catp\/vetements-chirurgicaux-et-pansements\/vetements-compressifs\/\"},{\"@type\":\"ListItem\",\"position\":5,\"name\":\"Chirurgie esth\u00e9tique et plastique\",\"item\":\"https:\/\/www.euromi.com\/fr\/catp\/vetements-chirurgicaux-et-pansements\/vetements-compressifs\/vetement-chirurgie-esthetique-et-plastique\/\"},{\"@type\":\"ListItem\",\"position\":6,\"name\":\"Pantys\",\"item\":\"https:\/\/www.euromi.com\/fr\/catp\/vetements-chirurgicaux-et-pansements\/vetements-compressifs\/vetement-chirurgie-esthetique-et-plastique\/pantys\/\"},{\"@type\":\"ListItem\",\"position\":7,\"name\":\"Panty cruroplastie\"}]}]}<\/script>\n<!-- \/ Yoast SEO plugin. -->","yoast_head_json":{"title":"Panty cruroplastie - Court - Long - Cheville - Euromi","description":"Le panty cruroplastie, gr\u00e2ce \u00e0 ses coutures ext\u00e9rieures d\u00e9cal\u00e9es sur l\u2019avant, est particuli\u00e8rement adapt\u00e9 suite \u00e0 un lifting de la face interne de la cuisse.","robots":{"index":"index","follow":"follow","max-snippet":"max-snippet:-1","max-image-preview":"max-image-preview:large","max-video-preview":"max-video-preview:-1"},"canonical":"https:\/\/www.euromi.com\/fr\/p\/panty-cruroplastie\/","og_locale":"fr_FR","og_type":"article","og_title":"Panty cruroplastie - Court - Long - Cheville - Euromi","og_description":"Le panty cruroplastie, gr\u00e2ce \u00e0 ses coutures ext\u00e9rieures d\u00e9cal\u00e9es sur l\u2019avant, est particuli\u00e8rement adapt\u00e9 suite \u00e0 un lifting de la face interne de la cuisse.","og_url":"https:\/\/www.euromi.com\/fr\/p\/panty-cruroplastie\/","og_site_name":"Euromi","article_modified_time":"2025-01-23T14:53:04+00:00","og_image":[{"width":980,"height":1401,"url":"https:\/\/www.euromi.com\/wp-content\/uploads\/2022\/01\/PANTYS-cruroplastie-long.jpg","type":"image\/jpeg"}],"twitter_card":"summary_large_image","schema":{"@context":"https:\/\/schema.org","@graph":[{"@type":"Organization","@id":"https:\/\/www.euromi.com\/fr\/#organization","name":"Euromi","url":"https:\/\/www.euromi.com\/fr\/","sameAs":[],"logo":{"@type":"ImageObject","@id":"https:\/\/www.euromi.com\/fr\/#logo","inLanguage":"fr-FR","url":"https:\/\/www.euromi.com\/wp-content\/uploads\/2021\/10\/cropped-favicon.jpg","contentUrl":"https:\/\/www.euromi.com\/wp-content\/uploads\/2021\/10\/cropped-favicon.jpg","width":512,"height":512,"caption":"Euromi"},"image":{"@id":"https:\/\/www.euromi.com\/fr\/#logo"}},{"@type":"WebSite","@id":"https:\/\/www.euromi.com\/fr\/#website","url":"https:\/\/www.euromi.com\/fr\/","name":"Euromi","description":"Fabricant de Mat\u00e9riel M\u00e9dical","publisher":{"@id":"https:\/\/www.euromi.com\/fr\/#organization"},"potentialAction":[{"@type":"SearchAction","target":{"@type":"EntryPoint","urlTemplate":"https:\/\/www.euromi.com\/fr\/?s={search_term_string}"},"query-input":"required name=search_term_string"}],"inLanguage":"fr-FR"},{"@type":"ImageObject","@id":"https:\/\/www.euromi.com\/fr\/p\/panty-cruroplastie\/#primaryimage","inLanguage":"fr-FR","url":"https:\/\/www.euromi.com\/wp-content\/uploads\/2022\/01\/PANTYS-cruroplastie-long.jpg","contentUrl":"https:\/\/www.euromi.com\/wp-content\/uploads\/2022\/01\/PANTYS-cruroplastie-long.jpg","width":980,"height":1401},{"@type":"WebPage","@id":"https:\/\/www.euromi.com\/fr\/p\/panty-cruroplastie\/#webpage","url":"https:\/\/www.euromi.com\/fr\/p\/panty-cruroplastie\/","name":"Panty cruroplastie - Court - Long - Cheville - Euromi","isPartOf":{"@id":"https:\/\/www.euromi.com\/fr\/#website"},"primaryImageOfPage":{"@id":"https:\/\/www.euromi.com\/fr\/p\/panty-cruroplastie\/#primaryimage"},"datePublished":"2022-01-14T07:54:06+00:00","dateModified":"2025-01-23T14:53:04+00:00","description":"Le panty cruroplastie, gr\u00e2ce \u00e0 ses coutures ext\u00e9rieures d\u00e9cal\u00e9es sur l\u2019avant, est particuli\u00e8rement adapt\u00e9 suite \u00e0 un lifting de la face interne de la cuisse.","breadcrumb":{"@id":"https:\/\/www.euromi.com\/fr\/p\/panty-cruroplastie\/#breadcrumb"},"inLanguage":"fr-FR","potentialAction":[{"@type":"ReadAction","target":["https:\/\/www.euromi.com\/fr\/p\/panty-cruroplastie\/"]}]},{"@type":"BreadcrumbList","@id":"https:\/\/www.euromi.com\/fr\/p\/panty-cruroplastie\/#breadcrumb","itemListElement":[{"@type":"ListItem","position":1,"name":"Accueil","item":"https:\/\/www.euromi.com\/fr\/"},{"@type":"ListItem","position":2,"name":"Boutique","item":"https:\/\/www.euromi.com\/fr\/boutique\/"},{"@type":"ListItem","position":3,"name":"V\u00eatements et pansements","item":"https:\/\/www.euromi.com\/fr\/catp\/vetements-chirurgicaux-et-pansements\/"},{"@type":"ListItem","position":4,"name":"V\u00eatements compressifs","item":"https:\/\/www.euromi.com\/fr\/catp\/vetements-chirurgicaux-et-pansements\/vetements-compressifs\/"},{"@type":"ListItem","position":5,"name":"Chirurgie esth\u00e9tique et plastique","item":"https:\/\/www.euromi.com\/fr\/catp\/vetements-chirurgicaux-et-pansements\/vetements-compressifs\/vetement-chirurgie-esthetique-et-plastique\/"},{"@type":"ListItem","position":6,"name":"Pantys","item":"https:\/\/www.euromi.com\/fr\/catp\/vetements-chirurgicaux-et-pansements\/vetements-compressifs\/vetement-chirurgie-esthetique-et-plastique\/pantys\/"},{"@type":"ListItem","position":7,"name":"Panty cruroplastie"}]}]}},"jetpack-related-posts":[{"id":1913,"url":"https:\/\/www.euromi.com\/fr\/p\/panty-renfort-postoperatoire-euromi\/","url_meta":{"origin":1903,"position":0},"title":"Panty renfort","date":"14 janvier 2022","format":false,"excerpt":"Le panty renfort, dont le taux de compression a \u00e9t\u00e9 sp\u00e9cialement \u00e9tudi\u00e9, est indiqu\u00e9 pour la contention de l\u2019\u0153d\u00e8me post-op\u00e9ratoire suite \u00e0 une liposuccion. Il poss\u00e8de des renforts pour une compression optimale sur certaines zones. \u00a0 Nous proposons trois longueurs, au choix\u00a0: panty haut court (au-dessus du genou), panty haut\u2026","rel":"","context":"Article similaire","img":{"alt_text":"","src":"https:\/\/i0.wp.com\/www.euromi.com\/wp-content\/uploads\/2022\/01\/PANTYS-renfort-long.jpg?resize=350%2C200&ssl=1","width":350,"height":200},"classes":[]},{"id":1867,"url":"https:\/\/www.euromi.com\/fr\/p\/panty-pieds-postoperatoire\/","url_meta":{"origin":1903,"position":1},"title":"Panty pieds","date":"13 janvier 2022","format":false,"excerpt":"Le panty pieds, haut ou bas, est prescrit apr\u00e8s une liposuccion des chevilles, mollets, genoux, cuisses, du bassin, des hanches et du ventre (bas-ventre pour le mod\u00e8le bas). Le panty permet de r\u00e9duire l\u2019\u0153d\u00e8me qui survient apr\u00e8s l\u2019intervention, d\u2019offrir le maintien n\u00e9cessaire, ainsi que d\u2019emp\u00eacher \u00e0 la peau d\u2019onduler. Le\u2026","rel":"","context":"Article similaire","img":{"alt_text":"Panty haut pied ouvert","src":"https:\/\/i0.wp.com\/www.euromi.com\/wp-content\/uploads\/2022\/01\/Panty-haud-pied-ouvert.png?resize=350%2C200&ssl=1","width":350,"height":200},"classes":[]},{"id":1862,"url":"https:\/\/www.euromi.com\/fr\/p\/panty-chevilles-post-operatoire\/","url_meta":{"origin":1903,"position":2},"title":"Panty chevilles","date":"13 janvier 2022","format":false,"excerpt":"Le panty chevilles, sera port\u00e9 apr\u00e8s une liposuccion des mollets, genoux, cuisses, du bassin, des hanches et du ventre (bas-ventre pour le mod\u00e8le bas). Le panty permet de contenir l\u2019\u0153d\u00e8me post-op\u00e9ratoire, d\u2019offrir le maintien n\u00e9cessaire, ainsi que d\u2019emp\u00eacher le ph\u00e9nom\u00e8ne de \u00ab\u00a0vague\u00a0\u00bb pouvant survenir sur la peau. Le panty vous\u2026","rel":"","context":"Article similaire","img":{"alt_text":"","src":"https:\/\/i0.wp.com\/www.euromi.com\/wp-content\/uploads\/2022\/01\/PANTYS-Panty-Bas-chevilles.jpg?resize=350%2C200&ssl=1","width":350,"height":200},"classes":[]},{"id":1660,"url":"https:\/\/www.euromi.com\/fr\/p\/panty-lipofilling\/","url_meta":{"origin":1903,"position":3},"title":"Panty lipofilling","date":"30 d\u00e9cembre 2021","format":false,"excerpt":"Le panty lipofilling permet la contention de l'\u0153d\u00e8me post-op\u00e9ratoire suite \u00e0 un lipofilling des fesses. Il pr\u00e9vient \u00e9galement le ph\u00e9nom\u00e8ne de \"vagues\", d\u2019ondulation de la peau. Le taux de compression sp\u00e9cialement \u00e9tudi\u00e9 offre au patient une parfaite aisance et une totale mobilit\u00e9 tout en garantissant le maintien appropri\u00e9 aux suites\u2026","rel":"","context":"Article similaire","img":{"alt_text":"Pantys court","src":"https:\/\/i0.wp.com\/www.euromi.com\/wp-content\/uploads\/2021\/12\/PANTYS-lipofilling-court.jpg?resize=350%2C200&ssl=1","width":350,"height":200},"classes":[]},{"id":1842,"url":"https:\/\/www.euromi.com\/fr\/p\/pantys-court-post-operatoire\/","url_meta":{"origin":1903,"position":4},"title":"Panty court","date":"13 janvier 2022","format":false,"excerpt":"Le panty court (haut ou bas), permet de r\u00e9duire l'\u0153d\u00e8me post-op\u00e9ratoire suite \u00e0 une liposuccion des cuisses, du bassin, des hanches et du ventre (bas-ventre pour le mod\u00e8le bas), gr\u00e2ce \u00e0 la pression qu'il exerce sur le corps. Le panty pr\u00e9vient \u00e9galement du ph\u00e9nom\u00e8ne de \u00ab\u00a0vague\u00a0\u00bb qui peut survenir sur\u2026","rel":"","context":"Article similaire","img":{"alt_text":"Panty-Bas-court","src":"https:\/\/i0.wp.com\/www.euromi.com\/wp-content\/uploads\/2022\/01\/PANTYS-Panty-Bas-court.jpg?resize=350%2C200&ssl=1","width":350,"height":200},"classes":[]},{"id":1699,"url":"https:\/\/www.euromi.com\/fr\/p\/panty-long-post-operatoire\/","url_meta":{"origin":1903,"position":5},"title":"Panty long","date":"11 janvier 2022","format":false,"excerpt":"Le panty long, haut ou bas, permet la contention de l'\u0153d\u00e8me post-op\u00e9ratoire suite \u00e0 une liposuccion du ventre (bas-ventre pour le mod\u00e8le bas), des hanches, du bassin, de cuisses et des genoux. Il emp\u00eache \u00e9galement \u00e0 la peau d\u2019onduler. Le taux de compression est \u00e9tudi\u00e9 pour permettre \u00e0 la patiente\u2026","rel":"","context":"Article similaire","img":{"alt_text":"Pantys bas long","src":"https:\/\/i0.wp.com\/www.euromi.com\/wp-content\/uploads\/2022\/01\/PANTYS-Panty-Bas-long.jpg?resize=350%2C200&ssl=1","width":350,"height":200},"classes":[]}],"_links":{"self":[{"href":"https:\/\/www.euromi.com\/fr\/wp-json\/wp\/v2\/product\/1903"}],"collection":[{"href":"https:\/\/www.euromi.com\/fr\/wp-json\/wp\/v2\/product"}],"about":[{"href":"https:\/\/www.euromi.com\/fr\/wp-json\/wp\/v2\/types\/product"}],"wp:featuredmedia":[{"embeddable":true,"href":"https:\/\/www.euromi.com\/fr\/wp-json\/wp\/v2\/media\/1907"}],"wp:attachment":[{"href":"https:\/\/www.euromi.com\/fr\/wp-json\/wp\/v2\/media?parent=1903"}],"wp:term":[{"taxonomy":"product_cat","embeddable":true,"href":"https:\/\/www.euromi.com\/fr\/wp-json\/wp\/v2\/product_cat?post=1903"},{"taxonomy":"product_tag","embeddable":true,"href":"https:\/\/www.euromi.com\/fr\/wp-json\/wp\/v2\/product_tag?post=1903"}],"curies":[{"name":"wp","href":"https:\/\/api.w.org\/{rel}","templated":true}]}}