{"id":1867,"date":"2022-01-13T17:52:01","date_gmt":"2022-01-13T16:52:01","guid":{"rendered":"https:\/\/www.euromi.com\/?post_type=product&#038;p=1867"},"modified":"2025-01-23T16:03:23","modified_gmt":"2025-01-23T15:03:23","slug":"panty-pieds-postoperatoire","status":"publish","type":"product","link":"https:\/\/www.euromi.com\/fr\/p\/panty-pieds-postoperatoire\/","title":{"rendered":"Panty pieds"},"content":{"rendered":"<p>Le <strong>panty pieds, <\/strong>haut ou bas<strong>,<\/strong> est prescrit apr\u00e8s une <strong>liposuccion des chevilles, mollets, genoux, cuisses, du bassin, des hanches et du ventre <\/strong>(bas-ventre pour le mod\u00e8le bas).<\/p>\n<p>Le panty permet de r\u00e9duire l\u2019\u0153d\u00e8me qui survient apr\u00e8s l\u2019intervention, d\u2019offrir le maintien n\u00e9cessaire, ainsi que d\u2019emp\u00eacher \u00e0 la peau d\u2019onduler. Le panty vous permettra \u00e9galement de vous sentir plus libre dans vos mouvements et d\u00e9placements.<\/p>\n<p><strong><u>Le panty pied est disponible en mod\u00e8le ouvert uniquement. Pour le mod\u00e8le ferm\u00e9, nous contacter.<\/u><\/strong><\/p>\n<p><strong>\u00a0<\/strong><\/p>\n<p><em>Ne pas utiliser sur plaie ouverte, ni en cas de phl\u00e9bite.<\/em><\/p>\n<p><em>\u00a0<\/em><\/p>\n<p>Si vos mesures ne correspondent pas \u00e0 celles figurant dans le guide des tailles ci-contre, merci de nous contacter.<\/p>\n","protected":false},"excerpt":{"rendered":"<p>Le panty pieds, haut ou bas, est prescrit apr\u00e8s une liposuccion des chevilles, mollets, genoux, cuisses, du bassin, des hanches et du ventre (bas-ventre pour le mod\u00e8le bas). Le panty permet de r\u00e9duire l\u2019\u0153d\u00e8me qui survient apr\u00e8s l\u2019intervention, d\u2019offrir le maintien n\u00e9cessaire, ainsi que d\u2019emp\u00eacher \u00e0 la peau d\u2019onduler. Le panty vous permettra \u00e9galement de [&hellip;]<\/p>\n","protected":false},"featured_media":3521,"template":"","meta":{"_et_pb_use_builder":"","_et_pb_old_content":"","_et_gb_content_width":"","spay_email":""},"product_cat":[49,37],"product_tag":[90,92],"yoast_head":"<!-- This site is optimized with the Yoast SEO plugin v18.2 - https:\/\/yoast.com\/wordpress\/plugins\/seo\/ -->\n<title>Pantys haut \/ bas chevilles - Post-op\u00e9ratoire - Euromi<\/title>\n<meta name=\"description\" content=\"Le panty pieds, haut ou bas, est prescrit apr\u00e8s une liposuccion des chevilles, mollets, genoux, cuisses, du bassin, des hanches et du ventre (bas-ventre pour le mod\u00e8le bas).Le panty permet de r\u00e9duire l\u2019\u0153d\u00e8me qui survient apr\u00e8s l\u2019intervention.\" \/>\n<meta name=\"robots\" content=\"index, follow, max-snippet:-1, max-image-preview:large, max-video-preview:-1\" \/>\n<link rel=\"canonical\" href=\"https:\/\/www.euromi.com\/fr\/p\/panty-pieds-postoperatoire\/\" \/>\n<meta property=\"og:locale\" content=\"fr_FR\" \/>\n<meta property=\"og:type\" content=\"article\" \/>\n<meta property=\"og:title\" content=\"Pantys haut \/ bas chevilles - Post-op\u00e9ratoire - Euromi\" \/>\n<meta property=\"og:description\" content=\"Le panty pieds, haut ou bas, est prescrit apr\u00e8s une liposuccion des chevilles, mollets, genoux, cuisses, du bassin, des hanches et du ventre (bas-ventre pour le mod\u00e8le bas).Le panty permet de r\u00e9duire l\u2019\u0153d\u00e8me qui survient apr\u00e8s l\u2019intervention.\" \/>\n<meta property=\"og:url\" content=\"https:\/\/www.euromi.com\/fr\/p\/panty-pieds-postoperatoire\/\" \/>\n<meta property=\"og:site_name\" content=\"Euromi\" \/>\n<meta property=\"article:modified_time\" content=\"2025-01-23T15:03:23+00:00\" \/>\n<meta property=\"og:image\" content=\"https:\/\/www.euromi.com\/wp-content\/uploads\/2022\/01\/Panty-haud-pied-ouvert-736x1100.png\" \/>\n\t<meta property=\"og:image:width\" content=\"736\" \/>\n\t<meta property=\"og:image:height\" content=\"1100\" \/>\n\t<meta property=\"og:image:type\" content=\"image\/png\" \/>\n<meta name=\"twitter:card\" content=\"summary_large_image\" \/>\n<script type=\"application\/ld+json\" class=\"yoast-schema-graph\">{\"@context\":\"https:\/\/schema.org\",\"@graph\":[{\"@type\":\"Organization\",\"@id\":\"https:\/\/www.euromi.com\/fr\/#organization\",\"name\":\"Euromi\",\"url\":\"https:\/\/www.euromi.com\/fr\/\",\"sameAs\":[],\"logo\":{\"@type\":\"ImageObject\",\"@id\":\"https:\/\/www.euromi.com\/fr\/#logo\",\"inLanguage\":\"fr-FR\",\"url\":\"https:\/\/www.euromi.com\/wp-content\/uploads\/2021\/10\/cropped-favicon.jpg\",\"contentUrl\":\"https:\/\/www.euromi.com\/wp-content\/uploads\/2021\/10\/cropped-favicon.jpg\",\"width\":512,\"height\":512,\"caption\":\"Euromi\"},\"image\":{\"@id\":\"https:\/\/www.euromi.com\/fr\/#logo\"}},{\"@type\":\"WebSite\",\"@id\":\"https:\/\/www.euromi.com\/fr\/#website\",\"url\":\"https:\/\/www.euromi.com\/fr\/\",\"name\":\"Euromi\",\"description\":\"Fabricant de Mat\u00e9riel M\u00e9dical\",\"publisher\":{\"@id\":\"https:\/\/www.euromi.com\/fr\/#organization\"},\"potentialAction\":[{\"@type\":\"SearchAction\",\"target\":{\"@type\":\"EntryPoint\",\"urlTemplate\":\"https:\/\/www.euromi.com\/fr\/?s={search_term_string}\"},\"query-input\":\"required name=search_term_string\"}],\"inLanguage\":\"fr-FR\"},{\"@type\":\"ImageObject\",\"@id\":\"https:\/\/www.euromi.com\/fr\/p\/panty-pieds-postoperatoire\/#primaryimage\",\"inLanguage\":\"fr-FR\",\"url\":\"https:\/\/www.euromi.com\/wp-content\/uploads\/2022\/01\/Panty-haud-pied-ouvert.png\",\"contentUrl\":\"https:\/\/www.euromi.com\/wp-content\/uploads\/2022\/01\/Panty-haud-pied-ouvert.png\",\"width\":2846,\"height\":4253,\"caption\":\"Panty haut pied ouvert\"},{\"@type\":\"WebPage\",\"@id\":\"https:\/\/www.euromi.com\/fr\/p\/panty-pieds-postoperatoire\/#webpage\",\"url\":\"https:\/\/www.euromi.com\/fr\/p\/panty-pieds-postoperatoire\/\",\"name\":\"Pantys haut \/ bas chevilles - Post-op\u00e9ratoire - Euromi\",\"isPartOf\":{\"@id\":\"https:\/\/www.euromi.com\/fr\/#website\"},\"primaryImageOfPage\":{\"@id\":\"https:\/\/www.euromi.com\/fr\/p\/panty-pieds-postoperatoire\/#primaryimage\"},\"datePublished\":\"2022-01-13T16:52:01+00:00\",\"dateModified\":\"2025-01-23T15:03:23+00:00\",\"description\":\"Le panty pieds, haut ou bas, est prescrit apr\u00e8s une liposuccion des chevilles, mollets, genoux, cuisses, du bassin, des hanches et du ventre (bas-ventre pour le mod\u00e8le bas).Le panty permet de r\u00e9duire l\u2019\u0153d\u00e8me qui survient apr\u00e8s l\u2019intervention.\",\"breadcrumb\":{\"@id\":\"https:\/\/www.euromi.com\/fr\/p\/panty-pieds-postoperatoire\/#breadcrumb\"},\"inLanguage\":\"fr-FR\",\"potentialAction\":[{\"@type\":\"ReadAction\",\"target\":[\"https:\/\/www.euromi.com\/fr\/p\/panty-pieds-postoperatoire\/\"]}]},{\"@type\":\"BreadcrumbList\",\"@id\":\"https:\/\/www.euromi.com\/fr\/p\/panty-pieds-postoperatoire\/#breadcrumb\",\"itemListElement\":[{\"@type\":\"ListItem\",\"position\":1,\"name\":\"Accueil\",\"item\":\"https:\/\/www.euromi.com\/fr\/\"},{\"@type\":\"ListItem\",\"position\":2,\"name\":\"Boutique\",\"item\":\"https:\/\/www.euromi.com\/fr\/boutique\/\"},{\"@type\":\"ListItem\",\"position\":3,\"name\":\"V\u00eatements et pansements\",\"item\":\"https:\/\/www.euromi.com\/fr\/catp\/vetements-chirurgicaux-et-pansements\/\"},{\"@type\":\"ListItem\",\"position\":4,\"name\":\"V\u00eatements compressifs\",\"item\":\"https:\/\/www.euromi.com\/fr\/catp\/vetements-chirurgicaux-et-pansements\/vetements-compressifs\/\"},{\"@type\":\"ListItem\",\"position\":5,\"name\":\"Chirurgie esth\u00e9tique et plastique\",\"item\":\"https:\/\/www.euromi.com\/fr\/catp\/vetements-chirurgicaux-et-pansements\/vetements-compressifs\/vetement-chirurgie-esthetique-et-plastique\/\"},{\"@type\":\"ListItem\",\"position\":6,\"name\":\"Pantys\",\"item\":\"https:\/\/www.euromi.com\/fr\/catp\/vetements-chirurgicaux-et-pansements\/vetements-compressifs\/vetement-chirurgie-esthetique-et-plastique\/pantys\/\"},{\"@type\":\"ListItem\",\"position\":7,\"name\":\"Panty pieds\"}]}]}<\/script>\n<!-- \/ Yoast SEO plugin. -->","yoast_head_json":{"title":"Pantys haut \/ bas chevilles - Post-op\u00e9ratoire - Euromi","description":"Le panty pieds, haut ou bas, est prescrit apr\u00e8s une liposuccion des chevilles, mollets, genoux, cuisses, du bassin, des hanches et du ventre (bas-ventre pour le mod\u00e8le bas).Le panty permet de r\u00e9duire l\u2019\u0153d\u00e8me qui survient apr\u00e8s l\u2019intervention.","robots":{"index":"index","follow":"follow","max-snippet":"max-snippet:-1","max-image-preview":"max-image-preview:large","max-video-preview":"max-video-preview:-1"},"canonical":"https:\/\/www.euromi.com\/fr\/p\/panty-pieds-postoperatoire\/","og_locale":"fr_FR","og_type":"article","og_title":"Pantys haut \/ bas chevilles - Post-op\u00e9ratoire - Euromi","og_description":"Le panty pieds, haut ou bas, est prescrit apr\u00e8s une liposuccion des chevilles, mollets, genoux, cuisses, du bassin, des hanches et du ventre (bas-ventre pour le mod\u00e8le bas).Le panty permet de r\u00e9duire l\u2019\u0153d\u00e8me qui survient apr\u00e8s l\u2019intervention.","og_url":"https:\/\/www.euromi.com\/fr\/p\/panty-pieds-postoperatoire\/","og_site_name":"Euromi","article_modified_time":"2025-01-23T15:03:23+00:00","og_image":[{"width":736,"height":1100,"url":"https:\/\/www.euromi.com\/wp-content\/uploads\/2022\/01\/Panty-haud-pied-ouvert-736x1100.png","type":"image\/png"}],"twitter_card":"summary_large_image","schema":{"@context":"https:\/\/schema.org","@graph":[{"@type":"Organization","@id":"https:\/\/www.euromi.com\/fr\/#organization","name":"Euromi","url":"https:\/\/www.euromi.com\/fr\/","sameAs":[],"logo":{"@type":"ImageObject","@id":"https:\/\/www.euromi.com\/fr\/#logo","inLanguage":"fr-FR","url":"https:\/\/www.euromi.com\/wp-content\/uploads\/2021\/10\/cropped-favicon.jpg","contentUrl":"https:\/\/www.euromi.com\/wp-content\/uploads\/2021\/10\/cropped-favicon.jpg","width":512,"height":512,"caption":"Euromi"},"image":{"@id":"https:\/\/www.euromi.com\/fr\/#logo"}},{"@type":"WebSite","@id":"https:\/\/www.euromi.com\/fr\/#website","url":"https:\/\/www.euromi.com\/fr\/","name":"Euromi","description":"Fabricant de Mat\u00e9riel M\u00e9dical","publisher":{"@id":"https:\/\/www.euromi.com\/fr\/#organization"},"potentialAction":[{"@type":"SearchAction","target":{"@type":"EntryPoint","urlTemplate":"https:\/\/www.euromi.com\/fr\/?s={search_term_string}"},"query-input":"required name=search_term_string"}],"inLanguage":"fr-FR"},{"@type":"ImageObject","@id":"https:\/\/www.euromi.com\/fr\/p\/panty-pieds-postoperatoire\/#primaryimage","inLanguage":"fr-FR","url":"https:\/\/www.euromi.com\/wp-content\/uploads\/2022\/01\/Panty-haud-pied-ouvert.png","contentUrl":"https:\/\/www.euromi.com\/wp-content\/uploads\/2022\/01\/Panty-haud-pied-ouvert.png","width":2846,"height":4253,"caption":"Panty haut pied ouvert"},{"@type":"WebPage","@id":"https:\/\/www.euromi.com\/fr\/p\/panty-pieds-postoperatoire\/#webpage","url":"https:\/\/www.euromi.com\/fr\/p\/panty-pieds-postoperatoire\/","name":"Pantys haut \/ bas chevilles - Post-op\u00e9ratoire - Euromi","isPartOf":{"@id":"https:\/\/www.euromi.com\/fr\/#website"},"primaryImageOfPage":{"@id":"https:\/\/www.euromi.com\/fr\/p\/panty-pieds-postoperatoire\/#primaryimage"},"datePublished":"2022-01-13T16:52:01+00:00","dateModified":"2025-01-23T15:03:23+00:00","description":"Le panty pieds, haut ou bas, est prescrit apr\u00e8s une liposuccion des chevilles, mollets, genoux, cuisses, du bassin, des hanches et du ventre (bas-ventre pour le mod\u00e8le bas).Le panty permet de r\u00e9duire l\u2019\u0153d\u00e8me qui survient apr\u00e8s l\u2019intervention.","breadcrumb":{"@id":"https:\/\/www.euromi.com\/fr\/p\/panty-pieds-postoperatoire\/#breadcrumb"},"inLanguage":"fr-FR","potentialAction":[{"@type":"ReadAction","target":["https:\/\/www.euromi.com\/fr\/p\/panty-pieds-postoperatoire\/"]}]},{"@type":"BreadcrumbList","@id":"https:\/\/www.euromi.com\/fr\/p\/panty-pieds-postoperatoire\/#breadcrumb","itemListElement":[{"@type":"ListItem","position":1,"name":"Accueil","item":"https:\/\/www.euromi.com\/fr\/"},{"@type":"ListItem","position":2,"name":"Boutique","item":"https:\/\/www.euromi.com\/fr\/boutique\/"},{"@type":"ListItem","position":3,"name":"V\u00eatements et pansements","item":"https:\/\/www.euromi.com\/fr\/catp\/vetements-chirurgicaux-et-pansements\/"},{"@type":"ListItem","position":4,"name":"V\u00eatements compressifs","item":"https:\/\/www.euromi.com\/fr\/catp\/vetements-chirurgicaux-et-pansements\/vetements-compressifs\/"},{"@type":"ListItem","position":5,"name":"Chirurgie esth\u00e9tique et plastique","item":"https:\/\/www.euromi.com\/fr\/catp\/vetements-chirurgicaux-et-pansements\/vetements-compressifs\/vetement-chirurgie-esthetique-et-plastique\/"},{"@type":"ListItem","position":6,"name":"Pantys","item":"https:\/\/www.euromi.com\/fr\/catp\/vetements-chirurgicaux-et-pansements\/vetements-compressifs\/vetement-chirurgie-esthetique-et-plastique\/pantys\/"},{"@type":"ListItem","position":7,"name":"Panty pieds"}]}]}},"jetpack-related-posts":[{"id":1862,"url":"https:\/\/www.euromi.com\/fr\/p\/panty-chevilles-post-operatoire\/","url_meta":{"origin":1867,"position":0},"title":"Panty chevilles","date":"13 janvier 2022","format":false,"excerpt":"Le panty chevilles, sera port\u00e9 apr\u00e8s une liposuccion des mollets, genoux, cuisses, du bassin, des hanches et du ventre (bas-ventre pour le mod\u00e8le bas). Le panty permet de contenir l\u2019\u0153d\u00e8me post-op\u00e9ratoire, d\u2019offrir le maintien n\u00e9cessaire, ainsi que d\u2019emp\u00eacher le ph\u00e9nom\u00e8ne de \u00ab\u00a0vague\u00a0\u00bb pouvant survenir sur la peau. Le panty vous\u2026","rel":"","context":"Article similaire","img":{"alt_text":"","src":"https:\/\/i0.wp.com\/www.euromi.com\/wp-content\/uploads\/2022\/01\/PANTYS-Panty-Bas-chevilles.jpg?resize=350%2C200&ssl=1","width":350,"height":200},"classes":[]},{"id":1842,"url":"https:\/\/www.euromi.com\/fr\/p\/pantys-court-post-operatoire\/","url_meta":{"origin":1867,"position":1},"title":"Panty court","date":"13 janvier 2022","format":false,"excerpt":"Le panty court (haut ou bas), permet de r\u00e9duire l'\u0153d\u00e8me post-op\u00e9ratoire suite \u00e0 une liposuccion des cuisses, du bassin, des hanches et du ventre (bas-ventre pour le mod\u00e8le bas), gr\u00e2ce \u00e0 la pression qu'il exerce sur le corps. Le panty pr\u00e9vient \u00e9galement du ph\u00e9nom\u00e8ne de \u00ab\u00a0vague\u00a0\u00bb qui peut survenir sur\u2026","rel":"","context":"Article similaire","img":{"alt_text":"Panty-Bas-court","src":"https:\/\/i0.wp.com\/www.euromi.com\/wp-content\/uploads\/2022\/01\/PANTYS-Panty-Bas-court.jpg?resize=350%2C200&ssl=1","width":350,"height":200},"classes":[]},{"id":1699,"url":"https:\/\/www.euromi.com\/fr\/p\/panty-long-post-operatoire\/","url_meta":{"origin":1867,"position":2},"title":"Panty long","date":"11 janvier 2022","format":false,"excerpt":"Le panty long, haut ou bas, permet la contention de l'\u0153d\u00e8me post-op\u00e9ratoire suite \u00e0 une liposuccion du ventre (bas-ventre pour le mod\u00e8le bas), des hanches, du bassin, de cuisses et des genoux. Il emp\u00eache \u00e9galement \u00e0 la peau d\u2019onduler. Le taux de compression est \u00e9tudi\u00e9 pour permettre \u00e0 la patiente\u2026","rel":"","context":"Article similaire","img":{"alt_text":"Pantys bas long","src":"https:\/\/i0.wp.com\/www.euromi.com\/wp-content\/uploads\/2022\/01\/PANTYS-Panty-Bas-long.jpg?resize=350%2C200&ssl=1","width":350,"height":200},"classes":[]},{"id":1903,"url":"https:\/\/www.euromi.com\/fr\/p\/panty-cruroplastie\/","url_meta":{"origin":1867,"position":3},"title":"Panty cruroplastie","date":"14 janvier 2022","format":false,"excerpt":"Le panty cruroplastie, gr\u00e2ce \u00e0 ses coutures ext\u00e9rieures d\u00e9cal\u00e9es sur l\u2019avant, est particuli\u00e8rement adapt\u00e9 suite \u00e0 un lifting de la face interne de la cuisse. Le panty cruroplastie est donc utilis\u00e9 pour la contention de l'\u0153d\u00e8me post-op\u00e9ratoire mais \u00e9galement pour \u00e9viter le contact avec les cicatrices. Le taux de compression\u2026","rel":"","context":"Article similaire","img":{"alt_text":"","src":"https:\/\/i0.wp.com\/www.euromi.com\/wp-content\/uploads\/2022\/01\/PANTYS-cruroplastie-long.jpg?resize=350%2C200&ssl=1","width":350,"height":200},"classes":[]},{"id":1868,"url":"https:\/\/www.euromi.com\/en\/p\/foot-length-postoperative-panty\/","url_meta":{"origin":1867,"position":4},"title":"Foot-length panty","date":"13 janvier 2022","format":false,"excerpt":"Foot-length panty, high or low-waist, is prescribed after liposuction of the ankles, calves, knees, thighs, pelvis, hips and belly (lower belly for the low model). The panty helps to reduce the oedema that occurs after the procedure, provide the necessary support, as well as prevent the skin from rippling. The\u2026","rel":"","context":"Article similaire","img":{"alt_text":"Panty haut pied ouvert","src":"https:\/\/i0.wp.com\/www.euromi.com\/wp-content\/uploads\/2022\/01\/Panty-haud-pied-ouvert.png?resize=350%2C200&ssl=1","width":350,"height":200},"classes":[]},{"id":1913,"url":"https:\/\/www.euromi.com\/fr\/p\/panty-renfort-postoperatoire-euromi\/","url_meta":{"origin":1867,"position":5},"title":"Panty renfort","date":"14 janvier 2022","format":false,"excerpt":"Le panty renfort, dont le taux de compression a \u00e9t\u00e9 sp\u00e9cialement \u00e9tudi\u00e9, est indiqu\u00e9 pour la contention de l\u2019\u0153d\u00e8me post-op\u00e9ratoire suite \u00e0 une liposuccion. Il poss\u00e8de des renforts pour une compression optimale sur certaines zones. \u00a0 Nous proposons trois longueurs, au choix\u00a0: panty haut court (au-dessus du genou), panty haut\u2026","rel":"","context":"Article similaire","img":{"alt_text":"","src":"https:\/\/i0.wp.com\/www.euromi.com\/wp-content\/uploads\/2022\/01\/PANTYS-renfort-long.jpg?resize=350%2C200&ssl=1","width":350,"height":200},"classes":[]}],"_links":{"self":[{"href":"https:\/\/www.euromi.com\/fr\/wp-json\/wp\/v2\/product\/1867"}],"collection":[{"href":"https:\/\/www.euromi.com\/fr\/wp-json\/wp\/v2\/product"}],"about":[{"href":"https:\/\/www.euromi.com\/fr\/wp-json\/wp\/v2\/types\/product"}],"wp:featuredmedia":[{"embeddable":true,"href":"https:\/\/www.euromi.com\/fr\/wp-json\/wp\/v2\/media\/3521"}],"wp:attachment":[{"href":"https:\/\/www.euromi.com\/fr\/wp-json\/wp\/v2\/media?parent=1867"}],"wp:term":[{"taxonomy":"product_cat","embeddable":true,"href":"https:\/\/www.euromi.com\/fr\/wp-json\/wp\/v2\/product_cat?post=1867"},{"taxonomy":"product_tag","embeddable":true,"href":"https:\/\/www.euromi.com\/fr\/wp-json\/wp\/v2\/product_tag?post=1867"}],"curies":[{"name":"wp","href":"https:\/\/api.w.org\/{rel}","templated":true}]}}