{"id":1822,"date":"2022-01-13T17:04:05","date_gmt":"2022-01-13T16:04:05","guid":{"rendered":"https:\/\/www.euromi.com\/?post_type=product&#038;p=1822"},"modified":"2025-01-23T15:21:19","modified_gmt":"2025-01-23T14:21:19","slug":"body-postoperatoire-homme","status":"publish","type":"product","link":"https:\/\/www.euromi.com\/fr\/p\/body-postoperatoire-homme\/","title":{"rendered":"Body homme"},"content":{"rendered":"<p>Le <strong>body homme<\/strong> offre le maintien n\u00e9cessaire et appropri\u00e9 aux suites op\u00e9ratoires (liposuccion du ventre, des hanches ou encore gyn\u00e9comastie).<\/p>\n<p>Le haut est en forme &#8220;gilet athl\u00e9tique&#8221; ce qui accentue l\u2019efficacit\u00e9 et le confort du v\u00eatement.<\/p>\n<p>Le taux de compression, dont la r\u00e9partition est calcul\u00e9e et \u00e9tudi\u00e9e, procure au patient un maintien adapt\u00e9, tout en conservant une parfaite aisance et une mobilit\u00e9 totale.<\/p>\n<p>&nbsp;<\/p>\n<p><em>Ne pas utiliser sur plaie ouverte, ni en cas de phl\u00e9bite.<\/em><\/p>\n<p>&nbsp;<\/p>\n<p><em>Si vos mesures ne correspondent pas \u00e0 celles figurant dans le guide des tailles ci-contre, merci de nous contacter.<\/em><\/p>\n","protected":false},"excerpt":{"rendered":"<p>Le body homme offre le maintien n\u00e9cessaire et appropri\u00e9 aux suites op\u00e9ratoires (liposuccion du ventre, des hanches ou encore gyn\u00e9comastie). Le haut est en forme &#8220;gilet athl\u00e9tique&#8221; ce qui accentue l\u2019efficacit\u00e9 et le confort du v\u00eatement. Le taux de compression, dont la r\u00e9partition est calcul\u00e9e et \u00e9tudi\u00e9e, procure au patient un maintien adapt\u00e9, tout en [&hellip;]<\/p>\n","protected":false},"featured_media":1829,"template":"","meta":{"_et_pb_use_builder":"","_et_pb_old_content":"","_et_gb_content_width":"","spay_email":""},"product_cat":[38,49],"product_tag":[90,92],"yoast_head":"<!-- This site is optimized with the Yoast SEO plugin v18.2 - https:\/\/yoast.com\/wordpress\/plugins\/seo\/ -->\n<title>Body post-operatoire homme<\/title>\n<meta name=\"description\" content=\"Le body homme offre le maintien n\u00e9cessaire et appropri\u00e9 aux suites op\u00e9ratoires (liposuccion du ventre, des hanches ou encore gyn\u00e9comastie).\" \/>\n<meta name=\"robots\" content=\"index, follow, max-snippet:-1, max-image-preview:large, max-video-preview:-1\" \/>\n<link rel=\"canonical\" href=\"https:\/\/www.euromi.com\/fr\/p\/body-postoperatoire-homme\/\" \/>\n<meta property=\"og:locale\" content=\"fr_FR\" \/>\n<meta property=\"og:type\" content=\"article\" \/>\n<meta property=\"og:title\" content=\"Body post-operatoire homme\" \/>\n<meta property=\"og:description\" content=\"Le body homme offre le maintien n\u00e9cessaire et appropri\u00e9 aux suites op\u00e9ratoires (liposuccion du ventre, des hanches ou encore gyn\u00e9comastie).\" \/>\n<meta property=\"og:url\" content=\"https:\/\/www.euromi.com\/fr\/p\/body-postoperatoire-homme\/\" \/>\n<meta property=\"og:site_name\" content=\"Euromi\" \/>\n<meta property=\"article:modified_time\" content=\"2025-01-23T14:21:19+00:00\" \/>\n<meta property=\"og:image\" content=\"https:\/\/www.euromi.com\/wp-content\/uploads\/2022\/01\/BODYS-Body-homme.jpg\" \/>\n\t<meta property=\"og:image:width\" content=\"980\" \/>\n\t<meta property=\"og:image:height\" content=\"1401\" \/>\n\t<meta property=\"og:image:type\" content=\"image\/jpeg\" \/>\n<meta name=\"twitter:card\" content=\"summary_large_image\" \/>\n<script type=\"application\/ld+json\" class=\"yoast-schema-graph\">{\"@context\":\"https:\/\/schema.org\",\"@graph\":[{\"@type\":\"Organization\",\"@id\":\"https:\/\/www.euromi.com\/fr\/#organization\",\"name\":\"Euromi\",\"url\":\"https:\/\/www.euromi.com\/fr\/\",\"sameAs\":[],\"logo\":{\"@type\":\"ImageObject\",\"@id\":\"https:\/\/www.euromi.com\/fr\/#logo\",\"inLanguage\":\"fr-FR\",\"url\":\"https:\/\/www.euromi.com\/wp-content\/uploads\/2021\/10\/cropped-favicon.jpg\",\"contentUrl\":\"https:\/\/www.euromi.com\/wp-content\/uploads\/2021\/10\/cropped-favicon.jpg\",\"width\":512,\"height\":512,\"caption\":\"Euromi\"},\"image\":{\"@id\":\"https:\/\/www.euromi.com\/fr\/#logo\"}},{\"@type\":\"WebSite\",\"@id\":\"https:\/\/www.euromi.com\/fr\/#website\",\"url\":\"https:\/\/www.euromi.com\/fr\/\",\"name\":\"Euromi\",\"description\":\"Fabricant de Mat\u00e9riel M\u00e9dical\",\"publisher\":{\"@id\":\"https:\/\/www.euromi.com\/fr\/#organization\"},\"potentialAction\":[{\"@type\":\"SearchAction\",\"target\":{\"@type\":\"EntryPoint\",\"urlTemplate\":\"https:\/\/www.euromi.com\/fr\/?s={search_term_string}\"},\"query-input\":\"required name=search_term_string\"}],\"inLanguage\":\"fr-FR\"},{\"@type\":\"ImageObject\",\"@id\":\"https:\/\/www.euromi.com\/fr\/p\/body-postoperatoire-homme\/#primaryimage\",\"inLanguage\":\"fr-FR\",\"url\":\"https:\/\/www.euromi.com\/wp-content\/uploads\/2022\/01\/BODYS-Body-homme.jpg\",\"contentUrl\":\"https:\/\/www.euromi.com\/wp-content\/uploads\/2022\/01\/BODYS-Body-homme.jpg\",\"width\":980,\"height\":1401},{\"@type\":\"WebPage\",\"@id\":\"https:\/\/www.euromi.com\/fr\/p\/body-postoperatoire-homme\/#webpage\",\"url\":\"https:\/\/www.euromi.com\/fr\/p\/body-postoperatoire-homme\/\",\"name\":\"Body post-operatoire homme\",\"isPartOf\":{\"@id\":\"https:\/\/www.euromi.com\/fr\/#website\"},\"primaryImageOfPage\":{\"@id\":\"https:\/\/www.euromi.com\/fr\/p\/body-postoperatoire-homme\/#primaryimage\"},\"datePublished\":\"2022-01-13T16:04:05+00:00\",\"dateModified\":\"2025-01-23T14:21:19+00:00\",\"description\":\"Le body homme offre le maintien n\u00e9cessaire et appropri\u00e9 aux suites op\u00e9ratoires (liposuccion du ventre, des hanches ou encore gyn\u00e9comastie).\",\"breadcrumb\":{\"@id\":\"https:\/\/www.euromi.com\/fr\/p\/body-postoperatoire-homme\/#breadcrumb\"},\"inLanguage\":\"fr-FR\",\"potentialAction\":[{\"@type\":\"ReadAction\",\"target\":[\"https:\/\/www.euromi.com\/fr\/p\/body-postoperatoire-homme\/\"]}]},{\"@type\":\"BreadcrumbList\",\"@id\":\"https:\/\/www.euromi.com\/fr\/p\/body-postoperatoire-homme\/#breadcrumb\",\"itemListElement\":[{\"@type\":\"ListItem\",\"position\":1,\"name\":\"Accueil\",\"item\":\"https:\/\/www.euromi.com\/fr\/\"},{\"@type\":\"ListItem\",\"position\":2,\"name\":\"Boutique\",\"item\":\"https:\/\/www.euromi.com\/fr\/boutique\/\"},{\"@type\":\"ListItem\",\"position\":3,\"name\":\"V\u00eatements et pansements\",\"item\":\"https:\/\/www.euromi.com\/fr\/catp\/vetements-chirurgicaux-et-pansements\/\"},{\"@type\":\"ListItem\",\"position\":4,\"name\":\"V\u00eatements compressifs\",\"item\":\"https:\/\/www.euromi.com\/fr\/catp\/vetements-chirurgicaux-et-pansements\/vetements-compressifs\/\"},{\"@type\":\"ListItem\",\"position\":5,\"name\":\"Chirurgie esth\u00e9tique et plastique\",\"item\":\"https:\/\/www.euromi.com\/fr\/catp\/vetements-chirurgicaux-et-pansements\/vetements-compressifs\/vetement-chirurgie-esthetique-et-plastique\/\"},{\"@type\":\"ListItem\",\"position\":6,\"name\":\"Bodys\",\"item\":\"https:\/\/www.euromi.com\/fr\/catp\/vetements-chirurgicaux-et-pansements\/vetements-compressifs\/vetement-chirurgie-esthetique-et-plastique\/bodys\/\"},{\"@type\":\"ListItem\",\"position\":7,\"name\":\"Body homme\"}]}]}<\/script>\n<!-- \/ Yoast SEO plugin. -->","yoast_head_json":{"title":"Body post-operatoire homme","description":"Le body homme offre le maintien n\u00e9cessaire et appropri\u00e9 aux suites op\u00e9ratoires (liposuccion du ventre, des hanches ou encore gyn\u00e9comastie).","robots":{"index":"index","follow":"follow","max-snippet":"max-snippet:-1","max-image-preview":"max-image-preview:large","max-video-preview":"max-video-preview:-1"},"canonical":"https:\/\/www.euromi.com\/fr\/p\/body-postoperatoire-homme\/","og_locale":"fr_FR","og_type":"article","og_title":"Body post-operatoire homme","og_description":"Le body homme offre le maintien n\u00e9cessaire et appropri\u00e9 aux suites op\u00e9ratoires (liposuccion du ventre, des hanches ou encore gyn\u00e9comastie).","og_url":"https:\/\/www.euromi.com\/fr\/p\/body-postoperatoire-homme\/","og_site_name":"Euromi","article_modified_time":"2025-01-23T14:21:19+00:00","og_image":[{"width":980,"height":1401,"url":"https:\/\/www.euromi.com\/wp-content\/uploads\/2022\/01\/BODYS-Body-homme.jpg","type":"image\/jpeg"}],"twitter_card":"summary_large_image","schema":{"@context":"https:\/\/schema.org","@graph":[{"@type":"Organization","@id":"https:\/\/www.euromi.com\/fr\/#organization","name":"Euromi","url":"https:\/\/www.euromi.com\/fr\/","sameAs":[],"logo":{"@type":"ImageObject","@id":"https:\/\/www.euromi.com\/fr\/#logo","inLanguage":"fr-FR","url":"https:\/\/www.euromi.com\/wp-content\/uploads\/2021\/10\/cropped-favicon.jpg","contentUrl":"https:\/\/www.euromi.com\/wp-content\/uploads\/2021\/10\/cropped-favicon.jpg","width":512,"height":512,"caption":"Euromi"},"image":{"@id":"https:\/\/www.euromi.com\/fr\/#logo"}},{"@type":"WebSite","@id":"https:\/\/www.euromi.com\/fr\/#website","url":"https:\/\/www.euromi.com\/fr\/","name":"Euromi","description":"Fabricant de Mat\u00e9riel M\u00e9dical","publisher":{"@id":"https:\/\/www.euromi.com\/fr\/#organization"},"potentialAction":[{"@type":"SearchAction","target":{"@type":"EntryPoint","urlTemplate":"https:\/\/www.euromi.com\/fr\/?s={search_term_string}"},"query-input":"required name=search_term_string"}],"inLanguage":"fr-FR"},{"@type":"ImageObject","@id":"https:\/\/www.euromi.com\/fr\/p\/body-postoperatoire-homme\/#primaryimage","inLanguage":"fr-FR","url":"https:\/\/www.euromi.com\/wp-content\/uploads\/2022\/01\/BODYS-Body-homme.jpg","contentUrl":"https:\/\/www.euromi.com\/wp-content\/uploads\/2022\/01\/BODYS-Body-homme.jpg","width":980,"height":1401},{"@type":"WebPage","@id":"https:\/\/www.euromi.com\/fr\/p\/body-postoperatoire-homme\/#webpage","url":"https:\/\/www.euromi.com\/fr\/p\/body-postoperatoire-homme\/","name":"Body post-operatoire homme","isPartOf":{"@id":"https:\/\/www.euromi.com\/fr\/#website"},"primaryImageOfPage":{"@id":"https:\/\/www.euromi.com\/fr\/p\/body-postoperatoire-homme\/#primaryimage"},"datePublished":"2022-01-13T16:04:05+00:00","dateModified":"2025-01-23T14:21:19+00:00","description":"Le body homme offre le maintien n\u00e9cessaire et appropri\u00e9 aux suites op\u00e9ratoires (liposuccion du ventre, des hanches ou encore gyn\u00e9comastie).","breadcrumb":{"@id":"https:\/\/www.euromi.com\/fr\/p\/body-postoperatoire-homme\/#breadcrumb"},"inLanguage":"fr-FR","potentialAction":[{"@type":"ReadAction","target":["https:\/\/www.euromi.com\/fr\/p\/body-postoperatoire-homme\/"]}]},{"@type":"BreadcrumbList","@id":"https:\/\/www.euromi.com\/fr\/p\/body-postoperatoire-homme\/#breadcrumb","itemListElement":[{"@type":"ListItem","position":1,"name":"Accueil","item":"https:\/\/www.euromi.com\/fr\/"},{"@type":"ListItem","position":2,"name":"Boutique","item":"https:\/\/www.euromi.com\/fr\/boutique\/"},{"@type":"ListItem","position":3,"name":"V\u00eatements et pansements","item":"https:\/\/www.euromi.com\/fr\/catp\/vetements-chirurgicaux-et-pansements\/"},{"@type":"ListItem","position":4,"name":"V\u00eatements compressifs","item":"https:\/\/www.euromi.com\/fr\/catp\/vetements-chirurgicaux-et-pansements\/vetements-compressifs\/"},{"@type":"ListItem","position":5,"name":"Chirurgie esth\u00e9tique et plastique","item":"https:\/\/www.euromi.com\/fr\/catp\/vetements-chirurgicaux-et-pansements\/vetements-compressifs\/vetement-chirurgie-esthetique-et-plastique\/"},{"@type":"ListItem","position":6,"name":"Bodys","item":"https:\/\/www.euromi.com\/fr\/catp\/vetements-chirurgicaux-et-pansements\/vetements-compressifs\/vetement-chirurgie-esthetique-et-plastique\/bodys\/"},{"@type":"ListItem","position":7,"name":"Body homme"}]}]}},"jetpack-related-posts":[{"id":1596,"url":"https:\/\/www.euromi.com\/fr\/p\/body-post-operatoire-femme\/","url_meta":{"origin":1822,"position":0},"title":"Body femme","date":"27 d\u00e9cembre 2021","format":false,"excerpt":"Le body femme offre le maintien n\u00e9cessaire et appropri\u00e9 suite \u00e0 une liposuccion du ventre et des hanches. Le haut du body est compos\u00e9 de bonnets en microfibre, qui accentuent l\u2019esth\u00e9tisme et le confort du v\u00eatement. \u00a0 Ne pas utiliser sur plaie ouverte, ni en cas de phl\u00e9bite. \u00a0 Si\u2026","rel":"","context":"Article similaire","img":{"alt_text":"BODY femme","src":"https:\/\/i0.wp.com\/www.euromi.com\/wp-content\/uploads\/2021\/12\/BODYS-Body-femme.jpg?resize=350%2C200&ssl=1","width":350,"height":200},"classes":[]},{"id":2114,"url":"https:\/\/www.euromi.com\/fr\/p\/bolero-homme\/","url_meta":{"origin":1822,"position":1},"title":"Bol\u00e9ro homme","date":"17 janvier 2022","format":false,"excerpt":"Le bol\u00e9ro pour homme est indiqu\u00e9 dans le cas d\u2019une correction de gyn\u00e9comastie (consiste \u00e0 r\u00e9duire la taille et le gonflement de la glande mammaire). Ce bol\u00e9ro est r\u00e9alis\u00e9 dans un tissu compressif pour apporter le maintien et confort n\u00e9cessaire. Il se ferme par un triple agrafage sur le devant,\u2026","rel":"","context":"Article similaire","img":{"alt_text":"","src":"https:\/\/i0.wp.com\/www.euromi.com\/wp-content\/uploads\/2022\/01\/Bolero.jpg?resize=350%2C200&ssl=1","width":350,"height":200},"classes":[]},{"id":2122,"url":"https:\/\/www.euromi.com\/fr\/p\/body-grand-dorsal\/","url_meta":{"origin":1822,"position":2},"title":"Body grand dorsal","date":"18 janvier 2022","format":false,"excerpt":"\u00a0 Le body grand dorsal est utilis\u00e9 suite \u00e0 une reconstruction mammaire \u00e0 partir du muscle grand dorsal. Il est r\u00e9alis\u00e9 uniquement selon vos mesures et peut \u00eatre utilis\u00e9 en version masculine, apr\u00e8s une liposuccion du dos. \u00a0 Ne pas utiliser sur plaie ouverte, ni en cas de phl\u00e9bite. \u00a0\u2026","rel":"","context":"Article similaire","img":{"alt_text":"","src":"https:\/\/i0.wp.com\/www.euromi.com\/wp-content\/uploads\/2022\/01\/BODYS-Body-grand-dorsal.jpg?resize=350%2C200&ssl=1","width":350,"height":200},"classes":[]},{"id":1692,"url":"https:\/\/www.euromi.com\/fr\/p\/ceinture-haute-esthetique-ouverture-laterale\/","url_meta":{"origin":1822,"position":3},"title":"Ceinture haute avec ouverture lat\u00e9rale","date":"11 janvier 2022","format":false,"excerpt":"La ceinture haute avec ouverture lat\u00e9rale est prescrite suite \u00e0 une liposuccion du ventre et des hanches pour offrir le maintien appropri\u00e9. Son triple agrafage lat\u00e9ral sur toute la hauteur de la ceinture, et de chaque c\u00f4t\u00e9, permet une mise en place facilit\u00e9e et un ajustement pr\u00e9cis. \u00a0 Elle est\u2026","rel":"","context":"Article similaire","img":{"alt_text":"Ceinture haute","src":"https:\/\/i0.wp.com\/www.euromi.com\/wp-content\/uploads\/2022\/01\/CEINTURE-haute-ouv-laterale.femme_.jpg?resize=350%2C200&ssl=1","width":350,"height":200},"classes":[]},{"id":1595,"url":"https:\/\/www.euromi.com\/en\/p\/womens-post-operative-body\/","url_meta":{"origin":1822,"position":4},"title":"Women&#8217;s body","date":"27 d\u00e9cembre 2021","format":false,"excerpt":"The women's body offers appropriate and necessary post-operative support following liposuction of belly and hips. The top of the body is composed of microfiber cups, which accentuate the aesthetics and comfort of the garment. \u00a0 Do not use on open wounds, or in case of phlebitis. \u00a0 If your measurements\u2026","rel":"","context":"Article similaire","img":{"alt_text":"BODY femme","src":"https:\/\/i0.wp.com\/www.euromi.com\/wp-content\/uploads\/2021\/12\/BODYS-Body-femme.jpg?resize=350%2C200&ssl=1","width":350,"height":200},"classes":[]},{"id":1823,"url":"https:\/\/www.euromi.com\/en\/p\/mens-post-operative-body\/","url_meta":{"origin":1822,"position":5},"title":"Men&#8217;s body","date":"13 janvier 2022","format":false,"excerpt":"The men\u2019s body offers appropriate and necessary post-operative support (liposuction of the belly, hips or even gynecomastia). The top of the body is shaped like an \u201cathletic vest\u201d which accentuates the effectiveness and comfort of the garment. The compression ratio, the distribution of which has been calculated and studied, provides\u2026","rel":"","context":"Article similaire","img":{"alt_text":"","src":"https:\/\/i0.wp.com\/www.euromi.com\/wp-content\/uploads\/2022\/01\/BODYS-Body-homme.jpg?resize=350%2C200&ssl=1","width":350,"height":200},"classes":[]}],"_links":{"self":[{"href":"https:\/\/www.euromi.com\/fr\/wp-json\/wp\/v2\/product\/1822"}],"collection":[{"href":"https:\/\/www.euromi.com\/fr\/wp-json\/wp\/v2\/product"}],"about":[{"href":"https:\/\/www.euromi.com\/fr\/wp-json\/wp\/v2\/types\/product"}],"wp:featuredmedia":[{"embeddable":true,"href":"https:\/\/www.euromi.com\/fr\/wp-json\/wp\/v2\/media\/1829"}],"wp:attachment":[{"href":"https:\/\/www.euromi.com\/fr\/wp-json\/wp\/v2\/media?parent=1822"}],"wp:term":[{"taxonomy":"product_cat","embeddable":true,"href":"https:\/\/www.euromi.com\/fr\/wp-json\/wp\/v2\/product_cat?post=1822"},{"taxonomy":"product_tag","embeddable":true,"href":"https:\/\/www.euromi.com\/fr\/wp-json\/wp\/v2\/product_tag?post=1822"}],"curies":[{"name":"wp","href":"https:\/\/api.w.org\/{rel}","templated":true}]}}