{"id":1795,"date":"2022-01-13T16:10:48","date_gmt":"2022-01-13T15:10:48","guid":{"rendered":"https:\/\/www.euromi.com\/?post_type=product&#038;p=1795"},"modified":"2025-01-24T11:02:20","modified_gmt":"2025-01-24T10:02:20","slug":"simple-contenseur-mammaire","status":"publish","type":"product","link":"https:\/\/www.euromi.com\/fr\/p\/simple-contenseur-mammaire\/","title":{"rendered":"Simple contenseur mammaire"},"content":{"rendered":"<p>Le <strong>simple contenseur mammaire<\/strong> est indiqu\u00e9 suite \u00e0 la pose d\u2019une <strong>proth\u00e8se mammaire<\/strong>. Ce contenseur assure en effet une contention cibl\u00e9e sur le haut du sein et favorise le maintien en place de la proth\u00e8se.<\/p>\n<p>De plus, le simple contenseur mammaire \u00e9vite toute migration \u00e9ventuelle de la proth\u00e8se vers le haut gr\u00e2ce \u00e0 la fermeture par bande auto-agrippante qui se place sur le dessus du sein.<\/p>\n<p>&nbsp;<\/p>\n<p><em>La premi\u00e8re pose du contenseur sera assur\u00e9e en post-op\u00e9ratoire imm\u00e9diat, par le personnel m\u00e9dical, afin d\u2019assurer une efficacit\u00e9 optimale.<\/em><\/p>\n<p>&nbsp;<\/p>\n<p><em>Ne pas utiliser sur plaie ouverte.<\/em><\/p>\n<p>&nbsp;<\/p>\n<p>D\u00e9couvrez le <a href=\"https:\/\/www.euromi.com\/fr\/p\/soutien-gorge-post-operatoire-sporlane\/\">soutien-gorge Sporlane\u00ae<\/a>, disponible avec contenseur amovible ou int\u00e9gr\u00e9 en option.<\/p>\n","protected":false},"excerpt":{"rendered":"<p>Le simple contenseur mammaire est indiqu\u00e9 suite \u00e0 la pose d\u2019une proth\u00e8se mammaire. Ce contenseur assure en effet une contention cibl\u00e9e sur le haut du sein et favorise le maintien en place de la proth\u00e8se. De plus, le simple contenseur mammaire \u00e9vite toute migration \u00e9ventuelle de la proth\u00e8se vers le haut gr\u00e2ce \u00e0 la fermeture [&hellip;]<\/p>\n","protected":false},"featured_media":1797,"template":"","meta":{"_et_pb_use_builder":"","_et_pb_old_content":"","_et_gb_content_width":"","spay_email":""},"product_cat":[49,41],"product_tag":[90],"yoast_head":"<!-- This site is optimized with the Yoast SEO plugin v18.2 - https:\/\/yoast.com\/wordpress\/plugins\/seo\/ -->\n<title>Simple contenseur mammaire - Euromi<\/title>\n<meta name=\"description\" content=\"Le simple contenseur mammaire Euromi est indiqu\u00e9 suite \u00e0 la pose d\u2019une proth\u00e8se mammaire. Ce contenseur assure en effet une contention cibl\u00e9e sur le haut du sein et favorise le maintien en place de la proth\u00e8se.\" \/>\n<meta name=\"robots\" content=\"index, follow, max-snippet:-1, max-image-preview:large, max-video-preview:-1\" \/>\n<link rel=\"canonical\" href=\"https:\/\/www.euromi.com\/fr\/p\/simple-contenseur-mammaire\/\" \/>\n<meta property=\"og:locale\" content=\"fr_FR\" \/>\n<meta property=\"og:type\" content=\"article\" \/>\n<meta property=\"og:title\" content=\"Simple contenseur mammaire - Euromi\" \/>\n<meta property=\"og:description\" content=\"Le simple contenseur mammaire Euromi est indiqu\u00e9 suite \u00e0 la pose d\u2019une proth\u00e8se mammaire. Ce contenseur assure en effet une contention cibl\u00e9e sur le haut du sein et favorise le maintien en place de la proth\u00e8se.\" \/>\n<meta property=\"og:url\" content=\"https:\/\/www.euromi.com\/fr\/p\/simple-contenseur-mammaire\/\" \/>\n<meta property=\"og:site_name\" content=\"Euromi\" \/>\n<meta property=\"article:modified_time\" content=\"2025-01-24T10:02:20+00:00\" \/>\n<meta property=\"og:image\" content=\"https:\/\/www.euromi.com\/wp-content\/uploads\/2022\/01\/SOUTIEN-GORGE-simplecontenseur.1.jpg\" \/>\n\t<meta property=\"og:image:width\" content=\"980\" \/>\n\t<meta property=\"og:image:height\" content=\"1401\" \/>\n\t<meta property=\"og:image:type\" content=\"image\/jpeg\" \/>\n<meta name=\"twitter:card\" content=\"summary_large_image\" \/>\n<script type=\"application\/ld+json\" class=\"yoast-schema-graph\">{\"@context\":\"https:\/\/schema.org\",\"@graph\":[{\"@type\":\"Organization\",\"@id\":\"https:\/\/www.euromi.com\/fr\/#organization\",\"name\":\"Euromi\",\"url\":\"https:\/\/www.euromi.com\/fr\/\",\"sameAs\":[],\"logo\":{\"@type\":\"ImageObject\",\"@id\":\"https:\/\/www.euromi.com\/fr\/#logo\",\"inLanguage\":\"fr-FR\",\"url\":\"https:\/\/www.euromi.com\/wp-content\/uploads\/2021\/10\/cropped-favicon.jpg\",\"contentUrl\":\"https:\/\/www.euromi.com\/wp-content\/uploads\/2021\/10\/cropped-favicon.jpg\",\"width\":512,\"height\":512,\"caption\":\"Euromi\"},\"image\":{\"@id\":\"https:\/\/www.euromi.com\/fr\/#logo\"}},{\"@type\":\"WebSite\",\"@id\":\"https:\/\/www.euromi.com\/fr\/#website\",\"url\":\"https:\/\/www.euromi.com\/fr\/\",\"name\":\"Euromi\",\"description\":\"Fabricant de Mat\u00e9riel M\u00e9dical\",\"publisher\":{\"@id\":\"https:\/\/www.euromi.com\/fr\/#organization\"},\"potentialAction\":[{\"@type\":\"SearchAction\",\"target\":{\"@type\":\"EntryPoint\",\"urlTemplate\":\"https:\/\/www.euromi.com\/fr\/?s={search_term_string}\"},\"query-input\":\"required name=search_term_string\"}],\"inLanguage\":\"fr-FR\"},{\"@type\":\"ImageObject\",\"@id\":\"https:\/\/www.euromi.com\/fr\/p\/simple-contenseur-mammaire\/#primaryimage\",\"inLanguage\":\"fr-FR\",\"url\":\"https:\/\/www.euromi.com\/wp-content\/uploads\/2022\/01\/SOUTIEN-GORGE-simplecontenseur.1.jpg\",\"contentUrl\":\"https:\/\/www.euromi.com\/wp-content\/uploads\/2022\/01\/SOUTIEN-GORGE-simplecontenseur.1.jpg\",\"width\":980,\"height\":1401},{\"@type\":\"WebPage\",\"@id\":\"https:\/\/www.euromi.com\/fr\/p\/simple-contenseur-mammaire\/#webpage\",\"url\":\"https:\/\/www.euromi.com\/fr\/p\/simple-contenseur-mammaire\/\",\"name\":\"Simple contenseur mammaire - Euromi\",\"isPartOf\":{\"@id\":\"https:\/\/www.euromi.com\/fr\/#website\"},\"primaryImageOfPage\":{\"@id\":\"https:\/\/www.euromi.com\/fr\/p\/simple-contenseur-mammaire\/#primaryimage\"},\"datePublished\":\"2022-01-13T15:10:48+00:00\",\"dateModified\":\"2025-01-24T10:02:20+00:00\",\"description\":\"Le simple contenseur mammaire Euromi est indiqu\u00e9 suite \u00e0 la pose d\u2019une proth\u00e8se mammaire. Ce contenseur assure en effet une contention cibl\u00e9e sur le haut du sein et favorise le maintien en place de la proth\u00e8se.\",\"breadcrumb\":{\"@id\":\"https:\/\/www.euromi.com\/fr\/p\/simple-contenseur-mammaire\/#breadcrumb\"},\"inLanguage\":\"fr-FR\",\"potentialAction\":[{\"@type\":\"ReadAction\",\"target\":[\"https:\/\/www.euromi.com\/fr\/p\/simple-contenseur-mammaire\/\"]}]},{\"@type\":\"BreadcrumbList\",\"@id\":\"https:\/\/www.euromi.com\/fr\/p\/simple-contenseur-mammaire\/#breadcrumb\",\"itemListElement\":[{\"@type\":\"ListItem\",\"position\":1,\"name\":\"Accueil\",\"item\":\"https:\/\/www.euromi.com\/fr\/\"},{\"@type\":\"ListItem\",\"position\":2,\"name\":\"Boutique\",\"item\":\"https:\/\/www.euromi.com\/fr\/boutique\/\"},{\"@type\":\"ListItem\",\"position\":3,\"name\":\"V\u00eatements et pansements\",\"item\":\"https:\/\/www.euromi.com\/fr\/catp\/vetements-chirurgicaux-et-pansements\/\"},{\"@type\":\"ListItem\",\"position\":4,\"name\":\"V\u00eatements compressifs\",\"item\":\"https:\/\/www.euromi.com\/fr\/catp\/vetements-chirurgicaux-et-pansements\/vetements-compressifs\/\"},{\"@type\":\"ListItem\",\"position\":5,\"name\":\"Chirurgie esth\u00e9tique et plastique\",\"item\":\"https:\/\/www.euromi.com\/fr\/catp\/vetements-chirurgicaux-et-pansements\/vetements-compressifs\/vetement-chirurgie-esthetique-et-plastique\/\"},{\"@type\":\"ListItem\",\"position\":6,\"name\":\"Soutiens-gorge\",\"item\":\"https:\/\/www.euromi.com\/fr\/catp\/vetements-chirurgicaux-et-pansements\/vetements-compressifs\/vetement-chirurgie-esthetique-et-plastique\/soutiens-gorge\/\"},{\"@type\":\"ListItem\",\"position\":7,\"name\":\"Simple contenseur mammaire\"}]}]}<\/script>\n<!-- \/ Yoast SEO plugin. -->","yoast_head_json":{"title":"Simple contenseur mammaire - Euromi","description":"Le simple contenseur mammaire Euromi est indiqu\u00e9 suite \u00e0 la pose d\u2019une proth\u00e8se mammaire. Ce contenseur assure en effet une contention cibl\u00e9e sur le haut du sein et favorise le maintien en place de la proth\u00e8se.","robots":{"index":"index","follow":"follow","max-snippet":"max-snippet:-1","max-image-preview":"max-image-preview:large","max-video-preview":"max-video-preview:-1"},"canonical":"https:\/\/www.euromi.com\/fr\/p\/simple-contenseur-mammaire\/","og_locale":"fr_FR","og_type":"article","og_title":"Simple contenseur mammaire - Euromi","og_description":"Le simple contenseur mammaire Euromi est indiqu\u00e9 suite \u00e0 la pose d\u2019une proth\u00e8se mammaire. Ce contenseur assure en effet une contention cibl\u00e9e sur le haut du sein et favorise le maintien en place de la proth\u00e8se.","og_url":"https:\/\/www.euromi.com\/fr\/p\/simple-contenseur-mammaire\/","og_site_name":"Euromi","article_modified_time":"2025-01-24T10:02:20+00:00","og_image":[{"width":980,"height":1401,"url":"https:\/\/www.euromi.com\/wp-content\/uploads\/2022\/01\/SOUTIEN-GORGE-simplecontenseur.1.jpg","type":"image\/jpeg"}],"twitter_card":"summary_large_image","schema":{"@context":"https:\/\/schema.org","@graph":[{"@type":"Organization","@id":"https:\/\/www.euromi.com\/fr\/#organization","name":"Euromi","url":"https:\/\/www.euromi.com\/fr\/","sameAs":[],"logo":{"@type":"ImageObject","@id":"https:\/\/www.euromi.com\/fr\/#logo","inLanguage":"fr-FR","url":"https:\/\/www.euromi.com\/wp-content\/uploads\/2021\/10\/cropped-favicon.jpg","contentUrl":"https:\/\/www.euromi.com\/wp-content\/uploads\/2021\/10\/cropped-favicon.jpg","width":512,"height":512,"caption":"Euromi"},"image":{"@id":"https:\/\/www.euromi.com\/fr\/#logo"}},{"@type":"WebSite","@id":"https:\/\/www.euromi.com\/fr\/#website","url":"https:\/\/www.euromi.com\/fr\/","name":"Euromi","description":"Fabricant de Mat\u00e9riel M\u00e9dical","publisher":{"@id":"https:\/\/www.euromi.com\/fr\/#organization"},"potentialAction":[{"@type":"SearchAction","target":{"@type":"EntryPoint","urlTemplate":"https:\/\/www.euromi.com\/fr\/?s={search_term_string}"},"query-input":"required name=search_term_string"}],"inLanguage":"fr-FR"},{"@type":"ImageObject","@id":"https:\/\/www.euromi.com\/fr\/p\/simple-contenseur-mammaire\/#primaryimage","inLanguage":"fr-FR","url":"https:\/\/www.euromi.com\/wp-content\/uploads\/2022\/01\/SOUTIEN-GORGE-simplecontenseur.1.jpg","contentUrl":"https:\/\/www.euromi.com\/wp-content\/uploads\/2022\/01\/SOUTIEN-GORGE-simplecontenseur.1.jpg","width":980,"height":1401},{"@type":"WebPage","@id":"https:\/\/www.euromi.com\/fr\/p\/simple-contenseur-mammaire\/#webpage","url":"https:\/\/www.euromi.com\/fr\/p\/simple-contenseur-mammaire\/","name":"Simple contenseur mammaire - Euromi","isPartOf":{"@id":"https:\/\/www.euromi.com\/fr\/#website"},"primaryImageOfPage":{"@id":"https:\/\/www.euromi.com\/fr\/p\/simple-contenseur-mammaire\/#primaryimage"},"datePublished":"2022-01-13T15:10:48+00:00","dateModified":"2025-01-24T10:02:20+00:00","description":"Le simple contenseur mammaire Euromi est indiqu\u00e9 suite \u00e0 la pose d\u2019une proth\u00e8se mammaire. Ce contenseur assure en effet une contention cibl\u00e9e sur le haut du sein et favorise le maintien en place de la proth\u00e8se.","breadcrumb":{"@id":"https:\/\/www.euromi.com\/fr\/p\/simple-contenseur-mammaire\/#breadcrumb"},"inLanguage":"fr-FR","potentialAction":[{"@type":"ReadAction","target":["https:\/\/www.euromi.com\/fr\/p\/simple-contenseur-mammaire\/"]}]},{"@type":"BreadcrumbList","@id":"https:\/\/www.euromi.com\/fr\/p\/simple-contenseur-mammaire\/#breadcrumb","itemListElement":[{"@type":"ListItem","position":1,"name":"Accueil","item":"https:\/\/www.euromi.com\/fr\/"},{"@type":"ListItem","position":2,"name":"Boutique","item":"https:\/\/www.euromi.com\/fr\/boutique\/"},{"@type":"ListItem","position":3,"name":"V\u00eatements et pansements","item":"https:\/\/www.euromi.com\/fr\/catp\/vetements-chirurgicaux-et-pansements\/"},{"@type":"ListItem","position":4,"name":"V\u00eatements compressifs","item":"https:\/\/www.euromi.com\/fr\/catp\/vetements-chirurgicaux-et-pansements\/vetements-compressifs\/"},{"@type":"ListItem","position":5,"name":"Chirurgie esth\u00e9tique et plastique","item":"https:\/\/www.euromi.com\/fr\/catp\/vetements-chirurgicaux-et-pansements\/vetements-compressifs\/vetement-chirurgie-esthetique-et-plastique\/"},{"@type":"ListItem","position":6,"name":"Soutiens-gorge","item":"https:\/\/www.euromi.com\/fr\/catp\/vetements-chirurgicaux-et-pansements\/vetements-compressifs\/vetement-chirurgie-esthetique-et-plastique\/soutiens-gorge\/"},{"@type":"ListItem","position":7,"name":"Simple contenseur mammaire"}]}]}},"jetpack-related-posts":[{"id":1805,"url":"https:\/\/www.euromi.com\/fr\/p\/double-contenseur-mammaire\/","url_meta":{"origin":1795,"position":0},"title":"Double contenseur mammaire","date":"13 janvier 2022","format":false,"excerpt":"Le double contenseur mammaire est indiqu\u00e9 suite \u00e0 la pose d\u2019une proth\u00e8se mammaire. Ce contenseur assure une contention sur le haut et le bas du sein afin de maintenir l\u2019implant en place. Le double contenseur mammaire pr\u00e9vient toute migration de la proth\u00e8se vers le haut ou vers le bas. \u00c0\u2026","rel":"","context":"Article similaire","img":{"alt_text":"","src":"https:\/\/i0.wp.com\/www.euromi.com\/wp-content\/uploads\/2022\/01\/SOUTIEN-GORGE-doublecontenseur.jpg?resize=350%2C200&ssl=1","width":350,"height":200},"classes":[]},{"id":3629,"url":"https:\/\/www.euromi.com\/fr\/p\/cereneasy-confort\/","url_meta":{"origin":1795,"position":1},"title":"Cereneasy\u00ae Confort","date":"09 janvier 2023","format":false,"excerpt":"Suite \u00e0 une chirurgie mammaire (augmentation mammaire, r\u00e9duction mammaire, reconstruction mammaire), le soutien-gorge Cereneasy\u00ae Confort permet d'apporter le soutien n\u00e9cessaire aux suites post-op\u00e9ratoires. Son bonnet thermoform\u00e9, doubl\u00e9 dans un nouveau tissu, est d\u00e9pourvu de coutures et permet donc d'apporter du confort au niveau de l'ar\u00e9ole. Le soutien-gorge Cereneasy\u00ae Confort peut\u2026","rel":"","context":"Article similaire","img":{"alt_text":"CERENEASY CONFORT","src":"https:\/\/i0.wp.com\/www.euromi.com\/wp-content\/uploads\/2021\/12\/SITE-052SOUTIEN-GORGE-CERENEASY-CONFORT.jpg?resize=350%2C200&ssl=1","width":350,"height":200},"classes":[]},{"id":1775,"url":"https:\/\/www.euromi.com\/fr\/p\/soutien-gorge-post-operatoire-sporlane\/","url_meta":{"origin":1795,"position":2},"title":"Sporlane\u00ae","date":"13 janvier 2022","format":false,"excerpt":"Le soutien-gorge Sporlane\u00ae est indiqu\u00e9 apr\u00e8s une augmentation mammaire, reconstruction mammaire ou encore r\u00e9duction mammaire. Ce soutien-gorge post-op\u00e9ratoire, r\u00e9alis\u00e9 dans un tissu compressif, permet en effet d\u2019exercer la contention n\u00e9cessaire, tout en assurant un confort durant la phase de convalescence. Le Sporlane\u00ae convient \u00e9galement pour le soutien universel des fortes\u2026","rel":"","context":"Article similaire","img":{"alt_text":"","src":"https:\/\/i0.wp.com\/www.euromi.com\/wp-content\/uploads\/2022\/01\/SOUTIEN-GORGE-SPORLANE.1.jpg?resize=350%2C200&ssl=1","width":350,"height":200},"classes":[]},{"id":1173,"url":"https:\/\/www.euromi.com\/fr\/p\/soutien-gorge-post-operatoire-cereneasy\/","url_meta":{"origin":1795,"position":3},"title":"Cereneasy\u00ae","date":"10 d\u00e9cembre 2021","format":false,"excerpt":"Le Cereneasy\u00ae est un soutien-gorge indiqu\u00e9 en p\u00e9riode post-op\u00e9ratoire. Il est en effet recommand\u00e9 de porter un soutien-gorge sp\u00e9cifique apr\u00e8s une augmentation mammaire, reconstruction mammaire ou encore r\u00e9duction mammaire. Ainsi, le soutien-gorge Cereneasy\u00ae permettra de contenir l\u2019oed\u00e8me post-op\u00e9ratoire. Vous pouvez \u00e9galement porter le Cereneasy\u00ae pour assurer un maintien plus important\u2026","rel":"","context":"Article similaire","img":{"alt_text":"cereneasy","src":"https:\/\/i0.wp.com\/www.euromi.com\/wp-content\/uploads\/2021\/12\/cereneasy.jpg?resize=350%2C200&ssl=1","width":350,"height":200},"classes":[]},{"id":2122,"url":"https:\/\/www.euromi.com\/fr\/p\/body-grand-dorsal\/","url_meta":{"origin":1795,"position":4},"title":"Body grand dorsal","date":"18 janvier 2022","format":false,"excerpt":"\u00a0 Le body grand dorsal est utilis\u00e9 suite \u00e0 une reconstruction mammaire \u00e0 partir du muscle grand dorsal. Il est r\u00e9alis\u00e9 uniquement selon vos mesures et peut \u00eatre utilis\u00e9 en version masculine, apr\u00e8s une liposuccion du dos. \u00a0 Ne pas utiliser sur plaie ouverte, ni en cas de phl\u00e9bite. \u00a0\u2026","rel":"","context":"Article similaire","img":{"alt_text":"","src":"https:\/\/i0.wp.com\/www.euromi.com\/wp-content\/uploads\/2022\/01\/BODYS-Body-grand-dorsal.jpg?resize=350%2C200&ssl=1","width":350,"height":200},"classes":[]},{"id":2114,"url":"https:\/\/www.euromi.com\/fr\/p\/bolero-homme\/","url_meta":{"origin":1795,"position":5},"title":"Bol\u00e9ro homme","date":"17 janvier 2022","format":false,"excerpt":"Le bol\u00e9ro pour homme est indiqu\u00e9 dans le cas d\u2019une correction de gyn\u00e9comastie (consiste \u00e0 r\u00e9duire la taille et le gonflement de la glande mammaire). Ce bol\u00e9ro est r\u00e9alis\u00e9 dans un tissu compressif pour apporter le maintien et confort n\u00e9cessaire. Il se ferme par un triple agrafage sur le devant,\u2026","rel":"","context":"Article similaire","img":{"alt_text":"","src":"https:\/\/i0.wp.com\/www.euromi.com\/wp-content\/uploads\/2022\/01\/Bolero.jpg?resize=350%2C200&ssl=1","width":350,"height":200},"classes":[]}],"_links":{"self":[{"href":"https:\/\/www.euromi.com\/fr\/wp-json\/wp\/v2\/product\/1795"}],"collection":[{"href":"https:\/\/www.euromi.com\/fr\/wp-json\/wp\/v2\/product"}],"about":[{"href":"https:\/\/www.euromi.com\/fr\/wp-json\/wp\/v2\/types\/product"}],"wp:featuredmedia":[{"embeddable":true,"href":"https:\/\/www.euromi.com\/fr\/wp-json\/wp\/v2\/media\/1797"}],"wp:attachment":[{"href":"https:\/\/www.euromi.com\/fr\/wp-json\/wp\/v2\/media?parent=1795"}],"wp:term":[{"taxonomy":"product_cat","embeddable":true,"href":"https:\/\/www.euromi.com\/fr\/wp-json\/wp\/v2\/product_cat?post=1795"},{"taxonomy":"product_tag","embeddable":true,"href":"https:\/\/www.euromi.com\/fr\/wp-json\/wp\/v2\/product_tag?post=1795"}],"curies":[{"name":"wp","href":"https:\/\/api.w.org\/{rel}","templated":true}]}}