{"id":1727,"date":"2022-01-11T16:21:13","date_gmt":"2022-01-11T15:21:13","guid":{"rendered":"https:\/\/www.euromi.com\/?post_type=product&#038;p=1727"},"modified":"2025-12-02T10:33:41","modified_gmt":"2025-12-02T09:33:41","slug":"canules-liposuccion-reutilisables","status":"publish","type":"product","link":"https:\/\/www.euromi.com\/fr\/p\/canules-liposuccion-reutilisables\/","title":{"rendered":"Canules r\u00e9utilisables"},"content":{"rendered":"<p>Les <strong>canules r\u00e9utilisables Euromi<\/strong> sont indiqu\u00e9es pour :<\/p>\n<ul>\n<li>l\u2019infiltration de solutions tumescentes pour faciliter l\u2019\u00e9limination des tissus et \/ ou des liquides <strong>(canules d\u2019infiltrations)<\/strong>;<\/li>\n<li>le retrait de tissus et\/ou de liquides du corps lors d\u2019interventions chirurgicales dans le but d\u2019un modelage esth\u00e9tique du corps <strong>(canules d\u2019aspiration)<\/strong>;<\/li>\n<li>l\u2019injection de tissus adipeux autologues \/ \u00ab lipofilling \u00bb lors d\u2019un remodelage corporel ou body contouring <strong>(canules de lipofilling)<\/strong>.<\/li>\n<\/ul>\n<p>&nbsp;<\/p>\n<p>Les canules Euromi sont conformes aux normes europ\u00e9ennes (<strong>Certification CE 2797 \u2013 MDR 2017\/745<\/strong>).<\/p>\n<p><strong><u>Ce produit est un dispositif m\u00e9dical \u00e0 destination des professionnels de sant\u00e9 qualifi\u00e9s.<\/u><\/strong> <em><strong>Vous \u00eates professionnel de sant\u00e9 <\/strong>et souhaitez plus d\u2019informations sur ce produit, merci de remplir le formulaire ci-contre.<\/em> <em><strong>Vous \u00eates un particulier<\/strong>, pour plus d\u2019informations, merci de vous orienter vers votre professionnel de sant\u00e9.<\/em><\/p>\n","protected":false},"excerpt":{"rendered":"<p>Les canules r\u00e9utilisables Euromi sont indiqu\u00e9es pour : l\u2019infiltration de solutions tumescentes pour faciliter l\u2019\u00e9limination des tissus et \/ ou des liquides (canules d\u2019infiltrations); le retrait de tissus et\/ou de liquides du corps lors d\u2019interventions chirurgicales dans le but d\u2019un modelage esth\u00e9tique du corps (canules d\u2019aspiration); l\u2019injection de tissus adipeux autologues \/ \u00ab lipofilling \u00bb [&hellip;]<\/p>\n","protected":false},"featured_media":1739,"template":"","meta":{"_et_pb_use_builder":"off","_et_pb_old_content":"Les <strong>canules r\u00e9utilisables Euromi<\/strong> sont indiqu\u00e9es pour :\r\n<ul>\r\n \t<li>l\u2019infiltration de solutions tumescentes pour faciliter l\u2019\u00e9limination des tissus et \/ ou des liquides <strong>(canules d\u2019infiltrations)<\/strong>;<\/li>\r\n \t<li>le retrait de tissus et\/ou de liquides du corps lors d\u2019interventions chirurgicales dans le but d\u2019un modelage esth\u00e9tique du corps <strong>(canules d\u2019aspiration)<\/strong>;<\/li>\r\n \t<li>l\u2019injection de tissus adipeux autologues \/ \u00ab lipofilling \u00bb lors d\u2019un remodelage corporel ou body contouring <strong>(canules de lipofilling)<\/strong>.<\/li>\r\n<\/ul>\r\n\u00a0\r\n\r\n<strong><u>Ce produit est un dispositif m\u00e9dical \u00e0 destination des professionnels de sant\u00e9 qualifi\u00e9s.<\/u><\/strong>\r\n\r\n<em><strong>Vous \u00eates professionnel de sant\u00e9 <\/strong>et souhaitez plus d\u2019informations sur ce produit, merci de remplir le formulaire ci-contre.<\/em>\r\n\r\n<em><strong>Vous \u00eates un particulier<\/strong>, pour plus d\u2019informations, merci de vous orienter vers votre professionnel de sant\u00e9.<\/em>","_et_gb_content_width":"","spay_email":""},"product_cat":[32,16],"product_tag":[],"yoast_head":"<!-- This site is optimized with the Yoast SEO plugin v18.2 - https:\/\/yoast.com\/wordpress\/plugins\/seo\/ -->\n<title>Canules R\u00e9utilisables - Liposculture - Euromi<\/title>\n<meta name=\"description\" content=\"Les canules r\u00e9utilisables Euromi sont indiqu\u00e9es pour les liposuccions (infiltration, aspiration de graisse, lipofilling).\" \/>\n<meta name=\"robots\" content=\"index, follow, max-snippet:-1, max-image-preview:large, max-video-preview:-1\" \/>\n<link rel=\"canonical\" href=\"https:\/\/www.euromi.com\/fr\/p\/canules-liposuccion-reutilisables\/\" \/>\n<meta property=\"og:locale\" content=\"fr_FR\" \/>\n<meta property=\"og:type\" content=\"article\" \/>\n<meta property=\"og:title\" content=\"Canules R\u00e9utilisables - Liposculture - Euromi\" \/>\n<meta property=\"og:description\" content=\"Les canules r\u00e9utilisables Euromi sont indiqu\u00e9es pour les liposuccions (infiltration, aspiration de graisse, lipofilling).\" \/>\n<meta property=\"og:url\" content=\"https:\/\/www.euromi.com\/fr\/p\/canules-liposuccion-reutilisables\/\" \/>\n<meta property=\"og:site_name\" content=\"Euromi\" \/>\n<meta property=\"article:modified_time\" content=\"2025-12-02T09:33:41+00:00\" \/>\n<meta property=\"og:image\" content=\"https:\/\/www.euromi.com\/wp-content\/uploads\/2022\/01\/LIPOSUCCION-Canules.jpg\" \/>\n\t<meta property=\"og:image:width\" content=\"980\" \/>\n\t<meta property=\"og:image:height\" content=\"1401\" \/>\n\t<meta property=\"og:image:type\" content=\"image\/jpeg\" \/>\n<meta name=\"twitter:card\" content=\"summary_large_image\" \/>\n<script type=\"application\/ld+json\" class=\"yoast-schema-graph\">{\"@context\":\"https:\/\/schema.org\",\"@graph\":[{\"@type\":\"Organization\",\"@id\":\"https:\/\/www.euromi.com\/fr\/#organization\",\"name\":\"Euromi\",\"url\":\"https:\/\/www.euromi.com\/fr\/\",\"sameAs\":[],\"logo\":{\"@type\":\"ImageObject\",\"@id\":\"https:\/\/www.euromi.com\/fr\/#logo\",\"inLanguage\":\"fr-FR\",\"url\":\"https:\/\/www.euromi.com\/wp-content\/uploads\/2021\/10\/cropped-favicon.jpg\",\"contentUrl\":\"https:\/\/www.euromi.com\/wp-content\/uploads\/2021\/10\/cropped-favicon.jpg\",\"width\":512,\"height\":512,\"caption\":\"Euromi\"},\"image\":{\"@id\":\"https:\/\/www.euromi.com\/fr\/#logo\"}},{\"@type\":\"WebSite\",\"@id\":\"https:\/\/www.euromi.com\/fr\/#website\",\"url\":\"https:\/\/www.euromi.com\/fr\/\",\"name\":\"Euromi\",\"description\":\"Fabricant de Mat\u00e9riel M\u00e9dical\",\"publisher\":{\"@id\":\"https:\/\/www.euromi.com\/fr\/#organization\"},\"potentialAction\":[{\"@type\":\"SearchAction\",\"target\":{\"@type\":\"EntryPoint\",\"urlTemplate\":\"https:\/\/www.euromi.com\/fr\/?s={search_term_string}\"},\"query-input\":\"required name=search_term_string\"}],\"inLanguage\":\"fr-FR\"},{\"@type\":\"ImageObject\",\"@id\":\"https:\/\/www.euromi.com\/fr\/p\/canules-liposuccion-reutilisables\/#primaryimage\",\"inLanguage\":\"fr-FR\",\"url\":\"https:\/\/www.euromi.com\/wp-content\/uploads\/2022\/01\/LIPOSUCCION-Canules.jpg\",\"contentUrl\":\"https:\/\/www.euromi.com\/wp-content\/uploads\/2022\/01\/LIPOSUCCION-Canules.jpg\",\"width\":980,\"height\":1401,\"caption\":\"Canules\"},{\"@type\":\"WebPage\",\"@id\":\"https:\/\/www.euromi.com\/fr\/p\/canules-liposuccion-reutilisables\/#webpage\",\"url\":\"https:\/\/www.euromi.com\/fr\/p\/canules-liposuccion-reutilisables\/\",\"name\":\"Canules R\u00e9utilisables - Liposculture - Euromi\",\"isPartOf\":{\"@id\":\"https:\/\/www.euromi.com\/fr\/#website\"},\"primaryImageOfPage\":{\"@id\":\"https:\/\/www.euromi.com\/fr\/p\/canules-liposuccion-reutilisables\/#primaryimage\"},\"datePublished\":\"2022-01-11T15:21:13+00:00\",\"dateModified\":\"2025-12-02T09:33:41+00:00\",\"description\":\"Les canules r\u00e9utilisables Euromi sont indiqu\u00e9es pour les liposuccions (infiltration, aspiration de graisse, lipofilling).\",\"breadcrumb\":{\"@id\":\"https:\/\/www.euromi.com\/fr\/p\/canules-liposuccion-reutilisables\/#breadcrumb\"},\"inLanguage\":\"fr-FR\",\"potentialAction\":[{\"@type\":\"ReadAction\",\"target\":[\"https:\/\/www.euromi.com\/fr\/p\/canules-liposuccion-reutilisables\/\"]}]},{\"@type\":\"BreadcrumbList\",\"@id\":\"https:\/\/www.euromi.com\/fr\/p\/canules-liposuccion-reutilisables\/#breadcrumb\",\"itemListElement\":[{\"@type\":\"ListItem\",\"position\":1,\"name\":\"Accueil\",\"item\":\"https:\/\/www.euromi.com\/fr\/\"},{\"@type\":\"ListItem\",\"position\":2,\"name\":\"Boutique\",\"item\":\"https:\/\/www.euromi.com\/fr\/boutique\/\"},{\"@type\":\"ListItem\",\"position\":3,\"name\":\"Liposculpture\",\"item\":\"https:\/\/www.euromi.com\/fr\/catp\/nutational-infrasonic-liposculpture\/\"},{\"@type\":\"ListItem\",\"position\":4,\"name\":\"Canules\",\"item\":\"https:\/\/www.euromi.com\/fr\/catp\/nutational-infrasonic-liposculpture\/nos-canules-pour-la-liposculpture\/\"},{\"@type\":\"ListItem\",\"position\":5,\"name\":\"Canules r\u00e9utilisables\"}]}]}<\/script>\n<!-- \/ Yoast SEO plugin. -->","yoast_head_json":{"title":"Canules R\u00e9utilisables - Liposculture - Euromi","description":"Les canules r\u00e9utilisables Euromi sont indiqu\u00e9es pour les liposuccions (infiltration, aspiration de graisse, lipofilling).","robots":{"index":"index","follow":"follow","max-snippet":"max-snippet:-1","max-image-preview":"max-image-preview:large","max-video-preview":"max-video-preview:-1"},"canonical":"https:\/\/www.euromi.com\/fr\/p\/canules-liposuccion-reutilisables\/","og_locale":"fr_FR","og_type":"article","og_title":"Canules R\u00e9utilisables - Liposculture - Euromi","og_description":"Les canules r\u00e9utilisables Euromi sont indiqu\u00e9es pour les liposuccions (infiltration, aspiration de graisse, lipofilling).","og_url":"https:\/\/www.euromi.com\/fr\/p\/canules-liposuccion-reutilisables\/","og_site_name":"Euromi","article_modified_time":"2025-12-02T09:33:41+00:00","og_image":[{"width":980,"height":1401,"url":"https:\/\/www.euromi.com\/wp-content\/uploads\/2022\/01\/LIPOSUCCION-Canules.jpg","type":"image\/jpeg"}],"twitter_card":"summary_large_image","schema":{"@context":"https:\/\/schema.org","@graph":[{"@type":"Organization","@id":"https:\/\/www.euromi.com\/fr\/#organization","name":"Euromi","url":"https:\/\/www.euromi.com\/fr\/","sameAs":[],"logo":{"@type":"ImageObject","@id":"https:\/\/www.euromi.com\/fr\/#logo","inLanguage":"fr-FR","url":"https:\/\/www.euromi.com\/wp-content\/uploads\/2021\/10\/cropped-favicon.jpg","contentUrl":"https:\/\/www.euromi.com\/wp-content\/uploads\/2021\/10\/cropped-favicon.jpg","width":512,"height":512,"caption":"Euromi"},"image":{"@id":"https:\/\/www.euromi.com\/fr\/#logo"}},{"@type":"WebSite","@id":"https:\/\/www.euromi.com\/fr\/#website","url":"https:\/\/www.euromi.com\/fr\/","name":"Euromi","description":"Fabricant de Mat\u00e9riel M\u00e9dical","publisher":{"@id":"https:\/\/www.euromi.com\/fr\/#organization"},"potentialAction":[{"@type":"SearchAction","target":{"@type":"EntryPoint","urlTemplate":"https:\/\/www.euromi.com\/fr\/?s={search_term_string}"},"query-input":"required name=search_term_string"}],"inLanguage":"fr-FR"},{"@type":"ImageObject","@id":"https:\/\/www.euromi.com\/fr\/p\/canules-liposuccion-reutilisables\/#primaryimage","inLanguage":"fr-FR","url":"https:\/\/www.euromi.com\/wp-content\/uploads\/2022\/01\/LIPOSUCCION-Canules.jpg","contentUrl":"https:\/\/www.euromi.com\/wp-content\/uploads\/2022\/01\/LIPOSUCCION-Canules.jpg","width":980,"height":1401,"caption":"Canules"},{"@type":"WebPage","@id":"https:\/\/www.euromi.com\/fr\/p\/canules-liposuccion-reutilisables\/#webpage","url":"https:\/\/www.euromi.com\/fr\/p\/canules-liposuccion-reutilisables\/","name":"Canules R\u00e9utilisables - Liposculture - Euromi","isPartOf":{"@id":"https:\/\/www.euromi.com\/fr\/#website"},"primaryImageOfPage":{"@id":"https:\/\/www.euromi.com\/fr\/p\/canules-liposuccion-reutilisables\/#primaryimage"},"datePublished":"2022-01-11T15:21:13+00:00","dateModified":"2025-12-02T09:33:41+00:00","description":"Les canules r\u00e9utilisables Euromi sont indiqu\u00e9es pour les liposuccions (infiltration, aspiration de graisse, lipofilling).","breadcrumb":{"@id":"https:\/\/www.euromi.com\/fr\/p\/canules-liposuccion-reutilisables\/#breadcrumb"},"inLanguage":"fr-FR","potentialAction":[{"@type":"ReadAction","target":["https:\/\/www.euromi.com\/fr\/p\/canules-liposuccion-reutilisables\/"]}]},{"@type":"BreadcrumbList","@id":"https:\/\/www.euromi.com\/fr\/p\/canules-liposuccion-reutilisables\/#breadcrumb","itemListElement":[{"@type":"ListItem","position":1,"name":"Accueil","item":"https:\/\/www.euromi.com\/fr\/"},{"@type":"ListItem","position":2,"name":"Boutique","item":"https:\/\/www.euromi.com\/fr\/boutique\/"},{"@type":"ListItem","position":3,"name":"Liposculpture","item":"https:\/\/www.euromi.com\/fr\/catp\/nutational-infrasonic-liposculpture\/"},{"@type":"ListItem","position":4,"name":"Canules","item":"https:\/\/www.euromi.com\/fr\/catp\/nutational-infrasonic-liposculpture\/nos-canules-pour-la-liposculpture\/"},{"@type":"ListItem","position":5,"name":"Canules r\u00e9utilisables"}]}]}},"jetpack-related-posts":[{"id":2131,"url":"https:\/\/www.euromi.com\/fr\/p\/liposuccion-evasp-1\/","url_meta":{"origin":1727,"position":0},"title":"Eva sp\u00ae 1","date":"18 janvier 2022","format":false,"excerpt":"L\u2019Eva sp\u00ae 1 est le syst\u00e8me d\u2019entr\u00e9e de la gamme Eva sp\u00ae. L\u2019Eva sp\u00ae 1 r\u00e9gule l\u2019approvisionnement en air comprim\u00e9 de l\u2019evamatic\u00ae. Ainsi, il permet une liposculpture infrasonique avec nutation (Technique N.I.L.\u00ae). Gr\u00e2ce \u00e0 sa canule d\u2019infiltration fournie et l\u2019utilisation d\u2019un syst\u00e8me de pression externe (pompe p\u00e9ristaltique), l\u2019infiltration est qualitative\u2026","rel":"","context":"Article similaire","img":{"alt_text":"","src":"https:\/\/i0.wp.com\/www.euromi.com\/wp-content\/uploads\/2022\/01\/LIPOSUCCION-Evasp1.jpg?resize=350%2C200&ssl=1","width":350,"height":200},"classes":[]},{"id":2146,"url":"https:\/\/www.euromi.com\/fr\/p\/eva-sp-2\/","url_meta":{"origin":1727,"position":1},"title":"Eva sp\u00ae 2","date":"18 janvier 2022","format":false,"excerpt":"L'Eva sp\u00ae 2 permet une liposculpture infrasonique avec nutation et aspiration. Gr\u00e2ce \u00e0 sa canule d\u2019infiltration fournie et l\u2019utilisation d\u2019un syst\u00e8me de pression externe (pompe p\u00e9ristaltique), l\u2019infiltration est qualitative et uniforme. Il s\u2019agit du syst\u00e8me Eva sp\u00ae 1 compl\u00e9t\u00e9 d\u2019un aspirateur. Le syst\u00e8me Eva sp\u00ae 2 est destin\u00e9 au praticien\u2026","rel":"","context":"Article similaire","img":{"alt_text":"","src":"https:\/\/i0.wp.com\/www.euromi.com\/wp-content\/uploads\/2022\/01\/LIPOSUCCION-Evasp2-1.jpg?resize=350%2C200&ssl=1","width":350,"height":200},"classes":[]},{"id":1423,"url":"https:\/\/www.euromi.com\/fr\/p\/liposuccion-evamatic-5\/","url_meta":{"origin":1727,"position":2},"title":"Evamatic\u00ae 5","date":"14 d\u00e9cembre 2021","format":false,"excerpt":"L\u2019evamatic\u00ae est une pi\u00e8ce \u00e0 main munie d\u2019un moteur pneumatique qui va conduire le bout de la canule dans un mouvement de nutation (mouvement de pr\u00e9cession) permettant d\u2019extraire la graisse en douceur (technique N.I.L.\u00ae). En savoir plus sur la technique N.I.L.\u00ae. \u00a0 L'evamatic\u00ae est conforme aux normes europ\u00e9ennes (Certification CE\u2026","rel":"","context":"Article similaire","img":{"alt_text":"Evamatic","src":"https:\/\/i0.wp.com\/www.euromi.com\/wp-content\/uploads\/2021\/12\/LIPOSUCCION-Evamatic.1.jpg?resize=350%2C200&ssl=1","width":350,"height":200},"classes":[]},{"id":2160,"url":"https:\/\/www.euromi.com\/fr\/p\/lipofilling-nlf-system\/","url_meta":{"origin":1727,"position":3},"title":"N.L.F System\u00ae","date":"18 janvier 2022","format":false,"excerpt":"Euromi a con\u00e7u un syst\u00e8me de lipofilling, le N.L.F. System\u00ae,\u00a0 bas\u00e9 sur la technologie N.I.L.\u00ae. Il s\u2032agit d\u2019un kit de pr\u00e9l\u00e8vement st\u00e9rile \u00e0 usage unique, biocompatible et en circuit ferm\u00e9. Il convient pour des petits et grands volumes. \u00a0 Ce produit est un dispositif m\u00e9dical \u00e0 destination des professionnels de\u2026","rel":"","context":"Article similaire","img":{"alt_text":"","src":"https:\/\/i0.wp.com\/www.euromi.com\/wp-content\/uploads\/2022\/01\/NLF-SYSTEM-2-scaled.jpg?resize=350%2C200&ssl=1","width":350,"height":200},"classes":[]},{"id":2152,"url":"https:\/\/www.euromi.com\/fr\/p\/liposuccion-eva-sp6\/","url_meta":{"origin":1727,"position":4},"title":"Eva sp\u00ae 6","date":"18 janvier 2022","format":false,"excerpt":"L'Eva sp\u00ae 6 permet non seulement une infiltration infrasonique avec nutation quantitative mais aussi une liposculpture infrasonique avec nutation. L\u2019appareil est enti\u00e8rement digitalis\u00e9 et conforme aux normes europ\u00e9ennes (Certification CE 2797 - MDR 2017\/745). \u00a0 Ce produit est un dispositif m\u00e9dical \u00e0 destination des professionnels de sant\u00e9 qualifi\u00e9s. \u00a0 Vous\u2026","rel":"","context":"Article similaire","img":{"alt_text":"","src":"https:\/\/i0.wp.com\/www.euromi.com\/wp-content\/uploads\/2022\/01\/LIPOSUCCION-Evasp6.jpg?resize=350%2C200&ssl=1","width":350,"height":200},"classes":[]},{"id":1935,"url":"https:\/\/www.euromi.com\/fr\/p\/combine-post-operatoire-chevilles\/","url_meta":{"origin":1727,"position":5},"title":"Combin\u00e9 chevilles","date":"14 janvier 2022","format":false,"excerpt":"Le port du combin\u00e9 chevilles est recommand\u00e9 pour contenir l\u2019\u0153d\u00e8me post-op\u00e9ratoire d\u00fb au traumatisme caus\u00e9 par l\u2019introduction de canules de liposuccion (des mollets, genoux, cuisses, du bassin, des hanches, du ventre et des aisselles), ainsi que d\u2019apporter le maintien appropri\u00e9. La patte sous le pied du combin\u00e9 chevilles emp\u00eache ce\u2026","rel":"","context":"Article similaire","img":{"alt_text":"","src":"https:\/\/i0.wp.com\/www.euromi.com\/wp-content\/uploads\/2022\/01\/Combine-chevilles.femme_.jpg?resize=350%2C200&ssl=1","width":350,"height":200},"classes":[]}],"_links":{"self":[{"href":"https:\/\/www.euromi.com\/fr\/wp-json\/wp\/v2\/product\/1727"}],"collection":[{"href":"https:\/\/www.euromi.com\/fr\/wp-json\/wp\/v2\/product"}],"about":[{"href":"https:\/\/www.euromi.com\/fr\/wp-json\/wp\/v2\/types\/product"}],"wp:featuredmedia":[{"embeddable":true,"href":"https:\/\/www.euromi.com\/fr\/wp-json\/wp\/v2\/media\/1739"}],"wp:attachment":[{"href":"https:\/\/www.euromi.com\/fr\/wp-json\/wp\/v2\/media?parent=1727"}],"wp:term":[{"taxonomy":"product_cat","embeddable":true,"href":"https:\/\/www.euromi.com\/fr\/wp-json\/wp\/v2\/product_cat?post=1727"},{"taxonomy":"product_tag","embeddable":true,"href":"https:\/\/www.euromi.com\/fr\/wp-json\/wp\/v2\/product_tag?post=1727"}],"curies":[{"name":"wp","href":"https:\/\/api.w.org\/{rel}","templated":true}]}}