{"id":1706,"date":"2022-01-11T15:47:03","date_gmt":"2022-01-11T14:47:03","guid":{"rendered":"https:\/\/www.euromi.com\/?post_type=product&#038;p=1706"},"modified":"2022-01-25T12:17:16","modified_gmt":"2022-01-25T11:17:16","slug":"ceinture-digibelt","status":"publish","type":"product","link":"https:\/\/www.euromi.com\/fr\/p\/ceinture-digibelt\/","title":{"rendered":"Digibelt\u00ae"},"content":{"rendered":"<p>La <strong>ceinture DIGIBELT\u00ae<\/strong> offre le soutien n\u00e9cessaire \u00e0 la <strong>paroi abdominale<\/strong> apr\u00e8s une op\u00e9ration ou un accouchement.<\/p>\n<p>Elle est compos\u00e9e de 5 baleines dont 3 amovibles \u00e0 l\u2019avant, et d\u2019un plastron mousse doubl\u00e9 pour plus de confort. La fermeture par bandes auto-agrippantes ind\u00e9pendantes permet d\u2019ajuster le v\u00eatement au mieux.<\/p>\n<p>Trois hauteurs sont disponibles pour la ceinture Digibelt<sup>\u00ae<\/sup> (18, 25, 33 cm) ainsi que 9 tailles standard.<\/p>\n<p>&nbsp;<\/p>\n<p><em>Ne pas utiliser sur plaie ouverte ni en cas de phl\u00e9bite pr\u00e9existante.<\/em><\/p>\n<p>&nbsp;<\/p>\n<p><strong><u>Ce produit est d\u00e9livr\u00e9 sous prescription m\u00e9dicale et ne peut \u00eatre command\u00e9 en ligne. Merci d\u2019utiliser le formulaire de contact ci-contre pour nous contacter.<\/u><\/strong><\/p>\n","protected":false},"excerpt":{"rendered":"<p>La ceinture DIGIBELT\u00ae offre le soutien n\u00e9cessaire \u00e0 la paroi abdominale apr\u00e8s une op\u00e9ration ou un accouchement. Elle est compos\u00e9e de 5 baleines dont 3 amovibles \u00e0 l\u2019avant, et d\u2019un plastron mousse doubl\u00e9 pour plus de confort. La fermeture par bandes auto-agrippantes ind\u00e9pendantes permet d\u2019ajuster le v\u00eatement au mieux. Trois hauteurs sont disponibles pour la [&hellip;]<\/p>\n","protected":false},"featured_media":2456,"template":"","meta":{"_et_pb_use_builder":"","_et_pb_old_content":"","_et_gb_content_width":"","spay_email":""},"product_cat":[51,36,50],"product_tag":[],"yoast_head":"<!-- This site is optimized with the Yoast SEO plugin v18.2 - https:\/\/yoast.com\/wordpress\/plugins\/seo\/ -->\n<title>Ceinture abdominale Digibelt\u00ae - Euromi<\/title>\n<meta name=\"description\" content=\"La ceinture DIGIBELT\u00ae offre le soutien n\u00e9cessaire \u00e0 la paroi abdominale apr\u00e8s une op\u00e9ration ou un accouchement.\" \/>\n<meta name=\"robots\" content=\"index, follow, max-snippet:-1, max-image-preview:large, max-video-preview:-1\" \/>\n<link rel=\"canonical\" href=\"https:\/\/www.euromi.com\/fr\/p\/ceinture-digibelt\/\" \/>\n<meta property=\"og:locale\" content=\"fr_FR\" \/>\n<meta property=\"og:type\" content=\"article\" \/>\n<meta property=\"og:title\" content=\"Ceinture abdominale Digibelt\u00ae - Euromi\" \/>\n<meta property=\"og:description\" content=\"La ceinture DIGIBELT\u00ae offre le soutien n\u00e9cessaire \u00e0 la paroi abdominale apr\u00e8s une op\u00e9ration ou un accouchement.\" \/>\n<meta property=\"og:url\" content=\"https:\/\/www.euromi.com\/fr\/p\/ceinture-digibelt\/\" \/>\n<meta property=\"og:site_name\" content=\"Euromi\" \/>\n<meta property=\"article:modified_time\" content=\"2022-01-25T11:17:16+00:00\" \/>\n<meta property=\"og:image\" content=\"https:\/\/www.euromi.com\/wp-content\/uploads\/2022\/01\/Digibelt-1.jpg\" \/>\n\t<meta property=\"og:image:width\" content=\"980\" \/>\n\t<meta property=\"og:image:height\" content=\"1401\" \/>\n\t<meta property=\"og:image:type\" content=\"image\/jpeg\" \/>\n<meta name=\"twitter:card\" content=\"summary_large_image\" \/>\n<script type=\"application\/ld+json\" class=\"yoast-schema-graph\">{\"@context\":\"https:\/\/schema.org\",\"@graph\":[{\"@type\":\"Organization\",\"@id\":\"https:\/\/www.euromi.com\/fr\/#organization\",\"name\":\"Euromi\",\"url\":\"https:\/\/www.euromi.com\/fr\/\",\"sameAs\":[],\"logo\":{\"@type\":\"ImageObject\",\"@id\":\"https:\/\/www.euromi.com\/fr\/#logo\",\"inLanguage\":\"fr-FR\",\"url\":\"https:\/\/www.euromi.com\/wp-content\/uploads\/2021\/10\/cropped-favicon.jpg\",\"contentUrl\":\"https:\/\/www.euromi.com\/wp-content\/uploads\/2021\/10\/cropped-favicon.jpg\",\"width\":512,\"height\":512,\"caption\":\"Euromi\"},\"image\":{\"@id\":\"https:\/\/www.euromi.com\/fr\/#logo\"}},{\"@type\":\"WebSite\",\"@id\":\"https:\/\/www.euromi.com\/fr\/#website\",\"url\":\"https:\/\/www.euromi.com\/fr\/\",\"name\":\"Euromi\",\"description\":\"Fabricant de Mat\u00e9riel M\u00e9dical\",\"publisher\":{\"@id\":\"https:\/\/www.euromi.com\/fr\/#organization\"},\"potentialAction\":[{\"@type\":\"SearchAction\",\"target\":{\"@type\":\"EntryPoint\",\"urlTemplate\":\"https:\/\/www.euromi.com\/fr\/?s={search_term_string}\"},\"query-input\":\"required name=search_term_string\"}],\"inLanguage\":\"fr-FR\"},{\"@type\":\"ImageObject\",\"@id\":\"https:\/\/www.euromi.com\/fr\/p\/ceinture-digibelt\/#primaryimage\",\"inLanguage\":\"fr-FR\",\"url\":\"https:\/\/www.euromi.com\/wp-content\/uploads\/2022\/01\/Digibelt-1.jpg\",\"contentUrl\":\"https:\/\/www.euromi.com\/wp-content\/uploads\/2022\/01\/Digibelt-1.jpg\",\"width\":980,\"height\":1401},{\"@type\":\"WebPage\",\"@id\":\"https:\/\/www.euromi.com\/fr\/p\/ceinture-digibelt\/#webpage\",\"url\":\"https:\/\/www.euromi.com\/fr\/p\/ceinture-digibelt\/\",\"name\":\"Ceinture abdominale Digibelt\u00ae - Euromi\",\"isPartOf\":{\"@id\":\"https:\/\/www.euromi.com\/fr\/#website\"},\"primaryImageOfPage\":{\"@id\":\"https:\/\/www.euromi.com\/fr\/p\/ceinture-digibelt\/#primaryimage\"},\"datePublished\":\"2022-01-11T14:47:03+00:00\",\"dateModified\":\"2022-01-25T11:17:16+00:00\",\"description\":\"La ceinture DIGIBELT\u00ae offre le soutien n\u00e9cessaire \u00e0 la paroi abdominale apr\u00e8s une op\u00e9ration ou un accouchement.\",\"breadcrumb\":{\"@id\":\"https:\/\/www.euromi.com\/fr\/p\/ceinture-digibelt\/#breadcrumb\"},\"inLanguage\":\"fr-FR\",\"potentialAction\":[{\"@type\":\"ReadAction\",\"target\":[\"https:\/\/www.euromi.com\/fr\/p\/ceinture-digibelt\/\"]}]},{\"@type\":\"BreadcrumbList\",\"@id\":\"https:\/\/www.euromi.com\/fr\/p\/ceinture-digibelt\/#breadcrumb\",\"itemListElement\":[{\"@type\":\"ListItem\",\"position\":1,\"name\":\"Accueil\",\"item\":\"https:\/\/www.euromi.com\/fr\/\"},{\"@type\":\"ListItem\",\"position\":2,\"name\":\"Boutique\",\"item\":\"https:\/\/www.euromi.com\/fr\/boutique\/\"},{\"@type\":\"ListItem\",\"position\":3,\"name\":\"V\u00eatements et pansements\",\"item\":\"https:\/\/www.euromi.com\/fr\/catp\/vetements-chirurgicaux-et-pansements\/\"},{\"@type\":\"ListItem\",\"position\":4,\"name\":\"V\u00eatements compressifs\",\"item\":\"https:\/\/www.euromi.com\/fr\/catp\/vetements-chirurgicaux-et-pansements\/vetements-compressifs\/\"},{\"@type\":\"ListItem\",\"position\":5,\"name\":\"Chirurgie digestive\",\"item\":\"https:\/\/www.euromi.com\/fr\/catp\/vetements-chirurgicaux-et-pansements\/vetements-compressifs\/chirurgie-digestive\/\"},{\"@type\":\"ListItem\",\"position\":6,\"name\":\"Digibelt\u00ae\"}]}]}<\/script>\n<!-- \/ Yoast SEO plugin. -->","yoast_head_json":{"title":"Ceinture abdominale Digibelt\u00ae - Euromi","description":"La ceinture DIGIBELT\u00ae offre le soutien n\u00e9cessaire \u00e0 la paroi abdominale apr\u00e8s une op\u00e9ration ou un accouchement.","robots":{"index":"index","follow":"follow","max-snippet":"max-snippet:-1","max-image-preview":"max-image-preview:large","max-video-preview":"max-video-preview:-1"},"canonical":"https:\/\/www.euromi.com\/fr\/p\/ceinture-digibelt\/","og_locale":"fr_FR","og_type":"article","og_title":"Ceinture abdominale Digibelt\u00ae - Euromi","og_description":"La ceinture DIGIBELT\u00ae offre le soutien n\u00e9cessaire \u00e0 la paroi abdominale apr\u00e8s une op\u00e9ration ou un accouchement.","og_url":"https:\/\/www.euromi.com\/fr\/p\/ceinture-digibelt\/","og_site_name":"Euromi","article_modified_time":"2022-01-25T11:17:16+00:00","og_image":[{"width":980,"height":1401,"url":"https:\/\/www.euromi.com\/wp-content\/uploads\/2022\/01\/Digibelt-1.jpg","type":"image\/jpeg"}],"twitter_card":"summary_large_image","schema":{"@context":"https:\/\/schema.org","@graph":[{"@type":"Organization","@id":"https:\/\/www.euromi.com\/fr\/#organization","name":"Euromi","url":"https:\/\/www.euromi.com\/fr\/","sameAs":[],"logo":{"@type":"ImageObject","@id":"https:\/\/www.euromi.com\/fr\/#logo","inLanguage":"fr-FR","url":"https:\/\/www.euromi.com\/wp-content\/uploads\/2021\/10\/cropped-favicon.jpg","contentUrl":"https:\/\/www.euromi.com\/wp-content\/uploads\/2021\/10\/cropped-favicon.jpg","width":512,"height":512,"caption":"Euromi"},"image":{"@id":"https:\/\/www.euromi.com\/fr\/#logo"}},{"@type":"WebSite","@id":"https:\/\/www.euromi.com\/fr\/#website","url":"https:\/\/www.euromi.com\/fr\/","name":"Euromi","description":"Fabricant de Mat\u00e9riel M\u00e9dical","publisher":{"@id":"https:\/\/www.euromi.com\/fr\/#organization"},"potentialAction":[{"@type":"SearchAction","target":{"@type":"EntryPoint","urlTemplate":"https:\/\/www.euromi.com\/fr\/?s={search_term_string}"},"query-input":"required name=search_term_string"}],"inLanguage":"fr-FR"},{"@type":"ImageObject","@id":"https:\/\/www.euromi.com\/fr\/p\/ceinture-digibelt\/#primaryimage","inLanguage":"fr-FR","url":"https:\/\/www.euromi.com\/wp-content\/uploads\/2022\/01\/Digibelt-1.jpg","contentUrl":"https:\/\/www.euromi.com\/wp-content\/uploads\/2022\/01\/Digibelt-1.jpg","width":980,"height":1401},{"@type":"WebPage","@id":"https:\/\/www.euromi.com\/fr\/p\/ceinture-digibelt\/#webpage","url":"https:\/\/www.euromi.com\/fr\/p\/ceinture-digibelt\/","name":"Ceinture abdominale Digibelt\u00ae - Euromi","isPartOf":{"@id":"https:\/\/www.euromi.com\/fr\/#website"},"primaryImageOfPage":{"@id":"https:\/\/www.euromi.com\/fr\/p\/ceinture-digibelt\/#primaryimage"},"datePublished":"2022-01-11T14:47:03+00:00","dateModified":"2022-01-25T11:17:16+00:00","description":"La ceinture DIGIBELT\u00ae offre le soutien n\u00e9cessaire \u00e0 la paroi abdominale apr\u00e8s une op\u00e9ration ou un accouchement.","breadcrumb":{"@id":"https:\/\/www.euromi.com\/fr\/p\/ceinture-digibelt\/#breadcrumb"},"inLanguage":"fr-FR","potentialAction":[{"@type":"ReadAction","target":["https:\/\/www.euromi.com\/fr\/p\/ceinture-digibelt\/"]}]},{"@type":"BreadcrumbList","@id":"https:\/\/www.euromi.com\/fr\/p\/ceinture-digibelt\/#breadcrumb","itemListElement":[{"@type":"ListItem","position":1,"name":"Accueil","item":"https:\/\/www.euromi.com\/fr\/"},{"@type":"ListItem","position":2,"name":"Boutique","item":"https:\/\/www.euromi.com\/fr\/boutique\/"},{"@type":"ListItem","position":3,"name":"V\u00eatements et pansements","item":"https:\/\/www.euromi.com\/fr\/catp\/vetements-chirurgicaux-et-pansements\/"},{"@type":"ListItem","position":4,"name":"V\u00eatements compressifs","item":"https:\/\/www.euromi.com\/fr\/catp\/vetements-chirurgicaux-et-pansements\/vetements-compressifs\/"},{"@type":"ListItem","position":5,"name":"Chirurgie digestive","item":"https:\/\/www.euromi.com\/fr\/catp\/vetements-chirurgicaux-et-pansements\/vetements-compressifs\/chirurgie-digestive\/"},{"@type":"ListItem","position":6,"name":"Digibelt\u00ae"}]}]}},"jetpack-related-posts":[],"_links":{"self":[{"href":"https:\/\/www.euromi.com\/fr\/wp-json\/wp\/v2\/product\/1706"}],"collection":[{"href":"https:\/\/www.euromi.com\/fr\/wp-json\/wp\/v2\/product"}],"about":[{"href":"https:\/\/www.euromi.com\/fr\/wp-json\/wp\/v2\/types\/product"}],"wp:featuredmedia":[{"embeddable":true,"href":"https:\/\/www.euromi.com\/fr\/wp-json\/wp\/v2\/media\/2456"}],"wp:attachment":[{"href":"https:\/\/www.euromi.com\/fr\/wp-json\/wp\/v2\/media?parent=1706"}],"wp:term":[{"taxonomy":"product_cat","embeddable":true,"href":"https:\/\/www.euromi.com\/fr\/wp-json\/wp\/v2\/product_cat?post=1706"},{"taxonomy":"product_tag","embeddable":true,"href":"https:\/\/www.euromi.com\/fr\/wp-json\/wp\/v2\/product_tag?post=1706"}],"curies":[{"name":"wp","href":"https:\/\/api.w.org\/{rel}","templated":true}]}}