{"id":1692,"date":"2022-01-11T14:43:51","date_gmt":"2022-01-11T13:43:51","guid":{"rendered":"https:\/\/www.euromi.com\/?post_type=product&#038;p=1692"},"modified":"2025-01-23T14:20:14","modified_gmt":"2025-01-23T13:20:14","slug":"ceinture-haute-esthetique-ouverture-laterale","status":"publish","type":"product","link":"https:\/\/www.euromi.com\/fr\/p\/ceinture-haute-esthetique-ouverture-laterale\/","title":{"rendered":"Ceinture haute avec ouverture lat\u00e9rale"},"content":{"rendered":"<p>La <strong>ceinture haute avec ouverture lat\u00e9rale <\/strong>est prescrite suite \u00e0 une <strong>liposuccion du ventre et des hanches<\/strong> pour offrir le maintien appropri\u00e9.<\/p>\n<p>Son <strong>triple agrafage lat\u00e9ral<\/strong> sur toute la hauteur de la ceinture, et de chaque c\u00f4t\u00e9, permet une mise en place facilit\u00e9e et un ajustement pr\u00e9cis.<\/p>\n<p>&nbsp;<\/p>\n<p>Elle est propos\u00e9e en mod\u00e8le femme et en mod\u00e8le homme avec entrejambe adapt\u00e9.<\/p>\n<p><em>\u00a0<\/em><\/p>\n<p><em>Ne pas utiliser sur plaie ouverte, ni en cas de phl\u00e9bite.<\/em><\/p>\n<p><em>\u00a0<\/em><\/p>\n<p>Si vos mesures ne correspondent pas \u00e0 celles figurant dans le guide des tailles ci-contre, merci de nous contacter.<\/p>\n<p>&nbsp;<\/p>\n","protected":false},"excerpt":{"rendered":"<p>La ceinture haute avec ouverture lat\u00e9rale est prescrite suite \u00e0 une liposuccion du ventre et des hanches pour offrir le maintien appropri\u00e9. Son triple agrafage lat\u00e9ral sur toute la hauteur de la ceinture, et de chaque c\u00f4t\u00e9, permet une mise en place facilit\u00e9e et un ajustement pr\u00e9cis. &nbsp; Elle est propos\u00e9e en mod\u00e8le femme et [&hellip;]<\/p>\n","protected":false},"featured_media":1693,"template":"","meta":{"_et_pb_use_builder":"","_et_pb_old_content":"","_et_gb_content_width":"","spay_email":""},"product_cat":[40,49],"product_tag":[90,92],"yoast_head":"<!-- This site is optimized with the Yoast SEO plugin v18.2 - https:\/\/yoast.com\/wordpress\/plugins\/seo\/ -->\n<title>Homme - Femme - Ceinture haute avec ouverture lat\u00e9rale - Euromi<\/title>\n<meta name=\"description\" content=\"La ceinture haute avec ouverture lat\u00e9rale est prescrite suite \u00e0 une liposuccion du ventre et des hanches pour offrir le maintien appropri\u00e9.\" \/>\n<meta name=\"robots\" content=\"index, follow, max-snippet:-1, max-image-preview:large, max-video-preview:-1\" \/>\n<link rel=\"canonical\" href=\"https:\/\/www.euromi.com\/fr\/p\/ceinture-haute-esthetique-ouverture-laterale\/\" \/>\n<meta property=\"og:locale\" content=\"fr_FR\" \/>\n<meta property=\"og:type\" content=\"article\" \/>\n<meta property=\"og:title\" content=\"Homme - Femme - Ceinture haute avec ouverture lat\u00e9rale - Euromi\" \/>\n<meta property=\"og:description\" content=\"La ceinture haute avec ouverture lat\u00e9rale est prescrite suite \u00e0 une liposuccion du ventre et des hanches pour offrir le maintien appropri\u00e9.\" \/>\n<meta property=\"og:url\" content=\"https:\/\/www.euromi.com\/fr\/p\/ceinture-haute-esthetique-ouverture-laterale\/\" \/>\n<meta property=\"og:site_name\" content=\"Euromi\" \/>\n<meta property=\"article:modified_time\" content=\"2025-01-23T13:20:14+00:00\" \/>\n<meta property=\"og:image\" content=\"https:\/\/www.euromi.com\/wp-content\/uploads\/2022\/01\/CEINTURE-haute-ouv-laterale.femme_.jpg\" \/>\n\t<meta property=\"og:image:width\" content=\"980\" \/>\n\t<meta property=\"og:image:height\" content=\"1401\" \/>\n\t<meta property=\"og:image:type\" content=\"image\/jpeg\" \/>\n<meta name=\"twitter:card\" content=\"summary_large_image\" \/>\n<script type=\"application\/ld+json\" class=\"yoast-schema-graph\">{\"@context\":\"https:\/\/schema.org\",\"@graph\":[{\"@type\":\"Organization\",\"@id\":\"https:\/\/www.euromi.com\/fr\/#organization\",\"name\":\"Euromi\",\"url\":\"https:\/\/www.euromi.com\/fr\/\",\"sameAs\":[],\"logo\":{\"@type\":\"ImageObject\",\"@id\":\"https:\/\/www.euromi.com\/fr\/#logo\",\"inLanguage\":\"fr-FR\",\"url\":\"https:\/\/www.euromi.com\/wp-content\/uploads\/2021\/10\/cropped-favicon.jpg\",\"contentUrl\":\"https:\/\/www.euromi.com\/wp-content\/uploads\/2021\/10\/cropped-favicon.jpg\",\"width\":512,\"height\":512,\"caption\":\"Euromi\"},\"image\":{\"@id\":\"https:\/\/www.euromi.com\/fr\/#logo\"}},{\"@type\":\"WebSite\",\"@id\":\"https:\/\/www.euromi.com\/fr\/#website\",\"url\":\"https:\/\/www.euromi.com\/fr\/\",\"name\":\"Euromi\",\"description\":\"Fabricant de Mat\u00e9riel M\u00e9dical\",\"publisher\":{\"@id\":\"https:\/\/www.euromi.com\/fr\/#organization\"},\"potentialAction\":[{\"@type\":\"SearchAction\",\"target\":{\"@type\":\"EntryPoint\",\"urlTemplate\":\"https:\/\/www.euromi.com\/fr\/?s={search_term_string}\"},\"query-input\":\"required name=search_term_string\"}],\"inLanguage\":\"fr-FR\"},{\"@type\":\"ImageObject\",\"@id\":\"https:\/\/www.euromi.com\/fr\/p\/ceinture-haute-esthetique-ouverture-laterale\/#primaryimage\",\"inLanguage\":\"fr-FR\",\"url\":\"https:\/\/www.euromi.com\/wp-content\/uploads\/2022\/01\/CEINTURE-haute-ouv-laterale.femme_.jpg\",\"contentUrl\":\"https:\/\/www.euromi.com\/wp-content\/uploads\/2022\/01\/CEINTURE-haute-ouv-laterale.femme_.jpg\",\"width\":980,\"height\":1401,\"caption\":\"Ceinture haute\"},{\"@type\":\"WebPage\",\"@id\":\"https:\/\/www.euromi.com\/fr\/p\/ceinture-haute-esthetique-ouverture-laterale\/#webpage\",\"url\":\"https:\/\/www.euromi.com\/fr\/p\/ceinture-haute-esthetique-ouverture-laterale\/\",\"name\":\"Homme - Femme - Ceinture haute avec ouverture lat\u00e9rale - Euromi\",\"isPartOf\":{\"@id\":\"https:\/\/www.euromi.com\/fr\/#website\"},\"primaryImageOfPage\":{\"@id\":\"https:\/\/www.euromi.com\/fr\/p\/ceinture-haute-esthetique-ouverture-laterale\/#primaryimage\"},\"datePublished\":\"2022-01-11T13:43:51+00:00\",\"dateModified\":\"2025-01-23T13:20:14+00:00\",\"description\":\"La ceinture haute avec ouverture lat\u00e9rale est prescrite suite \u00e0 une liposuccion du ventre et des hanches pour offrir le maintien appropri\u00e9.\",\"breadcrumb\":{\"@id\":\"https:\/\/www.euromi.com\/fr\/p\/ceinture-haute-esthetique-ouverture-laterale\/#breadcrumb\"},\"inLanguage\":\"fr-FR\",\"potentialAction\":[{\"@type\":\"ReadAction\",\"target\":[\"https:\/\/www.euromi.com\/fr\/p\/ceinture-haute-esthetique-ouverture-laterale\/\"]}]},{\"@type\":\"BreadcrumbList\",\"@id\":\"https:\/\/www.euromi.com\/fr\/p\/ceinture-haute-esthetique-ouverture-laterale\/#breadcrumb\",\"itemListElement\":[{\"@type\":\"ListItem\",\"position\":1,\"name\":\"Accueil\",\"item\":\"https:\/\/www.euromi.com\/fr\/\"},{\"@type\":\"ListItem\",\"position\":2,\"name\":\"Boutique\",\"item\":\"https:\/\/www.euromi.com\/fr\/boutique\/\"},{\"@type\":\"ListItem\",\"position\":3,\"name\":\"V\u00eatements et pansements\",\"item\":\"https:\/\/www.euromi.com\/fr\/catp\/vetements-chirurgicaux-et-pansements\/\"},{\"@type\":\"ListItem\",\"position\":4,\"name\":\"V\u00eatements compressifs\",\"item\":\"https:\/\/www.euromi.com\/fr\/catp\/vetements-chirurgicaux-et-pansements\/vetements-compressifs\/\"},{\"@type\":\"ListItem\",\"position\":5,\"name\":\"Chirurgie esth\u00e9tique et plastique\",\"item\":\"https:\/\/www.euromi.com\/fr\/catp\/vetements-chirurgicaux-et-pansements\/vetements-compressifs\/vetement-chirurgie-esthetique-et-plastique\/\"},{\"@type\":\"ListItem\",\"position\":6,\"name\":\"Ceintures\",\"item\":\"https:\/\/www.euromi.com\/fr\/catp\/vetements-chirurgicaux-et-pansements\/vetements-compressifs\/vetement-chirurgie-esthetique-et-plastique\/ceintures\/\"},{\"@type\":\"ListItem\",\"position\":7,\"name\":\"Ceinture haute avec ouverture lat\u00e9rale\"}]}]}<\/script>\n<!-- \/ Yoast SEO plugin. -->","yoast_head_json":{"title":"Homme - Femme - Ceinture haute avec ouverture lat\u00e9rale - Euromi","description":"La ceinture haute avec ouverture lat\u00e9rale est prescrite suite \u00e0 une liposuccion du ventre et des hanches pour offrir le maintien appropri\u00e9.","robots":{"index":"index","follow":"follow","max-snippet":"max-snippet:-1","max-image-preview":"max-image-preview:large","max-video-preview":"max-video-preview:-1"},"canonical":"https:\/\/www.euromi.com\/fr\/p\/ceinture-haute-esthetique-ouverture-laterale\/","og_locale":"fr_FR","og_type":"article","og_title":"Homme - Femme - Ceinture haute avec ouverture lat\u00e9rale - Euromi","og_description":"La ceinture haute avec ouverture lat\u00e9rale est prescrite suite \u00e0 une liposuccion du ventre et des hanches pour offrir le maintien appropri\u00e9.","og_url":"https:\/\/www.euromi.com\/fr\/p\/ceinture-haute-esthetique-ouverture-laterale\/","og_site_name":"Euromi","article_modified_time":"2025-01-23T13:20:14+00:00","og_image":[{"width":980,"height":1401,"url":"https:\/\/www.euromi.com\/wp-content\/uploads\/2022\/01\/CEINTURE-haute-ouv-laterale.femme_.jpg","type":"image\/jpeg"}],"twitter_card":"summary_large_image","schema":{"@context":"https:\/\/schema.org","@graph":[{"@type":"Organization","@id":"https:\/\/www.euromi.com\/fr\/#organization","name":"Euromi","url":"https:\/\/www.euromi.com\/fr\/","sameAs":[],"logo":{"@type":"ImageObject","@id":"https:\/\/www.euromi.com\/fr\/#logo","inLanguage":"fr-FR","url":"https:\/\/www.euromi.com\/wp-content\/uploads\/2021\/10\/cropped-favicon.jpg","contentUrl":"https:\/\/www.euromi.com\/wp-content\/uploads\/2021\/10\/cropped-favicon.jpg","width":512,"height":512,"caption":"Euromi"},"image":{"@id":"https:\/\/www.euromi.com\/fr\/#logo"}},{"@type":"WebSite","@id":"https:\/\/www.euromi.com\/fr\/#website","url":"https:\/\/www.euromi.com\/fr\/","name":"Euromi","description":"Fabricant de Mat\u00e9riel M\u00e9dical","publisher":{"@id":"https:\/\/www.euromi.com\/fr\/#organization"},"potentialAction":[{"@type":"SearchAction","target":{"@type":"EntryPoint","urlTemplate":"https:\/\/www.euromi.com\/fr\/?s={search_term_string}"},"query-input":"required name=search_term_string"}],"inLanguage":"fr-FR"},{"@type":"ImageObject","@id":"https:\/\/www.euromi.com\/fr\/p\/ceinture-haute-esthetique-ouverture-laterale\/#primaryimage","inLanguage":"fr-FR","url":"https:\/\/www.euromi.com\/wp-content\/uploads\/2022\/01\/CEINTURE-haute-ouv-laterale.femme_.jpg","contentUrl":"https:\/\/www.euromi.com\/wp-content\/uploads\/2022\/01\/CEINTURE-haute-ouv-laterale.femme_.jpg","width":980,"height":1401,"caption":"Ceinture haute"},{"@type":"WebPage","@id":"https:\/\/www.euromi.com\/fr\/p\/ceinture-haute-esthetique-ouverture-laterale\/#webpage","url":"https:\/\/www.euromi.com\/fr\/p\/ceinture-haute-esthetique-ouverture-laterale\/","name":"Homme - Femme - Ceinture haute avec ouverture lat\u00e9rale - Euromi","isPartOf":{"@id":"https:\/\/www.euromi.com\/fr\/#website"},"primaryImageOfPage":{"@id":"https:\/\/www.euromi.com\/fr\/p\/ceinture-haute-esthetique-ouverture-laterale\/#primaryimage"},"datePublished":"2022-01-11T13:43:51+00:00","dateModified":"2025-01-23T13:20:14+00:00","description":"La ceinture haute avec ouverture lat\u00e9rale est prescrite suite \u00e0 une liposuccion du ventre et des hanches pour offrir le maintien appropri\u00e9.","breadcrumb":{"@id":"https:\/\/www.euromi.com\/fr\/p\/ceinture-haute-esthetique-ouverture-laterale\/#breadcrumb"},"inLanguage":"fr-FR","potentialAction":[{"@type":"ReadAction","target":["https:\/\/www.euromi.com\/fr\/p\/ceinture-haute-esthetique-ouverture-laterale\/"]}]},{"@type":"BreadcrumbList","@id":"https:\/\/www.euromi.com\/fr\/p\/ceinture-haute-esthetique-ouverture-laterale\/#breadcrumb","itemListElement":[{"@type":"ListItem","position":1,"name":"Accueil","item":"https:\/\/www.euromi.com\/fr\/"},{"@type":"ListItem","position":2,"name":"Boutique","item":"https:\/\/www.euromi.com\/fr\/boutique\/"},{"@type":"ListItem","position":3,"name":"V\u00eatements et pansements","item":"https:\/\/www.euromi.com\/fr\/catp\/vetements-chirurgicaux-et-pansements\/"},{"@type":"ListItem","position":4,"name":"V\u00eatements compressifs","item":"https:\/\/www.euromi.com\/fr\/catp\/vetements-chirurgicaux-et-pansements\/vetements-compressifs\/"},{"@type":"ListItem","position":5,"name":"Chirurgie esth\u00e9tique et plastique","item":"https:\/\/www.euromi.com\/fr\/catp\/vetements-chirurgicaux-et-pansements\/vetements-compressifs\/vetement-chirurgie-esthetique-et-plastique\/"},{"@type":"ListItem","position":6,"name":"Ceintures","item":"https:\/\/www.euromi.com\/fr\/catp\/vetements-chirurgicaux-et-pansements\/vetements-compressifs\/vetement-chirurgie-esthetique-et-plastique\/ceintures\/"},{"@type":"ListItem","position":7,"name":"Ceinture haute avec ouverture lat\u00e9rale"}]}]}},"jetpack-related-posts":[{"id":1999,"url":"https:\/\/www.euromi.com\/fr\/p\/ceinture-basse-esthetique-avec-ouverture-centrale-2\/","url_meta":{"origin":1692,"position":0},"title":"Ceinture basse avec ouverture lat\u00e9rale","date":"14 janvier 2022","format":false,"excerpt":"La ceinture basse avec ouverture lat\u00e9rale permet de r\u00e9duire l\u2019\u0153d\u00e8me post-op\u00e9ratoire suite \u00e0 une liposuccion du bas-ventre et des hanches. La contention est r\u00e9gul\u00e9e et continue gr\u00e2ce \u00e0 son triple agrafage lat\u00e9ral sur toute la hauteur de la ceinture. \u00a0 Elle est propos\u00e9e en mod\u00e8le femme et en mod\u00e8le homme\u2026","rel":"","context":"Article similaire","img":{"alt_text":"","src":"https:\/\/i0.wp.com\/www.euromi.com\/wp-content\/uploads\/2022\/01\/CEINTURE-basse-ouv-laterale.femme_.jpg?resize=350%2C200&ssl=1","width":350,"height":200},"classes":[]},{"id":1939,"url":"https:\/\/www.euromi.com\/fr\/p\/ceinture-haute-esthetique-avec-ouverture-centrale\/","url_meta":{"origin":1692,"position":1},"title":"Ceinture haute avec ouverture centrale","date":"14 janvier 2022","format":false,"excerpt":"La ceinture haute avec ouverture centrale sera port\u00e9e apr\u00e8s une liposuccion des hanches et du ventre. Elle offre une contention sp\u00e9cialement adapt\u00e9e et r\u00e9partie de mani\u00e8re uniforme pour r\u00e9duire l\u2019\u0153d\u00e8me post-op\u00e9ratoire. Elle se positionne et s\u2019ajuste facilement gr\u00e2ce \u00e0 un triple agrafage central sur toute la hauteur. \u00a0 Elle est\u2026","rel":"","context":"Article similaire","img":{"alt_text":"","src":"https:\/\/i0.wp.com\/www.euromi.com\/wp-content\/uploads\/2022\/01\/CEINTURE-haute-ouv-centrale.femme_.jpg?resize=350%2C200&ssl=1","width":350,"height":200},"classes":[]},{"id":1994,"url":"https:\/\/www.euromi.com\/fr\/p\/ceinture-basse-esthetique-avec-ouverture-centrale\/","url_meta":{"origin":1692,"position":2},"title":"Ceinture basse avec ouverture centrale","date":"14 janvier 2022","format":false,"excerpt":"La ceinture basse avec ouverture centrale est indiqu\u00e9e apr\u00e8s une liposuccion des hanches et du bas-ventre. Elle permet de r\u00e9duire l\u2019\u0153d\u00e8me post-op\u00e9ratoire en offrant une contention adapt\u00e9e. Le triple agrafage sur toute la hauteur offre une facilit\u00e9 de mise en place et un ajustement pr\u00e9cis. \u00a0 Ne pas utiliser sur\u2026","rel":"","context":"Article similaire","img":{"alt_text":"","src":"https:\/\/i0.wp.com\/www.euromi.com\/wp-content\/uploads\/2022\/01\/CEINTURE-basse-ouv-centrale.femme_.jpg?resize=350%2C200&ssl=1","width":350,"height":200},"classes":[]},{"id":1867,"url":"https:\/\/www.euromi.com\/fr\/p\/panty-pieds-postoperatoire\/","url_meta":{"origin":1692,"position":3},"title":"Panty pieds","date":"13 janvier 2022","format":false,"excerpt":"Le panty pieds, haut ou bas, est prescrit apr\u00e8s une liposuccion des chevilles, mollets, genoux, cuisses, du bassin, des hanches et du ventre (bas-ventre pour le mod\u00e8le bas). Le panty permet de r\u00e9duire l\u2019\u0153d\u00e8me qui survient apr\u00e8s l\u2019intervention, d\u2019offrir le maintien n\u00e9cessaire, ainsi que d\u2019emp\u00eacher \u00e0 la peau d\u2019onduler. Le\u2026","rel":"","context":"Article similaire","img":{"alt_text":"Panty haut pied ouvert","src":"https:\/\/i0.wp.com\/www.euromi.com\/wp-content\/uploads\/2022\/01\/Panty-haud-pied-ouvert.png?resize=350%2C200&ssl=1","width":350,"height":200},"classes":[]},{"id":1998,"url":"https:\/\/www.euromi.com\/en\/p\/aesthetic-low-waist-binder-side-opening\/","url_meta":{"origin":1692,"position":4},"title":"Low-waist binder with side opening","date":"14 janvier 2022","format":false,"excerpt":"The low-waist binder with side opening reduces postoperative oedema following liposuction of the lower-belly and hips. Compression is regulated and continuous thanks to its triple lateral hook and eye over the entire height of the binder. \u00a0 It is available in a women's model and a men's model with an\u2026","rel":"","context":"Article similaire","img":{"alt_text":"","src":"https:\/\/i0.wp.com\/www.euromi.com\/wp-content\/uploads\/2022\/01\/CEINTURE-basse-ouv-laterale.femme_.jpg?resize=350%2C200&ssl=1","width":350,"height":200},"classes":[]},{"id":2028,"url":"https:\/\/www.euromi.com\/fr\/p\/bandeau-oreilles\/","url_meta":{"origin":1692,"position":5},"title":"Bandeau oreilles","date":"14 janvier 2022","format":false,"excerpt":"Le bandeau oreilles est un v\u00eatement compressif qu\u2019il est recommand\u00e9 de porter apr\u00e8s un remodelage du pavillon de l\u2019oreille, aussi appel\u00e9 otoplastie. De larges bandes auto-agrippantes permettent une contention appropri\u00e9e \u00e0 votre morphologie. De plus, notre bandeau oreilles est enti\u00e8rement doubl\u00e9 afin de ne pas marquer la peau. \u00a0 Deux\u2026","rel":"","context":"Article similaire","img":{"alt_text":"","src":"https:\/\/i0.wp.com\/www.euromi.com\/wp-content\/uploads\/2022\/01\/Visage-Bandeau-oreilles.jpg?resize=350%2C200&ssl=1","width":350,"height":200},"classes":[]}],"_links":{"self":[{"href":"https:\/\/www.euromi.com\/fr\/wp-json\/wp\/v2\/product\/1692"}],"collection":[{"href":"https:\/\/www.euromi.com\/fr\/wp-json\/wp\/v2\/product"}],"about":[{"href":"https:\/\/www.euromi.com\/fr\/wp-json\/wp\/v2\/types\/product"}],"wp:featuredmedia":[{"embeddable":true,"href":"https:\/\/www.euromi.com\/fr\/wp-json\/wp\/v2\/media\/1693"}],"wp:attachment":[{"href":"https:\/\/www.euromi.com\/fr\/wp-json\/wp\/v2\/media?parent=1692"}],"wp:term":[{"taxonomy":"product_cat","embeddable":true,"href":"https:\/\/www.euromi.com\/fr\/wp-json\/wp\/v2\/product_cat?post=1692"},{"taxonomy":"product_tag","embeddable":true,"href":"https:\/\/www.euromi.com\/fr\/wp-json\/wp\/v2\/product_tag?post=1692"}],"curies":[{"name":"wp","href":"https:\/\/api.w.org\/{rel}","templated":true}]}}