{"id":1680,"date":"2022-01-11T14:22:09","date_gmt":"2022-01-11T13:22:09","guid":{"rendered":"https:\/\/www.euromi.com\/?post_type=product&#038;p=1680"},"modified":"2025-01-23T15:02:49","modified_gmt":"2025-01-23T14:02:49","slug":"combine-court-post-operatoire","status":"publish","type":"product","link":"https:\/\/www.euromi.com\/fr\/p\/combine-court-post-operatoire\/","title":{"rendered":"Combin\u00e9 court"},"content":{"rendered":"<p>Le <strong>combin\u00e9 court<\/strong> est indiqu\u00e9 pour les suites op\u00e9ratoires d\u2019une liposuccion des cuisses, du bassin, des hanches, du ventre et des aisselles. Il va aider \u00e0 contenir l\u2019\u0153d\u00e8me post-op\u00e9ratoire et permettra \u00e0 la patiente de se sentir maintenue.<\/p>\n<p>Deux mod\u00e8les sont disponibles\u00a0: <strong>le combin\u00e9 femme<\/strong> qui comprend des bonnets en microfibre au niveau de la poitrine, et <strong>le combin\u00e9 homme<\/strong>.<\/p>\n<p><em>\u00a0<\/em><\/p>\n<p><em>Ne pas utiliser sur plaie ouverte, ni en cas de phl\u00e9bite.<\/em><\/p>\n<p><em>\u00a0<\/em><\/p>\n<p>Si vos mesures ne correspondent pas \u00e0 celles figurant dans le guide des tailles ci-contre, merci de nous contacter.<\/p>\n<p>&nbsp;<\/p>\n","protected":false},"excerpt":{"rendered":"<p>Le combin\u00e9 court est indiqu\u00e9 pour les suites op\u00e9ratoires d\u2019une liposuccion des cuisses, du bassin, des hanches, du ventre et des aisselles. Il va aider \u00e0 contenir l\u2019\u0153d\u00e8me post-op\u00e9ratoire et permettra \u00e0 la patiente de se sentir maintenue. Deux mod\u00e8les sont disponibles\u00a0: le combin\u00e9 femme qui comprend des bonnets en microfibre au niveau de la [&hellip;]<\/p>\n","protected":false},"featured_media":1683,"template":"","meta":{"_et_pb_use_builder":"","_et_pb_old_content":"","_et_gb_content_width":"","spay_email":""},"product_cat":[49,39],"product_tag":[90,92],"yoast_head":"<!-- This site is optimized with the Yoast SEO plugin v18.2 - https:\/\/yoast.com\/wordpress\/plugins\/seo\/ -->\n<title>Homme - Femme - Combin\u00e9 court - Euromi<\/title>\n<meta name=\"description\" content=\"Le combin\u00e9 court est indiqu\u00e9 pour les suites op\u00e9ratoires d\u2019une liposuccion des cuisses, du bassin, des hanches, du ventre et des aisselles. Il va aider \u00e0 contenir l\u2019\u0153d\u00e8me post-op\u00e9ratoire et permettra \u00e0 la patiente de se sentir maintenue.\" \/>\n<meta name=\"robots\" content=\"index, follow, max-snippet:-1, max-image-preview:large, max-video-preview:-1\" \/>\n<link rel=\"canonical\" href=\"https:\/\/www.euromi.com\/fr\/p\/combine-court-post-operatoire\/\" \/>\n<meta property=\"og:locale\" content=\"fr_FR\" \/>\n<meta property=\"og:type\" content=\"article\" \/>\n<meta property=\"og:title\" content=\"Homme - Femme - Combin\u00e9 court - Euromi\" \/>\n<meta property=\"og:description\" content=\"Le combin\u00e9 court est indiqu\u00e9 pour les suites op\u00e9ratoires d\u2019une liposuccion des cuisses, du bassin, des hanches, du ventre et des aisselles. Il va aider \u00e0 contenir l\u2019\u0153d\u00e8me post-op\u00e9ratoire et permettra \u00e0 la patiente de se sentir maintenue.\" \/>\n<meta property=\"og:url\" content=\"https:\/\/www.euromi.com\/fr\/p\/combine-court-post-operatoire\/\" \/>\n<meta property=\"og:site_name\" content=\"Euromi\" \/>\n<meta property=\"article:modified_time\" content=\"2025-01-23T14:02:49+00:00\" \/>\n<meta property=\"og:image\" content=\"https:\/\/www.euromi.com\/wp-content\/uploads\/2022\/01\/Combine-court.femme_.jpg\" \/>\n\t<meta property=\"og:image:width\" content=\"980\" \/>\n\t<meta property=\"og:image:height\" content=\"1401\" \/>\n\t<meta property=\"og:image:type\" content=\"image\/jpeg\" \/>\n<meta name=\"twitter:card\" content=\"summary_large_image\" \/>\n<script type=\"application\/ld+json\" class=\"yoast-schema-graph\">{\"@context\":\"https:\/\/schema.org\",\"@graph\":[{\"@type\":\"Organization\",\"@id\":\"https:\/\/www.euromi.com\/fr\/#organization\",\"name\":\"Euromi\",\"url\":\"https:\/\/www.euromi.com\/fr\/\",\"sameAs\":[],\"logo\":{\"@type\":\"ImageObject\",\"@id\":\"https:\/\/www.euromi.com\/fr\/#logo\",\"inLanguage\":\"fr-FR\",\"url\":\"https:\/\/www.euromi.com\/wp-content\/uploads\/2021\/10\/cropped-favicon.jpg\",\"contentUrl\":\"https:\/\/www.euromi.com\/wp-content\/uploads\/2021\/10\/cropped-favicon.jpg\",\"width\":512,\"height\":512,\"caption\":\"Euromi\"},\"image\":{\"@id\":\"https:\/\/www.euromi.com\/fr\/#logo\"}},{\"@type\":\"WebSite\",\"@id\":\"https:\/\/www.euromi.com\/fr\/#website\",\"url\":\"https:\/\/www.euromi.com\/fr\/\",\"name\":\"Euromi\",\"description\":\"Fabricant de Mat\u00e9riel M\u00e9dical\",\"publisher\":{\"@id\":\"https:\/\/www.euromi.com\/fr\/#organization\"},\"potentialAction\":[{\"@type\":\"SearchAction\",\"target\":{\"@type\":\"EntryPoint\",\"urlTemplate\":\"https:\/\/www.euromi.com\/fr\/?s={search_term_string}\"},\"query-input\":\"required name=search_term_string\"}],\"inLanguage\":\"fr-FR\"},{\"@type\":\"ImageObject\",\"@id\":\"https:\/\/www.euromi.com\/fr\/p\/combine-court-post-operatoire\/#primaryimage\",\"inLanguage\":\"fr-FR\",\"url\":\"https:\/\/www.euromi.com\/wp-content\/uploads\/2022\/01\/Combine-court.femme_.jpg\",\"contentUrl\":\"https:\/\/www.euromi.com\/wp-content\/uploads\/2022\/01\/Combine-court.femme_.jpg\",\"width\":980,\"height\":1401,\"caption\":\"Combin\u00e9 court\"},{\"@type\":\"WebPage\",\"@id\":\"https:\/\/www.euromi.com\/fr\/p\/combine-court-post-operatoire\/#webpage\",\"url\":\"https:\/\/www.euromi.com\/fr\/p\/combine-court-post-operatoire\/\",\"name\":\"Homme - Femme - Combin\u00e9 court - Euromi\",\"isPartOf\":{\"@id\":\"https:\/\/www.euromi.com\/fr\/#website\"},\"primaryImageOfPage\":{\"@id\":\"https:\/\/www.euromi.com\/fr\/p\/combine-court-post-operatoire\/#primaryimage\"},\"datePublished\":\"2022-01-11T13:22:09+00:00\",\"dateModified\":\"2025-01-23T14:02:49+00:00\",\"description\":\"Le combin\u00e9 court est indiqu\u00e9 pour les suites op\u00e9ratoires d\u2019une liposuccion des cuisses, du bassin, des hanches, du ventre et des aisselles. Il va aider \u00e0 contenir l\u2019\u0153d\u00e8me post-op\u00e9ratoire et permettra \u00e0 la patiente de se sentir maintenue.\",\"breadcrumb\":{\"@id\":\"https:\/\/www.euromi.com\/fr\/p\/combine-court-post-operatoire\/#breadcrumb\"},\"inLanguage\":\"fr-FR\",\"potentialAction\":[{\"@type\":\"ReadAction\",\"target\":[\"https:\/\/www.euromi.com\/fr\/p\/combine-court-post-operatoire\/\"]}]},{\"@type\":\"BreadcrumbList\",\"@id\":\"https:\/\/www.euromi.com\/fr\/p\/combine-court-post-operatoire\/#breadcrumb\",\"itemListElement\":[{\"@type\":\"ListItem\",\"position\":1,\"name\":\"Accueil\",\"item\":\"https:\/\/www.euromi.com\/fr\/\"},{\"@type\":\"ListItem\",\"position\":2,\"name\":\"Boutique\",\"item\":\"https:\/\/www.euromi.com\/fr\/boutique\/\"},{\"@type\":\"ListItem\",\"position\":3,\"name\":\"V\u00eatements et pansements\",\"item\":\"https:\/\/www.euromi.com\/fr\/catp\/vetements-chirurgicaux-et-pansements\/\"},{\"@type\":\"ListItem\",\"position\":4,\"name\":\"V\u00eatements compressifs\",\"item\":\"https:\/\/www.euromi.com\/fr\/catp\/vetements-chirurgicaux-et-pansements\/vetements-compressifs\/\"},{\"@type\":\"ListItem\",\"position\":5,\"name\":\"Chirurgie esth\u00e9tique et plastique\",\"item\":\"https:\/\/www.euromi.com\/fr\/catp\/vetements-chirurgicaux-et-pansements\/vetements-compressifs\/vetement-chirurgie-esthetique-et-plastique\/\"},{\"@type\":\"ListItem\",\"position\":6,\"name\":\"Combin\u00e9s\",\"item\":\"https:\/\/www.euromi.com\/fr\/catp\/vetements-chirurgicaux-et-pansements\/vetements-compressifs\/vetement-chirurgie-esthetique-et-plastique\/combines\/\"},{\"@type\":\"ListItem\",\"position\":7,\"name\":\"Combin\u00e9 court\"}]}]}<\/script>\n<!-- \/ Yoast SEO plugin. -->","yoast_head_json":{"title":"Homme - Femme - Combin\u00e9 court - Euromi","description":"Le combin\u00e9 court est indiqu\u00e9 pour les suites op\u00e9ratoires d\u2019une liposuccion des cuisses, du bassin, des hanches, du ventre et des aisselles. Il va aider \u00e0 contenir l\u2019\u0153d\u00e8me post-op\u00e9ratoire et permettra \u00e0 la patiente de se sentir maintenue.","robots":{"index":"index","follow":"follow","max-snippet":"max-snippet:-1","max-image-preview":"max-image-preview:large","max-video-preview":"max-video-preview:-1"},"canonical":"https:\/\/www.euromi.com\/fr\/p\/combine-court-post-operatoire\/","og_locale":"fr_FR","og_type":"article","og_title":"Homme - Femme - Combin\u00e9 court - Euromi","og_description":"Le combin\u00e9 court est indiqu\u00e9 pour les suites op\u00e9ratoires d\u2019une liposuccion des cuisses, du bassin, des hanches, du ventre et des aisselles. Il va aider \u00e0 contenir l\u2019\u0153d\u00e8me post-op\u00e9ratoire et permettra \u00e0 la patiente de se sentir maintenue.","og_url":"https:\/\/www.euromi.com\/fr\/p\/combine-court-post-operatoire\/","og_site_name":"Euromi","article_modified_time":"2025-01-23T14:02:49+00:00","og_image":[{"width":980,"height":1401,"url":"https:\/\/www.euromi.com\/wp-content\/uploads\/2022\/01\/Combine-court.femme_.jpg","type":"image\/jpeg"}],"twitter_card":"summary_large_image","schema":{"@context":"https:\/\/schema.org","@graph":[{"@type":"Organization","@id":"https:\/\/www.euromi.com\/fr\/#organization","name":"Euromi","url":"https:\/\/www.euromi.com\/fr\/","sameAs":[],"logo":{"@type":"ImageObject","@id":"https:\/\/www.euromi.com\/fr\/#logo","inLanguage":"fr-FR","url":"https:\/\/www.euromi.com\/wp-content\/uploads\/2021\/10\/cropped-favicon.jpg","contentUrl":"https:\/\/www.euromi.com\/wp-content\/uploads\/2021\/10\/cropped-favicon.jpg","width":512,"height":512,"caption":"Euromi"},"image":{"@id":"https:\/\/www.euromi.com\/fr\/#logo"}},{"@type":"WebSite","@id":"https:\/\/www.euromi.com\/fr\/#website","url":"https:\/\/www.euromi.com\/fr\/","name":"Euromi","description":"Fabricant de Mat\u00e9riel M\u00e9dical","publisher":{"@id":"https:\/\/www.euromi.com\/fr\/#organization"},"potentialAction":[{"@type":"SearchAction","target":{"@type":"EntryPoint","urlTemplate":"https:\/\/www.euromi.com\/fr\/?s={search_term_string}"},"query-input":"required name=search_term_string"}],"inLanguage":"fr-FR"},{"@type":"ImageObject","@id":"https:\/\/www.euromi.com\/fr\/p\/combine-court-post-operatoire\/#primaryimage","inLanguage":"fr-FR","url":"https:\/\/www.euromi.com\/wp-content\/uploads\/2022\/01\/Combine-court.femme_.jpg","contentUrl":"https:\/\/www.euromi.com\/wp-content\/uploads\/2022\/01\/Combine-court.femme_.jpg","width":980,"height":1401,"caption":"Combin\u00e9 court"},{"@type":"WebPage","@id":"https:\/\/www.euromi.com\/fr\/p\/combine-court-post-operatoire\/#webpage","url":"https:\/\/www.euromi.com\/fr\/p\/combine-court-post-operatoire\/","name":"Homme - Femme - Combin\u00e9 court - Euromi","isPartOf":{"@id":"https:\/\/www.euromi.com\/fr\/#website"},"primaryImageOfPage":{"@id":"https:\/\/www.euromi.com\/fr\/p\/combine-court-post-operatoire\/#primaryimage"},"datePublished":"2022-01-11T13:22:09+00:00","dateModified":"2025-01-23T14:02:49+00:00","description":"Le combin\u00e9 court est indiqu\u00e9 pour les suites op\u00e9ratoires d\u2019une liposuccion des cuisses, du bassin, des hanches, du ventre et des aisselles. Il va aider \u00e0 contenir l\u2019\u0153d\u00e8me post-op\u00e9ratoire et permettra \u00e0 la patiente de se sentir maintenue.","breadcrumb":{"@id":"https:\/\/www.euromi.com\/fr\/p\/combine-court-post-operatoire\/#breadcrumb"},"inLanguage":"fr-FR","potentialAction":[{"@type":"ReadAction","target":["https:\/\/www.euromi.com\/fr\/p\/combine-court-post-operatoire\/"]}]},{"@type":"BreadcrumbList","@id":"https:\/\/www.euromi.com\/fr\/p\/combine-court-post-operatoire\/#breadcrumb","itemListElement":[{"@type":"ListItem","position":1,"name":"Accueil","item":"https:\/\/www.euromi.com\/fr\/"},{"@type":"ListItem","position":2,"name":"Boutique","item":"https:\/\/www.euromi.com\/fr\/boutique\/"},{"@type":"ListItem","position":3,"name":"V\u00eatements et pansements","item":"https:\/\/www.euromi.com\/fr\/catp\/vetements-chirurgicaux-et-pansements\/"},{"@type":"ListItem","position":4,"name":"V\u00eatements compressifs","item":"https:\/\/www.euromi.com\/fr\/catp\/vetements-chirurgicaux-et-pansements\/vetements-compressifs\/"},{"@type":"ListItem","position":5,"name":"Chirurgie esth\u00e9tique et plastique","item":"https:\/\/www.euromi.com\/fr\/catp\/vetements-chirurgicaux-et-pansements\/vetements-compressifs\/vetement-chirurgie-esthetique-et-plastique\/"},{"@type":"ListItem","position":6,"name":"Combin\u00e9s","item":"https:\/\/www.euromi.com\/fr\/catp\/vetements-chirurgicaux-et-pansements\/vetements-compressifs\/vetement-chirurgie-esthetique-et-plastique\/combines\/"},{"@type":"ListItem","position":7,"name":"Combin\u00e9 court"}]}]}},"jetpack-related-posts":[{"id":1935,"url":"https:\/\/www.euromi.com\/fr\/p\/combine-post-operatoire-chevilles\/","url_meta":{"origin":1680,"position":0},"title":"Combin\u00e9 chevilles","date":"14 janvier 2022","format":false,"excerpt":"Le port du combin\u00e9 chevilles est recommand\u00e9 pour contenir l\u2019\u0153d\u00e8me post-op\u00e9ratoire d\u00fb au traumatisme caus\u00e9 par l\u2019introduction de canules de liposuccion (des mollets, genoux, cuisses, du bassin, des hanches, du ventre et des aisselles), ainsi que d\u2019apporter le maintien appropri\u00e9. La patte sous le pied du combin\u00e9 chevilles emp\u00eache ce\u2026","rel":"","context":"Article similaire","img":{"alt_text":"","src":"https:\/\/i0.wp.com\/www.euromi.com\/wp-content\/uploads\/2022\/01\/Combine-chevilles.femme_.jpg?resize=350%2C200&ssl=1","width":350,"height":200},"classes":[]},{"id":1921,"url":"https:\/\/www.euromi.com\/fr\/p\/combine-long-postoperatoire\/","url_meta":{"origin":1680,"position":1},"title":"Combin\u00e9 long","date":"14 janvier 2022","format":false,"excerpt":"Le combin\u00e9 long est port\u00e9 apr\u00e8s une liposuccion des genoux, cuisses, du bassin, des hanches, du ventre et des aisselles. Son but est de vous maintenir tout en diminuant l\u2019\u0153d\u00e8me post-op\u00e9ratoire. Le combin\u00e9 femme se distingue du combin\u00e9 homme par la pr\u00e9sence de bonnets en microfibre au niveau de la\u2026","rel":"","context":"Article similaire","img":{"alt_text":"","src":"https:\/\/i0.wp.com\/www.euromi.com\/wp-content\/uploads\/2022\/01\/Combine-long.femme_.jpg?resize=350%2C200&ssl=1","width":350,"height":200},"classes":[]},{"id":1842,"url":"https:\/\/www.euromi.com\/fr\/p\/pantys-court-post-operatoire\/","url_meta":{"origin":1680,"position":2},"title":"Panty court","date":"13 janvier 2022","format":false,"excerpt":"Le panty court (haut ou bas), permet de r\u00e9duire l'\u0153d\u00e8me post-op\u00e9ratoire suite \u00e0 une liposuccion des cuisses, du bassin, des hanches et du ventre (bas-ventre pour le mod\u00e8le bas), gr\u00e2ce \u00e0 la pression qu'il exerce sur le corps. Le panty pr\u00e9vient \u00e9galement du ph\u00e9nom\u00e8ne de \u00ab\u00a0vague\u00a0\u00bb qui peut survenir sur\u2026","rel":"","context":"Article similaire","img":{"alt_text":"Panty-Bas-court","src":"https:\/\/i0.wp.com\/www.euromi.com\/wp-content\/uploads\/2022\/01\/PANTYS-Panty-Bas-court.jpg?resize=350%2C200&ssl=1","width":350,"height":200},"classes":[]},{"id":1775,"url":"https:\/\/www.euromi.com\/fr\/p\/soutien-gorge-post-operatoire-sporlane\/","url_meta":{"origin":1680,"position":3},"title":"Sporlane\u00ae","date":"13 janvier 2022","format":false,"excerpt":"Le soutien-gorge Sporlane\u00ae est indiqu\u00e9 apr\u00e8s une augmentation mammaire, reconstruction mammaire ou encore r\u00e9duction mammaire. Ce soutien-gorge post-op\u00e9ratoire, r\u00e9alis\u00e9 dans un tissu compressif, permet en effet d\u2019exercer la contention n\u00e9cessaire, tout en assurant un confort durant la phase de convalescence. Le Sporlane\u00ae convient \u00e9galement pour le soutien universel des fortes\u2026","rel":"","context":"Article similaire","img":{"alt_text":"","src":"https:\/\/i0.wp.com\/www.euromi.com\/wp-content\/uploads\/2022\/01\/SOUTIEN-GORGE-SPORLANE.1.jpg?resize=350%2C200&ssl=1","width":350,"height":200},"classes":[]},{"id":1173,"url":"https:\/\/www.euromi.com\/fr\/p\/soutien-gorge-post-operatoire-cereneasy\/","url_meta":{"origin":1680,"position":4},"title":"Cereneasy\u00ae","date":"10 d\u00e9cembre 2021","format":false,"excerpt":"Le Cereneasy\u00ae est un soutien-gorge indiqu\u00e9 en p\u00e9riode post-op\u00e9ratoire. Il est en effet recommand\u00e9 de porter un soutien-gorge sp\u00e9cifique apr\u00e8s une augmentation mammaire, reconstruction mammaire ou encore r\u00e9duction mammaire. Ainsi, le soutien-gorge Cereneasy\u00ae permettra de contenir l\u2019oed\u00e8me post-op\u00e9ratoire. Vous pouvez \u00e9galement porter le Cereneasy\u00ae pour assurer un maintien plus important\u2026","rel":"","context":"Article similaire","img":{"alt_text":"cereneasy","src":"https:\/\/i0.wp.com\/www.euromi.com\/wp-content\/uploads\/2021\/12\/cereneasy.jpg?resize=350%2C200&ssl=1","width":350,"height":200},"classes":[]},{"id":1660,"url":"https:\/\/www.euromi.com\/fr\/p\/panty-lipofilling\/","url_meta":{"origin":1680,"position":5},"title":"Panty lipofilling","date":"30 d\u00e9cembre 2021","format":false,"excerpt":"Le panty lipofilling permet la contention de l'\u0153d\u00e8me post-op\u00e9ratoire suite \u00e0 un lipofilling des fesses. Il pr\u00e9vient \u00e9galement le ph\u00e9nom\u00e8ne de \"vagues\", d\u2019ondulation de la peau. Le taux de compression sp\u00e9cialement \u00e9tudi\u00e9 offre au patient une parfaite aisance et une totale mobilit\u00e9 tout en garantissant le maintien appropri\u00e9 aux suites\u2026","rel":"","context":"Article similaire","img":{"alt_text":"Pantys court","src":"https:\/\/i0.wp.com\/www.euromi.com\/wp-content\/uploads\/2021\/12\/PANTYS-lipofilling-court.jpg?resize=350%2C200&ssl=1","width":350,"height":200},"classes":[]}],"_links":{"self":[{"href":"https:\/\/www.euromi.com\/fr\/wp-json\/wp\/v2\/product\/1680"}],"collection":[{"href":"https:\/\/www.euromi.com\/fr\/wp-json\/wp\/v2\/product"}],"about":[{"href":"https:\/\/www.euromi.com\/fr\/wp-json\/wp\/v2\/types\/product"}],"wp:featuredmedia":[{"embeddable":true,"href":"https:\/\/www.euromi.com\/fr\/wp-json\/wp\/v2\/media\/1683"}],"wp:attachment":[{"href":"https:\/\/www.euromi.com\/fr\/wp-json\/wp\/v2\/media?parent=1680"}],"wp:term":[{"taxonomy":"product_cat","embeddable":true,"href":"https:\/\/www.euromi.com\/fr\/wp-json\/wp\/v2\/product_cat?post=1680"},{"taxonomy":"product_tag","embeddable":true,"href":"https:\/\/www.euromi.com\/fr\/wp-json\/wp\/v2\/product_tag?post=1680"}],"curies":[{"name":"wp","href":"https:\/\/api.w.org\/{rel}","templated":true}]}}