{"id":1632,"date":"2021-12-30T16:02:16","date_gmt":"2021-12-30T15:02:16","guid":{"rendered":"https:\/\/www.euromi.com\/?post_type=product&#038;p=1632"},"modified":"2025-01-23T10:05:41","modified_gmt":"2025-01-23T09:05:41","slug":"cerederm-adhesif","status":"publish","type":"product","link":"https:\/\/www.euromi.com\/fr\/p\/cerederm-adhesif\/","title":{"rendered":"Cerederm\u00ae Adh\u00e9sif"},"content":{"rendered":"<p><strong><u>10 unit\u00e9s par bo\u00eete (sauf Lipostick \u2013 30 unit\u00e9s \/ bo\u00eete)<\/u><\/strong><\/p>\n<p>Transparent et simple d&#8217;utilisation, <strong>Cerederm\u00ae<\/strong> est un <strong>pansement silicon\u00e9 auto-adh\u00e9sif<\/strong> pour le traitement et la pr\u00e9vention des<strong> cicatrices hypertrophiques<\/strong> (\u00e9tendues, de couleur rouge) et <strong>ch\u00e9lo\u00efdes<\/strong> (bourrelet fibreux ferme et \u00e9pais).<\/p>\n<p>Le <strong>gel de silicone<\/strong> soulage des d\u00e9mangeaisons, assouplit la cicatrice et en att\u00e9nue la rougeur. La silicone de grade m\u00e9dical aplanit la cicatrice et en limite l&#8217;\u00e9volution.<\/p>\n<p>Nous vous proposons 6 formes pour une adaptation parfaite \u00e0 votre cicatrice (voir les d\u00e9tails dans l\u2019onglet \u00ab Forme \u00bb ci-dessous).<\/p>\n<p><strong>R\u00e9sultats visibles apr\u00e8s 2 \u00e0 3 mois d&#8217;utilisation.<\/strong><\/p>\n<p><em>Ne pas utiliser Cerederm\u00ae sur les muqueuses, \u00e0 proximit\u00e9 des yeux, sur les plaies ouvertes ou non cicatris\u00e9es.<\/em><\/p>\n","protected":false},"excerpt":{"rendered":"<p>10 unit\u00e9s par bo\u00eete (sauf Lipostick \u2013 30 unit\u00e9s \/ bo\u00eete) Transparent et simple d&#8217;utilisation, Cerederm\u00ae est un pansement silicon\u00e9 auto-adh\u00e9sif pour le traitement et la pr\u00e9vention des cicatrices hypertrophiques (\u00e9tendues, de couleur rouge) et ch\u00e9lo\u00efdes (bourrelet fibreux ferme et \u00e9pais). Le gel de silicone soulage des d\u00e9mangeaisons, assouplit la cicatrice et en att\u00e9nue la [&hellip;]<\/p>\n","protected":false},"featured_media":1633,"template":"","meta":{"_et_pb_use_builder":"","_et_pb_old_content":"","_et_gb_content_width":"","spay_email":""},"product_cat":[44],"product_tag":[90,92],"yoast_head":"<!-- This site is optimized with the Yoast SEO plugin v18.2 - https:\/\/yoast.com\/wordpress\/plugins\/seo\/ -->\n<title>Pansement silicon\u00e9 - Traitement cicatrices - Cerederm\u00ae Adh\u00e9sif - Euromi<\/title>\n<meta name=\"description\" content=\"Transparent et simple d&#039;utilisation, Cerederm\u00ae est un pansement silicon\u00e9 auto-adh\u00e9sif pour le traitement et la pr\u00e9vention des cicatrices\" \/>\n<meta name=\"robots\" content=\"index, follow, max-snippet:-1, max-image-preview:large, max-video-preview:-1\" \/>\n<link rel=\"canonical\" href=\"https:\/\/www.euromi.com\/fr\/p\/cerederm-adhesif\/\" \/>\n<meta property=\"og:locale\" content=\"fr_FR\" \/>\n<meta property=\"og:type\" content=\"article\" \/>\n<meta property=\"og:title\" content=\"Pansement silicon\u00e9 - Traitement cicatrices - Cerederm\u00ae Adh\u00e9sif - Euromi\" \/>\n<meta property=\"og:description\" content=\"Transparent et simple d&#039;utilisation, Cerederm\u00ae est un pansement silicon\u00e9 auto-adh\u00e9sif pour le traitement et la pr\u00e9vention des cicatrices\" \/>\n<meta property=\"og:url\" content=\"https:\/\/www.euromi.com\/fr\/p\/cerederm-adhesif\/\" \/>\n<meta property=\"og:site_name\" content=\"Euromi\" \/>\n<meta property=\"article:modified_time\" content=\"2025-01-23T09:05:41+00:00\" \/>\n<meta property=\"og:image\" content=\"https:\/\/www.euromi.com\/wp-content\/uploads\/2021\/12\/CEREDERM-Adhesif-principale.jpg\" \/>\n\t<meta property=\"og:image:width\" content=\"980\" \/>\n\t<meta property=\"og:image:height\" content=\"1401\" \/>\n\t<meta property=\"og:image:type\" content=\"image\/jpeg\" \/>\n<meta name=\"twitter:card\" content=\"summary_large_image\" \/>\n<script type=\"application\/ld+json\" class=\"yoast-schema-graph\">{\"@context\":\"https:\/\/schema.org\",\"@graph\":[{\"@type\":\"Organization\",\"@id\":\"https:\/\/www.euromi.com\/fr\/#organization\",\"name\":\"Euromi\",\"url\":\"https:\/\/www.euromi.com\/fr\/\",\"sameAs\":[],\"logo\":{\"@type\":\"ImageObject\",\"@id\":\"https:\/\/www.euromi.com\/fr\/#logo\",\"inLanguage\":\"fr-FR\",\"url\":\"https:\/\/www.euromi.com\/wp-content\/uploads\/2021\/10\/cropped-favicon.jpg\",\"contentUrl\":\"https:\/\/www.euromi.com\/wp-content\/uploads\/2021\/10\/cropped-favicon.jpg\",\"width\":512,\"height\":512,\"caption\":\"Euromi\"},\"image\":{\"@id\":\"https:\/\/www.euromi.com\/fr\/#logo\"}},{\"@type\":\"WebSite\",\"@id\":\"https:\/\/www.euromi.com\/fr\/#website\",\"url\":\"https:\/\/www.euromi.com\/fr\/\",\"name\":\"Euromi\",\"description\":\"Fabricant de Mat\u00e9riel M\u00e9dical\",\"publisher\":{\"@id\":\"https:\/\/www.euromi.com\/fr\/#organization\"},\"potentialAction\":[{\"@type\":\"SearchAction\",\"target\":{\"@type\":\"EntryPoint\",\"urlTemplate\":\"https:\/\/www.euromi.com\/fr\/?s={search_term_string}\"},\"query-input\":\"required name=search_term_string\"}],\"inLanguage\":\"fr-FR\"},{\"@type\":\"ImageObject\",\"@id\":\"https:\/\/www.euromi.com\/fr\/p\/cerederm-adhesif\/#primaryimage\",\"inLanguage\":\"fr-FR\",\"url\":\"https:\/\/www.euromi.com\/wp-content\/uploads\/2021\/12\/CEREDERM-Adhesif-principale.jpg\",\"contentUrl\":\"https:\/\/www.euromi.com\/wp-content\/uploads\/2021\/12\/CEREDERM-Adhesif-principale.jpg\",\"width\":980,\"height\":1401,\"caption\":\"Cerederm adh\u00e9sif\"},{\"@type\":\"WebPage\",\"@id\":\"https:\/\/www.euromi.com\/fr\/p\/cerederm-adhesif\/#webpage\",\"url\":\"https:\/\/www.euromi.com\/fr\/p\/cerederm-adhesif\/\",\"name\":\"Pansement silicon\u00e9 - Traitement cicatrices - Cerederm\u00ae Adh\u00e9sif - Euromi\",\"isPartOf\":{\"@id\":\"https:\/\/www.euromi.com\/fr\/#website\"},\"primaryImageOfPage\":{\"@id\":\"https:\/\/www.euromi.com\/fr\/p\/cerederm-adhesif\/#primaryimage\"},\"datePublished\":\"2021-12-30T15:02:16+00:00\",\"dateModified\":\"2025-01-23T09:05:41+00:00\",\"description\":\"Transparent et simple d'utilisation, Cerederm\u00ae est un pansement silicon\u00e9 auto-adh\u00e9sif pour le traitement et la pr\u00e9vention des cicatrices\",\"breadcrumb\":{\"@id\":\"https:\/\/www.euromi.com\/fr\/p\/cerederm-adhesif\/#breadcrumb\"},\"inLanguage\":\"fr-FR\",\"potentialAction\":[{\"@type\":\"ReadAction\",\"target\":[\"https:\/\/www.euromi.com\/fr\/p\/cerederm-adhesif\/\"]}]},{\"@type\":\"BreadcrumbList\",\"@id\":\"https:\/\/www.euromi.com\/fr\/p\/cerederm-adhesif\/#breadcrumb\",\"itemListElement\":[{\"@type\":\"ListItem\",\"position\":1,\"name\":\"Accueil\",\"item\":\"https:\/\/www.euromi.com\/fr\/\"},{\"@type\":\"ListItem\",\"position\":2,\"name\":\"Boutique\",\"item\":\"https:\/\/www.euromi.com\/fr\/boutique\/\"},{\"@type\":\"ListItem\",\"position\":3,\"name\":\"V\u00eatements et pansements\",\"item\":\"https:\/\/www.euromi.com\/fr\/catp\/vetements-chirurgicaux-et-pansements\/\"},{\"@type\":\"ListItem\",\"position\":4,\"name\":\"Pansements silicon\u00e9s Cerederm\u00ae\",\"item\":\"https:\/\/www.euromi.com\/fr\/catp\/vetements-chirurgicaux-et-pansements\/pansements-silicones-cerederm\/\"},{\"@type\":\"ListItem\",\"position\":5,\"name\":\"Cerederm\u00ae Adh\u00e9sif\"}]}]}<\/script>\n<!-- \/ Yoast SEO plugin. -->","yoast_head_json":{"title":"Pansement silicon\u00e9 - Traitement cicatrices - Cerederm\u00ae Adh\u00e9sif - Euromi","description":"Transparent et simple d'utilisation, Cerederm\u00ae est un pansement silicon\u00e9 auto-adh\u00e9sif pour le traitement et la pr\u00e9vention des cicatrices","robots":{"index":"index","follow":"follow","max-snippet":"max-snippet:-1","max-image-preview":"max-image-preview:large","max-video-preview":"max-video-preview:-1"},"canonical":"https:\/\/www.euromi.com\/fr\/p\/cerederm-adhesif\/","og_locale":"fr_FR","og_type":"article","og_title":"Pansement silicon\u00e9 - Traitement cicatrices - Cerederm\u00ae Adh\u00e9sif - Euromi","og_description":"Transparent et simple d'utilisation, Cerederm\u00ae est un pansement silicon\u00e9 auto-adh\u00e9sif pour le traitement et la pr\u00e9vention des cicatrices","og_url":"https:\/\/www.euromi.com\/fr\/p\/cerederm-adhesif\/","og_site_name":"Euromi","article_modified_time":"2025-01-23T09:05:41+00:00","og_image":[{"width":980,"height":1401,"url":"https:\/\/www.euromi.com\/wp-content\/uploads\/2021\/12\/CEREDERM-Adhesif-principale.jpg","type":"image\/jpeg"}],"twitter_card":"summary_large_image","schema":{"@context":"https:\/\/schema.org","@graph":[{"@type":"Organization","@id":"https:\/\/www.euromi.com\/fr\/#organization","name":"Euromi","url":"https:\/\/www.euromi.com\/fr\/","sameAs":[],"logo":{"@type":"ImageObject","@id":"https:\/\/www.euromi.com\/fr\/#logo","inLanguage":"fr-FR","url":"https:\/\/www.euromi.com\/wp-content\/uploads\/2021\/10\/cropped-favicon.jpg","contentUrl":"https:\/\/www.euromi.com\/wp-content\/uploads\/2021\/10\/cropped-favicon.jpg","width":512,"height":512,"caption":"Euromi"},"image":{"@id":"https:\/\/www.euromi.com\/fr\/#logo"}},{"@type":"WebSite","@id":"https:\/\/www.euromi.com\/fr\/#website","url":"https:\/\/www.euromi.com\/fr\/","name":"Euromi","description":"Fabricant de Mat\u00e9riel M\u00e9dical","publisher":{"@id":"https:\/\/www.euromi.com\/fr\/#organization"},"potentialAction":[{"@type":"SearchAction","target":{"@type":"EntryPoint","urlTemplate":"https:\/\/www.euromi.com\/fr\/?s={search_term_string}"},"query-input":"required name=search_term_string"}],"inLanguage":"fr-FR"},{"@type":"ImageObject","@id":"https:\/\/www.euromi.com\/fr\/p\/cerederm-adhesif\/#primaryimage","inLanguage":"fr-FR","url":"https:\/\/www.euromi.com\/wp-content\/uploads\/2021\/12\/CEREDERM-Adhesif-principale.jpg","contentUrl":"https:\/\/www.euromi.com\/wp-content\/uploads\/2021\/12\/CEREDERM-Adhesif-principale.jpg","width":980,"height":1401,"caption":"Cerederm adh\u00e9sif"},{"@type":"WebPage","@id":"https:\/\/www.euromi.com\/fr\/p\/cerederm-adhesif\/#webpage","url":"https:\/\/www.euromi.com\/fr\/p\/cerederm-adhesif\/","name":"Pansement silicon\u00e9 - Traitement cicatrices - Cerederm\u00ae Adh\u00e9sif - Euromi","isPartOf":{"@id":"https:\/\/www.euromi.com\/fr\/#website"},"primaryImageOfPage":{"@id":"https:\/\/www.euromi.com\/fr\/p\/cerederm-adhesif\/#primaryimage"},"datePublished":"2021-12-30T15:02:16+00:00","dateModified":"2025-01-23T09:05:41+00:00","description":"Transparent et simple d'utilisation, Cerederm\u00ae est un pansement silicon\u00e9 auto-adh\u00e9sif pour le traitement et la pr\u00e9vention des cicatrices","breadcrumb":{"@id":"https:\/\/www.euromi.com\/fr\/p\/cerederm-adhesif\/#breadcrumb"},"inLanguage":"fr-FR","potentialAction":[{"@type":"ReadAction","target":["https:\/\/www.euromi.com\/fr\/p\/cerederm-adhesif\/"]}]},{"@type":"BreadcrumbList","@id":"https:\/\/www.euromi.com\/fr\/p\/cerederm-adhesif\/#breadcrumb","itemListElement":[{"@type":"ListItem","position":1,"name":"Accueil","item":"https:\/\/www.euromi.com\/fr\/"},{"@type":"ListItem","position":2,"name":"Boutique","item":"https:\/\/www.euromi.com\/fr\/boutique\/"},{"@type":"ListItem","position":3,"name":"V\u00eatements et pansements","item":"https:\/\/www.euromi.com\/fr\/catp\/vetements-chirurgicaux-et-pansements\/"},{"@type":"ListItem","position":4,"name":"Pansements silicon\u00e9s Cerederm\u00ae","item":"https:\/\/www.euromi.com\/fr\/catp\/vetements-chirurgicaux-et-pansements\/pansements-silicones-cerederm\/"},{"@type":"ListItem","position":5,"name":"Cerederm\u00ae Adh\u00e9sif"}]}]}},"jetpack-related-posts":[{"id":2172,"url":"https:\/\/www.euromi.com\/fr\/p\/cerederm-gel\/","url_meta":{"origin":1632,"position":0},"title":"Cerederm\u00ae Gel","date":"18 janvier 2022","format":false,"excerpt":"Cerederm\u00ae gel est un pansement silicon\u00e9 transparent qui permet de traiter les cicatrices sur les surfaces irr\u00e9guli\u00e8res, le visage, les articulations ou les plis de flexion. Il s'applique directement sur les cicatrices hypertrophiques (\u00e9tendues, de couleur rouge) et ch\u00e9lo\u00efdiennes (bourrelet fibreux ferme et \u00e9pais). Le gel de silicone est ainsi\u2026","rel":"","context":"Article similaire","img":{"alt_text":"","src":"https:\/\/i0.wp.com\/www.euromi.com\/wp-content\/uploads\/2022\/01\/CEREDERM-Gel.jpg?resize=350%2C200&ssl=1","width":350,"height":200},"classes":[]},{"id":1631,"url":"https:\/\/www.euromi.com\/en\/p\/cerederm-self-adhesive\/","url_meta":{"origin":1632,"position":1},"title":"Cerederm\u00ae Self-adhesive","date":"30 d\u00e9cembre 2021","format":false,"excerpt":"10 units per box (except Lipostick, 30 units\/box Transparent and easy to use, Cerederm\u00ae is a self-adhesive silicone dressing for the treatment and prevention of hypertrophic scars (reddened) or keloids (raised and fibrous, firm and thick). The silicone gel relieves itching, softens the scar and reduces its redness. The medical\u2026","rel":"","context":"Article similaire","img":{"alt_text":"Cerederm adh\u00e9sif","src":"https:\/\/i0.wp.com\/www.euromi.com\/wp-content\/uploads\/2021\/12\/CEREDERM-Adhesif-principale.jpg?resize=350%2C200&ssl=1","width":350,"height":200},"classes":[]},{"id":2173,"url":"https:\/\/www.euromi.com\/en\/p\/cerederm-gel\/","url_meta":{"origin":1632,"position":2},"title":"Cerederm\u00ae gel","date":"18 janvier 2022","format":false,"excerpt":"Cerederm\u00ae gel is a transparent silicone dressing used to treat scars on uneven surfaces, face, joints and body folds. It applies directly to hypertrophic scars (red coloured) or keloids (raised and fibrous, firm and thick) The silicone gel will soften the scar and reduce itchings. The medical grade silicone limits\u2026","rel":"","context":"Article similaire","img":{"alt_text":"","src":"https:\/\/i0.wp.com\/www.euromi.com\/wp-content\/uploads\/2022\/01\/CEREDERM-Gel.jpg?resize=350%2C200&ssl=1","width":350,"height":200},"classes":[]},{"id":1775,"url":"https:\/\/www.euromi.com\/fr\/p\/soutien-gorge-post-operatoire-sporlane\/","url_meta":{"origin":1632,"position":3},"title":"Sporlane\u00ae","date":"13 janvier 2022","format":false,"excerpt":"Le soutien-gorge Sporlane\u00ae est indiqu\u00e9 apr\u00e8s une augmentation mammaire, reconstruction mammaire ou encore r\u00e9duction mammaire. Ce soutien-gorge post-op\u00e9ratoire, r\u00e9alis\u00e9 dans un tissu compressif, permet en effet d\u2019exercer la contention n\u00e9cessaire, tout en assurant un confort durant la phase de convalescence. Le Sporlane\u00ae convient \u00e9galement pour le soutien universel des fortes\u2026","rel":"","context":"Article similaire","img":{"alt_text":"","src":"https:\/\/i0.wp.com\/www.euromi.com\/wp-content\/uploads\/2022\/01\/SOUTIEN-GORGE-SPORLANE.1.jpg?resize=350%2C200&ssl=1","width":350,"height":200},"classes":[]},{"id":1903,"url":"https:\/\/www.euromi.com\/fr\/p\/panty-cruroplastie\/","url_meta":{"origin":1632,"position":4},"title":"Panty cruroplastie","date":"14 janvier 2022","format":false,"excerpt":"Le panty cruroplastie, gr\u00e2ce \u00e0 ses coutures ext\u00e9rieures d\u00e9cal\u00e9es sur l\u2019avant, est particuli\u00e8rement adapt\u00e9 suite \u00e0 un lifting de la face interne de la cuisse. Le panty cruroplastie est donc utilis\u00e9 pour la contention de l'\u0153d\u00e8me post-op\u00e9ratoire mais \u00e9galement pour \u00e9viter le contact avec les cicatrices. Le taux de compression\u2026","rel":"","context":"Article similaire","img":{"alt_text":"","src":"https:\/\/i0.wp.com\/www.euromi.com\/wp-content\/uploads\/2022\/01\/PANTYS-cruroplastie-long.jpg?resize=350%2C200&ssl=1","width":350,"height":200},"classes":[]},{"id":2506,"url":"https:\/\/www.euromi.com\/fr\/p\/manchon-pour-grand-brule\/","url_meta":{"origin":1632,"position":5},"title":"Manchons pour grand br\u00fbl\u00e9","date":"25 janvier 2022","format":false,"excerpt":"Les manchons pour grand br\u00fbl\u00e9 sont r\u00e9alis\u00e9s selon la zone concern\u00e9e\u00a0: cuisse, mollet, jambe, biceps, avant-bras, bras. Ce sont des v\u00eatements compressifs qui sont prescrits lors de s\u00e9v\u00e8res br\u00fblures ou greffe de peau. La compression de la zone permettra de pr\u00e9venir ou traiter les cicatrices hypertrophiques et brides r\u00e9tractiles. \u00a0\u2026","rel":"","context":"Article similaire","img":{"alt_text":"","src":"https:\/\/i0.wp.com\/www.euromi.com\/wp-content\/uploads\/2022\/01\/Manchon-biceps-grand-brule.jpg?resize=350%2C200&ssl=1","width":350,"height":200},"classes":[]}],"_links":{"self":[{"href":"https:\/\/www.euromi.com\/fr\/wp-json\/wp\/v2\/product\/1632"}],"collection":[{"href":"https:\/\/www.euromi.com\/fr\/wp-json\/wp\/v2\/product"}],"about":[{"href":"https:\/\/www.euromi.com\/fr\/wp-json\/wp\/v2\/types\/product"}],"wp:featuredmedia":[{"embeddable":true,"href":"https:\/\/www.euromi.com\/fr\/wp-json\/wp\/v2\/media\/1633"}],"wp:attachment":[{"href":"https:\/\/www.euromi.com\/fr\/wp-json\/wp\/v2\/media?parent=1632"}],"wp:term":[{"taxonomy":"product_cat","embeddable":true,"href":"https:\/\/www.euromi.com\/fr\/wp-json\/wp\/v2\/product_cat?post=1632"},{"taxonomy":"product_tag","embeddable":true,"href":"https:\/\/www.euromi.com\/fr\/wp-json\/wp\/v2\/product_tag?post=1632"}],"curies":[{"name":"wp","href":"https:\/\/api.w.org\/{rel}","templated":true}]}}