{"id":1423,"date":"2021-12-14T16:02:55","date_gmt":"2021-12-14T15:02:55","guid":{"rendered":"https:\/\/www.euromi.com\/?post_type=product&#038;p=1423"},"modified":"2025-12-02T10:26:27","modified_gmt":"2025-12-02T09:26:27","slug":"liposuccion-evamatic-5","status":"publish","type":"product","link":"https:\/\/www.euromi.com\/fr\/p\/liposuccion-evamatic-5\/","title":{"rendered":"Evamatic\u00ae 5"},"content":{"rendered":"<p>L\u2019<strong>evamatic\u00ae<\/strong> est une <strong>pi\u00e8ce \u00e0 main<\/strong> munie d\u2019un moteur pneumatique qui va conduire le bout de la canule dans un mouvement de <strong>nutation<\/strong> (mouvement de pr\u00e9cession) permettant d\u2019<strong>extraire la graisse<\/strong> en douceur (technique N.I.L.<strong>\u00ae<\/strong>). <span style=\"text-decoration: underline; color: #af0d65;\"><a style=\"color: #af0d65; text-decoration: underline;\" href=\"https:\/\/www.euromi.com\/fr\/i\/1749\/la-nutational-infrasonic-liposculpture-n-i-l\/\">En savoir plus sur la technique N.I.L.<strong>\u00ae<\/strong><\/a><\/span>.<\/p>\n<p>&nbsp;<\/p>\n<p>L&#8217;evamatic<strong>\u00ae<\/strong> est conforme aux normes europ\u00e9ennes (<strong>Certification CE 2797 &#8211; MDR 2017\/745<\/strong>).<\/p>\n<p>&nbsp;<\/p>\n<p><strong><u>Ce produit est un dispositif m\u00e9dical \u00e0 destination des professionnels de sant\u00e9 qualifi\u00e9s.<\/u><\/strong><\/p>\n<p>&nbsp;<\/p>\n<p><em><strong>Vous \u00eates professionnel de sant\u00e9<\/strong> et souhaitez plus d\u2019informations sur ce produit, merci de remplir le formulaire ci-contre.<\/em><\/p>\n<p><em><strong>Vous \u00eates un particulier<\/strong>, pour plus d\u2019informations, merci de vous orienter vers votre professionnel de sant\u00e9.<\/em><\/p>\n","protected":false},"excerpt":{"rendered":"<p>L\u2019evamatic\u00ae est une pi\u00e8ce \u00e0 main munie d\u2019un moteur pneumatique qui va conduire le bout de la canule dans un mouvement de nutation (mouvement de pr\u00e9cession) permettant d\u2019extraire la graisse en douceur (technique N.I.L.\u00ae). En savoir plus sur la technique N.I.L.\u00ae. &nbsp; L&#8217;evamatic\u00ae est conforme aux normes europ\u00e9ennes (Certification CE 2797 &#8211; MDR 2017\/745). &nbsp; [&hellip;]<\/p>\n","protected":false},"featured_media":1587,"template":"","meta":{"_et_pb_use_builder":"","_et_pb_old_content":"","_et_gb_content_width":"","spay_email":""},"product_cat":[30],"product_tag":[],"yoast_head":"<!-- This site is optimized with the Yoast SEO plugin v18.2 - https:\/\/yoast.com\/wordpress\/plugins\/seo\/ -->\n<title>Evamatic\u00ae 5 - Euromi<\/title>\n<meta name=\"description\" content=\"L\u2019evamatic\u00ae est une pi\u00e8ce \u00e0 main avec moteur pneumatique conduisant le bout de la canule dans un mouvement de nutation pour la liposculpture du corps.\" \/>\n<meta name=\"robots\" content=\"index, follow, max-snippet:-1, max-image-preview:large, max-video-preview:-1\" \/>\n<link rel=\"canonical\" href=\"https:\/\/www.euromi.com\/fr\/p\/liposuccion-evamatic-5\/\" \/>\n<meta property=\"og:locale\" content=\"fr_FR\" \/>\n<meta property=\"og:type\" content=\"article\" \/>\n<meta property=\"og:title\" content=\"Evamatic\u00ae 5 - Euromi\" \/>\n<meta property=\"og:description\" content=\"L\u2019evamatic\u00ae est une pi\u00e8ce \u00e0 main avec moteur pneumatique conduisant le bout de la canule dans un mouvement de nutation pour la liposculpture du corps.\" \/>\n<meta property=\"og:url\" content=\"https:\/\/www.euromi.com\/fr\/p\/liposuccion-evamatic-5\/\" \/>\n<meta property=\"og:site_name\" content=\"Euromi\" \/>\n<meta property=\"article:modified_time\" content=\"2025-12-02T09:26:27+00:00\" \/>\n<meta property=\"og:image\" content=\"https:\/\/www.euromi.com\/wp-content\/uploads\/2021\/12\/LIPOSUCCION-Evamatic.1.jpg\" \/>\n\t<meta property=\"og:image:width\" content=\"980\" \/>\n\t<meta property=\"og:image:height\" content=\"1401\" \/>\n\t<meta property=\"og:image:type\" content=\"image\/jpeg\" \/>\n<meta name=\"twitter:card\" content=\"summary_large_image\" \/>\n<script type=\"application\/ld+json\" class=\"yoast-schema-graph\">{\"@context\":\"https:\/\/schema.org\",\"@graph\":[{\"@type\":\"Organization\",\"@id\":\"https:\/\/www.euromi.com\/fr\/#organization\",\"name\":\"Euromi\",\"url\":\"https:\/\/www.euromi.com\/fr\/\",\"sameAs\":[],\"logo\":{\"@type\":\"ImageObject\",\"@id\":\"https:\/\/www.euromi.com\/fr\/#logo\",\"inLanguage\":\"fr-FR\",\"url\":\"https:\/\/www.euromi.com\/wp-content\/uploads\/2021\/10\/cropped-favicon.jpg\",\"contentUrl\":\"https:\/\/www.euromi.com\/wp-content\/uploads\/2021\/10\/cropped-favicon.jpg\",\"width\":512,\"height\":512,\"caption\":\"Euromi\"},\"image\":{\"@id\":\"https:\/\/www.euromi.com\/fr\/#logo\"}},{\"@type\":\"WebSite\",\"@id\":\"https:\/\/www.euromi.com\/fr\/#website\",\"url\":\"https:\/\/www.euromi.com\/fr\/\",\"name\":\"Euromi\",\"description\":\"Fabricant de Mat\u00e9riel M\u00e9dical\",\"publisher\":{\"@id\":\"https:\/\/www.euromi.com\/fr\/#organization\"},\"potentialAction\":[{\"@type\":\"SearchAction\",\"target\":{\"@type\":\"EntryPoint\",\"urlTemplate\":\"https:\/\/www.euromi.com\/fr\/?s={search_term_string}\"},\"query-input\":\"required name=search_term_string\"}],\"inLanguage\":\"fr-FR\"},{\"@type\":\"ImageObject\",\"@id\":\"https:\/\/www.euromi.com\/fr\/p\/liposuccion-evamatic-5\/#primaryimage\",\"inLanguage\":\"fr-FR\",\"url\":\"https:\/\/www.euromi.com\/wp-content\/uploads\/2021\/12\/LIPOSUCCION-Evamatic.1.jpg\",\"contentUrl\":\"https:\/\/www.euromi.com\/wp-content\/uploads\/2021\/12\/LIPOSUCCION-Evamatic.1.jpg\",\"width\":980,\"height\":1401,\"caption\":\"Evamatic\"},{\"@type\":\"WebPage\",\"@id\":\"https:\/\/www.euromi.com\/fr\/p\/liposuccion-evamatic-5\/#webpage\",\"url\":\"https:\/\/www.euromi.com\/fr\/p\/liposuccion-evamatic-5\/\",\"name\":\"Evamatic\u00ae 5 - Euromi\",\"isPartOf\":{\"@id\":\"https:\/\/www.euromi.com\/fr\/#website\"},\"primaryImageOfPage\":{\"@id\":\"https:\/\/www.euromi.com\/fr\/p\/liposuccion-evamatic-5\/#primaryimage\"},\"datePublished\":\"2021-12-14T15:02:55+00:00\",\"dateModified\":\"2025-12-02T09:26:27+00:00\",\"description\":\"L\u2019evamatic\u00ae est une pi\u00e8ce \u00e0 main avec moteur pneumatique conduisant le bout de la canule dans un mouvement de nutation pour la liposculpture du corps.\",\"breadcrumb\":{\"@id\":\"https:\/\/www.euromi.com\/fr\/p\/liposuccion-evamatic-5\/#breadcrumb\"},\"inLanguage\":\"fr-FR\",\"potentialAction\":[{\"@type\":\"ReadAction\",\"target\":[\"https:\/\/www.euromi.com\/fr\/p\/liposuccion-evamatic-5\/\"]}]},{\"@type\":\"BreadcrumbList\",\"@id\":\"https:\/\/www.euromi.com\/fr\/p\/liposuccion-evamatic-5\/#breadcrumb\",\"itemListElement\":[{\"@type\":\"ListItem\",\"position\":1,\"name\":\"Accueil\",\"item\":\"https:\/\/www.euromi.com\/fr\/\"},{\"@type\":\"ListItem\",\"position\":2,\"name\":\"Boutique\",\"item\":\"https:\/\/www.euromi.com\/fr\/boutique\/\"},{\"@type\":\"ListItem\",\"position\":3,\"name\":\"Liposculpture\",\"item\":\"https:\/\/www.euromi.com\/fr\/catp\/nutational-infrasonic-liposculpture\/\"},{\"@type\":\"ListItem\",\"position\":4,\"name\":\"Evamatic\u00ae\",\"item\":\"https:\/\/www.euromi.com\/fr\/catp\/nutational-infrasonic-liposculpture\/la-piece-a-main-evamatic\/\"},{\"@type\":\"ListItem\",\"position\":5,\"name\":\"Evamatic\u00ae 5\"}]}]}<\/script>\n<!-- \/ Yoast SEO plugin. -->","yoast_head_json":{"title":"Evamatic\u00ae 5 - Euromi","description":"L\u2019evamatic\u00ae est une pi\u00e8ce \u00e0 main avec moteur pneumatique conduisant le bout de la canule dans un mouvement de nutation pour la liposculpture du corps.","robots":{"index":"index","follow":"follow","max-snippet":"max-snippet:-1","max-image-preview":"max-image-preview:large","max-video-preview":"max-video-preview:-1"},"canonical":"https:\/\/www.euromi.com\/fr\/p\/liposuccion-evamatic-5\/","og_locale":"fr_FR","og_type":"article","og_title":"Evamatic\u00ae 5 - Euromi","og_description":"L\u2019evamatic\u00ae est une pi\u00e8ce \u00e0 main avec moteur pneumatique conduisant le bout de la canule dans un mouvement de nutation pour la liposculpture du corps.","og_url":"https:\/\/www.euromi.com\/fr\/p\/liposuccion-evamatic-5\/","og_site_name":"Euromi","article_modified_time":"2025-12-02T09:26:27+00:00","og_image":[{"width":980,"height":1401,"url":"https:\/\/www.euromi.com\/wp-content\/uploads\/2021\/12\/LIPOSUCCION-Evamatic.1.jpg","type":"image\/jpeg"}],"twitter_card":"summary_large_image","schema":{"@context":"https:\/\/schema.org","@graph":[{"@type":"Organization","@id":"https:\/\/www.euromi.com\/fr\/#organization","name":"Euromi","url":"https:\/\/www.euromi.com\/fr\/","sameAs":[],"logo":{"@type":"ImageObject","@id":"https:\/\/www.euromi.com\/fr\/#logo","inLanguage":"fr-FR","url":"https:\/\/www.euromi.com\/wp-content\/uploads\/2021\/10\/cropped-favicon.jpg","contentUrl":"https:\/\/www.euromi.com\/wp-content\/uploads\/2021\/10\/cropped-favicon.jpg","width":512,"height":512,"caption":"Euromi"},"image":{"@id":"https:\/\/www.euromi.com\/fr\/#logo"}},{"@type":"WebSite","@id":"https:\/\/www.euromi.com\/fr\/#website","url":"https:\/\/www.euromi.com\/fr\/","name":"Euromi","description":"Fabricant de Mat\u00e9riel M\u00e9dical","publisher":{"@id":"https:\/\/www.euromi.com\/fr\/#organization"},"potentialAction":[{"@type":"SearchAction","target":{"@type":"EntryPoint","urlTemplate":"https:\/\/www.euromi.com\/fr\/?s={search_term_string}"},"query-input":"required name=search_term_string"}],"inLanguage":"fr-FR"},{"@type":"ImageObject","@id":"https:\/\/www.euromi.com\/fr\/p\/liposuccion-evamatic-5\/#primaryimage","inLanguage":"fr-FR","url":"https:\/\/www.euromi.com\/wp-content\/uploads\/2021\/12\/LIPOSUCCION-Evamatic.1.jpg","contentUrl":"https:\/\/www.euromi.com\/wp-content\/uploads\/2021\/12\/LIPOSUCCION-Evamatic.1.jpg","width":980,"height":1401,"caption":"Evamatic"},{"@type":"WebPage","@id":"https:\/\/www.euromi.com\/fr\/p\/liposuccion-evamatic-5\/#webpage","url":"https:\/\/www.euromi.com\/fr\/p\/liposuccion-evamatic-5\/","name":"Evamatic\u00ae 5 - Euromi","isPartOf":{"@id":"https:\/\/www.euromi.com\/fr\/#website"},"primaryImageOfPage":{"@id":"https:\/\/www.euromi.com\/fr\/p\/liposuccion-evamatic-5\/#primaryimage"},"datePublished":"2021-12-14T15:02:55+00:00","dateModified":"2025-12-02T09:26:27+00:00","description":"L\u2019evamatic\u00ae est une pi\u00e8ce \u00e0 main avec moteur pneumatique conduisant le bout de la canule dans un mouvement de nutation pour la liposculpture du corps.","breadcrumb":{"@id":"https:\/\/www.euromi.com\/fr\/p\/liposuccion-evamatic-5\/#breadcrumb"},"inLanguage":"fr-FR","potentialAction":[{"@type":"ReadAction","target":["https:\/\/www.euromi.com\/fr\/p\/liposuccion-evamatic-5\/"]}]},{"@type":"BreadcrumbList","@id":"https:\/\/www.euromi.com\/fr\/p\/liposuccion-evamatic-5\/#breadcrumb","itemListElement":[{"@type":"ListItem","position":1,"name":"Accueil","item":"https:\/\/www.euromi.com\/fr\/"},{"@type":"ListItem","position":2,"name":"Boutique","item":"https:\/\/www.euromi.com\/fr\/boutique\/"},{"@type":"ListItem","position":3,"name":"Liposculpture","item":"https:\/\/www.euromi.com\/fr\/catp\/nutational-infrasonic-liposculpture\/"},{"@type":"ListItem","position":4,"name":"Evamatic\u00ae","item":"https:\/\/www.euromi.com\/fr\/catp\/nutational-infrasonic-liposculpture\/la-piece-a-main-evamatic\/"},{"@type":"ListItem","position":5,"name":"Evamatic\u00ae 5"}]}]}},"jetpack-related-posts":[{"id":2131,"url":"https:\/\/www.euromi.com\/fr\/p\/liposuccion-evasp-1\/","url_meta":{"origin":1423,"position":0},"title":"Eva sp\u00ae 1","date":"18 janvier 2022","format":false,"excerpt":"L\u2019Eva sp\u00ae 1 est le syst\u00e8me d\u2019entr\u00e9e de la gamme Eva sp\u00ae. L\u2019Eva sp\u00ae 1 r\u00e9gule l\u2019approvisionnement en air comprim\u00e9 de l\u2019evamatic\u00ae. Ainsi, il permet une liposculpture infrasonique avec nutation (Technique N.I.L.\u00ae). Gr\u00e2ce \u00e0 sa canule d\u2019infiltration fournie et l\u2019utilisation d\u2019un syst\u00e8me de pression externe (pompe p\u00e9ristaltique), l\u2019infiltration est qualitative\u2026","rel":"","context":"Article similaire","img":{"alt_text":"","src":"https:\/\/i0.wp.com\/www.euromi.com\/wp-content\/uploads\/2022\/01\/LIPOSUCCION-Evasp1.jpg?resize=350%2C200&ssl=1","width":350,"height":200},"classes":[]},{"id":1435,"url":"https:\/\/www.euromi.com\/en\/p\/liposuction-evamatic\/","url_meta":{"origin":1423,"position":1},"title":"Evamatic\u00ae 5","date":"14 d\u00e9cembre 2021","format":false,"excerpt":"The evamatic\u00ae is a handpiece equipped with a pneumatic motor which will drive the end of the cannula in a nutation movement (precession movement) allowing the grease to be gently extracted (N.I.L.\u00ae technique). Learn more about the N.I.L.\u00ae technique. \u00a0 Evamatic\u00ae complies with European standards (CE 2797 - MDR 2017\/745).\u2026","rel":"","context":"Article similaire","img":{"alt_text":"Evamatic","src":"https:\/\/i0.wp.com\/www.euromi.com\/wp-content\/uploads\/2021\/12\/LIPOSUCCION-Evamatic.1.jpg?resize=350%2C200&ssl=1","width":350,"height":200},"classes":[]},{"id":2160,"url":"https:\/\/www.euromi.com\/fr\/p\/lipofilling-nlf-system\/","url_meta":{"origin":1423,"position":2},"title":"N.L.F System\u00ae","date":"18 janvier 2022","format":false,"excerpt":"Euromi a con\u00e7u un syst\u00e8me de lipofilling, le N.L.F. System\u00ae,\u00a0 bas\u00e9 sur la technologie N.I.L.\u00ae. Il s\u2032agit d\u2019un kit de pr\u00e9l\u00e8vement st\u00e9rile \u00e0 usage unique, biocompatible et en circuit ferm\u00e9. Il convient pour des petits et grands volumes. \u00a0 Ce produit est un dispositif m\u00e9dical \u00e0 destination des professionnels de\u2026","rel":"","context":"Article similaire","img":{"alt_text":"","src":"https:\/\/i0.wp.com\/www.euromi.com\/wp-content\/uploads\/2022\/01\/NLF-SYSTEM-2-scaled.jpg?resize=350%2C200&ssl=1","width":350,"height":200},"classes":[]},{"id":2152,"url":"https:\/\/www.euromi.com\/fr\/p\/liposuccion-eva-sp6\/","url_meta":{"origin":1423,"position":3},"title":"Eva sp\u00ae 6","date":"18 janvier 2022","format":false,"excerpt":"L'Eva sp\u00ae 6 permet non seulement une infiltration infrasonique avec nutation quantitative mais aussi une liposculpture infrasonique avec nutation. L\u2019appareil est enti\u00e8rement digitalis\u00e9 et conforme aux normes europ\u00e9ennes (Certification CE 2797 - MDR 2017\/745). \u00a0 Ce produit est un dispositif m\u00e9dical \u00e0 destination des professionnels de sant\u00e9 qualifi\u00e9s. \u00a0 Vous\u2026","rel":"","context":"Article similaire","img":{"alt_text":"","src":"https:\/\/i0.wp.com\/www.euromi.com\/wp-content\/uploads\/2022\/01\/LIPOSUCCION-Evasp6.jpg?resize=350%2C200&ssl=1","width":350,"height":200},"classes":[]},{"id":2146,"url":"https:\/\/www.euromi.com\/fr\/p\/eva-sp-2\/","url_meta":{"origin":1423,"position":4},"title":"Eva sp\u00ae 2","date":"18 janvier 2022","format":false,"excerpt":"L'Eva sp\u00ae 2 permet une liposculpture infrasonique avec nutation et aspiration. Gr\u00e2ce \u00e0 sa canule d\u2019infiltration fournie et l\u2019utilisation d\u2019un syst\u00e8me de pression externe (pompe p\u00e9ristaltique), l\u2019infiltration est qualitative et uniforme. Il s\u2019agit du syst\u00e8me Eva sp\u00ae 1 compl\u00e9t\u00e9 d\u2019un aspirateur. Le syst\u00e8me Eva sp\u00ae 2 est destin\u00e9 au praticien\u2026","rel":"","context":"Article similaire","img":{"alt_text":"","src":"https:\/\/i0.wp.com\/www.euromi.com\/wp-content\/uploads\/2022\/01\/LIPOSUCCION-Evasp2-1.jpg?resize=350%2C200&ssl=1","width":350,"height":200},"classes":[]},{"id":1727,"url":"https:\/\/www.euromi.com\/fr\/p\/canules-liposuccion-reutilisables\/","url_meta":{"origin":1423,"position":5},"title":"Canules r\u00e9utilisables","date":"11 janvier 2022","format":false,"excerpt":"Les canules r\u00e9utilisables Euromi sont indiqu\u00e9es pour : l\u2019infiltration de solutions tumescentes pour faciliter l\u2019\u00e9limination des tissus et \/ ou des liquides (canules d\u2019infiltrations); le retrait de tissus et\/ou de liquides du corps lors d\u2019interventions chirurgicales dans le but d\u2019un modelage esth\u00e9tique du corps (canules d\u2019aspiration); l\u2019injection de tissus adipeux\u2026","rel":"","context":"Article similaire","img":{"alt_text":"Canules","src":"https:\/\/i0.wp.com\/www.euromi.com\/wp-content\/uploads\/2022\/01\/LIPOSUCCION-Canules.jpg?resize=350%2C200&ssl=1","width":350,"height":200},"classes":[]}],"_links":{"self":[{"href":"https:\/\/www.euromi.com\/fr\/wp-json\/wp\/v2\/product\/1423"}],"collection":[{"href":"https:\/\/www.euromi.com\/fr\/wp-json\/wp\/v2\/product"}],"about":[{"href":"https:\/\/www.euromi.com\/fr\/wp-json\/wp\/v2\/types\/product"}],"wp:featuredmedia":[{"embeddable":true,"href":"https:\/\/www.euromi.com\/fr\/wp-json\/wp\/v2\/media\/1587"}],"wp:attachment":[{"href":"https:\/\/www.euromi.com\/fr\/wp-json\/wp\/v2\/media?parent=1423"}],"wp:term":[{"taxonomy":"product_cat","embeddable":true,"href":"https:\/\/www.euromi.com\/fr\/wp-json\/wp\/v2\/product_cat?post=1423"},{"taxonomy":"product_tag","embeddable":true,"href":"https:\/\/www.euromi.com\/fr\/wp-json\/wp\/v2\/product_tag?post=1423"}],"curies":[{"name":"wp","href":"https:\/\/api.w.org\/{rel}","templated":true}]}}