{"id":3,"date":"2021-10-08T15:32:23","date_gmt":"2021-10-08T13:32:23","guid":{"rendered":"https:\/\/projectdev.pixel-online.fr\/?page_id=3"},"modified":"2023-12-28T12:07:25","modified_gmt":"2023-12-28T11:07:25","slug":"politique-de-confidentialite","status":"publish","type":"page","link":"https:\/\/www.euromi.com\/fr\/politique-de-confidentialite\/","title":{"rendered":"Politique de confidentialit\u00e9"},"content":{"rendered":"<p>[et_pb_section fb_built=&#8221;1&#8243; admin_label=&#8221;section&#8221; _builder_version=&#8221;3.22&#8243; custom_padding=&#8221;27px|||||&#8221; global_colors_info=&#8221;{}&#8221;][et_pb_row admin_label=&#8221;row&#8221; _builder_version=&#8221;3.25&#8243; background_size=&#8221;initial&#8221; background_position=&#8221;top_left&#8221; background_repeat=&#8221;repeat&#8221; global_colors_info=&#8221;{}&#8221;][et_pb_column type=&#8221;4_4&#8243; _builder_version=&#8221;3.25&#8243; custom_padding=&#8221;|||&#8221; global_colors_info=&#8221;{}&#8221; custom_padding__hover=&#8221;|||&#8221;][et_pb_text admin_label=&#8221;Text&#8221; _builder_version=&#8221;4.14.1&#8243; background_size=&#8221;initial&#8221; background_position=&#8221;top_left&#8221; background_repeat=&#8221;repeat&#8221; global_colors_info=&#8221;{}&#8221;]<!-- divi:heading --><\/p>\n<h1>Politique de confidentialit\u00e9 EUROMI SA<\/h1>\n<p>Toutes les donn\u00e9es personnelles qui sont n\u00e9cessaires au traitement d\u2019une commande sont destin\u00e9es \u00e0 EUROMI SA.<\/p>\n<p>EUROMI SA s\u2019engage \u00e0 respecter la confidentialit\u00e9 de ces donn\u00e9es personnelles et \u00e0 les traiter dans le respect de la loi relative \u00e0 la protection de la vie priv\u00e9e \u00e0 l\u2019\u00e9gard des traitements de donn\u00e9es \u00e0 caract\u00e8re personnel.<\/p>\n<p>En application de la loi relative \u00e0 la protection de la vie priv\u00e9e \u00e0 l\u2019\u00e9gard des traitements de donn\u00e9es \u00e0 caract\u00e8re personnel, l\u2019acheteur dispose d\u2019un droit d\u2019acc\u00e8s, de modification, de suppression et de rectification des donn\u00e9es personnelles le concernant et conserv\u00e9es par EUROMI SA.<br \/><strong>En cas d\u2019inactivit\u00e9, ces donn\u00e9es seront conserv\u00e9es dans la base de donn\u00e9es d\u2019EUROMI SA maximum 36 mois.<\/strong><\/p>\n<p><strong><\/strong><\/p>\n<p><strong><u>Les informations personnelles que nous collectons :<\/u><\/strong><\/p>\n<p>Lorsque vous visitez le site d\u2019EUROMI, nous recueillons automatiquement certaines informations sur votre appareil, notamment des informations sur votre navigateur web, votre adresse IP, votre fuseau horaire et certains des cookies install\u00e9s sur votre appareil. En outre, lorsque vous naviguez sur le site, nous recueillons des informations sur les pages web ou les produits individuels que vous consultez, sur les sites web ou les termes de recherche qui vous ont renvoy\u00e9 au site et sur la mani\u00e8re dont vous interagissez avec le site. Nous d\u00e9signons ces informations collect\u00e9es automatiquement par le terme &#8220;informations sur les appareils&#8221;. En outre, nous pourrions collecter les donn\u00e9es personnelles que vous nous fournissez (y compris, mais sans s&#8217;y limiter, le nom, le pr\u00e9nom, l&#8217;adresse, t\u00e9l\u00e9phone, etc.) lors d\u2019un contact avec nous.<\/p>\n<p><strong><u>Pourquoi traitons-nous vos donn\u00e9es<\/u><\/strong><strong> ?<\/strong><\/p>\n<p>EUROMI SA utilisera ces donn\u00e9es pour traiter la commande de l\u2019acheteur, ainsi que pour renforcer et personnaliser la communication notamment par des lettres\/courriels d\u2019information.<\/p>\n<p>EUROMI SA pourra \u00e9galement utiliser ces donn\u00e9es pour personnaliser son Site Web selon les pr\u00e9f\u00e9rences constat\u00e9es par les acheteurs.<\/p>\n<p>Ces donn\u00e9es seront conserv\u00e9es en s\u00e9curit\u00e9 par EUROMI SA, et pourront \u00eatre transmises aux partenaires d\u2019EUROMI SA, dans le cadre du traitement de la commande <u>uniquement<\/u>.<\/p>\n<p>EUROMI SA se r\u00e9serve le droit de faire analyser les donn\u00e9es personnelles que vous nous communiquez.<\/p>\n<p>EUROMI SA utilise dans le cadre des paiements les services d\u2019un \u00e9tablissement bancaire accr\u00e9dit\u00e9 aupr\u00e8s de la BNB. Cet \u00e9tablissement respecte l\u2019ensemble des normes de s\u00e9curit\u00e9 applicable au paiement en ligne et utilise un langage crypt\u00e9.<\/p>\n<p>EUROMI SA ne conserve aucune emprunte bancaire et communique avec l\u2019\u00e9tablissement bancaire uniquement avec un num\u00e9ro de r\u00e9f\u00e9rence.<\/p>\n<p>Toutes les donn\u00e9es personnelles qui sont n\u00e9cessaires au traitement d\u2019une commande sont destin\u00e9es \u00e0 EUROMI SA.<\/p>\n<p><strong><u>Vos droits :<\/u><\/strong><\/p>\n<p>Si vous \u00eates un r\u00e9sident europ\u00e9en, vous disposez des droits suivants li\u00e9s \u00e0 vos donn\u00e9es personnelles :<\/p>\n<ul>\n<li>le droit d&#8217;\u00eatre inform\u00e9;<\/li>\n<li>le droit d&#8217;acc\u00e8s\u00a0;<\/li>\n<li>le droit de rectification;<\/li>\n<li>le droit \u00e0 l&#8217;effacement;<\/li>\n<li>le droit de restreindre le traitement;<\/li>\n<li>le droit \u00e0 la portabilit\u00e9 des donn\u00e9es;<\/li>\n<li>le droit d&#8217;opposition\u00a0;<\/li>\n<li>les droits relatifs \u00e0 la prise de d\u00e9cision automatis\u00e9e et au profilage.<\/li>\n<\/ul>\n<p>Si vous souhaitez exercer ce droit, veuillez nous contacter via les coordonn\u00e9es ci-dessous.<\/p>\n<p><strong><u>Informations de contact<\/u><\/strong><strong> :<\/strong><\/p>\n<p>Si vous souhaitez nous contacter pour comprendre davantage la pr\u00e9sente politique ou si vous souhaitez nous contacter concernant toute question relative aux droits individuels et \u00e0 vos informations personnelles, vous pouvez envoyer un courriel \u00e0 <a href=\"mailto:internet@euromi.com\">internet@euromi.com<\/a>, ou par \u00e9crit \u00e0 :<\/p>\n<p><strong>Euromi SA<\/strong><\/p>\n<p>Z.I. des Plenesses<br \/>11, Rue des nouvelles technologies<br \/>B-4821 Andrimont<br \/>Belgique<\/p>\n<p>&nbsp;<\/p>\n<p><!-- \/divi:heading -->[\/et_pb_text][\/et_pb_column][\/et_pb_row][\/et_pb_section]<\/p>\n","protected":false},"excerpt":{"rendered":"<p>Politique de confidentialit\u00e9 EUROMI SA Toutes les donn\u00e9es personnelles qui sont n\u00e9cessaires au traitement d\u2019une commande sont destin\u00e9es \u00e0 EUROMI SA. EUROMI SA s\u2019engage \u00e0 respecter la confidentialit\u00e9 de ces donn\u00e9es personnelles et \u00e0 les traiter dans le respect de la loi relative \u00e0 la protection de la vie priv\u00e9e \u00e0 l\u2019\u00e9gard des traitements de [&hellip;]<\/p>\n","protected":false},"author":1,"featured_media":103,"parent":0,"menu_order":0,"comment_status":"closed","ping_status":"open","template":"","meta":{"_et_pb_use_builder":"on","_et_pb_old_content":"<!-- wp:heading --><h2>Qui sommes-nous\u00a0?<\/h2><!-- \/wp:heading --><!-- wp:paragraph --><p>L\u2019adresse de notre site Web est\u00a0: http:\/\/www.euromi.com.<\/p><!-- \/wp:paragraph --><!-- wp:heading --><h2>Utilisation des donn\u00e9es personnelles collect\u00e9es<\/h2><!-- \/wp:heading --><!-- wp:heading {\"level\":3} --><h3>Commentaires<\/h3><!-- \/wp:heading --><!-- wp:paragraph --><p>Quand vous laissez un commentaire sur notre site web, les donn\u00e9es inscrites dans le formulaire de commentaire, mais aussi votre adresse IP et l\u2019agent utilisateur de votre navigateur sont collect\u00e9s pour nous aider \u00e0 la d\u00e9tection des commentaires ind\u00e9sirables.<\/p><!-- \/wp:paragraph --><!-- wp:paragraph --><p>Une cha\u00eene anonymis\u00e9e cr\u00e9\u00e9e \u00e0 partir de votre adresse de messagerie (\u00e9galement appel\u00e9e hash) peut \u00eatre envoy\u00e9e au service Gravatar pour v\u00e9rifier si vous utilisez ce dernier. Les clauses de confidentialit\u00e9 du service Gravatar sont disponibles ici\u00a0: https:\/\/automattic.com\/privacy\/. Apr\u00e8s validation de votre commentaire, votre photo de profil sera visible publiquement \u00e0 cot\u00e9 de votre commentaire.<\/p><!-- \/wp:paragraph --><!-- wp:heading {\"level\":3} --><h3>M\u00e9dias<\/h3><!-- \/wp:heading --><!-- wp:paragraph --><p>Si vous \u00eates un utilisateur ou une utilisatrice enregistr\u00e9\u00b7e et que vous t\u00e9l\u00e9versez des images sur le site web, nous vous conseillons d\u2019\u00e9viter de t\u00e9l\u00e9verser des images contenant des donn\u00e9es EXIF de coordonn\u00e9es GPS. Les visiteurs de votre site web peuvent t\u00e9l\u00e9charger et extraire des donn\u00e9es de localisation depuis ces images.<\/p><!-- \/wp:paragraph --><!-- wp:heading {\"level\":3} --><h3>Formulaires de contact<\/h3><!-- \/wp:heading --><!-- wp:heading {\"level\":3} --><h3>Cookies<\/h3><!-- \/wp:heading --><!-- wp:paragraph --><p>Si vous d\u00e9posez un commentaire sur notre site, il vous sera propos\u00e9 d\u2019enregistrer votre nom, adresse de messagerie et site web dans des cookies. C\u2019est uniquement pour votre confort afin de ne pas avoir \u00e0 saisir ces informations si vous d\u00e9posez un autre commentaire plus tard. Ces cookies expirent au bout d\u2019un an.<\/p><!-- \/wp:paragraph --><!-- wp:paragraph --><p>Si vous vous rendez sur la page de connexion, un cookie temporaire sera cr\u00e9\u00e9 afin de d\u00e9terminer si votre navigateur accepte les cookies. Il ne contient pas de donn\u00e9es personnelles et sera supprim\u00e9 automatiquement \u00e0 la fermeture de votre navigateur.<\/p><!-- \/wp:paragraph --><!-- wp:paragraph --><p>Lorsque vous vous connecterez, nous mettrons en place un certain nombre de cookies pour enregistrer vos informations de connexion et vos pr\u00e9f\u00e9rences d\u2019\u00e9cran. La dur\u00e9e de vie d\u2019un cookie de connexion est de deux jours, celle d\u2019un cookie d\u2019option d\u2019\u00e9cran est d\u2019un an. Si vous cochez \u00ab\u00a0Se souvenir de moi\u00a0\u00bb, votre cookie de connexion sera conserv\u00e9 pendant deux semaines. Si vous vous d\u00e9connectez de votre compte, le cookie de connexion sera effac\u00e9.<\/p><!-- \/wp:paragraph --><!-- wp:paragraph --><p>En modifiant ou en publiant une publication, un cookie suppl\u00e9mentaire sera enregistr\u00e9 dans votre navigateur. Ce cookie ne comprend aucune donn\u00e9e personnelle. Il indique simplement l\u2019ID de la publication que vous venez de modifier. Il expire au bout d\u2019un jour.<\/p><!-- \/wp:paragraph --><!-- wp:heading {\"level\":3} --><h3>Contenu embarqu\u00e9 depuis d\u2019autres sites<\/h3><!-- \/wp:heading --><!-- wp:paragraph --><p>Les articles de ce site peuvent inclure des contenus int\u00e9gr\u00e9s (par exemple des vid\u00e9os, images, articles\u2026). Le contenu int\u00e9gr\u00e9 depuis d\u2019autres sites se comporte de la m\u00eame mani\u00e8re que si le visiteur se rendait sur cet autre site.<\/p><!-- \/wp:paragraph --><!-- wp:paragraph --><p>Ces sites web pourraient collecter des donn\u00e9es sur vous, utiliser des cookies, embarquer des outils de suivis tiers, suivre vos interactions avec ces contenus embarqu\u00e9s si vous disposez d\u2019un compte connect\u00e9 sur leur site web.<\/p><!-- \/wp:paragraph --><!-- wp:heading {\"level\":3} --><h3>Statistiques et mesures d\u2019audience<\/h3><!-- \/wp:heading --><!-- wp:heading --><h2>Utilisation et transmission de vos donn\u00e9es personnelles<\/h2><!-- \/wp:heading --><!-- wp:heading --><h2>Dur\u00e9es de stockage de vos donn\u00e9es<\/h2><!-- \/wp:heading --><!-- wp:paragraph --><p>Si vous laissez un commentaire, le commentaire et ses m\u00e9tadonn\u00e9es sont conserv\u00e9s ind\u00e9finiment. Cela permet de reconna\u00eetre et approuver automatiquement les commentaires suivants au lieu de les laisser dans la file de mod\u00e9ration.<\/p><!-- \/wp:paragraph --><!-- wp:paragraph --><p>Pour les utilisateurs et utilisatrices qui s\u2019inscrivent sur notre site (si cela est possible), nous stockons \u00e9galement les donn\u00e9es personnelles indiqu\u00e9es dans leur profil. Tous les utilisateurs et utilisatrices peuvent voir, modifier ou supprimer leurs informations personnelles \u00e0 tout moment (\u00e0 l\u2019exception de leur nom d\u2019utilisateur\u00b7ice). Les gestionnaires du site peuvent aussi voir et modifier ces informations.<\/p><!-- \/wp:paragraph --><!-- wp:heading --><h2>Les droits que vous avez sur vos donn\u00e9es<\/h2><!-- \/wp:heading --><!-- wp:paragraph --><p>Si vous avez un compte ou si vous avez laiss\u00e9 des commentaires sur le site, vous pouvez demander \u00e0 recevoir un fichier contenant toutes les donn\u00e9es personnelles que nous poss\u00e9dons \u00e0 votre sujet, incluant celles que vous nous avez fournies. Vous pouvez \u00e9galement demander la suppression des donn\u00e9es personnelles vous concernant. Cela ne prend pas en compte les donn\u00e9es stock\u00e9es \u00e0 des fins administratives, l\u00e9gales ou pour des raisons de s\u00e9curit\u00e9.<\/p><!-- \/wp:paragraph --><!-- wp:heading --><h2>Transmission de vos donn\u00e9es personnelles<\/h2><!-- \/wp:heading --><!-- wp:paragraph --><p>Les commentaires des visiteurs peuvent \u00eatre v\u00e9rifi\u00e9s \u00e0 l\u2019aide d\u2019un service automatis\u00e9 de d\u00e9tection des commentaires ind\u00e9sirables.<\/p><!-- \/wp:paragraph --><!-- wp:heading --><h2>Informations de contact<\/h2><!-- \/wp:heading --><!-- wp:heading --><h2>Informations suppl\u00e9mentaires<\/h2><!-- \/wp:heading --><!-- wp:heading {\"level\":3} --><h3>Comment nous prot\u00e9geons vos donn\u00e9es<\/h3><!-- \/wp:heading --><!-- wp:heading {\"level\":3} --><h3>Proc\u00e9dures mises en \u0153uvre en cas de fuite de donn\u00e9es<\/h3><!-- \/wp:heading --><!-- wp:heading {\"level\":3} --><h3>Les services tiers qui nous transmettent des donn\u00e9es<\/h3><!-- \/wp:heading --><!-- wp:heading {\"level\":3} --><h3>Op\u00e9rations de marketing automatis\u00e9 et\/ou de profilage r\u00e9alis\u00e9es \u00e0 l\u2019aide des donn\u00e9es personnelles<\/h3><!-- \/wp:heading --><!-- wp:heading {\"level\":3} --><h3>Affichage des informations li\u00e9es aux secteurs soumis \u00e0 des r\u00e9gulations sp\u00e9cifiques<\/h3><!-- \/wp:heading -->","_et_gb_content_width":"","spay_email":""},"yoast_head":"<!-- This site is optimized with the Yoast SEO plugin v18.2 - https:\/\/yoast.com\/wordpress\/plugins\/seo\/ -->\n<title>Politique de confidentialit\u00e9 - Euromi<\/title>\n<meta name=\"description\" content=\"Politique de confidentialit\u00e9 EUROMI SA - Toutes les donn\u00e9es personnelles qui sont n\u00e9cessaires au traitement d\u2019une commande sont destin\u00e9es \u00e0 EUROMI SA.\" \/>\n<meta name=\"robots\" content=\"index, nofollow, max-snippet:-1, max-image-preview:large, max-video-preview:-1\" \/>\n<link rel=\"canonical\" href=\"https:\/\/www.euromi.com\/fr\/politique-de-confidentialite\/\" \/>\n<meta property=\"og:locale\" content=\"fr_FR\" \/>\n<meta property=\"og:type\" content=\"article\" \/>\n<meta property=\"og:title\" content=\"Politique de confidentialit\u00e9 - Euromi\" \/>\n<meta property=\"og:description\" content=\"Politique de confidentialit\u00e9 EUROMI SA - Toutes les donn\u00e9es personnelles qui sont n\u00e9cessaires au traitement d\u2019une commande sont destin\u00e9es \u00e0 EUROMI SA.\" \/>\n<meta property=\"og:url\" content=\"https:\/\/www.euromi.com\/fr\/politique-de-confidentialite\/\" \/>\n<meta property=\"og:site_name\" content=\"Euromi\" \/>\n<meta property=\"article:modified_time\" content=\"2023-12-28T11:07:25+00:00\" \/>\n<meta property=\"og:image\" content=\"https:\/\/www.euromi.com\/wp-content\/uploads\/2021\/10\/cropped-favicon.jpg\" \/>\n\t<meta property=\"og:image:width\" content=\"512\" \/>\n\t<meta property=\"og:image:height\" content=\"512\" \/>\n\t<meta property=\"og:image:type\" content=\"image\/jpeg\" \/>\n<meta name=\"twitter:card\" content=\"summary_large_image\" \/>\n<script type=\"application\/ld+json\" class=\"yoast-schema-graph\">{\"@context\":\"https:\/\/schema.org\",\"@graph\":[{\"@type\":\"Organization\",\"@id\":\"https:\/\/www.euromi.com\/fr\/#organization\",\"name\":\"Euromi\",\"url\":\"https:\/\/www.euromi.com\/fr\/\",\"sameAs\":[],\"logo\":{\"@type\":\"ImageObject\",\"@id\":\"https:\/\/www.euromi.com\/fr\/#logo\",\"inLanguage\":\"fr-FR\",\"url\":\"https:\/\/www.euromi.com\/wp-content\/uploads\/2021\/10\/cropped-favicon.jpg\",\"contentUrl\":\"https:\/\/www.euromi.com\/wp-content\/uploads\/2021\/10\/cropped-favicon.jpg\",\"width\":512,\"height\":512,\"caption\":\"Euromi\"},\"image\":{\"@id\":\"https:\/\/www.euromi.com\/fr\/#logo\"}},{\"@type\":\"WebSite\",\"@id\":\"https:\/\/www.euromi.com\/fr\/#website\",\"url\":\"https:\/\/www.euromi.com\/fr\/\",\"name\":\"Euromi\",\"description\":\"Fabricant de Mat\u00e9riel M\u00e9dical\",\"publisher\":{\"@id\":\"https:\/\/www.euromi.com\/fr\/#organization\"},\"potentialAction\":[{\"@type\":\"SearchAction\",\"target\":{\"@type\":\"EntryPoint\",\"urlTemplate\":\"https:\/\/www.euromi.com\/fr\/?s={search_term_string}\"},\"query-input\":\"required name=search_term_string\"}],\"inLanguage\":\"fr-FR\"},{\"@type\":\"ImageObject\",\"@id\":\"https:\/\/www.euromi.com\/fr\/politique-de-confidentialite\/#primaryimage\",\"inLanguage\":\"fr-FR\",\"url\":\"https:\/\/www.euromi.com\/wp-content\/uploads\/2021\/10\/cropped-favicon.jpg\",\"contentUrl\":\"https:\/\/www.euromi.com\/wp-content\/uploads\/2021\/10\/cropped-favicon.jpg\",\"width\":512,\"height\":512,\"caption\":\"Euromi\"},{\"@type\":\"WebPage\",\"@id\":\"https:\/\/www.euromi.com\/fr\/politique-de-confidentialite\/#webpage\",\"url\":\"https:\/\/www.euromi.com\/fr\/politique-de-confidentialite\/\",\"name\":\"Politique de confidentialit\u00e9 - Euromi\",\"isPartOf\":{\"@id\":\"https:\/\/www.euromi.com\/fr\/#website\"},\"primaryImageOfPage\":{\"@id\":\"https:\/\/www.euromi.com\/fr\/politique-de-confidentialite\/#primaryimage\"},\"datePublished\":\"2021-10-08T13:32:23+00:00\",\"dateModified\":\"2023-12-28T11:07:25+00:00\",\"description\":\"Politique de confidentialit\u00e9 EUROMI SA - Toutes les donn\u00e9es personnelles qui sont n\u00e9cessaires au traitement d\u2019une commande sont destin\u00e9es \u00e0 EUROMI SA.\",\"breadcrumb\":{\"@id\":\"https:\/\/www.euromi.com\/fr\/politique-de-confidentialite\/#breadcrumb\"},\"inLanguage\":\"fr-FR\",\"potentialAction\":[{\"@type\":\"ReadAction\",\"target\":[\"https:\/\/www.euromi.com\/fr\/politique-de-confidentialite\/\"]}]},{\"@type\":\"BreadcrumbList\",\"@id\":\"https:\/\/www.euromi.com\/fr\/politique-de-confidentialite\/#breadcrumb\",\"itemListElement\":[{\"@type\":\"ListItem\",\"position\":1,\"name\":\"Accueil\",\"item\":\"https:\/\/www.euromi.com\/fr\/\"},{\"@type\":\"ListItem\",\"position\":2,\"name\":\"Politique de confidentialit\u00e9\"}]}]}<\/script>\n<!-- \/ Yoast SEO plugin. -->","yoast_head_json":{"title":"Politique de confidentialit\u00e9 - Euromi","description":"Politique de confidentialit\u00e9 EUROMI SA - Toutes les donn\u00e9es personnelles qui sont n\u00e9cessaires au traitement d\u2019une commande sont destin\u00e9es \u00e0 EUROMI SA.","robots":{"index":"index","follow":"nofollow","max-snippet":"max-snippet:-1","max-image-preview":"max-image-preview:large","max-video-preview":"max-video-preview:-1"},"canonical":"https:\/\/www.euromi.com\/fr\/politique-de-confidentialite\/","og_locale":"fr_FR","og_type":"article","og_title":"Politique de confidentialit\u00e9 - Euromi","og_description":"Politique de confidentialit\u00e9 EUROMI SA - Toutes les donn\u00e9es personnelles qui sont n\u00e9cessaires au traitement d\u2019une commande sont destin\u00e9es \u00e0 EUROMI SA.","og_url":"https:\/\/www.euromi.com\/fr\/politique-de-confidentialite\/","og_site_name":"Euromi","article_modified_time":"2023-12-28T11:07:25+00:00","og_image":[{"width":512,"height":512,"url":"https:\/\/www.euromi.com\/wp-content\/uploads\/2021\/10\/cropped-favicon.jpg","type":"image\/jpeg"}],"twitter_card":"summary_large_image","schema":{"@context":"https:\/\/schema.org","@graph":[{"@type":"Organization","@id":"https:\/\/www.euromi.com\/fr\/#organization","name":"Euromi","url":"https:\/\/www.euromi.com\/fr\/","sameAs":[],"logo":{"@type":"ImageObject","@id":"https:\/\/www.euromi.com\/fr\/#logo","inLanguage":"fr-FR","url":"https:\/\/www.euromi.com\/wp-content\/uploads\/2021\/10\/cropped-favicon.jpg","contentUrl":"https:\/\/www.euromi.com\/wp-content\/uploads\/2021\/10\/cropped-favicon.jpg","width":512,"height":512,"caption":"Euromi"},"image":{"@id":"https:\/\/www.euromi.com\/fr\/#logo"}},{"@type":"WebSite","@id":"https:\/\/www.euromi.com\/fr\/#website","url":"https:\/\/www.euromi.com\/fr\/","name":"Euromi","description":"Fabricant de Mat\u00e9riel M\u00e9dical","publisher":{"@id":"https:\/\/www.euromi.com\/fr\/#organization"},"potentialAction":[{"@type":"SearchAction","target":{"@type":"EntryPoint","urlTemplate":"https:\/\/www.euromi.com\/fr\/?s={search_term_string}"},"query-input":"required name=search_term_string"}],"inLanguage":"fr-FR"},{"@type":"ImageObject","@id":"https:\/\/www.euromi.com\/fr\/politique-de-confidentialite\/#primaryimage","inLanguage":"fr-FR","url":"https:\/\/www.euromi.com\/wp-content\/uploads\/2021\/10\/cropped-favicon.jpg","contentUrl":"https:\/\/www.euromi.com\/wp-content\/uploads\/2021\/10\/cropped-favicon.jpg","width":512,"height":512,"caption":"Euromi"},{"@type":"WebPage","@id":"https:\/\/www.euromi.com\/fr\/politique-de-confidentialite\/#webpage","url":"https:\/\/www.euromi.com\/fr\/politique-de-confidentialite\/","name":"Politique de confidentialit\u00e9 - Euromi","isPartOf":{"@id":"https:\/\/www.euromi.com\/fr\/#website"},"primaryImageOfPage":{"@id":"https:\/\/www.euromi.com\/fr\/politique-de-confidentialite\/#primaryimage"},"datePublished":"2021-10-08T13:32:23+00:00","dateModified":"2023-12-28T11:07:25+00:00","description":"Politique de confidentialit\u00e9 EUROMI SA - Toutes les donn\u00e9es personnelles qui sont n\u00e9cessaires au traitement d\u2019une commande sont destin\u00e9es \u00e0 EUROMI SA.","breadcrumb":{"@id":"https:\/\/www.euromi.com\/fr\/politique-de-confidentialite\/#breadcrumb"},"inLanguage":"fr-FR","potentialAction":[{"@type":"ReadAction","target":["https:\/\/www.euromi.com\/fr\/politique-de-confidentialite\/"]}]},{"@type":"BreadcrumbList","@id":"https:\/\/www.euromi.com\/fr\/politique-de-confidentialite\/#breadcrumb","itemListElement":[{"@type":"ListItem","position":1,"name":"Accueil","item":"https:\/\/www.euromi.com\/fr\/"},{"@type":"ListItem","position":2,"name":"Politique de confidentialit\u00e9"}]}]}},"jetpack-related-posts":[{"id":4191,"url":"https:\/\/www.euromi.com\/fr\/doc-professionnelle\/","url_meta":{"origin":3,"position":0},"title":"Documentation professionnelle","date":"05 octobre 2023","format":false,"excerpt":"","rel":"","context":"Article similaire","img":{"alt_text":"","src":"","width":0,"height":0},"classes":[]},{"id":4198,"url":"https:\/\/www.euromi.com\/en\/professional-documentation\/","url_meta":{"origin":3,"position":1},"title":"Professional documentation","date":"05 octobre 2023","format":false,"excerpt":"","rel":"","context":"Article similaire","img":{"alt_text":"","src":"","width":0,"height":0},"classes":[]},{"id":2,"url":"https:\/\/www.euromi.com\/fr\/","url_meta":{"origin":3,"position":2},"title":"Accueil","date":"08 octobre 2021","format":false,"excerpt":"","rel":"","context":"Article similaire","img":{"alt_text":"Euromi","src":"https:\/\/i0.wp.com\/www.euromi.com\/wp-content\/uploads\/2021\/10\/cropped-favicon.jpg?resize=350%2C200&ssl=1","width":350,"height":200},"classes":[]},{"id":1516,"url":"https:\/\/www.euromi.com\/fr\/conditions-generales-de-ventes\/","url_meta":{"origin":3,"position":3},"title":"Conditions G\u00e9n\u00e9rales de Ventes","date":"26 d\u00e9cembre 2021","format":false,"excerpt":"","rel":"","context":"Article similaire","img":{"alt_text":"Euromi","src":"https:\/\/i0.wp.com\/www.euromi.com\/wp-content\/uploads\/2021\/10\/cropped-favicon.jpg?resize=350%2C200&ssl=1","width":350,"height":200},"classes":[]},{"id":974,"url":"https:\/\/www.euromi.com\/fr\/contact\/","url_meta":{"origin":3,"position":4},"title":"Contact","date":"30 novembre 2021","format":false,"excerpt":"","rel":"","context":"Article similaire","img":{"alt_text":"Euromi","src":"https:\/\/i0.wp.com\/www.euromi.com\/wp-content\/uploads\/2021\/10\/cropped-favicon.jpg?resize=350%2C200&ssl=1","width":350,"height":200},"classes":[]},{"id":1027,"url":"https:\/\/www.euromi.com\/fr\/qui-sommes-nous\/","url_meta":{"origin":3,"position":5},"title":"Qui sommes nous?","date":"30 novembre 2021","format":false,"excerpt":"","rel":"","context":"Article similaire","img":{"alt_text":"Euromi","src":"https:\/\/i0.wp.com\/www.euromi.com\/wp-content\/uploads\/2021\/10\/cropped-favicon.jpg?resize=350%2C200&ssl=1","width":350,"height":200},"classes":[]}],"_links":{"self":[{"href":"https:\/\/www.euromi.com\/fr\/wp-json\/wp\/v2\/pages\/3"}],"collection":[{"href":"https:\/\/www.euromi.com\/fr\/wp-json\/wp\/v2\/pages"}],"about":[{"href":"https:\/\/www.euromi.com\/fr\/wp-json\/wp\/v2\/types\/page"}],"author":[{"embeddable":true,"href":"https:\/\/www.euromi.com\/fr\/wp-json\/wp\/v2\/users\/1"}],"replies":[{"embeddable":true,"href":"https:\/\/www.euromi.com\/fr\/wp-json\/wp\/v2\/comments?post=3"}],"version-history":[{"count":2,"href":"https:\/\/www.euromi.com\/fr\/wp-json\/wp\/v2\/pages\/3\/revisions"}],"predecessor-version":[{"id":4454,"href":"https:\/\/www.euromi.com\/fr\/wp-json\/wp\/v2\/pages\/3\/revisions\/4454"}],"wp:featuredmedia":[{"embeddable":true,"href":"https:\/\/www.euromi.com\/fr\/wp-json\/wp\/v2\/media\/103"}],"wp:attachment":[{"href":"https:\/\/www.euromi.com\/fr\/wp-json\/wp\/v2\/media?parent=3"}],"curies":[{"name":"wp","href":"https:\/\/api.w.org\/{rel}","templated":true}]}}