{"id":1498,"date":"2021-12-26T19:37:44","date_gmt":"2021-12-26T18:37:44","guid":{"rendered":"https:\/\/www.euromi.com\/?page_id=1498"},"modified":"2021-12-26T19:38:37","modified_gmt":"2021-12-26T18:38:37","slug":"politique-de-retour","status":"publish","type":"page","link":"https:\/\/www.euromi.com\/fr\/politique-de-retour\/","title":{"rendered":"Politique de Retour"},"content":{"rendered":"<p>[et_pb_section fb_built=&#8221;1&#8243; admin_label=&#8221;section&#8221; _builder_version=&#8221;3.22&#8243; custom_padding=&#8221;27px|||||&#8221; global_colors_info=&#8221;{}&#8221;][et_pb_row admin_label=&#8221;row&#8221; _builder_version=&#8221;3.25&#8243; background_size=&#8221;initial&#8221; background_position=&#8221;top_left&#8221; background_repeat=&#8221;repeat&#8221; global_colors_info=&#8221;{}&#8221;][et_pb_column type=&#8221;4_4&#8243; _builder_version=&#8221;3.25&#8243; custom_padding=&#8221;|||&#8221; global_colors_info=&#8221;{}&#8221; custom_padding__hover=&#8221;|||&#8221;][et_pb_text admin_label=&#8221;Text&#8221; _builder_version=&#8221;4.14.1&#8243; background_size=&#8221;initial&#8221; background_position=&#8221;top_left&#8221; background_repeat=&#8221;repeat&#8221; hover_enabled=&#8221;0&#8243; global_colors_info=&#8221;{}&#8221; sticky_enabled=&#8221;0&#8243;]<\/p>\n<p><!-- divi:heading --><\/p>\n<h1><strong>Politique de Retour EUROMI<\/strong><\/h1>\n<p>Nous nous engageons \u00e0 rembourser ou \u00e0 \u00e9changer les produits apparemment d\u00e9fectueux, ab\u00eem\u00e9s ou endommag\u00e9s ou non conformes \u00e0 votre commande, si imputables \u00e0\u00a0:<\/p>\n<p><strong>Euromi SA<\/strong><\/p>\n<p><strong>Z.I. des Plenesses<br \/>11, rue des Nouvelles Technologies<br \/>B-4821 Andrimont<br \/>BELGIQUE<\/strong><\/p>\n<p>Dans ce cas, nous vous remercions de bien vouloir en faire la demande par \u00e9crit et de nous renvoyer le ou les produits. EUROMI SA proc\u00e9dera alors \u00e0 l&#8217;\u00e9change ou au remboursement du ou des produits apr\u00e8s v\u00e9rification.<span><strong>\u00a0Les articles retourn\u00e9s incomplets, ab\u00eem\u00e9s, endommag\u00e9s, port\u00e9s (dans le cas de v\u00eatements distribu\u00e9s par EUROMI) ou salis par le client ne seront pas repris.<\/strong><\/span><\/p>\n<p>Les frais de retour seront rembours\u00e9s sur la base du tarif factur\u00e9 sur pr\u00e9sentation obligatoire des justificatifs.<\/p>\n<p>Les remboursements des produits dans les hypoth\u00e8ses vis\u00e9es seront effectu\u00e9s dans les meilleurs d\u00e9lais. Le remboursement s&#8217;effectuera par ch\u00e8que bancaire adress\u00e9 au nom du client ayant pass\u00e9 la commande et \u00e0 l&#8217;adresse de facturation ou par carte bancaire si le r\u00e8glement a \u00e9t\u00e9 fait par ce moyen de paiement.<\/p>\n<p>Pour les professionnels de sant\u00e9, le remboursement se fait sous forme d\u2019avoir valable pour d\u2019autres achats.<\/p>\n<p>Pour plus d\u2019informations concernant notre politique de retour, veuillez nous contacter \u00e0 <a href=\"mailto:info@euromi.com\">info@euromi.com<\/a> ou via notre site web dans la rubrique Contact.<\/p>\n<p>&nbsp;<\/p>\n<p><strong>Renonciation \u00e0 l\u2019achat &#8211; Droit de r\u00e9tractation<\/strong><\/p>\n<p>Une commande est d\u00e9finitive une fois que le bien a \u00e9t\u00e9 exp\u00e9di\u00e9, remis au transporteur.<\/p>\n<p>Le consommateur a le droit de notifier \u00e0 EUROMI qu\u2019il renonce \u00e0 l\u2019achat, sans p\u00e9nalit\u00e9 et sans indication de motif, dans les quatorze jours calendrier \u00e0 dater du lendemain du jour de livraison du bien.<\/p>\n<p>Toute demande de renonciation doit \u00eatre adress\u00e9e par \u00e9crit \u00e0 :<\/p>\n<p><strong>Euromi SA<\/strong><\/p>\n<p><strong>Z.I. des Plenesses<br \/>11, Rue des nouvelles technologies<br \/>B-4821 Andrimont<br \/>BELGIUM<\/strong><\/p>\n<p>Ou par e-mail :\u00a0<a href=\"mailto:internet@euromi.com\">internet@euromi.com<\/a>\u00a0<\/p>\n<p>Une confirmation de votre annulation vous parviendra par retour de mail.<\/p>\n<p>Si l\u2019acheteur a valablement fait usage de son droit de r\u00e9tractation par \u00e9crit dans un d\u00e9lai de 14 jours calendrier, il sera rembours\u00e9 du montant de la valeur du bien achet\u00e9.<\/p>\n<p>Toute renonciation d\u2019achat entra\u00eene l\u2019engagement de l\u2019acheteur \u00e0 renoncer d\u00e9finitivement et irr\u00e9vocablement \u00e0 utiliser le bien.<\/p>\n<p>Le bien devra \u00eatre directement retourn\u00e9 \u00e0 la soci\u00e9t\u00e9 EUROMI, au frais de l\u2019acheteur. Attention, les produits ne doivent pas \u00eatre ab\u00eem\u00e9s, utilis\u00e9s et doivent toujours \u00eatre dans leur emballage d&#8217;origine.<\/p>\n<p>L\u2019acheteur sera rembours\u00e9 au plus tard trente jours \u00e0 compter de la date de r\u00e9ception du produit retourn\u00e9 \u00e0 la soci\u00e9t\u00e9 EUROMI. L\u2019acheteur sera rembours\u00e9 du montant qu\u2019il a vers\u00e9 sur le compte bancaire li\u00e9 \u00e0 la carte utilis\u00e9e pour le paiement.<\/p>\n<p>Les frais administratifs et bancaires occasionn\u00e9s seront retenus du montant des achats.<\/p>\n<p><!-- \/divi:heading --><\/p>\n<p>[\/et_pb_text][\/et_pb_column][\/et_pb_row][\/et_pb_section]<\/p>\n","protected":false},"excerpt":{"rendered":"<p>Politique de Retour EUROMI Nous nous engageons \u00e0 rembourser ou \u00e0 \u00e9changer les produits apparemment d\u00e9fectueux, ab\u00eem\u00e9s ou endommag\u00e9s ou non conformes \u00e0 votre commande, si imputables \u00e0\u00a0: Euromi SA Z.I. des Plenesses11, rue des Nouvelles TechnologiesB-4821 AndrimontBELGIQUE Dans ce cas, nous vous remercions de bien vouloir en faire la demande par \u00e9crit et de [&hellip;]<\/p>\n","protected":false},"author":1,"featured_media":103,"parent":0,"menu_order":0,"comment_status":"closed","ping_status":"open","template":"","meta":{"_et_pb_use_builder":"on","_et_pb_old_content":"<!-- wp:heading --><h2>Qui sommes-nous\u00a0?<\/h2><!-- \/wp:heading --><!-- wp:paragraph --><p>L\u2019adresse de notre site Web est\u00a0: http:\/\/www.euromi.com.<\/p><!-- \/wp:paragraph --><!-- wp:heading --><h2>Utilisation des donn\u00e9es personnelles collect\u00e9es<\/h2><!-- \/wp:heading --><!-- wp:heading {\"level\":3} --><h3>Commentaires<\/h3><!-- \/wp:heading --><!-- wp:paragraph --><p>Quand vous laissez un commentaire sur notre site web, les donn\u00e9es inscrites dans le formulaire de commentaire, mais aussi votre adresse IP et l\u2019agent utilisateur de votre navigateur sont collect\u00e9s pour nous aider \u00e0 la d\u00e9tection des commentaires ind\u00e9sirables.<\/p><!-- \/wp:paragraph --><!-- wp:paragraph --><p>Une cha\u00eene anonymis\u00e9e cr\u00e9\u00e9e \u00e0 partir de votre adresse de messagerie (\u00e9galement appel\u00e9e hash) peut \u00eatre envoy\u00e9e au service Gravatar pour v\u00e9rifier si vous utilisez ce dernier. Les clauses de confidentialit\u00e9 du service Gravatar sont disponibles ici\u00a0: https:\/\/automattic.com\/privacy\/. Apr\u00e8s validation de votre commentaire, votre photo de profil sera visible publiquement \u00e0 cot\u00e9 de votre commentaire.<\/p><!-- \/wp:paragraph --><!-- wp:heading {\"level\":3} --><h3>M\u00e9dias<\/h3><!-- \/wp:heading --><!-- wp:paragraph --><p>Si vous \u00eates un utilisateur ou une utilisatrice enregistr\u00e9\u00b7e et que vous t\u00e9l\u00e9versez des images sur le site web, nous vous conseillons d\u2019\u00e9viter de t\u00e9l\u00e9verser des images contenant des donn\u00e9es EXIF de coordonn\u00e9es GPS. Les visiteurs de votre site web peuvent t\u00e9l\u00e9charger et extraire des donn\u00e9es de localisation depuis ces images.<\/p><!-- \/wp:paragraph --><!-- wp:heading {\"level\":3} --><h3>Formulaires de contact<\/h3><!-- \/wp:heading --><!-- wp:heading {\"level\":3} --><h3>Cookies<\/h3><!-- \/wp:heading --><!-- wp:paragraph --><p>Si vous d\u00e9posez un commentaire sur notre site, il vous sera propos\u00e9 d\u2019enregistrer votre nom, adresse de messagerie et site web dans des cookies. C\u2019est uniquement pour votre confort afin de ne pas avoir \u00e0 saisir ces informations si vous d\u00e9posez un autre commentaire plus tard. Ces cookies expirent au bout d\u2019un an.<\/p><!-- \/wp:paragraph --><!-- wp:paragraph --><p>Si vous vous rendez sur la page de connexion, un cookie temporaire sera cr\u00e9\u00e9 afin de d\u00e9terminer si votre navigateur accepte les cookies. Il ne contient pas de donn\u00e9es personnelles et sera supprim\u00e9 automatiquement \u00e0 la fermeture de votre navigateur.<\/p><!-- \/wp:paragraph --><!-- wp:paragraph --><p>Lorsque vous vous connecterez, nous mettrons en place un certain nombre de cookies pour enregistrer vos informations de connexion et vos pr\u00e9f\u00e9rences d\u2019\u00e9cran. La dur\u00e9e de vie d\u2019un cookie de connexion est de deux jours, celle d\u2019un cookie d\u2019option d\u2019\u00e9cran est d\u2019un an. Si vous cochez \u00ab\u00a0Se souvenir de moi\u00a0\u00bb, votre cookie de connexion sera conserv\u00e9 pendant deux semaines. Si vous vous d\u00e9connectez de votre compte, le cookie de connexion sera effac\u00e9.<\/p><!-- \/wp:paragraph --><!-- wp:paragraph --><p>En modifiant ou en publiant une publication, un cookie suppl\u00e9mentaire sera enregistr\u00e9 dans votre navigateur. Ce cookie ne comprend aucune donn\u00e9e personnelle. Il indique simplement l\u2019ID de la publication que vous venez de modifier. Il expire au bout d\u2019un jour.<\/p><!-- \/wp:paragraph --><!-- wp:heading {\"level\":3} --><h3>Contenu embarqu\u00e9 depuis d\u2019autres sites<\/h3><!-- \/wp:heading --><!-- wp:paragraph --><p>Les articles de ce site peuvent inclure des contenus int\u00e9gr\u00e9s (par exemple des vid\u00e9os, images, articles\u2026). Le contenu int\u00e9gr\u00e9 depuis d\u2019autres sites se comporte de la m\u00eame mani\u00e8re que si le visiteur se rendait sur cet autre site.<\/p><!-- \/wp:paragraph --><!-- wp:paragraph --><p>Ces sites web pourraient collecter des donn\u00e9es sur vous, utiliser des cookies, embarquer des outils de suivis tiers, suivre vos interactions avec ces contenus embarqu\u00e9s si vous disposez d\u2019un compte connect\u00e9 sur leur site web.<\/p><!-- \/wp:paragraph --><!-- wp:heading {\"level\":3} --><h3>Statistiques et mesures d\u2019audience<\/h3><!-- \/wp:heading --><!-- wp:heading --><h2>Utilisation et transmission de vos donn\u00e9es personnelles<\/h2><!-- \/wp:heading --><!-- wp:heading --><h2>Dur\u00e9es de stockage de vos donn\u00e9es<\/h2><!-- \/wp:heading --><!-- wp:paragraph --><p>Si vous laissez un commentaire, le commentaire et ses m\u00e9tadonn\u00e9es sont conserv\u00e9s ind\u00e9finiment. Cela permet de reconna\u00eetre et approuver automatiquement les commentaires suivants au lieu de les laisser dans la file de mod\u00e9ration.<\/p><!-- \/wp:paragraph --><!-- wp:paragraph --><p>Pour les utilisateurs et utilisatrices qui s\u2019inscrivent sur notre site (si cela est possible), nous stockons \u00e9galement les donn\u00e9es personnelles indiqu\u00e9es dans leur profil. Tous les utilisateurs et utilisatrices peuvent voir, modifier ou supprimer leurs informations personnelles \u00e0 tout moment (\u00e0 l\u2019exception de leur nom d\u2019utilisateur\u00b7ice). Les gestionnaires du site peuvent aussi voir et modifier ces informations.<\/p><!-- \/wp:paragraph --><!-- wp:heading --><h2>Les droits que vous avez sur vos donn\u00e9es<\/h2><!-- \/wp:heading --><!-- wp:paragraph --><p>Si vous avez un compte ou si vous avez laiss\u00e9 des commentaires sur le site, vous pouvez demander \u00e0 recevoir un fichier contenant toutes les donn\u00e9es personnelles que nous poss\u00e9dons \u00e0 votre sujet, incluant celles que vous nous avez fournies. Vous pouvez \u00e9galement demander la suppression des donn\u00e9es personnelles vous concernant. Cela ne prend pas en compte les donn\u00e9es stock\u00e9es \u00e0 des fins administratives, l\u00e9gales ou pour des raisons de s\u00e9curit\u00e9.<\/p><!-- \/wp:paragraph --><!-- wp:heading --><h2>Transmission de vos donn\u00e9es personnelles<\/h2><!-- \/wp:heading --><!-- wp:paragraph --><p>Les commentaires des visiteurs peuvent \u00eatre v\u00e9rifi\u00e9s \u00e0 l\u2019aide d\u2019un service automatis\u00e9 de d\u00e9tection des commentaires ind\u00e9sirables.<\/p><!-- \/wp:paragraph --><!-- wp:heading --><h2>Informations de contact<\/h2><!-- \/wp:heading --><!-- wp:heading --><h2>Informations suppl\u00e9mentaires<\/h2><!-- \/wp:heading --><!-- wp:heading {\"level\":3} --><h3>Comment nous prot\u00e9geons vos donn\u00e9es<\/h3><!-- \/wp:heading --><!-- wp:heading {\"level\":3} --><h3>Proc\u00e9dures mises en \u0153uvre en cas de fuite de donn\u00e9es<\/h3><!-- \/wp:heading --><!-- wp:heading {\"level\":3} --><h3>Les services tiers qui nous transmettent des donn\u00e9es<\/h3><!-- \/wp:heading --><!-- wp:heading {\"level\":3} --><h3>Op\u00e9rations de marketing automatis\u00e9 et\/ou de profilage r\u00e9alis\u00e9es \u00e0 l\u2019aide des donn\u00e9es personnelles<\/h3><!-- \/wp:heading --><!-- wp:heading {\"level\":3} --><h3>Affichage des informations li\u00e9es aux secteurs soumis \u00e0 des r\u00e9gulations sp\u00e9cifiques<\/h3><!-- \/wp:heading -->","_et_gb_content_width":"","spay_email":""},"yoast_head":"<!-- This site is optimized with the Yoast SEO plugin v18.2 - https:\/\/yoast.com\/wordpress\/plugins\/seo\/ -->\n<title>Politique de Retour - Euromi<\/title>\n<meta name=\"description\" content=\"Nous nous engageons \u00e0 rembourser ou \u00e0 \u00e9changer les produits apparemment d\u00e9fectueux, ab\u00eem\u00e9s ou endommag\u00e9s ou non conformes \u00e0 votre commande\" \/>\n<meta name=\"robots\" content=\"index, nofollow, max-snippet:-1, max-image-preview:large, max-video-preview:-1\" \/>\n<link rel=\"canonical\" href=\"https:\/\/www.euromi.com\/fr\/politique-de-retour\/\" \/>\n<meta property=\"og:locale\" content=\"fr_FR\" \/>\n<meta property=\"og:type\" content=\"article\" \/>\n<meta property=\"og:title\" content=\"Politique de Retour - Euromi\" \/>\n<meta property=\"og:description\" content=\"Nous nous engageons \u00e0 rembourser ou \u00e0 \u00e9changer les produits apparemment d\u00e9fectueux, ab\u00eem\u00e9s ou endommag\u00e9s ou non conformes \u00e0 votre commande\" \/>\n<meta property=\"og:url\" content=\"https:\/\/www.euromi.com\/fr\/politique-de-retour\/\" \/>\n<meta property=\"og:site_name\" content=\"Euromi\" \/>\n<meta property=\"article:modified_time\" content=\"2021-12-26T18:38:37+00:00\" \/>\n<meta property=\"og:image\" content=\"https:\/\/www.euromi.com\/wp-content\/uploads\/2021\/10\/cropped-favicon.jpg\" \/>\n\t<meta property=\"og:image:width\" content=\"512\" \/>\n\t<meta property=\"og:image:height\" content=\"512\" \/>\n\t<meta property=\"og:image:type\" content=\"image\/jpeg\" \/>\n<meta name=\"twitter:card\" content=\"summary_large_image\" \/>\n<script type=\"application\/ld+json\" class=\"yoast-schema-graph\">{\"@context\":\"https:\/\/schema.org\",\"@graph\":[{\"@type\":\"Organization\",\"@id\":\"https:\/\/www.euromi.com\/fr\/#organization\",\"name\":\"Euromi\",\"url\":\"https:\/\/www.euromi.com\/fr\/\",\"sameAs\":[],\"logo\":{\"@type\":\"ImageObject\",\"@id\":\"https:\/\/www.euromi.com\/fr\/#logo\",\"inLanguage\":\"fr-FR\",\"url\":\"https:\/\/www.euromi.com\/wp-content\/uploads\/2021\/10\/cropped-favicon.jpg\",\"contentUrl\":\"https:\/\/www.euromi.com\/wp-content\/uploads\/2021\/10\/cropped-favicon.jpg\",\"width\":512,\"height\":512,\"caption\":\"Euromi\"},\"image\":{\"@id\":\"https:\/\/www.euromi.com\/fr\/#logo\"}},{\"@type\":\"WebSite\",\"@id\":\"https:\/\/www.euromi.com\/fr\/#website\",\"url\":\"https:\/\/www.euromi.com\/fr\/\",\"name\":\"Euromi\",\"description\":\"Fabricant de Mat\u00e9riel M\u00e9dical\",\"publisher\":{\"@id\":\"https:\/\/www.euromi.com\/fr\/#organization\"},\"potentialAction\":[{\"@type\":\"SearchAction\",\"target\":{\"@type\":\"EntryPoint\",\"urlTemplate\":\"https:\/\/www.euromi.com\/fr\/?s={search_term_string}\"},\"query-input\":\"required name=search_term_string\"}],\"inLanguage\":\"fr-FR\"},{\"@type\":\"ImageObject\",\"@id\":\"https:\/\/www.euromi.com\/fr\/politique-de-retour\/#primaryimage\",\"inLanguage\":\"fr-FR\",\"url\":\"https:\/\/www.euromi.com\/wp-content\/uploads\/2021\/10\/cropped-favicon.jpg\",\"contentUrl\":\"https:\/\/www.euromi.com\/wp-content\/uploads\/2021\/10\/cropped-favicon.jpg\",\"width\":512,\"height\":512,\"caption\":\"Euromi\"},{\"@type\":\"WebPage\",\"@id\":\"https:\/\/www.euromi.com\/fr\/politique-de-retour\/#webpage\",\"url\":\"https:\/\/www.euromi.com\/fr\/politique-de-retour\/\",\"name\":\"Politique de Retour - Euromi\",\"isPartOf\":{\"@id\":\"https:\/\/www.euromi.com\/fr\/#website\"},\"primaryImageOfPage\":{\"@id\":\"https:\/\/www.euromi.com\/fr\/politique-de-retour\/#primaryimage\"},\"datePublished\":\"2021-12-26T18:37:44+00:00\",\"dateModified\":\"2021-12-26T18:38:37+00:00\",\"description\":\"Nous nous engageons \u00e0 rembourser ou \u00e0 \u00e9changer les produits apparemment d\u00e9fectueux, ab\u00eem\u00e9s ou endommag\u00e9s ou non conformes \u00e0 votre commande\",\"breadcrumb\":{\"@id\":\"https:\/\/www.euromi.com\/fr\/politique-de-retour\/#breadcrumb\"},\"inLanguage\":\"fr-FR\",\"potentialAction\":[{\"@type\":\"ReadAction\",\"target\":[\"https:\/\/www.euromi.com\/fr\/politique-de-retour\/\"]}]},{\"@type\":\"BreadcrumbList\",\"@id\":\"https:\/\/www.euromi.com\/fr\/politique-de-retour\/#breadcrumb\",\"itemListElement\":[{\"@type\":\"ListItem\",\"position\":1,\"name\":\"Accueil\",\"item\":\"https:\/\/www.euromi.com\/fr\/\"},{\"@type\":\"ListItem\",\"position\":2,\"name\":\"Politique de Retour\"}]}]}<\/script>\n<!-- \/ Yoast SEO plugin. -->","yoast_head_json":{"title":"Politique de Retour - Euromi","description":"Nous nous engageons \u00e0 rembourser ou \u00e0 \u00e9changer les produits apparemment d\u00e9fectueux, ab\u00eem\u00e9s ou endommag\u00e9s ou non conformes \u00e0 votre commande","robots":{"index":"index","follow":"nofollow","max-snippet":"max-snippet:-1","max-image-preview":"max-image-preview:large","max-video-preview":"max-video-preview:-1"},"canonical":"https:\/\/www.euromi.com\/fr\/politique-de-retour\/","og_locale":"fr_FR","og_type":"article","og_title":"Politique de Retour - Euromi","og_description":"Nous nous engageons \u00e0 rembourser ou \u00e0 \u00e9changer les produits apparemment d\u00e9fectueux, ab\u00eem\u00e9s ou endommag\u00e9s ou non conformes \u00e0 votre commande","og_url":"https:\/\/www.euromi.com\/fr\/politique-de-retour\/","og_site_name":"Euromi","article_modified_time":"2021-12-26T18:38:37+00:00","og_image":[{"width":512,"height":512,"url":"https:\/\/www.euromi.com\/wp-content\/uploads\/2021\/10\/cropped-favicon.jpg","type":"image\/jpeg"}],"twitter_card":"summary_large_image","schema":{"@context":"https:\/\/schema.org","@graph":[{"@type":"Organization","@id":"https:\/\/www.euromi.com\/fr\/#organization","name":"Euromi","url":"https:\/\/www.euromi.com\/fr\/","sameAs":[],"logo":{"@type":"ImageObject","@id":"https:\/\/www.euromi.com\/fr\/#logo","inLanguage":"fr-FR","url":"https:\/\/www.euromi.com\/wp-content\/uploads\/2021\/10\/cropped-favicon.jpg","contentUrl":"https:\/\/www.euromi.com\/wp-content\/uploads\/2021\/10\/cropped-favicon.jpg","width":512,"height":512,"caption":"Euromi"},"image":{"@id":"https:\/\/www.euromi.com\/fr\/#logo"}},{"@type":"WebSite","@id":"https:\/\/www.euromi.com\/fr\/#website","url":"https:\/\/www.euromi.com\/fr\/","name":"Euromi","description":"Fabricant de Mat\u00e9riel M\u00e9dical","publisher":{"@id":"https:\/\/www.euromi.com\/fr\/#organization"},"potentialAction":[{"@type":"SearchAction","target":{"@type":"EntryPoint","urlTemplate":"https:\/\/www.euromi.com\/fr\/?s={search_term_string}"},"query-input":"required name=search_term_string"}],"inLanguage":"fr-FR"},{"@type":"ImageObject","@id":"https:\/\/www.euromi.com\/fr\/politique-de-retour\/#primaryimage","inLanguage":"fr-FR","url":"https:\/\/www.euromi.com\/wp-content\/uploads\/2021\/10\/cropped-favicon.jpg","contentUrl":"https:\/\/www.euromi.com\/wp-content\/uploads\/2021\/10\/cropped-favicon.jpg","width":512,"height":512,"caption":"Euromi"},{"@type":"WebPage","@id":"https:\/\/www.euromi.com\/fr\/politique-de-retour\/#webpage","url":"https:\/\/www.euromi.com\/fr\/politique-de-retour\/","name":"Politique de Retour - Euromi","isPartOf":{"@id":"https:\/\/www.euromi.com\/fr\/#website"},"primaryImageOfPage":{"@id":"https:\/\/www.euromi.com\/fr\/politique-de-retour\/#primaryimage"},"datePublished":"2021-12-26T18:37:44+00:00","dateModified":"2021-12-26T18:38:37+00:00","description":"Nous nous engageons \u00e0 rembourser ou \u00e0 \u00e9changer les produits apparemment d\u00e9fectueux, ab\u00eem\u00e9s ou endommag\u00e9s ou non conformes \u00e0 votre commande","breadcrumb":{"@id":"https:\/\/www.euromi.com\/fr\/politique-de-retour\/#breadcrumb"},"inLanguage":"fr-FR","potentialAction":[{"@type":"ReadAction","target":["https:\/\/www.euromi.com\/fr\/politique-de-retour\/"]}]},{"@type":"BreadcrumbList","@id":"https:\/\/www.euromi.com\/fr\/politique-de-retour\/#breadcrumb","itemListElement":[{"@type":"ListItem","position":1,"name":"Accueil","item":"https:\/\/www.euromi.com\/fr\/"},{"@type":"ListItem","position":2,"name":"Politique de Retour"}]}]}},"jetpack-related-posts":[],"_links":{"self":[{"href":"https:\/\/www.euromi.com\/fr\/wp-json\/wp\/v2\/pages\/1498"}],"collection":[{"href":"https:\/\/www.euromi.com\/fr\/wp-json\/wp\/v2\/pages"}],"about":[{"href":"https:\/\/www.euromi.com\/fr\/wp-json\/wp\/v2\/types\/page"}],"author":[{"embeddable":true,"href":"https:\/\/www.euromi.com\/fr\/wp-json\/wp\/v2\/users\/1"}],"replies":[{"embeddable":true,"href":"https:\/\/www.euromi.com\/fr\/wp-json\/wp\/v2\/comments?post=1498"}],"version-history":[{"count":2,"href":"https:\/\/www.euromi.com\/fr\/wp-json\/wp\/v2\/pages\/1498\/revisions"}],"predecessor-version":[{"id":1502,"href":"https:\/\/www.euromi.com\/fr\/wp-json\/wp\/v2\/pages\/1498\/revisions\/1502"}],"wp:featuredmedia":[{"embeddable":true,"href":"https:\/\/www.euromi.com\/fr\/wp-json\/wp\/v2\/media\/103"}],"wp:attachment":[{"href":"https:\/\/www.euromi.com\/fr\/wp-json\/wp\/v2\/media?parent=1498"}],"curies":[{"name":"wp","href":"https:\/\/api.w.org\/{rel}","templated":true}]}}