{"id":2161,"date":"2022-01-18T11:53:41","date_gmt":"2022-01-18T10:53:42","guid":{"rendered":"https:\/\/www.euromi.com\/?post_type=product&#038;p=2161"},"modified":"2024-01-24T10:31:55","modified_gmt":"2024-01-24T09:31:55","slug":"lipofilling-nlfsystem","status":"publish","type":"product","link":"https:\/\/www.euromi.com\/en\/p\/lipofilling-nlfsystem\/","title":{"rendered":"N.L.F. System\u00ae"},"content":{"rendered":"<p>Euromi developed a<strong> lipofilling system<\/strong>, the<strong> N.L.F. System\u00ae<\/strong>, based on the N.I.L.\u00ae technology. This system is composed of a <strong>sterile single-use, biocompatible and close-circuit harvesting kit<\/strong> that can be used for small and large volumes.<\/p>\n<p>&nbsp;<\/p>\n<p><strong><u>This product is a medical device intended for use by qualified healthcare professionals.<\/u><\/strong><\/p>\n<p><em><strong>If you are a healthcare professional<\/strong> and would like more information about this product, please complete the form opposite.<\/em><\/p>\n<p><em><strong>If you are an individual<\/strong>, for more information, please refer to your healthcare professional.<\/em><\/p>\n<p>&nbsp;<\/p>\n","protected":false},"excerpt":{"rendered":"<p>Euromi developed a lipofilling system, the N.L.F. System\u00ae, based on the N.I.L.\u00ae technology. This system is composed of a sterile single-use, biocompatible and close-circuit harvesting kit that can be used for small and large volumes. &nbsp; This product is a medical device intended for use by qualified healthcare professionals. If you are a healthcare professional [&hellip;]<\/p>\n","protected":false},"featured_media":4537,"template":"","meta":{"_et_pb_use_builder":"","_et_pb_old_content":"","_et_gb_content_width":"","spay_email":""},"product_cat":[73],"product_tag":[],"yoast_head":"<!-- This site is optimized with the Yoast SEO plugin v18.2 - https:\/\/yoast.com\/wordpress\/plugins\/seo\/ -->\n<title>N.L.F. System\u00ae for lipofilling - Euromi<\/title>\n<meta name=\"description\" content=\"N.L.F. System\u00ae, based on the N.I.L.\u00ae technology is a sterile, single-use, biocompatible and close-circuit harvesting kit for lipofilling.\" \/>\n<meta name=\"robots\" content=\"index, follow, max-snippet:-1, max-image-preview:large, max-video-preview:-1\" \/>\n<link rel=\"canonical\" href=\"https:\/\/www.euromi.com\/en\/p\/lipofilling-nlfsystem\/\" \/>\n<meta property=\"og:locale\" content=\"en_US\" \/>\n<meta property=\"og:type\" content=\"article\" \/>\n<meta property=\"og:title\" content=\"N.L.F. System\u00ae for lipofilling - Euromi\" \/>\n<meta property=\"og:description\" content=\"N.L.F. System\u00ae, based on the N.I.L.\u00ae technology is a sterile, single-use, biocompatible and close-circuit harvesting kit for lipofilling.\" \/>\n<meta property=\"og:url\" content=\"https:\/\/www.euromi.com\/en\/p\/lipofilling-nlfsystem\/\" \/>\n<meta property=\"og:site_name\" content=\"Euromi\" \/>\n<meta property=\"article:modified_time\" content=\"2024-01-24T09:31:55+00:00\" \/>\n<meta property=\"og:image\" content=\"https:\/\/www.euromi.com\/wp-content\/uploads\/2022\/01\/NLF-SYSTEM-2-scaled.jpg\" \/>\n\t<meta property=\"og:image:width\" content=\"2560\" \/>\n\t<meta property=\"og:image:height\" content=\"1440\" \/>\n\t<meta property=\"og:image:type\" content=\"image\/jpeg\" \/>\n<meta name=\"twitter:card\" content=\"summary_large_image\" \/>\n<script type=\"application\/ld+json\" class=\"yoast-schema-graph\">{\"@context\":\"https:\/\/schema.org\",\"@graph\":[{\"@type\":\"Organization\",\"@id\":\"https:\/\/www.euromi.com\/fr\/#organization\",\"name\":\"Euromi\",\"url\":\"https:\/\/www.euromi.com\/fr\/\",\"sameAs\":[],\"logo\":{\"@type\":\"ImageObject\",\"@id\":\"https:\/\/www.euromi.com\/fr\/#logo\",\"inLanguage\":\"en-US\",\"url\":\"https:\/\/www.euromi.com\/wp-content\/uploads\/2021\/10\/cropped-favicon.jpg\",\"contentUrl\":\"https:\/\/www.euromi.com\/wp-content\/uploads\/2021\/10\/cropped-favicon.jpg\",\"width\":512,\"height\":512,\"caption\":\"Euromi\"},\"image\":{\"@id\":\"https:\/\/www.euromi.com\/fr\/#logo\"}},{\"@type\":\"WebSite\",\"@id\":\"https:\/\/www.euromi.com\/fr\/#website\",\"url\":\"https:\/\/www.euromi.com\/fr\/\",\"name\":\"Euromi\",\"description\":\"Fabricant de Mat\u00e9riel M\u00e9dical\",\"publisher\":{\"@id\":\"https:\/\/www.euromi.com\/fr\/#organization\"},\"potentialAction\":[{\"@type\":\"SearchAction\",\"target\":{\"@type\":\"EntryPoint\",\"urlTemplate\":\"https:\/\/www.euromi.com\/fr\/?s={search_term_string}\"},\"query-input\":\"required name=search_term_string\"}],\"inLanguage\":\"en-US\"},{\"@type\":\"ImageObject\",\"@id\":\"https:\/\/www.euromi.com\/en\/p\/lipofilling-nlfsystem\/#primaryimage\",\"inLanguage\":\"en-US\",\"url\":\"https:\/\/www.euromi.com\/wp-content\/uploads\/2022\/01\/NLF-SYSTEM-2-scaled.jpg\",\"contentUrl\":\"https:\/\/www.euromi.com\/wp-content\/uploads\/2022\/01\/NLF-SYSTEM-2-scaled.jpg\",\"width\":2560,\"height\":1440},{\"@type\":\"WebPage\",\"@id\":\"https:\/\/www.euromi.com\/en\/p\/lipofilling-nlfsystem\/#webpage\",\"url\":\"https:\/\/www.euromi.com\/en\/p\/lipofilling-nlfsystem\/\",\"name\":\"N.L.F. System\u00ae for lipofilling - Euromi\",\"isPartOf\":{\"@id\":\"https:\/\/www.euromi.com\/fr\/#website\"},\"primaryImageOfPage\":{\"@id\":\"https:\/\/www.euromi.com\/en\/p\/lipofilling-nlfsystem\/#primaryimage\"},\"datePublished\":\"2022-01-18T10:53:42+00:00\",\"dateModified\":\"2024-01-24T09:31:55+00:00\",\"description\":\"N.L.F. System\u00ae, based on the N.I.L.\u00ae technology is a sterile, single-use, biocompatible and close-circuit harvesting kit for lipofilling.\",\"breadcrumb\":{\"@id\":\"https:\/\/www.euromi.com\/en\/p\/lipofilling-nlfsystem\/#breadcrumb\"},\"inLanguage\":\"en-US\",\"potentialAction\":[{\"@type\":\"ReadAction\",\"target\":[\"https:\/\/www.euromi.com\/en\/p\/lipofilling-nlfsystem\/\"]}]},{\"@type\":\"BreadcrumbList\",\"@id\":\"https:\/\/www.euromi.com\/en\/p\/lipofilling-nlfsystem\/#breadcrumb\",\"itemListElement\":[{\"@type\":\"ListItem\",\"position\":1,\"name\":\"Home\",\"item\":\"https:\/\/www.euromi.com\/en\/\"},{\"@type\":\"ListItem\",\"position\":2,\"name\":\"Shop\",\"item\":\"https:\/\/www.euromi.com\/en\/shop\/\"},{\"@type\":\"ListItem\",\"position\":3,\"name\":\"Liposculpture\",\"item\":\"https:\/\/www.euromi.com\/en\/catp\/nutational-infrasonic-liposculpture-nil\/\"},{\"@type\":\"ListItem\",\"position\":4,\"name\":\"Eva sp\u00ae\",\"item\":\"https:\/\/www.euromi.com\/en\/catp\/nutational-infrasonic-liposculpture-nil\/eva-sp\/\"},{\"@type\":\"ListItem\",\"position\":5,\"name\":\"N.L.F. System\u00ae\"}]}]}<\/script>\n<!-- \/ Yoast SEO plugin. -->","yoast_head_json":{"title":"N.L.F. System\u00ae for lipofilling - Euromi","description":"N.L.F. System\u00ae, based on the N.I.L.\u00ae technology is a sterile, single-use, biocompatible and close-circuit harvesting kit for lipofilling.","robots":{"index":"index","follow":"follow","max-snippet":"max-snippet:-1","max-image-preview":"max-image-preview:large","max-video-preview":"max-video-preview:-1"},"canonical":"https:\/\/www.euromi.com\/en\/p\/lipofilling-nlfsystem\/","og_locale":"en_US","og_type":"article","og_title":"N.L.F. System\u00ae for lipofilling - Euromi","og_description":"N.L.F. System\u00ae, based on the N.I.L.\u00ae technology is a sterile, single-use, biocompatible and close-circuit harvesting kit for lipofilling.","og_url":"https:\/\/www.euromi.com\/en\/p\/lipofilling-nlfsystem\/","og_site_name":"Euromi","article_modified_time":"2024-01-24T09:31:55+00:00","og_image":[{"width":2560,"height":1440,"url":"https:\/\/www.euromi.com\/wp-content\/uploads\/2022\/01\/NLF-SYSTEM-2-scaled.jpg","type":"image\/jpeg"}],"twitter_card":"summary_large_image","schema":{"@context":"https:\/\/schema.org","@graph":[{"@type":"Organization","@id":"https:\/\/www.euromi.com\/fr\/#organization","name":"Euromi","url":"https:\/\/www.euromi.com\/fr\/","sameAs":[],"logo":{"@type":"ImageObject","@id":"https:\/\/www.euromi.com\/fr\/#logo","inLanguage":"en-US","url":"https:\/\/www.euromi.com\/wp-content\/uploads\/2021\/10\/cropped-favicon.jpg","contentUrl":"https:\/\/www.euromi.com\/wp-content\/uploads\/2021\/10\/cropped-favicon.jpg","width":512,"height":512,"caption":"Euromi"},"image":{"@id":"https:\/\/www.euromi.com\/fr\/#logo"}},{"@type":"WebSite","@id":"https:\/\/www.euromi.com\/fr\/#website","url":"https:\/\/www.euromi.com\/fr\/","name":"Euromi","description":"Fabricant de Mat\u00e9riel M\u00e9dical","publisher":{"@id":"https:\/\/www.euromi.com\/fr\/#organization"},"potentialAction":[{"@type":"SearchAction","target":{"@type":"EntryPoint","urlTemplate":"https:\/\/www.euromi.com\/fr\/?s={search_term_string}"},"query-input":"required name=search_term_string"}],"inLanguage":"en-US"},{"@type":"ImageObject","@id":"https:\/\/www.euromi.com\/en\/p\/lipofilling-nlfsystem\/#primaryimage","inLanguage":"en-US","url":"https:\/\/www.euromi.com\/wp-content\/uploads\/2022\/01\/NLF-SYSTEM-2-scaled.jpg","contentUrl":"https:\/\/www.euromi.com\/wp-content\/uploads\/2022\/01\/NLF-SYSTEM-2-scaled.jpg","width":2560,"height":1440},{"@type":"WebPage","@id":"https:\/\/www.euromi.com\/en\/p\/lipofilling-nlfsystem\/#webpage","url":"https:\/\/www.euromi.com\/en\/p\/lipofilling-nlfsystem\/","name":"N.L.F. System\u00ae for lipofilling - Euromi","isPartOf":{"@id":"https:\/\/www.euromi.com\/fr\/#website"},"primaryImageOfPage":{"@id":"https:\/\/www.euromi.com\/en\/p\/lipofilling-nlfsystem\/#primaryimage"},"datePublished":"2022-01-18T10:53:42+00:00","dateModified":"2024-01-24T09:31:55+00:00","description":"N.L.F. System\u00ae, based on the N.I.L.\u00ae technology is a sterile, single-use, biocompatible and close-circuit harvesting kit for lipofilling.","breadcrumb":{"@id":"https:\/\/www.euromi.com\/en\/p\/lipofilling-nlfsystem\/#breadcrumb"},"inLanguage":"en-US","potentialAction":[{"@type":"ReadAction","target":["https:\/\/www.euromi.com\/en\/p\/lipofilling-nlfsystem\/"]}]},{"@type":"BreadcrumbList","@id":"https:\/\/www.euromi.com\/en\/p\/lipofilling-nlfsystem\/#breadcrumb","itemListElement":[{"@type":"ListItem","position":1,"name":"Home","item":"https:\/\/www.euromi.com\/en\/"},{"@type":"ListItem","position":2,"name":"Shop","item":"https:\/\/www.euromi.com\/en\/shop\/"},{"@type":"ListItem","position":3,"name":"Liposculpture","item":"https:\/\/www.euromi.com\/en\/catp\/nutational-infrasonic-liposculpture-nil\/"},{"@type":"ListItem","position":4,"name":"Eva sp\u00ae","item":"https:\/\/www.euromi.com\/en\/catp\/nutational-infrasonic-liposculpture-nil\/eva-sp\/"},{"@type":"ListItem","position":5,"name":"N.L.F. System\u00ae"}]}]}},"jetpack-related-posts":[{"id":2147,"url":"https:\/\/www.euromi.com\/en\/p\/liposuction-evasp-2\/","url_meta":{"origin":2161,"position":0},"title":"Eva sp\u00ae 2","date":"18 January 2022","format":false,"excerpt":"The Eva sp\u00ae 2 allows an infrasonic liposculpture with nutation and aspiration. Thanks to its supplied infiltration cannula and the use of an external pressure system (peristaltic pump), the infiltration is qualitative and uniform. The Eva sp\u00ae2 is the Eva sp\u00ae 1 system complete with an aspiration system. The Eva\u2026","rel":"","context":"Similar post","img":{"alt_text":"","src":"https:\/\/i0.wp.com\/www.euromi.com\/wp-content\/uploads\/2022\/01\/LIPOSUCCION-Evasp2-1.jpg?resize=350%2C200&ssl=1","width":350,"height":200},"classes":[]},{"id":2132,"url":"https:\/\/www.euromi.com\/en\/p\/liposuction-evasp-1\/","url_meta":{"origin":2161,"position":1},"title":"Eva sp\u00ae 1","date":"18 January 2022","format":false,"excerpt":"The Eva sp\u00ae 1 system is the basic system of the Eva sp\u00ae range. It regulates compressed air supplied to the evamatic\u00ae. Thus, Eva sp\u00ae 1 allows a Nutational Infrasonic Liposculpture (N.I.L\u00ae technique). Thanks to the infiltration cannula provided with it, and the use of an external pressure system (peristaltic\u2026","rel":"","context":"Similar post","img":{"alt_text":"","src":"https:\/\/i0.wp.com\/www.euromi.com\/wp-content\/uploads\/2022\/01\/LIPOSUCCION-Evasp1.jpg?resize=350%2C200&ssl=1","width":350,"height":200},"classes":[]},{"id":2153,"url":"https:\/\/www.euromi.com\/en\/p\/liposuction-eva-sp6\/","url_meta":{"origin":2161,"position":2},"title":"Eva sp\u00ae 6","date":"18 January 2022","format":false,"excerpt":"Eva sp\u00ae 6 allows not only a quantitative nutational infrasonic infiltration but also a nutational infrasonic liposculpture. The device is fully digital and complies with European standards (CE 2797 - MDR 2017\/745). \u00a0 This product is a medical device intended for use by qualified healthcare professionals. \u00a0 If you are\u2026","rel":"","context":"Similar post","img":{"alt_text":"","src":"https:\/\/i0.wp.com\/www.euromi.com\/wp-content\/uploads\/2022\/01\/LIPOSUCCION-Evasp6.jpg?resize=350%2C200&ssl=1","width":350,"height":200},"classes":[]},{"id":1435,"url":"https:\/\/www.euromi.com\/en\/p\/liposuction-evamatic\/","url_meta":{"origin":2161,"position":3},"title":"Evamatic\u00ae 5","date":"14 December 2021","format":false,"excerpt":"The evamatic\u00ae is a handpiece equipped with a pneumatic motor which will drive the end of the cannula in a nutation movement (precession movement) allowing the grease to be gently extracted (N.I.L.\u00ae technique). Learn more about the N.I.L.\u00ae technique. \u00a0 Evamatic\u00ae complies with European standards (CE 2797 - MDR 2017\/745).\u2026","rel":"","context":"Similar post","img":{"alt_text":"Evamatic","src":"https:\/\/i0.wp.com\/www.euromi.com\/wp-content\/uploads\/2021\/12\/LIPOSUCCION-Evamatic.1.jpg?resize=350%2C200&ssl=1","width":350,"height":200},"classes":[]},{"id":4528,"url":"https:\/\/www.euromi.com\/en\/p\/reusable-liposuction-cannulas\/","url_meta":{"origin":2161,"position":4},"title":"Reusable cannulas","date":"11 January 2022","format":false,"excerpt":"Euromi Reusable cannulas are indicated for: Infiltration of tumescent solutions to facilitate the removal of tissues and\/or fluids (Infiltration cannulas); Removal of tissues and\/of fluids from the body during surgical procedures for the purpose of aesthetic body contouring (aspiration cannulas); Injection of autologus adipose tissue \/ \"lipofilling\" during body remodeling\u2026","rel":"","context":"Similar post","img":{"alt_text":"Canules","src":"https:\/\/i0.wp.com\/www.euromi.com\/wp-content\/uploads\/2022\/01\/LIPOSUCCION-Canules.jpg?resize=350%2C200&ssl=1","width":350,"height":200},"classes":[]},{"id":2160,"url":"https:\/\/www.euromi.com\/fr\/p\/lipofilling-nlf-system\/","url_meta":{"origin":2161,"position":5},"title":"N.L.F System\u00ae","date":"18 January 2022","format":false,"excerpt":"Euromi a con\u00e7u un syst\u00e8me de lipofilling, le N.L.F. System\u00ae,\u00a0 bas\u00e9 sur la technologie N.I.L.\u00ae. Il s\u2032agit d\u2019un kit de pr\u00e9l\u00e8vement st\u00e9rile \u00e0 usage unique, biocompatible et en circuit ferm\u00e9. Il convient pour des petits et grands volumes. \u00a0 Ce produit est un dispositif m\u00e9dical \u00e0 destination des professionnels de\u2026","rel":"","context":"Similar post","img":{"alt_text":"","src":"https:\/\/i0.wp.com\/www.euromi.com\/wp-content\/uploads\/2022\/01\/NLF-SYSTEM-2-scaled.jpg?resize=350%2C200&ssl=1","width":350,"height":200},"classes":[]}],"_links":{"self":[{"href":"https:\/\/www.euromi.com\/en\/wp-json\/wp\/v2\/product\/2161"}],"collection":[{"href":"https:\/\/www.euromi.com\/en\/wp-json\/wp\/v2\/product"}],"about":[{"href":"https:\/\/www.euromi.com\/en\/wp-json\/wp\/v2\/types\/product"}],"wp:featuredmedia":[{"embeddable":true,"href":"https:\/\/www.euromi.com\/en\/wp-json\/wp\/v2\/media\/4537"}],"wp:attachment":[{"href":"https:\/\/www.euromi.com\/en\/wp-json\/wp\/v2\/media?parent=2161"}],"wp:term":[{"taxonomy":"product_cat","embeddable":true,"href":"https:\/\/www.euromi.com\/en\/wp-json\/wp\/v2\/product_cat?post=2161"},{"taxonomy":"product_tag","embeddable":true,"href":"https:\/\/www.euromi.com\/en\/wp-json\/wp\/v2\/product_tag?post=2161"}],"curies":[{"name":"wp","href":"https:\/\/api.w.org\/{rel}","templated":true}]}}