{"id":1661,"date":"2021-12-30T17:57:38","date_gmt":"2021-12-30T16:57:38","guid":{"rendered":"https:\/\/www.euromi.com\/?post_type=product&#038;p=1661"},"modified":"2025-01-23T16:33:00","modified_gmt":"2025-01-23T15:33:00","slug":"lipofilling-panty","status":"publish","type":"product","link":"https:\/\/www.euromi.com\/en\/p\/lipofilling-panty\/","title":{"rendered":"Lipofilling panty"},"content":{"rendered":"<p><strong>Lipofilling panty<\/strong> contains the postoperative oedema after <strong>buttock lipofilling<\/strong>.<\/p>\n<p>The panty also prevents the occurrence of \u201cwave\u201d, rippling of the skin.<\/p>\n<p>The compression level is specially studied and offers the patient perfect comfort and a total mobility.<\/p>\n<p><strong>\u00a0<\/strong><\/p>\n<p><strong>Three lengths are available<\/strong>: thigh-length (above the knee), calf-length (below the knee), ankle-length (at the ankle).<\/p>\n<p>&nbsp;<\/p>\n<p><em>Do not use on open wounds, or in case of phlebitis.<\/em><\/p>\n<p>&nbsp;<\/p>\n<p>If your measurements do not match those shown in the size guide opposite, please contact us.<\/p>\n","protected":false},"excerpt":{"rendered":"<p>Lipofilling panty contains the postoperative oedema after buttock lipofilling. The panty also prevents the occurrence of \u201cwave\u201d, rippling of the skin. The compression level is specially studied and offers the patient perfect comfort and a total mobility. \u00a0 Three lengths are available: thigh-length (above the knee), calf-length (below the knee), ankle-length (at the ankle). &nbsp; [&hellip;]<\/p>\n","protected":false},"featured_media":1665,"template":"","meta":{"_et_pb_use_builder":"","_et_pb_old_content":"","_et_gb_content_width":"","spay_email":""},"product_cat":[77,78],"product_tag":[91,93],"yoast_head":"<!-- This site is optimized with the Yoast SEO plugin v18.2 - https:\/\/yoast.com\/wordpress\/plugins\/seo\/ -->\n<title>Lipofilling panty - Calf-length - Thigh-length - Ankle-length - Euromi<\/title>\n<meta name=\"description\" content=\"Le panty lipofilling permet la contention de l&#039;\u0153d\u00e8me post-op\u00e9ratoire suite \u00e0 un lipofilling des fesses.\" \/>\n<meta name=\"robots\" content=\"index, follow, max-snippet:-1, max-image-preview:large, max-video-preview:-1\" \/>\n<link rel=\"canonical\" href=\"https:\/\/www.euromi.com\/en\/p\/lipofilling-panty\/\" \/>\n<meta property=\"og:locale\" content=\"en_US\" \/>\n<meta property=\"og:type\" content=\"article\" \/>\n<meta property=\"og:title\" content=\"Lipofilling panty - Calf-length - Thigh-length - Ankle-length - Euromi\" \/>\n<meta property=\"og:description\" content=\"Le panty lipofilling permet la contention de l&#039;\u0153d\u00e8me post-op\u00e9ratoire suite \u00e0 un lipofilling des fesses.\" \/>\n<meta property=\"og:url\" content=\"https:\/\/www.euromi.com\/en\/p\/lipofilling-panty\/\" \/>\n<meta property=\"og:site_name\" content=\"Euromi\" \/>\n<meta property=\"article:modified_time\" content=\"2025-01-23T15:33:00+00:00\" \/>\n<meta property=\"og:image\" content=\"https:\/\/www.euromi.com\/wp-content\/uploads\/2021\/12\/PANTYS-lipofilling-court.jpg\" \/>\n\t<meta property=\"og:image:width\" content=\"980\" \/>\n\t<meta property=\"og:image:height\" content=\"1401\" \/>\n\t<meta property=\"og:image:type\" content=\"image\/jpeg\" \/>\n<meta name=\"twitter:card\" content=\"summary_large_image\" \/>\n<script type=\"application\/ld+json\" class=\"yoast-schema-graph\">{\"@context\":\"https:\/\/schema.org\",\"@graph\":[{\"@type\":\"Organization\",\"@id\":\"https:\/\/www.euromi.com\/fr\/#organization\",\"name\":\"Euromi\",\"url\":\"https:\/\/www.euromi.com\/fr\/\",\"sameAs\":[],\"logo\":{\"@type\":\"ImageObject\",\"@id\":\"https:\/\/www.euromi.com\/fr\/#logo\",\"inLanguage\":\"en-US\",\"url\":\"https:\/\/www.euromi.com\/wp-content\/uploads\/2021\/10\/cropped-favicon.jpg\",\"contentUrl\":\"https:\/\/www.euromi.com\/wp-content\/uploads\/2021\/10\/cropped-favicon.jpg\",\"width\":512,\"height\":512,\"caption\":\"Euromi\"},\"image\":{\"@id\":\"https:\/\/www.euromi.com\/fr\/#logo\"}},{\"@type\":\"WebSite\",\"@id\":\"https:\/\/www.euromi.com\/fr\/#website\",\"url\":\"https:\/\/www.euromi.com\/fr\/\",\"name\":\"Euromi\",\"description\":\"Fabricant de Mat\u00e9riel M\u00e9dical\",\"publisher\":{\"@id\":\"https:\/\/www.euromi.com\/fr\/#organization\"},\"potentialAction\":[{\"@type\":\"SearchAction\",\"target\":{\"@type\":\"EntryPoint\",\"urlTemplate\":\"https:\/\/www.euromi.com\/fr\/?s={search_term_string}\"},\"query-input\":\"required name=search_term_string\"}],\"inLanguage\":\"en-US\"},{\"@type\":\"ImageObject\",\"@id\":\"https:\/\/www.euromi.com\/en\/p\/lipofilling-panty\/#primaryimage\",\"inLanguage\":\"en-US\",\"url\":\"https:\/\/www.euromi.com\/wp-content\/uploads\/2021\/12\/PANTYS-lipofilling-court.jpg\",\"contentUrl\":\"https:\/\/www.euromi.com\/wp-content\/uploads\/2021\/12\/PANTYS-lipofilling-court.jpg\",\"width\":980,\"height\":1401,\"caption\":\"Pantys court\"},{\"@type\":\"WebPage\",\"@id\":\"https:\/\/www.euromi.com\/en\/p\/lipofilling-panty\/#webpage\",\"url\":\"https:\/\/www.euromi.com\/en\/p\/lipofilling-panty\/\",\"name\":\"Lipofilling panty - Calf-length - Thigh-length - Ankle-length - Euromi\",\"isPartOf\":{\"@id\":\"https:\/\/www.euromi.com\/fr\/#website\"},\"primaryImageOfPage\":{\"@id\":\"https:\/\/www.euromi.com\/en\/p\/lipofilling-panty\/#primaryimage\"},\"datePublished\":\"2021-12-30T16:57:38+00:00\",\"dateModified\":\"2025-01-23T15:33:00+00:00\",\"description\":\"Le panty lipofilling permet la contention de l'\u0153d\u00e8me post-op\u00e9ratoire suite \u00e0 un lipofilling des fesses.\",\"breadcrumb\":{\"@id\":\"https:\/\/www.euromi.com\/en\/p\/lipofilling-panty\/#breadcrumb\"},\"inLanguage\":\"en-US\",\"potentialAction\":[{\"@type\":\"ReadAction\",\"target\":[\"https:\/\/www.euromi.com\/en\/p\/lipofilling-panty\/\"]}]},{\"@type\":\"BreadcrumbList\",\"@id\":\"https:\/\/www.euromi.com\/en\/p\/lipofilling-panty\/#breadcrumb\",\"itemListElement\":[{\"@type\":\"ListItem\",\"position\":1,\"name\":\"Home\",\"item\":\"https:\/\/www.euromi.com\/en\/\"},{\"@type\":\"ListItem\",\"position\":2,\"name\":\"Shop\",\"item\":\"https:\/\/www.euromi.com\/en\/shop\/\"},{\"@type\":\"ListItem\",\"position\":3,\"name\":\"Garments and dressings\",\"item\":\"https:\/\/www.euromi.com\/en\/catp\/garments-and-dressings\/\"},{\"@type\":\"ListItem\",\"position\":4,\"name\":\"Compression garments\",\"item\":\"https:\/\/www.euromi.com\/en\/catp\/garments-and-dressings\/compression-garments\/\"},{\"@type\":\"ListItem\",\"position\":5,\"name\":\"Aesthetic and plastic surgery\",\"item\":\"https:\/\/www.euromi.com\/en\/catp\/garments-and-dressings\/compression-garments\/aesthetic-and-plastic-surgery\/\"},{\"@type\":\"ListItem\",\"position\":6,\"name\":\"Panties\",\"item\":\"https:\/\/www.euromi.com\/en\/catp\/garments-and-dressings\/compression-garments\/aesthetic-and-plastic-surgery\/panties\/\"},{\"@type\":\"ListItem\",\"position\":7,\"name\":\"Lipofilling panty\"}]}]}<\/script>\n<!-- \/ Yoast SEO plugin. -->","yoast_head_json":{"title":"Lipofilling panty - Calf-length - Thigh-length - Ankle-length - Euromi","description":"Le panty lipofilling permet la contention de l'\u0153d\u00e8me post-op\u00e9ratoire suite \u00e0 un lipofilling des fesses.","robots":{"index":"index","follow":"follow","max-snippet":"max-snippet:-1","max-image-preview":"max-image-preview:large","max-video-preview":"max-video-preview:-1"},"canonical":"https:\/\/www.euromi.com\/en\/p\/lipofilling-panty\/","og_locale":"en_US","og_type":"article","og_title":"Lipofilling panty - Calf-length - Thigh-length - Ankle-length - Euromi","og_description":"Le panty lipofilling permet la contention de l'\u0153d\u00e8me post-op\u00e9ratoire suite \u00e0 un lipofilling des fesses.","og_url":"https:\/\/www.euromi.com\/en\/p\/lipofilling-panty\/","og_site_name":"Euromi","article_modified_time":"2025-01-23T15:33:00+00:00","og_image":[{"width":980,"height":1401,"url":"https:\/\/www.euromi.com\/wp-content\/uploads\/2021\/12\/PANTYS-lipofilling-court.jpg","type":"image\/jpeg"}],"twitter_card":"summary_large_image","schema":{"@context":"https:\/\/schema.org","@graph":[{"@type":"Organization","@id":"https:\/\/www.euromi.com\/fr\/#organization","name":"Euromi","url":"https:\/\/www.euromi.com\/fr\/","sameAs":[],"logo":{"@type":"ImageObject","@id":"https:\/\/www.euromi.com\/fr\/#logo","inLanguage":"en-US","url":"https:\/\/www.euromi.com\/wp-content\/uploads\/2021\/10\/cropped-favicon.jpg","contentUrl":"https:\/\/www.euromi.com\/wp-content\/uploads\/2021\/10\/cropped-favicon.jpg","width":512,"height":512,"caption":"Euromi"},"image":{"@id":"https:\/\/www.euromi.com\/fr\/#logo"}},{"@type":"WebSite","@id":"https:\/\/www.euromi.com\/fr\/#website","url":"https:\/\/www.euromi.com\/fr\/","name":"Euromi","description":"Fabricant de Mat\u00e9riel M\u00e9dical","publisher":{"@id":"https:\/\/www.euromi.com\/fr\/#organization"},"potentialAction":[{"@type":"SearchAction","target":{"@type":"EntryPoint","urlTemplate":"https:\/\/www.euromi.com\/fr\/?s={search_term_string}"},"query-input":"required name=search_term_string"}],"inLanguage":"en-US"},{"@type":"ImageObject","@id":"https:\/\/www.euromi.com\/en\/p\/lipofilling-panty\/#primaryimage","inLanguage":"en-US","url":"https:\/\/www.euromi.com\/wp-content\/uploads\/2021\/12\/PANTYS-lipofilling-court.jpg","contentUrl":"https:\/\/www.euromi.com\/wp-content\/uploads\/2021\/12\/PANTYS-lipofilling-court.jpg","width":980,"height":1401,"caption":"Pantys court"},{"@type":"WebPage","@id":"https:\/\/www.euromi.com\/en\/p\/lipofilling-panty\/#webpage","url":"https:\/\/www.euromi.com\/en\/p\/lipofilling-panty\/","name":"Lipofilling panty - Calf-length - Thigh-length - Ankle-length - Euromi","isPartOf":{"@id":"https:\/\/www.euromi.com\/fr\/#website"},"primaryImageOfPage":{"@id":"https:\/\/www.euromi.com\/en\/p\/lipofilling-panty\/#primaryimage"},"datePublished":"2021-12-30T16:57:38+00:00","dateModified":"2025-01-23T15:33:00+00:00","description":"Le panty lipofilling permet la contention de l'\u0153d\u00e8me post-op\u00e9ratoire suite \u00e0 un lipofilling des fesses.","breadcrumb":{"@id":"https:\/\/www.euromi.com\/en\/p\/lipofilling-panty\/#breadcrumb"},"inLanguage":"en-US","potentialAction":[{"@type":"ReadAction","target":["https:\/\/www.euromi.com\/en\/p\/lipofilling-panty\/"]}]},{"@type":"BreadcrumbList","@id":"https:\/\/www.euromi.com\/en\/p\/lipofilling-panty\/#breadcrumb","itemListElement":[{"@type":"ListItem","position":1,"name":"Home","item":"https:\/\/www.euromi.com\/en\/"},{"@type":"ListItem","position":2,"name":"Shop","item":"https:\/\/www.euromi.com\/en\/shop\/"},{"@type":"ListItem","position":3,"name":"Garments and dressings","item":"https:\/\/www.euromi.com\/en\/catp\/garments-and-dressings\/"},{"@type":"ListItem","position":4,"name":"Compression garments","item":"https:\/\/www.euromi.com\/en\/catp\/garments-and-dressings\/compression-garments\/"},{"@type":"ListItem","position":5,"name":"Aesthetic and plastic surgery","item":"https:\/\/www.euromi.com\/en\/catp\/garments-and-dressings\/compression-garments\/aesthetic-and-plastic-surgery\/"},{"@type":"ListItem","position":6,"name":"Panties","item":"https:\/\/www.euromi.com\/en\/catp\/garments-and-dressings\/compression-garments\/aesthetic-and-plastic-surgery\/panties\/"},{"@type":"ListItem","position":7,"name":"Lipofilling panty"}]}]}},"jetpack-related-posts":[{"id":1863,"url":"https:\/\/www.euromi.com\/en\/p\/ankle-length-post-operative-panty\/","url_meta":{"origin":1661,"position":0},"title":"Ankle-length panty","date":"13 January 2022","format":false,"excerpt":"Ankle-length panty will be worn after liposuction of the calves, knees, thighs, pelvis, hips and belly (lower belly for the low model). The panty helps contain the postoperative oedema, provide the necessary support, as well as prevent \u201cwave\u201d phenomenon that can occur on the skin. The panty will also allow\u2026","rel":"","context":"Similar post","img":{"alt_text":"","src":"https:\/\/i0.wp.com\/www.euromi.com\/wp-content\/uploads\/2022\/01\/PANTYS-Panty-Bas-chevilles.jpg?resize=350%2C200&ssl=1","width":350,"height":200},"classes":[]},{"id":1914,"url":"https:\/\/www.euromi.com\/en\/p\/reinforcement-panty\/","url_meta":{"origin":1661,"position":1},"title":"Reinforcement panty","date":"14 January 2022","format":false,"excerpt":"Reinforcement panty, whose compression ratio has been specially studied, is indicated for the containment of postoperative oedema following liposuction. It has reinforcements for optimal compression on certain areas. \u00a0 We offer a choice of three lengths: thigh-length (above the knee), calf-length (below the knee), ankle-length (at the ankle). \u00a0 \u00a0\u2026","rel":"","context":"Similar post","img":{"alt_text":"","src":"https:\/\/i0.wp.com\/www.euromi.com\/wp-content\/uploads\/2022\/01\/PANTYS-renfort-long.jpg?resize=350%2C200&ssl=1","width":350,"height":200},"classes":[]},{"id":1904,"url":"https:\/\/www.euromi.com\/en\/p\/cruroplasty-panty\/","url_meta":{"origin":1661,"position":2},"title":"Cruroplasty panty","date":"14 January 2022","format":false,"excerpt":"Cruroplasty panty, thanks to its outside seams offset to the front, is particularly suitable for the period following an inner thigh lift. The cruroplasty panty is therefore used to contain postoperative oedema, and also to avoid contact with scars. The compression ratio has been specially designed to offer you ease,\u2026","rel":"","context":"Similar post","img":{"alt_text":"","src":"https:\/\/i0.wp.com\/www.euromi.com\/wp-content\/uploads\/2022\/01\/PANTYS-cruroplastie-long.jpg?resize=350%2C200&ssl=1","width":350,"height":200},"classes":[]},{"id":1868,"url":"https:\/\/www.euromi.com\/en\/p\/foot-length-postoperative-panty\/","url_meta":{"origin":1661,"position":3},"title":"Foot-length panty","date":"13 January 2022","format":false,"excerpt":"Foot-length panty, high or low-waist, is prescribed after liposuction of the ankles, calves, knees, thighs, pelvis, hips and belly (lower belly for the low model). The panty helps to reduce the oedema that occurs after the procedure, provide the necessary support, as well as prevent the skin from rippling. The\u2026","rel":"","context":"Similar post","img":{"alt_text":"Panty haut pied ouvert","src":"https:\/\/i0.wp.com\/www.euromi.com\/wp-content\/uploads\/2022\/01\/Panty-haud-pied-ouvert.png?resize=350%2C200&ssl=1","width":350,"height":200},"classes":[]},{"id":1700,"url":"https:\/\/www.euromi.com\/en\/p\/calf-length-post-operative-panty\/","url_meta":{"origin":1661,"position":4},"title":"Calf-length panty","date":"11 January 2022","format":false,"excerpt":"Calf-length panty, high or low-waist, contain the postoperative oedema following liposuction of the belly (lower-belly for the low-waist model), hips, pelvis, thighs and knees. It also prevents the skin from rippling. The compression ratio is studied to allow the patient to be maintained during the postoperative phase while facilitating her\u2026","rel":"","context":"Similar post","img":{"alt_text":"Pantys bas long","src":"https:\/\/i0.wp.com\/www.euromi.com\/wp-content\/uploads\/2022\/01\/PANTYS-Panty-Bas-long.jpg?resize=350%2C200&ssl=1","width":350,"height":200},"classes":[]},{"id":1936,"url":"https:\/\/www.euromi.com\/en\/p\/post-operative-ankle-length-bodysuit\/","url_meta":{"origin":1661,"position":5},"title":"Ankle-length bodysuit","date":"14 January 2022","format":false,"excerpt":"Wearing the ankle-length bodysyuit is recommended to alleviate postoperative oedema due to trauma that occurs when liposuction cannulas are inserted (liposuction of calves, knees, thighs, pelvis, hips, belly and armpits), as well as to provide the appropriate support. The stirrup of the ankle-length bodysuit prevents it from rising up and\u2026","rel":"","context":"Similar post","img":{"alt_text":"","src":"https:\/\/i0.wp.com\/www.euromi.com\/wp-content\/uploads\/2022\/01\/Combine-chevilles.femme_.jpg?resize=350%2C200&ssl=1","width":350,"height":200},"classes":[]}],"_links":{"self":[{"href":"https:\/\/www.euromi.com\/en\/wp-json\/wp\/v2\/product\/1661"}],"collection":[{"href":"https:\/\/www.euromi.com\/en\/wp-json\/wp\/v2\/product"}],"about":[{"href":"https:\/\/www.euromi.com\/en\/wp-json\/wp\/v2\/types\/product"}],"wp:featuredmedia":[{"embeddable":true,"href":"https:\/\/www.euromi.com\/en\/wp-json\/wp\/v2\/media\/1665"}],"wp:attachment":[{"href":"https:\/\/www.euromi.com\/en\/wp-json\/wp\/v2\/media?parent=1661"}],"wp:term":[{"taxonomy":"product_cat","embeddable":true,"href":"https:\/\/www.euromi.com\/en\/wp-json\/wp\/v2\/product_cat?post=1661"},{"taxonomy":"product_tag","embeddable":true,"href":"https:\/\/www.euromi.com\/en\/wp-json\/wp\/v2\/product_tag?post=1661"}],"curies":[{"name":"wp","href":"https:\/\/api.w.org\/{rel}","templated":true}]}}