{"id":1631,"date":"2021-12-30T16:02:16","date_gmt":"2021-12-30T15:02:16","guid":{"rendered":"https:\/\/www.euromi.com\/?post_type=product&#038;p=1631"},"modified":"2025-01-23T10:07:13","modified_gmt":"2025-01-23T09:07:13","slug":"cerederm-self-adhesive","status":"publish","type":"product","link":"https:\/\/www.euromi.com\/en\/p\/cerederm-self-adhesive\/","title":{"rendered":"Cerederm\u00ae Self-adhesive"},"content":{"rendered":"<p><strong><u>10 units per box (except Lipostick, 30 units\/box<\/u><\/strong><\/p>\n<p>Transparent and easy to use, <strong>Cerederm\u00ae<\/strong> is a <strong>self-adhesive silicone dressing<\/strong> for the treatment and prevention of <strong>hypertrophic scars<\/strong> (reddened) or keloids (raised and fibrous, firm and thick).<\/p>\n<p>The silicone gel relieves itching, softens the scar and reduces its redness. The medical grade silicone smooths out the scar and limits its development.<\/p>\n<p>We offer 6 shapes for a perfect fit to your scar (see details in the &#8220;Shape&#8221; section below).<\/p>\n<p><strong>Visible results after 2 to 3 months of use.<\/strong><\/p>\n<p><em>Do not use Cerederm\u00ae on mucous membranes, near the eyes, or on open or unhealed wounds.<\/em><\/p>\n","protected":false},"excerpt":{"rendered":"<p>10 units per box (except Lipostick, 30 units\/box Transparent and easy to use, Cerederm\u00ae is a self-adhesive silicone dressing for the treatment and prevention of hypertrophic scars (reddened) or keloids (raised and fibrous, firm and thick). The silicone gel relieves itching, softens the scar and reduces its redness. The medical grade silicone smooths out the [&hellip;]<\/p>\n","protected":false},"featured_media":1634,"template":"","meta":{"_et_pb_use_builder":"","_et_pb_old_content":"","_et_gb_content_width":"","spay_email":""},"product_cat":[85],"product_tag":[91,93],"yoast_head":"<!-- This site is optimized with the Yoast SEO plugin v18.2 - https:\/\/yoast.com\/wordpress\/plugins\/seo\/ -->\n<title>Silicone dressing - Cerederm\u00ae Self-adhesive - Euromi<\/title>\n<meta name=\"description\" content=\"Transparent and easy to use, Cerederm\u00ae is a self-adhesive silicone dressing for the treatment and prevention of hypertrophic scars or keloids\" \/>\n<meta name=\"robots\" content=\"index, follow, max-snippet:-1, max-image-preview:large, max-video-preview:-1\" \/>\n<link rel=\"canonical\" href=\"https:\/\/www.euromi.com\/en\/p\/cerederm-self-adhesive\/\" \/>\n<meta property=\"og:locale\" content=\"en_US\" \/>\n<meta property=\"og:type\" content=\"article\" \/>\n<meta property=\"og:title\" content=\"Silicone dressing - Cerederm\u00ae Self-adhesive - Euromi\" \/>\n<meta property=\"og:description\" content=\"Transparent and easy to use, Cerederm\u00ae is a self-adhesive silicone dressing for the treatment and prevention of hypertrophic scars or keloids\" \/>\n<meta property=\"og:url\" content=\"https:\/\/www.euromi.com\/en\/p\/cerederm-self-adhesive\/\" \/>\n<meta property=\"og:site_name\" content=\"Euromi\" \/>\n<meta property=\"article:modified_time\" content=\"2025-01-23T09:07:13+00:00\" \/>\n<meta property=\"og:image\" content=\"https:\/\/www.euromi.com\/wp-content\/uploads\/2021\/12\/CEREDERM-Adhesif-principale.jpg\" \/>\n\t<meta property=\"og:image:width\" content=\"980\" \/>\n\t<meta property=\"og:image:height\" content=\"1401\" \/>\n\t<meta property=\"og:image:type\" content=\"image\/jpeg\" \/>\n<meta name=\"twitter:card\" content=\"summary_large_image\" \/>\n<script type=\"application\/ld+json\" class=\"yoast-schema-graph\">{\"@context\":\"https:\/\/schema.org\",\"@graph\":[{\"@type\":\"Organization\",\"@id\":\"https:\/\/www.euromi.com\/fr\/#organization\",\"name\":\"Euromi\",\"url\":\"https:\/\/www.euromi.com\/fr\/\",\"sameAs\":[],\"logo\":{\"@type\":\"ImageObject\",\"@id\":\"https:\/\/www.euromi.com\/fr\/#logo\",\"inLanguage\":\"en-US\",\"url\":\"https:\/\/www.euromi.com\/wp-content\/uploads\/2021\/10\/cropped-favicon.jpg\",\"contentUrl\":\"https:\/\/www.euromi.com\/wp-content\/uploads\/2021\/10\/cropped-favicon.jpg\",\"width\":512,\"height\":512,\"caption\":\"Euromi\"},\"image\":{\"@id\":\"https:\/\/www.euromi.com\/fr\/#logo\"}},{\"@type\":\"WebSite\",\"@id\":\"https:\/\/www.euromi.com\/fr\/#website\",\"url\":\"https:\/\/www.euromi.com\/fr\/\",\"name\":\"Euromi\",\"description\":\"Fabricant de Mat\u00e9riel M\u00e9dical\",\"publisher\":{\"@id\":\"https:\/\/www.euromi.com\/fr\/#organization\"},\"potentialAction\":[{\"@type\":\"SearchAction\",\"target\":{\"@type\":\"EntryPoint\",\"urlTemplate\":\"https:\/\/www.euromi.com\/fr\/?s={search_term_string}\"},\"query-input\":\"required name=search_term_string\"}],\"inLanguage\":\"en-US\"},{\"@type\":\"ImageObject\",\"@id\":\"https:\/\/www.euromi.com\/en\/p\/cerederm-self-adhesive\/#primaryimage\",\"inLanguage\":\"en-US\",\"url\":\"https:\/\/www.euromi.com\/wp-content\/uploads\/2021\/12\/CEREDERM-Adhesif-principale.jpg\",\"contentUrl\":\"https:\/\/www.euromi.com\/wp-content\/uploads\/2021\/12\/CEREDERM-Adhesif-principale.jpg\",\"width\":980,\"height\":1401,\"caption\":\"Cerederm adh\u00e9sif\"},{\"@type\":\"WebPage\",\"@id\":\"https:\/\/www.euromi.com\/en\/p\/cerederm-self-adhesive\/#webpage\",\"url\":\"https:\/\/www.euromi.com\/en\/p\/cerederm-self-adhesive\/\",\"name\":\"Silicone dressing - Cerederm\u00ae Self-adhesive - Euromi\",\"isPartOf\":{\"@id\":\"https:\/\/www.euromi.com\/fr\/#website\"},\"primaryImageOfPage\":{\"@id\":\"https:\/\/www.euromi.com\/en\/p\/cerederm-self-adhesive\/#primaryimage\"},\"datePublished\":\"2021-12-30T15:02:16+00:00\",\"dateModified\":\"2025-01-23T09:07:13+00:00\",\"description\":\"Transparent and easy to use, Cerederm\u00ae is a self-adhesive silicone dressing for the treatment and prevention of hypertrophic scars or keloids\",\"breadcrumb\":{\"@id\":\"https:\/\/www.euromi.com\/en\/p\/cerederm-self-adhesive\/#breadcrumb\"},\"inLanguage\":\"en-US\",\"potentialAction\":[{\"@type\":\"ReadAction\",\"target\":[\"https:\/\/www.euromi.com\/en\/p\/cerederm-self-adhesive\/\"]}]},{\"@type\":\"BreadcrumbList\",\"@id\":\"https:\/\/www.euromi.com\/en\/p\/cerederm-self-adhesive\/#breadcrumb\",\"itemListElement\":[{\"@type\":\"ListItem\",\"position\":1,\"name\":\"Home\",\"item\":\"https:\/\/www.euromi.com\/en\/\"},{\"@type\":\"ListItem\",\"position\":2,\"name\":\"Shop\",\"item\":\"https:\/\/www.euromi.com\/en\/shop\/\"},{\"@type\":\"ListItem\",\"position\":3,\"name\":\"Garments and dressings\",\"item\":\"https:\/\/www.euromi.com\/en\/catp\/garments-and-dressings\/\"},{\"@type\":\"ListItem\",\"position\":4,\"name\":\"Compression garments\",\"item\":\"https:\/\/www.euromi.com\/en\/catp\/garments-and-dressings\/compression-garments\/\"},{\"@type\":\"ListItem\",\"position\":5,\"name\":\"Aesthetic and plastic surgery\",\"item\":\"https:\/\/www.euromi.com\/en\/catp\/garments-and-dressings\/compression-garments\/aesthetic-and-plastic-surgery\/\"},{\"@type\":\"ListItem\",\"position\":6,\"name\":\"Bras\",\"item\":\"https:\/\/www.euromi.com\/en\/catp\/garments-and-dressings\/compression-garments\/aesthetic-and-plastic-surgery\/bras\/\"},{\"@type\":\"ListItem\",\"position\":7,\"name\":\"Cerederm\u00ae Self-adhesive\"}]}]}<\/script>\n<!-- \/ Yoast SEO plugin. -->","yoast_head_json":{"title":"Silicone dressing - Cerederm\u00ae Self-adhesive - Euromi","description":"Transparent and easy to use, Cerederm\u00ae is a self-adhesive silicone dressing for the treatment and prevention of hypertrophic scars or keloids","robots":{"index":"index","follow":"follow","max-snippet":"max-snippet:-1","max-image-preview":"max-image-preview:large","max-video-preview":"max-video-preview:-1"},"canonical":"https:\/\/www.euromi.com\/en\/p\/cerederm-self-adhesive\/","og_locale":"en_US","og_type":"article","og_title":"Silicone dressing - Cerederm\u00ae Self-adhesive - Euromi","og_description":"Transparent and easy to use, Cerederm\u00ae is a self-adhesive silicone dressing for the treatment and prevention of hypertrophic scars or keloids","og_url":"https:\/\/www.euromi.com\/en\/p\/cerederm-self-adhesive\/","og_site_name":"Euromi","article_modified_time":"2025-01-23T09:07:13+00:00","og_image":[{"width":980,"height":1401,"url":"https:\/\/www.euromi.com\/wp-content\/uploads\/2021\/12\/CEREDERM-Adhesif-principale.jpg","type":"image\/jpeg"}],"twitter_card":"summary_large_image","schema":{"@context":"https:\/\/schema.org","@graph":[{"@type":"Organization","@id":"https:\/\/www.euromi.com\/fr\/#organization","name":"Euromi","url":"https:\/\/www.euromi.com\/fr\/","sameAs":[],"logo":{"@type":"ImageObject","@id":"https:\/\/www.euromi.com\/fr\/#logo","inLanguage":"en-US","url":"https:\/\/www.euromi.com\/wp-content\/uploads\/2021\/10\/cropped-favicon.jpg","contentUrl":"https:\/\/www.euromi.com\/wp-content\/uploads\/2021\/10\/cropped-favicon.jpg","width":512,"height":512,"caption":"Euromi"},"image":{"@id":"https:\/\/www.euromi.com\/fr\/#logo"}},{"@type":"WebSite","@id":"https:\/\/www.euromi.com\/fr\/#website","url":"https:\/\/www.euromi.com\/fr\/","name":"Euromi","description":"Fabricant de Mat\u00e9riel M\u00e9dical","publisher":{"@id":"https:\/\/www.euromi.com\/fr\/#organization"},"potentialAction":[{"@type":"SearchAction","target":{"@type":"EntryPoint","urlTemplate":"https:\/\/www.euromi.com\/fr\/?s={search_term_string}"},"query-input":"required name=search_term_string"}],"inLanguage":"en-US"},{"@type":"ImageObject","@id":"https:\/\/www.euromi.com\/en\/p\/cerederm-self-adhesive\/#primaryimage","inLanguage":"en-US","url":"https:\/\/www.euromi.com\/wp-content\/uploads\/2021\/12\/CEREDERM-Adhesif-principale.jpg","contentUrl":"https:\/\/www.euromi.com\/wp-content\/uploads\/2021\/12\/CEREDERM-Adhesif-principale.jpg","width":980,"height":1401,"caption":"Cerederm adh\u00e9sif"},{"@type":"WebPage","@id":"https:\/\/www.euromi.com\/en\/p\/cerederm-self-adhesive\/#webpage","url":"https:\/\/www.euromi.com\/en\/p\/cerederm-self-adhesive\/","name":"Silicone dressing - Cerederm\u00ae Self-adhesive - Euromi","isPartOf":{"@id":"https:\/\/www.euromi.com\/fr\/#website"},"primaryImageOfPage":{"@id":"https:\/\/www.euromi.com\/en\/p\/cerederm-self-adhesive\/#primaryimage"},"datePublished":"2021-12-30T15:02:16+00:00","dateModified":"2025-01-23T09:07:13+00:00","description":"Transparent and easy to use, Cerederm\u00ae is a self-adhesive silicone dressing for the treatment and prevention of hypertrophic scars or keloids","breadcrumb":{"@id":"https:\/\/www.euromi.com\/en\/p\/cerederm-self-adhesive\/#breadcrumb"},"inLanguage":"en-US","potentialAction":[{"@type":"ReadAction","target":["https:\/\/www.euromi.com\/en\/p\/cerederm-self-adhesive\/"]}]},{"@type":"BreadcrumbList","@id":"https:\/\/www.euromi.com\/en\/p\/cerederm-self-adhesive\/#breadcrumb","itemListElement":[{"@type":"ListItem","position":1,"name":"Home","item":"https:\/\/www.euromi.com\/en\/"},{"@type":"ListItem","position":2,"name":"Shop","item":"https:\/\/www.euromi.com\/en\/shop\/"},{"@type":"ListItem","position":3,"name":"Garments and dressings","item":"https:\/\/www.euromi.com\/en\/catp\/garments-and-dressings\/"},{"@type":"ListItem","position":4,"name":"Compression garments","item":"https:\/\/www.euromi.com\/en\/catp\/garments-and-dressings\/compression-garments\/"},{"@type":"ListItem","position":5,"name":"Aesthetic and plastic surgery","item":"https:\/\/www.euromi.com\/en\/catp\/garments-and-dressings\/compression-garments\/aesthetic-and-plastic-surgery\/"},{"@type":"ListItem","position":6,"name":"Bras","item":"https:\/\/www.euromi.com\/en\/catp\/garments-and-dressings\/compression-garments\/aesthetic-and-plastic-surgery\/bras\/"},{"@type":"ListItem","position":7,"name":"Cerederm\u00ae Self-adhesive"}]}]}},"jetpack-related-posts":[{"id":2173,"url":"https:\/\/www.euromi.com\/en\/p\/cerederm-gel\/","url_meta":{"origin":1631,"position":0},"title":"Cerederm\u00ae gel","date":"18 January 2022","format":false,"excerpt":"Cerederm\u00ae gel is a transparent silicone dressing used to treat scars on uneven surfaces, face, joints and body folds. It applies directly to hypertrophic scars (red coloured) or keloids (raised and fibrous, firm and thick) The silicone gel will soften the scar and reduce itchings. The medical grade silicone limits\u2026","rel":"","context":"Similar post","img":{"alt_text":"","src":"https:\/\/i0.wp.com\/www.euromi.com\/wp-content\/uploads\/2022\/01\/CEREDERM-Gel.jpg?resize=350%2C200&ssl=1","width":350,"height":200},"classes":[]},{"id":1776,"url":"https:\/\/www.euromi.com\/en\/p\/sporlane-post-operative-bra\/","url_meta":{"origin":1631,"position":1},"title":"Sporlane","date":"13 January 2022","format":false,"excerpt":"The Sporlane\u00ae bra is indicated for use after breast augmentation, breast reconstruction or breast reduction. This post-operative bra, made from a compressive fabric, allows you to maintain the necessary compression, while ensuring comfort during the convalescence period. The Sporlane\u00ae is also suitable for universal support of large breasts or for\u2026","rel":"","context":"Similar post","img":{"alt_text":"","src":"https:\/\/i0.wp.com\/www.euromi.com\/wp-content\/uploads\/2022\/01\/SOUTIEN-GORGE-SPORLANE.1.jpg?resize=350%2C200&ssl=1","width":350,"height":200},"classes":[]},{"id":1632,"url":"https:\/\/www.euromi.com\/fr\/p\/cerederm-adhesif\/","url_meta":{"origin":1631,"position":2},"title":"Cerederm\u00ae Adh\u00e9sif","date":"30 December 2021","format":false,"excerpt":"10 unit\u00e9s par bo\u00eete (sauf Lipostick \u2013 30 unit\u00e9s \/ bo\u00eete) Transparent et simple d'utilisation, Cerederm\u00ae est un pansement silicon\u00e9 auto-adh\u00e9sif pour le traitement et la pr\u00e9vention des cicatrices hypertrophiques (\u00e9tendues, de couleur rouge) et ch\u00e9lo\u00efdes (bourrelet fibreux ferme et \u00e9pais). Le gel de silicone soulage des d\u00e9mangeaisons, assouplit la\u2026","rel":"","context":"Similar post","img":{"alt_text":"Cerederm adh\u00e9sif","src":"https:\/\/i0.wp.com\/www.euromi.com\/wp-content\/uploads\/2021\/12\/CEREDERM-Adhesif-principale.jpg?resize=350%2C200&ssl=1","width":350,"height":200},"classes":[]},{"id":2102,"url":"https:\/\/www.euromi.com\/en\/p\/post-operative-linked-sleeves\/","url_meta":{"origin":1631,"position":3},"title":"Linked sleeves","date":"17 January 2022","format":false,"excerpt":"Linked sleeves are indicated in the case of correction of brachioplasty for ptosis correction, arm lift, or even inner arm liposuction. A back closure with triple hook and eye makes the placement and adjustment to your body shape easy. For even more support, it is possible to have a second\u2026","rel":"","context":"Similar post","img":{"alt_text":"","src":"https:\/\/i0.wp.com\/www.euromi.com\/wp-content\/uploads\/2022\/01\/Manches-reliees-dos.jpg?resize=350%2C200&ssl=1","width":350,"height":200},"classes":[]},{"id":1904,"url":"https:\/\/www.euromi.com\/en\/p\/cruroplasty-panty\/","url_meta":{"origin":1631,"position":4},"title":"Cruroplasty panty","date":"14 January 2022","format":false,"excerpt":"Cruroplasty panty, thanks to its outside seams offset to the front, is particularly suitable for the period following an inner thigh lift. The cruroplasty panty is therefore used to contain postoperative oedema, and also to avoid contact with scars. The compression ratio has been specially designed to offer you ease,\u2026","rel":"","context":"Similar post","img":{"alt_text":"","src":"https:\/\/i0.wp.com\/www.euromi.com\/wp-content\/uploads\/2022\/01\/PANTYS-cruroplastie-long.jpg?resize=350%2C200&ssl=1","width":350,"height":200},"classes":[]},{"id":2115,"url":"https:\/\/www.euromi.com\/en\/p\/mens-aesthetic-bolero\/","url_meta":{"origin":1631,"position":5},"title":"Men&#8217;s bolero","date":"17 January 2022","format":false,"excerpt":"The men\u2019s bolero is indicated for correction of gynecomastia (consists of reducing the size and swelling of the mammary gland). This bolero is made from a compressive fabric to provide the necessary support and comfort. It closes with a front triple hook and eye, which allows it to be adjusted\u2026","rel":"","context":"Similar post","img":{"alt_text":"","src":"https:\/\/i0.wp.com\/www.euromi.com\/wp-content\/uploads\/2022\/01\/Bolero.jpg?resize=350%2C200&ssl=1","width":350,"height":200},"classes":[]}],"_links":{"self":[{"href":"https:\/\/www.euromi.com\/en\/wp-json\/wp\/v2\/product\/1631"}],"collection":[{"href":"https:\/\/www.euromi.com\/en\/wp-json\/wp\/v2\/product"}],"about":[{"href":"https:\/\/www.euromi.com\/en\/wp-json\/wp\/v2\/types\/product"}],"wp:featuredmedia":[{"embeddable":true,"href":"https:\/\/www.euromi.com\/en\/wp-json\/wp\/v2\/media\/1634"}],"wp:attachment":[{"href":"https:\/\/www.euromi.com\/en\/wp-json\/wp\/v2\/media?parent=1631"}],"wp:term":[{"taxonomy":"product_cat","embeddable":true,"href":"https:\/\/www.euromi.com\/en\/wp-json\/wp\/v2\/product_cat?post=1631"},{"taxonomy":"product_tag","embeddable":true,"href":"https:\/\/www.euromi.com\/en\/wp-json\/wp\/v2\/product_tag?post=1631"}],"curies":[{"name":"wp","href":"https:\/\/api.w.org\/{rel}","templated":true}]}}